{"id":987627624,"date":"2023-04-07T08:16:04","date_gmt":"2023-04-07T07:16:04","guid":{"rendered":"https:\/\/p4h.world\/titulos-p4h\/"},"modified":"2023-05-31T10:52:24","modified_gmt":"2023-05-31T09:52:24","slug":"titulos-p4h","status":"publish","type":"page","link":"https:\/\/p4h.world\/es\/titulos-p4h\/","title":{"rendered":"T\u00edtulos P4H"},"content":{"rendered":"<p>[et_pb_section fb_built=&#8221;1&#8243; admin_label=&#8221;\u00a1\u00a1\u00a1!!! \u00a1\u00a1\u00a1POR FAVOR NO EDITAR !!!&#8221; _builder_version=&#8221;4.19.5&#8243; _module_preset=&#8221;default&#8221; global_colors_info=&#8221;{}&#8221;][et_pb_row admin_label=&#8221;!!! PLEASE DO NOT EDIT !!!&#8221; _builder_version=&#8221;4.19.5&#8243; _module_preset=&#8221;default&#8221; global_colors_info=&#8221;{}&#8221;][et_pb_column type=&#8221;4_4&#8243; _builder_version=&#8221;4.19.5&#8243; _module_preset=&#8221;default&#8221; global_colors_info=&#8221;{}&#8221;][et_pb_text admin_label=&#8221;TITLES&#8221; _builder_version=&#8221;4.20.2&#8243; _module_preset=&#8221;default&#8221; custom_padding=&#8221;||20px||false|false&#8221; global_colors_info=&#8221;{}&#8221;]<\/p>\n<h1 class=\"fs-50\">El t\u00edtulo P4H H1<\/h1>\n<h2>El t\u00edtulo P4H H2<\/h2>\n<h3>El t\u00edtulo P4H H3<\/h3>\n<h3>EL T\u00cdTULO P4H H3 EN MAY\u00daSCULAS<\/h3>\n<h4>El t\u00edtulo P4H H4<\/h4>\n<h4>EL T\u00cdTULO P4H H4 EN MAY\u00daSCULAS<\/h4>\n<h5>El t\u00edtulo P4H H5<\/h5>\n<h5>EL T\u00cdTULO P4H H5 EN MAY\u00daSCULAS<\/h5>\n<p>Comportamiento<\/p>\n<p>si se enlazan, los t\u00edtulos oscuros se vuelven rojos enmousover<\/p>\n<p>si se enlazan, los t\u00edtulos rojos se oscurecen sobre<\/p>\n<hr>\n<h1 class=\"p4h-fc-white p4h-fs-50 p4h-bg-red\">El t\u00edtulo P4H H1<\/h1>\n<h2 class=\"p4h-fc-dark p4h-fs-32\">El t\u00edtulo P4H H2<\/h2>\n<h2 class=\"p4h-fc-red p4h-fs-32\">El t\u00edtulo P4H H2<\/h2>\n<h3 class=\"p4h-fc-dark p4h-fs-24\">El t\u00edtulo P4H H3<\/h3>\n<h3 class=\"p4h-fc-dark p4h-fs-24 p4h-text-uppercase\">THE P4H H3 title may\u00fasculas<\/h3>\n<h4 class=\"p4h-fc-dark p4h-fs-18\">El t\u00edtulo P4H H4<\/h4>\n<h4 class=\"p4h-fc-dark p4h-fs-18 p4h-text-uppercase\">THE P4H H4 t\u00edtulo may\u00fasculas<\/h4>\n<h5 class=\"p4h-fc-dark p4h-fs-16\">El t\u00edtulo P4H H5<\/h5>\n<h5 class=\"p4h-fc-secondary p4h-fs-16 p4h-text-uppercase\">THE P4H H5 t\u00edtulo may\u00fasculas<\/h5>\n<h5 class=\"p4h-fc-dark p4h-fs-16\"><a class=\"p4h-fc-dark p4h-fs-16\" href=\"#\">El t\u00edtulo P4H H5 con Comportamiento  <\/a><\/h5>\n<h5 class=\"p4h-fc-red p4h-fs-16\"><a class=\"p4h-fc-red p4h-fs-16\" href=\"#\">El t\u00edtulo P4H H5 con Comportamiento  <\/a><\/h5>\n<p>[\/et_pb_text][et_pb_button button_text=&#8221;Bot\u00f3n rojo&#8221; _builder_version=&#8221;4.20.2&#8243; _module_preset=&#8221;default&#8221; custom_button=&#8221;on&#8221; button_text_size=&#8221;16px&#8221; button_text_color=&#8221;#FFFFFF&#8221; button_bg_color=&#8221;#EA3A32&#8243; button_border_width=&#8221;0px&#8221; button_border_radius=&#8221;3px&#8221; button_font=&#8221;Oswald|||on|||||&#8221; button_use_icon=&#8221;off&#8221; custom_margin=&#8221;||||false|false&#8221; custom_padding=&#8221;0.3em|0.7em|0.3em|0.7em|false|false&#8221; global_colors_info=&#8221;{}&#8221; button_bg_color__hover_enabled=&#8221;on|hover&#8221; button_bg_color__hover=&#8221;#2D424C&#8221; button_bg_enable_color__hover=&#8221;on&#8221;][\/et_pb_button][et_pb_button button_text=&#8221;Bot\u00f3n azul&#8221; _builder_version=&#8221;4.20.2&#8243; _module_preset=&#8221;default&#8221; custom_button=&#8221;on&#8221; button_text_size=&#8221;16px&#8221; button_text_color=&#8221;#FFFFFF&#8221; button_bg_color=&#8221;#2D424C&#8221; button_border_width=&#8221;0px&#8221; button_border_radius=&#8221;3px&#8221; button_font=&#8221;Oswald|||on|||||&#8221; button_use_icon=&#8221;off&#8221; custom_margin=&#8221;||||false|false&#8221; custom_padding=&#8221;0.3em|0.7em|0.3em|0.7em|false|false&#8221; global_colors_info=&#8221;{}&#8221; button_bg_color__hover_enabled=&#8221;on|hover&#8221; button_bg_color__hover=&#8221;#EA3A32&#8243; button_bg_enable_color__hover=&#8221;on&#8221;][\/et_pb_button][et_pb_button button_text=&#8221;Btn azul claro&#8221; _builder_version=&#8221;4.20.2&#8243; _module_preset=&#8221;default&#8221; custom_button=&#8221;on&#8221; button_text_size=&#8221;16px&#8221; button_text_color=&#8221;#FFFFFF&#8221; button_bg_color=&#8221;#4C7E96&#8243; button_border_width=&#8221;0px&#8221; button_border_radius=&#8221;3px&#8221; button_font=&#8221;Oswald|||on|||||&#8221; button_use_icon=&#8221;off&#8221; custom_margin=&#8221;||||false|false&#8221; custom_padding=&#8221;0.3em|0.7em|0.3em|0.7em|false|false&#8221; global_colors_info=&#8221;{}&#8221; button_bg_color__hover_enabled=&#8221;on|hover&#8221; button_bg_color__hover=&#8221;#2D424C&#8221; button_bg_enable_color__hover=&#8221;on&#8221;][\/et_pb_button][et_pb_button button_text=&#8221;Gris claro btn&#8221; _builder_version=&#8221;4.20.2&#8243; _module_preset=&#8221;default&#8221; custom_button=&#8221;on&#8221; button_text_size=&#8221;16px&#8221; button_text_color=&#8221;#FFFFFF&#8221; button_bg_color=&#8221;#a0bfcd&#8221; button_border_width=&#8221;0px&#8221; button_border_radius=&#8221;3px&#8221; button_font=&#8221;Oswald|||on|||||&#8221; button_use_icon=&#8221;off&#8221; custom_margin=&#8221;||||false|false&#8221; custom_padding=&#8221;0.3em|0.7em|0.3em|0.7em|false|false&#8221; global_colors_info=&#8221;{}&#8221; button_bg_color__hover_enabled=&#8221;on|hover&#8221; button_bg_color__hover=&#8221;#4C7E96&#8243; button_bg_enable_color__hover=&#8221;on&#8221;][\/et_pb_button][\/et_pb_column][\/et_pb_row][et_pb_row admin_label=&#8221;Espaciador&#8221; _builder_version=&#8221;4.20.2&#8243; _module_preset=&#8221;default&#8221; custom_padding=&#8221;0px|0px|29px|0px|false|false&#8221; global_module=&#8221;987504603&#8243; saved_tabs=&#8221;all&#8221; collapsed=&#8221;off&#8221; global_colors_info=&#8221;{}&#8221;][et_pb_column type=&#8221;4_4&#8243; _builder_version=&#8221;4.19.2&#8243; _module_preset=&#8221;default&#8221; global_colors_info=&#8221;{}&#8221;][et_pb_text _builder_version=&#8221;4.20.2&#8243; _module_preset=&#8221;default&#8221; custom_padding=&#8221;15px||15px||false|false&#8221; global_colors_info=&#8221;{}&#8221;][\/et_pb_text][\/et_pb_column][\/et_pb_row][\/et_pb_section][et_pb_section fb_built=&#8221;1&#8243; _builder_version=&#8221;4.20.4&#8243; _module_preset=&#8221;default&#8221; global_colors_info=&#8221;{}&#8221;][et_pb_row _builder_version=&#8221;4.20.4&#8243; _module_preset=&#8221;default&#8221; global_colors_info=&#8221;{}&#8221;][et_pb_column type=&#8221;4_4&#8243; _builder_version=&#8221;4.20.4&#8243; _module_preset=&#8221;default&#8221; global_colors_info=&#8221;{}&#8221;][et_pb_text _builder_version=&#8221;4.20.4&#8243; _module_preset=&#8221;default&#8221; hover_enabled=&#8221;0&#8243; global_colors_info=&#8221;{}&#8221; sticky_enabled=&#8221;0&#8243;]<\/p>\n<h3>Lista final de iconos<\/h3>\n<p>&nbsp;<\/p>\n<ul class=\"p4h-style-list\">\n<li class=\"mb-20\"><i class=\"et-pb-icon p4h-fs-24\">h<\/i> Icono de documento<\/li>\n<li class=\"mb-20\">Icono <i class=\"et-pb-icon p4h-fs-24\">i<\/i> Documentos<\/li>\n<li class=\"mb-20\"><i class=\"et-pb-icon p4h-fs-24\">\ue023<\/i> Icono del calendario<\/li>\n<li class=\"mb-20\"><i class=\"et-pb-icon p4h-fs-24\">\u00a1!<\/i> Icono superior de flecha<\/li>\n<li class=\"mb-20\"><i class=\"et-pb-icon p4h-fs-24\">&#8220;<\/i> Icono de flecha inferior<\/li>\n<li class=\"mb-20\"><i class=\"et-pb-icon p4h-fs-24\">#<\/i> Icono Flecha Izquierda<\/li>\n<li class=\"mb-20\"><i class=\"et-pb-icon p4h-fs-24\">$<\/i> Flecha derecha Icono<\/li>\n<li class=\"mb-20\"><i class=\"et-pb-icon p4h-fs-24\">\ue0e3<\/i> Icono del mundo<\/li>\n<li class=\"mb-20\"><i class=\"et-pb-icon p4h-fs-24\">\ue00e<\/i> Mi P4H<\/li>\n<li class=\"mb-20\"><i class=\"et-pb-icon p4h-fs-24\">m<\/i> Contenidos personalizados<\/li>\n<li class=\"mb-20\"><i class=\"et-pb-icon p4h-fs-24\">\ue012<\/i> contenidos guardados<\/li>\n<li class=\"mb-20\"><i class=\"et-pb-icon p4h-fs-24\">\ue108<\/i> cuenta<\/li>\n<li class=\"mb-20\"><i class=\"et-pb-icon p4h-fs-24\">\ue001<\/i> cambiar contrase\u00f1a<\/li>\n<li class=\"mb-20\"><i class=\"et-pb-icon p4h-fs-24\">\ue026<\/i> informaci\u00f3n personal<\/li>\n<li class=\"mb-20\"><i class=\"et-pb-icon p4h-fs-24\">f<\/i> mis preferencias de contenido<\/li>\n<li class=\"mb-20\"><i class=\"et-pb-icon p4h-fs-24\">\ue0ec<\/i> explorar los datos de los pa\u00edses<\/li>\n<\/ul>\n<p>[\/et_pb_text][\/et_pb_column][\/et_pb_row][\/et_pb_section]<\/p>\n","protected":false},"excerpt":{"rendered":"<p>El t\u00edtulo P4H H1 El t\u00edtulo P4H H2 El t\u00edtulo P4H H3 EL T\u00cdTULO P4H H3 EN MAY\u00daSCULAS El t\u00edtulo P4H H4 EL T\u00cdTULO P4H H4 EN MAY\u00daSCULAS El t\u00edtulo P4H H5 EL T\u00cdTULO P4H H5 EN MAY\u00daSCULAS Comportamiento si se enlazan, los t\u00edtulos oscuros se vuelven rojos enmousover si se enlazan, los t\u00edtulos rojos&#8230;<\/p>\n","protected":false},"author":51,"featured_media":0,"parent":0,"menu_order":0,"comment_status":"closed","ping_status":"closed","template":"","meta":{"_et_pb_use_builder":"on","_et_pb_old_content":"","_et_gb_content_width":""},"acf":[],"_links":{"self":[{"href":"https:\/\/p4h.world\/es\/wp-json\/wp\/v2\/pages\/987627624"}],"collection":[{"href":"https:\/\/p4h.world\/es\/wp-json\/wp\/v2\/pages"}],"about":[{"href":"https:\/\/p4h.world\/es\/wp-json\/wp\/v2\/types\/page"}],"author":[{"embeddable":true,"href":"https:\/\/p4h.world\/es\/wp-json\/wp\/v2\/users\/51"}],"replies":[{"embeddable":true,"href":"https:\/\/p4h.world\/es\/wp-json\/wp\/v2\/comments?post=987627624"}],"version-history":[{"count":0,"href":"https:\/\/p4h.world\/es\/wp-json\/wp\/v2\/pages\/987627624\/revisions"}],"wp:attachment":[{"href":"https:\/\/p4h.world\/es\/wp-json\/wp\/v2\/media?parent=987627624"}],"curies":[{"name":"wp","href":"https:\/\/api.w.org\/{rel}","templated":true}]}}