{"id":987627906,"date":"2023-03-09T05:17:42","date_gmt":"2023-03-09T04:17:42","guid":{"rendered":"https:\/\/p4h.world\/recursos-materiales-no-renovables-y-energia\/"},"modified":"2023-06-23T11:28:21","modified_gmt":"2023-06-23T10:28:21","slug":"recursos-materiales-no-renovables-y-energia","status":"publish","type":"page","link":"https:\/\/p4h.world\/es\/que-hacemos\/innovacion\/recursos-materiales-no-renovables-y-energia\/","title":{"rendered":"Recursos materiales no renovables y energ\u00eda"},"content":{"rendered":"<p>[et_pb_section fb_built=&#8221;1&#8243; admin_label=&#8221;Section&#8221; _builder_version=&#8221;4.19.2&#8243; _module_preset=&#8221;default&#8221; global_colors_info=&#8221;{}&#8221;][et_pb_row admin_label=&#8221;Espaciador&#8221; _builder_version=&#8221;4.19.2&#8243; _module_preset=&#8221;default&#8221; collapsed=&#8221;on&#8221; global_colors_info=&#8221;{}&#8221;][et_pb_column type=&#8221;4_4&#8243; _builder_version=&#8221;4.19.2&#8243; _module_preset=&#8221;default&#8221; global_colors_info=&#8221;{}&#8221;][et_pb_divider show_divider=&#8221;off&#8221; _builder_version=&#8221;4.19.2&#8243; _module_preset=&#8221;default&#8221; custom_margin=&#8221;30px||-4px||false|false&#8221; global_colors_info=&#8221;{}&#8221;][\/et_pb_divider][\/et_pb_column][\/et_pb_row][et_pb_row _builder_version=&#8221;4.21.0&#8243; _module_preset=&#8221;default&#8221; collapsed=&#8221;off&#8221; global_colors_info=&#8221;{}&#8221;][et_pb_column type=&#8221;4_4&#8243; _builder_version=&#8221;4.21.0&#8243; _module_preset=&#8221;default&#8221; custom_padding=&#8221;||0px||false|false&#8221; global_colors_info=&#8221;{}&#8221;][ba_gradient_heading title=&#8221;Recursos materiales y energ\u00e9ticos no renovables<br \/>\n&#8221; html_tag=&#8221;h2&#8243; primary_color=&#8221;#EA3A32&#8243; secondary_color=&#8221;#EA3A32&#8243; admin_label=&#8221;Section  Red Title&#8221; _builder_version=&#8221;4.21.0&#8243; _module_preset=&#8221;default&#8221; title_font=&#8221;||||||||&#8221; title_font_size=&#8221;40px&#8221; custom_margin=&#8221;0px|0px|0px|0px|false|false&#8221; custom_padding=&#8221;0px|0px|0px|0px|false|false&#8221; custom_css_main_element=&#8221;margin-bottom: 0 !important;&#8221; global_colors_info=&#8221;{}&#8221;][\/ba_gradient_heading][ba_gradient_heading title=&#8221;Cincuenta a\u00f1os despu\u00e9s de %22Los l\u00edmites del crecimiento%22, el informe de Meadow&#8221; html_tag=&#8221;h3&#8243; primary_color=&#8221;#455A64&#8243; secondary_color=&#8221;#455A64&#8243; admin_label=&#8221; HEADING (50-60 characters) Fifty years after \u201cThe Limits to Growth\u201d, Meadow\u2019s report&#8221; _builder_version=&#8221;4.21.0&#8243; _module_preset=&#8221;default&#8221; title_font=&#8221;||||||||&#8221; title_font_size=&#8221;32px&#8221; title_line_height=&#8221;1em&#8221; custom_margin=&#8221;15px|0px|0px|0px|false|false&#8221; custom_padding=&#8221;0px|0px|0px|0px|false|false&#8221; global_colors_info=&#8221;{}&#8221;][\/ba_gradient_heading][et_pb_text _builder_version=&#8221;4.21.0&#8243; _module_preset=&#8221;default&#8221; global_colors_info=&#8221;{}&#8221;]<\/p>\n<p><span style=\"font-weight: 400;\">Como cualquier sector econ\u00f3mico, el de la protecci\u00f3n sociosanitaria consume recursos materiales y energ\u00e9ticos no renovables para funcionar. Consume recursos para transportar pacientes, personal y mercanc\u00edas, y para construir y gestionar hospitales y otras infraestructuras f\u00edsicas relacionadas con la salud. Sin embargo, existen muchos l\u00edmites f\u00edsicos y socioecon\u00f3micos a la dependencia de estos recursos, incluidos los l\u00edmites de suministro y flujo, los l\u00edmites sociales, los l\u00edmites geopol\u00edticos, los l\u00edmites sanitarios y los l\u00edmites econ\u00f3micos. El acceso universal a una atenci\u00f3n sanitaria esencial y asequible, y la provisi\u00f3n de protecci\u00f3n financiera durante la enfermedad, el accidente y la maternidad requieren estos recursos. Sin ellos, no puede garantizarse el acceso universal a una asistencia sanitaria esencial y asequible, y la protecci\u00f3n financiera durante la enfermedad, el accidente y la maternidad se vuelve irrelevante.  <\/span><\/p>\n<p>[\/et_pb_text][et_pb_text _builder_version=&#8221;4.21.0&#8243; _module_preset=&#8221;default&#8221; global_colors_info=&#8221;{}&#8221;]<\/p>\n<p><span style=\"font-weight: 400;\">El papel clave de los recursos materiales y energ\u00e9ticos no renovables en el funcionamiento del sector sanitario plantea interrogantes sobre la vulnerabilidad del sector a la escasez y a las interrupciones de la cadena de suministro, y por tanto sobre su resistencia a largo plazo. Sin embargo, aunque abundan los an\u00e1lisis monetarios de las pol\u00edticas de PSH, escasean los an\u00e1lisis sobre las dimensiones f\u00edsicas de estas pol\u00edticas. Existe una necesidad urgente de medir el uso de recursos materiales y energ\u00e9ticos no renovables por parte de los sistemas de cogeneraci\u00f3n, de modo que pueda comprenderse mejor su vulnerabilidad a las variaciones del suministro y abordarse para mejorar su resiliencia.<\/span><\/p>\n<p>[\/et_pb_text][ba_gradient_heading title=&#8221;Las colaboraciones de P4H se presentan en el Foro de la Salud de Ginebra y en PMAC 2023&#8243; html_tag=&#8221;h3&#8243; primary_color=&#8221;#455A64&#8243; secondary_color=&#8221;#455A64&#8243; admin_label=&#8221; HEADING (50-60 characters) P4H collaborations presented at the Geneva Health Forum and PMAC 2023&#8243; _builder_version=&#8221;4.21.0&#8243; _module_preset=&#8221;default&#8221; title_font=&#8221;||||||||&#8221; title_font_size=&#8221;32px&#8221; title_line_height=&#8221;1em&#8221; custom_margin=&#8221;20px|0px|0px|0px|false|false&#8221; custom_padding=&#8221;0px|0px|0px|0px|false|false&#8221; global_colors_info=&#8221;{}&#8221;][\/ba_gradient_heading][et_pb_text _builder_version=&#8221;4.21.0&#8243; _module_preset=&#8221;default&#8221; global_colors_info=&#8221;{}&#8221;]<\/p>\n<p><span style=\"font-weight: 400;\">Bajo el tema general &#8220;COVID-19 Pandemia y emergencia medioambiental: Reinventar la salud mundial en tiempos de cambios globales&#8221;, la Red P4H dirigi\u00f3 un panel en el Foro de Salud de Ginebra 2022 (3-5 de mayo de 2022). El objetivo del panel era suscitar inter\u00e9s en un grupo de investigaci\u00f3n-acci\u00f3n colaborativa para profundizar en la comprensi\u00f3n colectiva de los retos actuales que el agotamiento de los materiales no renovables y el consumo de energ\u00eda plantean a la resiliencia a largo plazo de los sistemas sanitarios. La red propuso a varios socios de China, Francia, Singapur y Suiza limitar el alcance de dicha investigaci\u00f3n a dos art\u00edculos concretos utilizados en la respuesta al COVID-19 -m\u00e1scaras y ox\u00edgeno- para desarrollar conjuntamente una metodolog\u00eda inicial que pudiera afinarse en una fase posterior y aplicarse a segmentos m\u00e1s amplios de los sistemas sanitarios y de SHP.<\/span><\/p>\n<p>[\/et_pb_text][et_pb_text _builder_version=&#8221;4.21.0&#8243; _module_preset=&#8221;default&#8221; global_colors_info=&#8221;{}&#8221;]<\/p>\n<p><span style=\"font-weight: 400;\">En enero de 2023, P4H present\u00f3 un p\u00f3ster titulado &#8220;Assessing the Nonrenewable Material and Energy Resources Needed to Advance Resilient Social Health Protection Systems&#8221; en la Conferencia del Premio Pr\u00edncipe Mahidol 2023 (27-29 de enero). El tema de la conferencia era &#8220;Establecer una nueva agenda sanitaria &#8211; en el nexo del cambio clim\u00e1tico, el medio ambiente y la biodiversidad&#8221;. El p\u00f3ster se basa en el trabajo realizado por P4H el a\u00f1o pasado sobre el v\u00ednculo entre los recursos f\u00edsicos y los sistemas de PSH. El p\u00f3ster presenta  <\/span><span style=\"font-weight: 400;\">Primer an\u00e1lisis f\u00edsico de los sistemas SHP, incluidos los sanitarios, y de su dependencia de recursos materiales y energ\u00e9ticos no renovables. El p\u00f3ster muestra la correlaci\u00f3n exponencial entre el desarrollo de los sistemas de cogeneraci\u00f3n y su consumo de energ\u00eda. Cuanto m\u00e1s desarrollado y eficiente es un sistema, mayor es su \u00cdndice de Cobertura de Servicios de UHC y m\u00e1s energ\u00eda consume.  <\/span><\/p>\n<p>[\/et_pb_text][et_pb_text _builder_version=&#8221;4.21.0&#8243; _module_preset=&#8221;default&#8221; global_colors_info=&#8221;{}&#8221;]<\/p>\n<p><span style=\"font-weight: 400;\">Los sistemas SHP tambi\u00e9n necesitan recursos. Sin embargo, cuantos m\u00e1s recursos consumen, m\u00e1s aumentan su exposici\u00f3n a las crisis de abastecimiento y, por tanto, su vulnerabilidad a la escasez. La escasez de recursos materiales y energ\u00e9ticos no renovables puede anticiparse y prevenirse reduciendo la demanda y adaptando los sistemas de cogeneraci\u00f3n. Por lo tanto, urge integrar las dimensiones f\u00edsicas en los an\u00e1lisis financieros de los sistemas de PCH para profundizar en nuestra comprensi\u00f3n colectiva, mejorar la equidad y fundamentar nuevas medidas.<\/span><\/p>\n<p>[\/et_pb_text][\/et_pb_column][\/et_pb_row][et_pb_row admin_label=&#8221;Espaciador&#8221; _builder_version=&#8221;4.19.2&#8243; _module_preset=&#8221;default&#8221; collapsed=&#8221;on&#8221; global_colors_info=&#8221;{}&#8221;][et_pb_column type=&#8221;4_4&#8243; _builder_version=&#8221;4.19.2&#8243; _module_preset=&#8221;default&#8221; global_colors_info=&#8221;{}&#8221;][et_pb_divider show_divider=&#8221;off&#8221; _builder_version=&#8221;4.19.2&#8243; _module_preset=&#8221;default&#8221; custom_margin=&#8221;30px||30px||false|false&#8221; global_colors_info=&#8221;{}&#8221;][\/et_pb_divider][\/et_pb_column][\/et_pb_row][\/et_pb_section]<\/p>\n","protected":false},"excerpt":{"rendered":"<p><div class=\"et_pb_module ba_gradient_heading ba_gradient_heading_0\">\n\t\t\t\t\n\t\t\t\t\n\t\t\t\t\n\t\t\t\t\n\t\t\t\t\n\t\t\t\t\n\t\t\t\t<div class=\"et_pb_module_inner\">\n\t\t\t\t\t<h2 class=\"dtq-gradient-heading\">Recursos materiales y energ\u00e9ticos no renovables <\/h2>\n\t\t\t\t<\/div>\n\t\t\t<\/div>[ba_gradient_heading title=&#8221;Cincuenta a\u00f1os despu\u00e9s de %22Los l\u00edmites del crecimiento%22, el informe de Meadow&#8221; html_tag=&#8221;h3&#8243; primary_color=&#8221;#455A64&#8243; secondary_color=&#8221;#455A64&#8243; admin_label=&#8221; HEADING (50-60 characters) Fifty years after \u201cThe Limits to Growth\u201d, Meadow\u2019s report&#8221; _builder_version=&#8221;4.21.0&#8243; _module_preset=&#8221;default&#8221; title_font=&#8221;||||||||&#8221;&#8230;<\/p>\n","protected":false},"author":1,"featured_media":0,"parent":987628204,"menu_order":0,"comment_status":"closed","ping_status":"closed","template":"","meta":{"_et_pb_use_builder":"on","_et_pb_old_content":"","_et_gb_content_width":""},"acf":[],"_links":{"self":[{"href":"https:\/\/p4h.world\/es\/wp-json\/wp\/v2\/pages\/987627906"}],"collection":[{"href":"https:\/\/p4h.world\/es\/wp-json\/wp\/v2\/pages"}],"about":[{"href":"https:\/\/p4h.world\/es\/wp-json\/wp\/v2\/types\/page"}],"author":[{"embeddable":true,"href":"https:\/\/p4h.world\/es\/wp-json\/wp\/v2\/users\/1"}],"replies":[{"embeddable":true,"href":"https:\/\/p4h.world\/es\/wp-json\/wp\/v2\/comments?post=987627906"}],"version-history":[{"count":0,"href":"https:\/\/p4h.world\/es\/wp-json\/wp\/v2\/pages\/987627906\/revisions"}],"up":[{"embeddable":true,"href":"https:\/\/p4h.world\/es\/wp-json\/wp\/v2\/pages\/987628204"}],"wp:attachment":[{"href":"https:\/\/p4h.world\/es\/wp-json\/wp\/v2\/media?parent=987627906"}],"curies":[{"name":"wp","href":"https:\/\/api.w.org\/{rel}","templated":true}]}}