{"id":987627997,"date":"2023-02-08T07:23:45","date_gmt":"2023-02-08T06:23:45","guid":{"rendered":"https:\/\/p4h.world\/condiciones-generales\/"},"modified":"2023-05-31T10:54:42","modified_gmt":"2023-05-31T09:54:42","slug":"condiciones-generales","status":"publish","type":"page","link":"https:\/\/p4h.world\/es\/condiciones-generales\/","title":{"rendered":"Condiciones generales"},"content":{"rendered":"<p>[et_pb_section fb_built=&#8221;1&#8243; admin_label=&#8221;Section&#8221; _builder_version=&#8221;4.19.5&#8243; _module_preset=&#8221;default&#8221; global_colors_info=&#8221;{}&#8221;][et_pb_row admin_label=&#8221;Espaciador&#8221; _builder_version=&#8221;4.21.0&#8243; _module_preset=&#8221;default&#8221; display_conditions=&#8221;W10=&#8221; custom_padding=&#8221;0px|0px|10px|0px|false|false&#8221; global_module=&#8221;987504603&#8243; saved_tabs=&#8221;all&#8221; collapsed=&#8221;on&#8221; global_colors_info=&#8221;{}&#8221;][et_pb_column type=&#8221;4_4&#8243; _builder_version=&#8221;4.19.2&#8243; _module_preset=&#8221;default&#8221; global_colors_info=&#8221;{}&#8221;][\/et_pb_column][\/et_pb_row][et_pb_row _builder_version=&#8221;4.20.4&#8243; _module_preset=&#8221;default&#8221; global_colors_info=&#8221;{}&#8221;][et_pb_column type=&#8221;4_4&#8243; _builder_version=&#8221;4.20.4&#8243; _module_preset=&#8221;default&#8221; global_colors_info=&#8221;{}&#8221;][et_pb_text _builder_version=&#8221;4.21.0&#8243; _module_preset=&#8221;default&#8221; hover_enabled=&#8221;0&#8243; locked=&#8221;off&#8221; global_colors_info=&#8221;{}&#8221; sticky_enabled=&#8221;0&#8243;]<\/p>\n<h3>Introducci\u00f3n al portal web de la red P4H<\/h3>\n<p>Gracias por utilizar el portal web P4H (&#8220;portal web&#8221;). El mantenimiento del portal web corre a cargo de la Oficina de Coordinaci\u00f3n de la Red P4H, alojada en la Organizaci\u00f3n Mundial de la Salud (OMS), 20 avenue Appia, CH1211 &#8211; Ginebra, Suiza.<\/p>\n<p>Al utilizar los Servicios del portal web, los usuarios aceptan estas condiciones. L\u00e9alos a continuaci\u00f3n.<\/p>\n<h3>Uso y derechos de autor de los materiales, publicaciones y comentarios publicados en el portal web de la Red P4H<\/h3>\n<p>La responsabilidad de las opiniones aqu\u00ed expresadas recae exclusivamente en sus autores, y su publicaci\u00f3n no constituye una aprobaci\u00f3n por parte de la Red P4H de las opiniones expresadas en ellas.<\/p>\n<p>La informaci\u00f3n contenida en las distintas p\u00e1ginas del portal web ha sido publicada por la red P4H para su difusi\u00f3n general. La informaci\u00f3n presentada est\u00e1 protegida por el Convenio de Berna para la Protecci\u00f3n de las Obras Literarias y Art\u00edsticas, por otros convenios internacionales y por las leyes nacionales sobre derechos de autor y derechos afines. Se autoriza la revisi\u00f3n, reproducci\u00f3n o traducci\u00f3n de extractos de la informaci\u00f3n contenida en el sitio web con fines de investigaci\u00f3n o estudio privado, pero no su venta ni su uso con fines comerciales.<\/p>\n<p>Cualquier uso de la informaci\u00f3n del sitio web debe ir acompa\u00f1ado de un reconocimiento del portal web de la Red P4H, as\u00ed como de la organizaci\u00f3n editora y\/o el autor de la publicaci\u00f3n como fuente, citando el localizador uniforme de recursos (URL) del art\u00edculo. La reproducci\u00f3n o traducci\u00f3n de partes sustanciales del portal web, o cualquier uso del mismo, se considera prohibido y requiere la autorizaci\u00f3n previa, expl\u00edcita y por escrito de la Red P4H. Las solicitudes y consultas deben dirigirse a la Oficina de Coordinaci\u00f3n de la Red P4H.<\/p>\n<p>Las denominaciones aqu\u00ed empleadas, conformes a la pr\u00e1ctica de las Naciones Unidas, no implican juicio alguno por parte de la Red P4H sobre la condici\u00f3n jur\u00eddica de ninguno de los pa\u00edses, zonas o territorios citados o de sus autoridades, ni respecto de la delimitaci\u00f3n de sus fronteras, ni respecto de conceptos, ideas, productos o servicios elaborados por sus organizaciones miembros o por terceros. Aunque se ha puesto el m\u00e1ximo cuidado en la preparaci\u00f3n y reproducci\u00f3n de los datos aqu\u00ed publicados, la Red P4H declina toda responsabilidad por cualquier inexactitud, omisi\u00f3n u otro error en los datos y, en general, por cualquier p\u00e9rdida o da\u00f1o financiero o de otro tipo que pueda derivarse del uso de los contenidos publicados en este portal web.<\/p>\n<p>La menci\u00f3n de determinadas sociedades mercantiles o de nombres comerciales de ciertos productos no implica que la Red P4H los apruebe o recomiende con preferencia a otros an\u00e1logos.<\/p>\n<p>La Red P4H no garantiza que la informaci\u00f3n contenida en el portal web sea completa y correcta, y no ser\u00e1 responsable de ning\u00fan da\u00f1o derivado de su uso.<\/p>\n<h3>Utilizaci\u00f3n de los servicios del portal web de la red P4H<\/h3>\n<p>Por la presente, los usuarios aceptan seguir cualquier pol\u00edtica puesta a disposici\u00f3n de los usuarios dentro de los Servicios del Portal Web P4H (&#8220;los Servicios&#8221;). Por la presente, los usuarios aceptan utilizar los Servicios \u00fanicamente seg\u00fan lo permitido por la ley, incluidas las leyes y reglamentos aplicables en materia de exportaci\u00f3n y control. Podemos suspender o dejar de prestar nuestros Servicios si los usuarios no cumplen nuestras condiciones o pol\u00edticas o si estamos investigando sospechas de conducta indebida.<\/p>\n<p>El uso de los Servicios del portal web de la Red P4H no otorga a los usuarios la titularidad de ning\u00fan derecho de propiedad intelectual sobre ning\u00fan material publicado en el portal web ni sobre los contenidos a los que los usuarios accedan. Los usuarios no pueden reproducir los contenidos del portal, a menos que obtengan permiso de su propietario o la ley lo permita. Estas condiciones no otorgan a los usuarios el derecho a utilizar las marcas o logotipos utilizados en nuestros Servicios. Los usuarios no deben eliminar, ocultar ni alterar ning\u00fan aviso legal que aparezca en nuestros Servicios o junto a ellos.<\/p>\n<p>Algunos de los Servicios permiten a los usuarios cargar, presentar, almacenar, enviar o recibir contenidos sobre los que los usuarios y\/o la organizaci\u00f3n a la que est\u00e1n vinculados contractualmente conservan la titularidad de cualquier derecho de propiedad intelectual que se ostente sobre dichos contenidos. El contenido cargado a trav\u00e9s del portal web permite a la Red P4H una licencia mundial para utilizar, almacenar, mostrar y distribuir este contenido \u00fanicamente para usos no lucrativos, dentro de los l\u00edmites del mandato operado por la Red P4H.<\/p>\n<p>El portal web P4H puede mostrar algunos contenidos producidos y publicados por usuarios registrados. Estos contenidos son responsabilidad exclusiva del usuario y\/o entidad que los pone a disposici\u00f3n. La Red P4H se reserva el derecho de revisar el contenido para determinar si es ilegal o viola las pol\u00edticas establecidas, y se reserva el derecho de eliminar o negarse a mostrar el contenido que se pueda considerar razonablemente que viola las pol\u00edticas establecidas o las leyes y reglamentos.<br \/>En relaci\u00f3n con el uso de los Servicios, la Red P4H puede enviar a los usuarios anuncios de servicios, mensajes administrativos y otra informaci\u00f3n, como boletines informativos. Los usuarios pueden optar por no recibir algunas de esas comunicaciones.<\/p>\n<p>Los servicios del portal web de la red P4H est\u00e1n disponibles en dispositivos m\u00f3viles. Los usuarios no deben utilizar dichos Servicios de forma que les distraiga y les impida obedecer las leyes de tr\u00e1fico o de seguridad.<\/p>\n<h3>Uso de una cuenta del portal web de la red P4H<\/h3>\n<p>Para poder utilizar los Servicios, los usuarios deber\u00e1n registrarse y posteriormente iniciar sesi\u00f3n en la zona restringida del Portal Web P4H. Alternativamente, los usuarios pueden registrarse con su cuenta de redes sociales (limitado al uso de cuentas de Facebook\u00ae, LinkedIn\u00ae o Twitter\u00ae) para utilizar algunos de los Servicios, y se les pedir\u00e1 en el primer registro que proporcionen informaci\u00f3n complementaria obligatoria para crear una cuenta personal.<\/p>\n<p>Para proteger las cuentas personales de los usuarios, se les recomienda encarecidamente que mantengan la confidencialidad de su contrase\u00f1a. Los usuarios son responsables de la actividad que se produzca en su cuenta personal o a trav\u00e9s de ella. Los usuarios deben intentar no reutilizar la contrase\u00f1a de su cuenta personal en aplicaciones de terceros. Si el usuario tiene conocimiento de un uso no autorizado de su contrase\u00f1a o de su cuenta personal, deber\u00e1 ponerse en contacto con el Servicio de Coordinaci\u00f3n de la Red P4H.<\/p>\n<h3>Finalizaci\u00f3n de los servicios<\/h3>\n<p>Los usuarios pueden dejar de utilizar los Servicios en cualquier momento y eliminar su cuenta personal. Los Servicios prestados no crean derechos de prestaci\u00f3n a sus usuarios o a terceros y pueden ser interrumpidos sin p\u00e9rdida ni perjuicio alguno para los usuarios o terceros. En consecuencia, la Red P4H no puede incurrir en responsabilidad alguna por la interrupci\u00f3n de los Servicios.<\/p>\n<p>La Red P4H se reserva el derecho de cancelar cualquier cuenta individual en cualquier momento y sin previo aviso.<\/p>\n<h3>Garant\u00edas y descargos de responsabilidad<\/h3>\n<p>La Red P4H propone servicios mediante el uso de un portal web que ha sido desarrollado con un nivel razonable de destreza. No obstante, la Red P4H declina toda responsabilidad por la p\u00e9rdida de ingresos, datos, p\u00e9rdidas financieras o da\u00f1os a la reputaci\u00f3n derivados del uso de los servicios aqu\u00ed ofrecidos.<\/p>\n<p>En consecuencia, los usuarios eximen a la Red P4H y a sus agentes y empleados de cualquier reclamaci\u00f3n, acci\u00f3n o procedimiento derivado o relacionado con el uso de los Servicios o la violaci\u00f3n de estas condiciones, incluida cualquier responsabilidad o gasto derivado de reclamaciones, p\u00e9rdidas, da\u00f1os, sentencias, costas procesales y honorarios de abogados.<\/p>\n<h3>Modificaci\u00f3n unilateral de las presentes Condiciones Generales<\/h3>\n<p>La Red P4H se reserva el derecho de modificar estos t\u00e9rminos o cualquier t\u00e9rmino adicional que se aplique al uso del portal Web, por ejemplo, para reflejar cambios en la ley o cambios en los Servicios. Los usuarios ser\u00e1n informados de cualquier aviso de modificaci\u00f3n de estas condiciones.<br \/>Los cambios no se aplicar\u00e1n con car\u00e1cter retroactivo, sino que entrar\u00e1n en vigor inmediatamente. En caso de que un usuario no acepte las condiciones modificadas de los Servicios, deber\u00e1 dejar de utilizarlos.<\/p>\n<p>En caso de incoherencia entre estas condiciones y las condiciones adicionales, prevalecer\u00e1n las condiciones adicionales en la medida de la incoherencia. En caso de que una cl\u00e1usula concreta no sea aplicable por motivos legales, ello no afectar\u00e1 a ninguna otra cl\u00e1usula.<\/p>\n<h3>Pol\u00edtica de privacidad del portal web de la red P4H<\/h3>\n<p>El portal Web de la Red P4H utiliza cookies y medios tecnol\u00f3gicos proporcionados por terceros para almacenar y utilizar datos que son necesarios para el funcionamiento de los Servicios. No se hace ning\u00fan otro uso de los datos ni se transmiten a terceros.<\/p>\n<p>Cada vez que los usuarios visitan una p\u00e1gina del portal web y cada vez que se descarga un archivo, se procesa informaci\u00f3n sobre la actividad y se almacena en un archivo de protocolo temporal. Antes de almacenarse, cada conjunto de datos se hace an\u00f3nimo alterando la direcci\u00f3n IP.<\/p>\n<p>La siguiente informaci\u00f3n se almacena para cada p\u00e1gina vista y cada archivo descargado:<\/p>\n<ul class=\"p4h-style-list\">\n<li>Datos t\u00e9cnicos del navegador utilizado<\/li>\n<li>Direcci\u00f3n IP an\u00f3nima<\/li>\n<li>Fecha y hora<\/li>\n<li>P\u00e1gina abierta\/nombre del archivo descargado<\/li>\n<li>Cantidad de datos transferidos<\/li>\n<li>Notificaci\u00f3n de si la visualizaci\u00f3n o la descarga se han realizado correctamente<\/li>\n<\/ul>\n<p>Las cookies temporales de sesi\u00f3n se utilizan cada vez que los usuarios ven una p\u00e1gina individual, para facilitar la navegaci\u00f3n. Las cookies son peque\u00f1os archivos de texto que se almacenan localmente en la cach\u00e9 de su navegador. Las cookies de sesi\u00f3n no incluyen ning\u00fan dato personal y expiran al final de cada sesi\u00f3n, o tras la realizaci\u00f3n de una encuesta a los usuarios, que se lleva a cabo por regla general cada dos a\u00f1os. El portal web de la Red P4H no utiliza m\u00e9todos que permitan rastrear el comportamiento de navegaci\u00f3n de los usuarios.<\/p>\n<p>Los datos personales recogidos en el marco de la suscripci\u00f3n a la lista de distribuci\u00f3n de prensa s\u00f3lo se utilizar\u00e1n para tramitar la suscripci\u00f3n y atender las consultas de los usuarios. Los datos de los usuarios no se transmitir\u00e1n a terceros. Los datos no se utilizar\u00e1n con fines de consulta, publicidad o estudios de mercado. En caso de que un usuario cancele su suscripci\u00f3n y\/o su cuenta personal, todos los datos personales se eliminar\u00e1n de la base de datos del portal web.<\/p>\n<p>Las direcciones postales y de correo electr\u00f3nico facilitadas por los usuarios se utilizan exclusivamente a efectos de correspondencia o entrega.<\/p>\n<h3>Enlaces con sitios web externos<\/h3>\n<p>El portal web contiene enlaces a sitios externos. La responsabilidad del contenido de los sitios externos vinculados a este sitio web recae siempre en sus respectivos editores. Si la Red P4H tiene conocimiento o es notificada por un tercero de que un sitio externo enlazado da lugar a responsabilidad civil o penal, eliminar\u00e1 inmediatamente el enlace a este sitio. La Red P4H se desvincula expresamente de tales contenidos.<\/p>\n<p>Podr\u00e1n crearse enlaces al portal web de la Red P4H, siempre que el portal web de la Red P4H abierto sea entonces el \u00fanico contenido de la ventana del navegador.<\/p>\n<h3>Para cualquier informaci\u00f3n, p\u00f3ngase en contacto con el Servicio de Coordinaci\u00f3n de la Red P4H:<\/h3>\n<p>Claude Meyer<br \/>Coordinador de la Red<br \/>Mostrador de coordinaci\u00f3n de la red P4H<br \/>Organizaci\u00f3n Mundial de la Salud<br \/>Departamento HGF<br \/>20 Avenue Appia &#8211; CH1211 Ginebra 27<br \/>E: <a href=\"mailto:meyerc@who.int\">meyerc@who.int<\/a><\/p>\n<p>[\/et_pb_text][\/et_pb_column][\/et_pb_row][et_pb_row admin_label=&#8221;Espaciador&#8221; _builder_version=&#8221;4.21.0&#8243; _module_preset=&#8221;default&#8221; display_conditions=&#8221;W10=&#8221; custom_padding=&#8221;0px|0px|10px|0px|false|false&#8221; global_module=&#8221;987504603&#8243; saved_tabs=&#8221;all&#8221; collapsed=&#8221;on&#8221; global_colors_info=&#8221;{}&#8221;][et_pb_column type=&#8221;4_4&#8243; _builder_version=&#8221;4.19.2&#8243; _module_preset=&#8221;default&#8221; global_colors_info=&#8221;{}&#8221;][\/et_pb_column][\/et_pb_row][\/et_pb_section]<\/p>\n","protected":false},"excerpt":{"rendered":"<p>Introducci\u00f3n al portal web de la red P4H Gracias por utilizar el portal web P4H (&#8220;portal web&#8221;). El mantenimiento del portal web corre a cargo de la Oficina de Coordinaci\u00f3n de la Red P4H, alojada en la Organizaci\u00f3n Mundial de la Salud (OMS), 20 avenue Appia, CH1211 &#8211; Ginebra, Suiza. Al utilizar los Servicios del&#8230;<\/p>\n","protected":false},"author":1,"featured_media":0,"parent":0,"menu_order":0,"comment_status":"closed","ping_status":"closed","template":"","meta":{"_et_pb_use_builder":"on","_et_pb_old_content":"","_et_gb_content_width":""},"acf":[],"_links":{"self":[{"href":"https:\/\/p4h.world\/es\/wp-json\/wp\/v2\/pages\/987627997"}],"collection":[{"href":"https:\/\/p4h.world\/es\/wp-json\/wp\/v2\/pages"}],"about":[{"href":"https:\/\/p4h.world\/es\/wp-json\/wp\/v2\/types\/page"}],"author":[{"embeddable":true,"href":"https:\/\/p4h.world\/es\/wp-json\/wp\/v2\/users\/1"}],"replies":[{"embeddable":true,"href":"https:\/\/p4h.world\/es\/wp-json\/wp\/v2\/comments?post=987627997"}],"version-history":[{"count":0,"href":"https:\/\/p4h.world\/es\/wp-json\/wp\/v2\/pages\/987627997\/revisions"}],"wp:attachment":[{"href":"https:\/\/p4h.world\/es\/wp-json\/wp\/v2\/media?parent=987627997"}],"curies":[{"name":"wp","href":"https:\/\/api.w.org\/{rel}","templated":true}]}}