{"id":987628004,"date":"2023-01-18T04:06:35","date_gmt":"2023-01-18T03:06:35","guid":{"rendered":"https:\/\/p4h.world\/grupo-director-2\/"},"modified":"2025-09-03T09:05:50","modified_gmt":"2025-09-03T08:05:50","slug":"grupo-director-2","status":"publish","type":"page","link":"https:\/\/p4h.world\/es\/quienes-somos\/organizacion\/grupo-director-2\/","title":{"rendered":"Grupo Director"},"content":{"rendered":"<p>[et_pb_section fb_built=&#8221;1&#8243; admin_label=&#8221;Section&#8221; _builder_version=&#8221;4.19.2&#8243; _module_preset=&#8221;default&#8221; locked=&#8221;off&#8221; global_colors_info=&#8221;{}&#8221;][et_pb_row disabled_on=&#8221;off|off|off&#8221; admin_label=&#8221;Espaciador&#8221; _builder_version=&#8221;4.21.0&#8243; _module_preset=&#8221;default&#8221; display_conditions=&#8221;W10=&#8221; custom_padding=&#8221;0px|0px|10px|0px|false|false&#8221; global_module=&#8221;987504603&#8243; saved_tabs=&#8221;all&#8221; collapsed=&#8221;off&#8221; global_colors_info=&#8221;{}&#8221;][et_pb_column type=&#8221;4_4&#8243; _builder_version=&#8221;4.19.2&#8243; _module_preset=&#8221;default&#8221; global_colors_info=&#8221;{}&#8221;][\/et_pb_column][\/et_pb_row][et_pb_row make_equal=&#8221;on&#8221; _builder_version=&#8221;4.20.4&#8243; _module_preset=&#8221;default&#8221; custom_padding=&#8221;0px|15px|0px|15px|false|true&#8221; custom_css_main_element=&#8221;align-items: center;&#8221; global_colors_info=&#8221;{}&#8221;][et_pb_column type=&#8221;4_4&#8243; admin_label=&#8221;Columna&#8221; _builder_version=&#8221;4.20.2&#8243; _module_preset=&#8221;default&#8221; custom_padding=&#8221;||||false|true&#8221; global_colors_info=&#8221;{}&#8221;][et_pb_text _builder_version=&#8221;4.21.0&#8243; _module_preset=&#8221;default&#8221; global_colors_info=&#8221;{}&#8221;]<\/p>\n<p>El Grupo Director de P4H (P4H-SG) incluye a miembros de P4H en cinco circunscripciones: organismos multilaterales, fondos mundiales para la salud, bancos regionales de desarrollo, representaci\u00f3n de los socios para el desarrollo, representaci\u00f3n regional. En conjunto, estas circunscripciones ocupan 15 puestos con derecho a voto en el GD-P4H. El GT-P4H tambi\u00e9n tiene tres puestos de observador: uno para las instituciones acad\u00e9micas, uno para las organizaciones de la sociedad civil y uno para el sector privado.  <\/p>\n<p>[\/et_pb_text][et_pb_image src=&#8221;https:\/\/p4h.world\/app\/uploads\/2025\/09\/p4h_steering-group_2024-2025.png&#8221; title_text=&#8221;p4h_steering-group_2024-2025&#8243; _builder_version=&#8221;4.21.0&#8243; _module_preset=&#8221;default&#8221; hover_enabled=&#8221;0&#8243; global_colors_info=&#8221;{}&#8221; sticky_enabled=&#8221;0&#8243;][\/et_pb_image][et_pb_text _builder_version=&#8221;4.21.0&#8243; _module_preset=&#8221;default&#8221; text_orientation=&#8221;center&#8221; custom_margin=&#8221;||10px||false|false&#8221; custom_padding=&#8221;||10px||false|false&#8221; hover_enabled=&#8221;0&#8243; global_colors_info=&#8221;{}&#8221; sticky_enabled=&#8221;0&#8243;]<\/p>\n<p><strong><a href=\"https:\/\/p4h.world\/app\/uploads\/2025\/09\/p4h_steering-group_2024-2025.x14225.pdf\">Ver la infograf\u00eda del Grupo Directivo P4H en PDF<\/a><\/strong><\/p>\n<p>[\/et_pb_text][\/et_pb_column][\/et_pb_row][et_pb_row disabled_on=&#8221;off|off|off&#8221; admin_label=&#8221;Espaciador&#8221; _builder_version=&#8221;4.21.0&#8243; _module_preset=&#8221;default&#8221; display_conditions=&#8221;W10=&#8221; custom_padding=&#8221;0px|0px|10px|0px|false|false&#8221; global_module=&#8221;987504603&#8243; saved_tabs=&#8221;all&#8221; collapsed=&#8221;off&#8221; global_colors_info=&#8221;{}&#8221;][et_pb_column type=&#8221;4_4&#8243; _builder_version=&#8221;4.19.2&#8243; _module_preset=&#8221;default&#8221; global_colors_info=&#8221;{}&#8221;][\/et_pb_column][\/et_pb_row][\/et_pb_section]<\/p>\n","protected":false},"excerpt":{"rendered":"<p>El Grupo Director de P4H (P4H-SG) incluye a miembros de P4H en cinco circunscripciones: organismos multilaterales, fondos mundiales para la salud, bancos regionales de desarrollo, representaci\u00f3n de los socios para el desarrollo, representaci\u00f3n regional. En conjunto, estas circunscripciones ocupan 15 puestos con derecho a voto en el GD-P4H. El GT-P4H tambi\u00e9n tiene tres puestos de&#8230;<\/p>\n","protected":false},"author":1,"featured_media":0,"parent":987628319,"menu_order":0,"comment_status":"closed","ping_status":"closed","template":"","meta":{"_et_pb_use_builder":"on","_et_pb_old_content":"","_et_gb_content_width":""},"acf":[],"_links":{"self":[{"href":"https:\/\/p4h.world\/es\/wp-json\/wp\/v2\/pages\/987628004"}],"collection":[{"href":"https:\/\/p4h.world\/es\/wp-json\/wp\/v2\/pages"}],"about":[{"href":"https:\/\/p4h.world\/es\/wp-json\/wp\/v2\/types\/page"}],"author":[{"embeddable":true,"href":"https:\/\/p4h.world\/es\/wp-json\/wp\/v2\/users\/1"}],"replies":[{"embeddable":true,"href":"https:\/\/p4h.world\/es\/wp-json\/wp\/v2\/comments?post=987628004"}],"version-history":[{"count":14,"href":"https:\/\/p4h.world\/es\/wp-json\/wp\/v2\/pages\/987628004\/revisions"}],"predecessor-version":[{"id":987783443,"href":"https:\/\/p4h.world\/es\/wp-json\/wp\/v2\/pages\/987628004\/revisions\/987783443"}],"up":[{"embeddable":true,"href":"https:\/\/p4h.world\/es\/wp-json\/wp\/v2\/pages\/987628319"}],"wp:attachment":[{"href":"https:\/\/p4h.world\/es\/wp-json\/wp\/v2\/media?parent=987628004"}],"curies":[{"name":"wp","href":"https:\/\/api.w.org\/{rel}","templated":true}]}}