{"id":987628017,"date":"2023-01-16T11:32:35","date_gmt":"2023-01-16T10:32:35","guid":{"rendered":"https:\/\/p4h.world\/temas\/"},"modified":"2023-05-31T10:54:46","modified_gmt":"2023-05-31T09:54:46","slug":"temas","status":"publish","type":"page","link":"https:\/\/p4h.world\/es\/temas\/","title":{"rendered":"Temas"},"content":{"rendered":"<p>[et_pb_section fb_built=&#8221;1&#8243; _builder_version=&#8221;4.20.2&#8243; _module_preset=&#8221;default&#8221; custom_padding=&#8221;0px||0px||false|false&#8221; locked=&#8221;off&#8221; collapsed=&#8221;off&#8221; global_colors_info=&#8221;{}&#8221;][et_pb_row admin_label=&#8221;Espaciador&#8221; _builder_version=&#8221;4.21.0&#8243; _module_preset=&#8221;default&#8221; display_conditions=&#8221;W10=&#8221; custom_padding=&#8221;0px|0px|29px|0px|false|false&#8221; global_module=&#8221;987504603&#8243; saved_tabs=&#8221;all&#8221; collapsed=&#8221;on&#8221; global_colors_info=&#8221;{}&#8221;][et_pb_column type=&#8221;4_4&#8243; _builder_version=&#8221;4.19.2&#8243; _module_preset=&#8221;default&#8221; global_colors_info=&#8221;{}&#8221;][et_pb_text _builder_version=&#8221;4.21.0&#8243; _module_preset=&#8221;default&#8221; custom_padding=&#8221;15px||15px||false|false&#8221; global_colors_info=&#8221;{}&#8221;][\/et_pb_text][\/et_pb_column][\/et_pb_row][et_pb_row _builder_version=&#8221;4.20.4&#8243; _module_preset=&#8221;default&#8221; custom_padding=&#8221;0px|15px|0px|15px|false|true&#8221; global_colors_info=&#8221;{}&#8221;][et_pb_column type=&#8221;4_4&#8243; _builder_version=&#8221;4.20.2&#8243; _module_preset=&#8221;default&#8221; global_colors_info=&#8221;{}&#8221;][et_pb_text _builder_version=&#8221;4.21.0&#8243; _module_preset=&#8221;default&#8221; global_colors_info=&#8221;{}&#8221;]Para acceder f\u00e1cilmente a los materiales de <a href=\"http:\/\/www.p4h.world\">p4h.<\/a> world en materia de protecci\u00f3n sociosanitaria y financiaci\u00f3n de la salud, ver\u00e1 aqu\u00ed una lista de palabras clave para diversos temas relacionados. Los temas se centran en la misi\u00f3n, los objetivos y el papel de la Red P4H, en una variedad de asuntos y en temas a los que el Grupo Director de P4H ha dado prioridad.[\/et_pb_text][et_pb_code _builder_version=&#8221;4.21.0&#8243; _module_preset=&#8221;default&#8221; hover_enabled=&#8221;0&#8243; global_colors_info=&#8221;{}&#8221; sticky_enabled=&#8221;0&#8243;]<input type=\"hidden\" value=\"10\" id=\"topics_limit_hidden\"><input type=\"hidden\" value=\"1\" id=\"topics_page_no\"><ul class=\"p4h-style-list two-column\" id=\"topics-list-ul\">\n        <li><a class=\"p4h-fc-dark p4h-fs-16 p4h-button\" href=\"https:\/\/p4h.world\/en\/topics\/adaptative-challenges-in-shp-hf-reforms\/\">Adaptative challenges in SHP and HF reforms<\/a><\/li>\n    <li><a class=\"p4h-fc-dark p4h-fs-16 p4h-button\" href=\"https:\/\/p4h.world\/fr\/topics\/alignement-du-soutien-des-partenaires-de-developpement-dans-le-domaine-du-psm-et-de-lhf\/\">Alignement du soutien des partenaires de d\u00e9veloppement dans le domaine du PSM et de l'HF<\/a><\/li>\n    <li><a class=\"p4h-fc-dark p4h-fs-16 p4h-button\" href=\"https:\/\/p4h.world\/en\/topics\/alignment-of-development-partners-support-in-shp-hf\/\">Alignment of development partners' support in SHP and HF<\/a><\/li>\n    <li><a class=\"p4h-fc-dark p4h-fs-16 p4h-button\" href=\"https:\/\/p4h.world\/es\/topics\/alineacion-del-apoyo-de-los-socios-para-el-desarrollo-en-shp-y-hf\/\">Alineaci\u00f3n del apoyo de los socios para el desarrollo en SHP y HF<\/a><\/li>\n    <li><a class=\"p4h-fc-dark p4h-fs-16 p4h-button\" href=\"https:\/\/p4h.world\/es\/topics\/apoyo-de-p4h-cfp-al-dialogo-politico-nacional-sobre-shp-y-hf\/\">Apoyo de P4H-CFP al di\u00e1logo pol\u00edtico nacional sobre SHP y HF<\/a><\/li>\n    <li><a class=\"p4h-fc-dark p4h-fs-16 p4h-button\" href=\"https:\/\/p4h.world\/fr\/topics\/cadres-institutionnels-du-psm-et-de-lhf\/\">Cadres institutionnels du PSM et de l'HF<\/a><\/li>\n    <li><a class=\"p4h-fc-dark p4h-fs-16 p4h-button\" href=\"https:\/\/p4h.world\/fr\/topics\/defis-dadaptation-dans-les-reformes-du-psm-et-de-lhf\/\">D\u00e9fis d'adaptation dans les r\u00e9formes du PSM et de l'HF<\/a><\/li>\n    <li><a class=\"p4h-fc-dark p4h-fs-16 p4h-button\" href=\"https:\/\/p4h.world\/fr\/topics\/financement-des-soins-de-sante-primaires\/\">Financement des soins de sant\u00e9 primaires<\/a><\/li>\n    <li><a class=\"p4h-fc-dark p4h-fs-16 p4h-button\" href=\"https:\/\/p4h.world\/es\/topics\/financiacion-de-la-cobertura-sanitaria-universal\/\">Financiaci\u00f3n de la cobertura sanitaria universal<\/a><\/li>\n    <li><a class=\"p4h-fc-dark p4h-fs-16 p4h-button\" href=\"https:\/\/p4h.world\/en\/topics\/financial-risk-protection-in-health\/\">Financial risk protection in health<\/a><\/li>\n<\/ul>\n\n\n<div id=\"topics-load-more\" style=\"cursor:pointer;\">\n    <a data-loading-msg=\"Cargando...\" data-load-more-msg=\"M\u00e1s informaci\u00f3n\" class=\"p4h-load-more\" id=\"topic_load_more_a\" onclick=\"loadMoreTopics()\">M\u00e1s informaci\u00f3n<\/a>\n<\/div>[\/et_pb_code][\/et_pb_column][\/et_pb_row][et_pb_row admin_label=&#8221;Espaciador&#8221; _builder_version=&#8221;4.21.0&#8243; _module_preset=&#8221;default&#8221; display_conditions=&#8221;W10=&#8221; custom_padding=&#8221;0px|0px|29px|0px|false|false&#8221; global_module=&#8221;987504603&#8243; saved_tabs=&#8221;all&#8221; collapsed=&#8221;on&#8221; global_colors_info=&#8221;{}&#8221;][et_pb_column type=&#8221;4_4&#8243; _builder_version=&#8221;4.19.2&#8243; _module_preset=&#8221;default&#8221; global_colors_info=&#8221;{}&#8221;][et_pb_text _builder_version=&#8221;4.21.0&#8243; _module_preset=&#8221;default&#8221; custom_padding=&#8221;15px||15px||false|false&#8221; global_colors_info=&#8221;{}&#8221;][\/et_pb_text][\/et_pb_column][\/et_pb_row][\/et_pb_section]<\/p>\n","protected":false},"excerpt":{"rendered":"<p>Para acceder f\u00e1cilmente a los materiales de p4h. world en materia de protecci\u00f3n sociosanitaria y financiaci\u00f3n de la salud, ver\u00e1 aqu\u00ed una lista de palabras clave para diversos temas relacionados. Los temas se centran en la misi\u00f3n, los objetivos y el papel de la Red P4H, en una variedad de asuntos y en temas a&#8230;<\/p>\n","protected":false},"author":1,"featured_media":0,"parent":0,"menu_order":0,"comment_status":"closed","ping_status":"closed","template":"","meta":{"_et_pb_use_builder":"on","_et_pb_old_content":"","_et_gb_content_width":""},"acf":[],"_links":{"self":[{"href":"https:\/\/p4h.world\/es\/wp-json\/wp\/v2\/pages\/987628017"}],"collection":[{"href":"https:\/\/p4h.world\/es\/wp-json\/wp\/v2\/pages"}],"about":[{"href":"https:\/\/p4h.world\/es\/wp-json\/wp\/v2\/types\/page"}],"author":[{"embeddable":true,"href":"https:\/\/p4h.world\/es\/wp-json\/wp\/v2\/users\/1"}],"replies":[{"embeddable":true,"href":"https:\/\/p4h.world\/es\/wp-json\/wp\/v2\/comments?post=987628017"}],"version-history":[{"count":0,"href":"https:\/\/p4h.world\/es\/wp-json\/wp\/v2\/pages\/987628017\/revisions"}],"wp:attachment":[{"href":"https:\/\/p4h.world\/es\/wp-json\/wp\/v2\/media?parent=987628017"}],"curies":[{"name":"wp","href":"https:\/\/api.w.org\/{rel}","templated":true}]}}