{"id":987628079,"date":"2023-01-18T04:06:54","date_gmt":"2023-01-18T03:06:54","guid":{"rendered":"https:\/\/p4h.world\/grupo-de-intercambio-tecnico-2\/"},"modified":"2024-11-21T16:54:14","modified_gmt":"2024-11-21T15:54:14","slug":"grupo-de-intercambio-tecnico-2","status":"publish","type":"page","link":"https:\/\/p4h.world\/es\/quienes-somos\/organizacion\/grupo-de-intercambio-tecnico-2\/","title":{"rendered":"Grupo de intercambio t\u00e9cnico"},"content":{"rendered":"<p>[et_pb_section fb_built=&#8221;1&#8243; admin_label=&#8221;Section&#8221; _builder_version=&#8221;4.19.2&#8243; _module_preset=&#8221;default&#8221; locked=&#8221;off&#8221; global_colors_info=&#8221;{}&#8221;][et_pb_row admin_label=&#8221;Espaciador&#8221; _builder_version=&#8221;4.21.0&#8243; _module_preset=&#8221;default&#8221; display_conditions=&#8221;W10=&#8221; custom_padding=&#8221;0px|0px|10px|0px|false|false&#8221; global_module=&#8221;987504603&#8243; saved_tabs=&#8221;all&#8221; collapsed=&#8221;off&#8221; global_colors_info=&#8221;{}&#8221;][et_pb_column type=&#8221;4_4&#8243; _builder_version=&#8221;4.19.2&#8243; _module_preset=&#8221;default&#8221; global_colors_info=&#8221;{}&#8221;][\/et_pb_column][\/et_pb_row][et_pb_row make_equal=&#8221;on&#8221; admin_label=&#8221;Visi\u00f3n general&#8221; _builder_version=&#8221;4.20.4&#8243; _module_preset=&#8221;default&#8221; custom_padding=&#8221;0px|15px|0px|15px|false|true&#8221; custom_css_main_element=&#8221;align-items: center;&#8221; collapsed=&#8221;off&#8221; global_colors_info=&#8221;{}&#8221;][et_pb_column type=&#8221;4_4&#8243; admin_label=&#8221;Columna&#8221; _builder_version=&#8221;4.20.2&#8243; _module_preset=&#8221;default&#8221; custom_padding=&#8221;||||false|true&#8221; global_colors_info=&#8221;{}&#8221;][et_pb_text _builder_version=&#8221;4.21.0&#8243; _module_preset=&#8221;default&#8221; global_colors_info=&#8221;{}&#8221;]<\/p>\n<p>El Grupo de Intercambio T\u00e9cnico de P4H (P4H-TEG) apoya al Grupo Directivo de P4H haciendo que el personal de nivel t\u00e9cnico de los miembros de P4H inicie, coordine y eval\u00fae las actividades de la Red P4H. El P4H-TEG est\u00e1 formado por la Oficina de Coordinaci\u00f3n de P4H, los coordinadores nacionales de P4H y personal t\u00e9cnico y pol\u00edtico de los miembros de P4H. Dirigido por tres copresidentes, el P4H-TEG organiza grupos de trabajo sobre temas t\u00e9cnicos y los procesos de la Red P4H.<\/p>\n<p>[\/et_pb_text][et_pb_text _builder_version=&#8221;4.21.0&#8243; _module_preset=&#8221;default&#8221; global_colors_info=&#8221;{}&#8221;]<\/p>\n<p>En 2023, los grupos de trabajo se centrar\u00e1n en cinco aspectos: la alineaci\u00f3n de los donantes en la protecci\u00f3n sociosanitaria y la financiaci\u00f3n de la salud; el seguimiento y la evaluaci\u00f3n; el cambio clim\u00e1tico y la salud; el envejecimiento y la atenci\u00f3n a las personas mayores, incluidas las poblaciones vulnerables; y la preparaci\u00f3n y respuesta ante pandemias.<\/p>\n<p>[\/et_pb_text][\/et_pb_column][\/et_pb_row][et_pb_row admin_label=&#8221;Espaciador&#8221; _builder_version=&#8221;4.21.0&#8243; _module_preset=&#8221;default&#8221; display_conditions=&#8221;W10=&#8221; custom_padding=&#8221;0px|0px|10px|0px|false|false&#8221; global_module=&#8221;987504603&#8243; saved_tabs=&#8221;all&#8221; collapsed=&#8221;off&#8221; global_colors_info=&#8221;{}&#8221;][et_pb_column type=&#8221;4_4&#8243; _builder_version=&#8221;4.19.2&#8243; _module_preset=&#8221;default&#8221; global_colors_info=&#8221;{}&#8221;][\/et_pb_column][\/et_pb_row][et_pb_row admin_label=&#8221;TEG&#8221; _builder_version=&#8221;4.20.4&#8243; _module_preset=&#8221;default&#8221; custom_padding=&#8221;0px|15px|0px|15px|false|true&#8221; collapsed=&#8221;off&#8221; global_colors_info=&#8221;{}&#8221;][et_pb_column type=&#8221;4_4&#8243; _builder_version=&#8221;4.20.2&#8243; _module_preset=&#8221;default&#8221; global_colors_info=&#8221;{}&#8221;][et_pb_code _builder_version=&#8221;4.21.0&#8243; _module_preset=&#8221;default&#8221; custom_margin=&#8221;0px|0px|0px|0px|false|false&#8221; custom_padding=&#8221;0px|0px|0px|0px|false|false&#8221; global_colors_info=&#8221;{}&#8221;]<\/p>\n<div class=\"p4h-title withlink\"><!-- [et_pb_line_break_holder] --><\/p>\n<h3 class=\"p4h-fc-dark p4h-fs-24 p4h-text-uppercase\">Comunidad de Pr\u00e1cticas de Alineaci\u00f3n &#8211; contactos<\/h3>\n<p><!-- [et_pb_line_break_holder] --><\/div>\n<p>[\/et_pb_code][et_pb_code _builder_version=&#8221;4.21.0&#8243; _module_preset=&#8221;default&#8221; custom_margin=&#8221;20px||||false|false&#8221; hover_enabled=&#8221;0&#8243; global_colors_info=&#8221;{}&#8221; sticky_enabled=&#8221;0&#8243;]<\/p>\n<div class=\"cfp-grid-wrapper\"><!-- [et_pb_line_break_holder] -->    <\/p>\n<div class=\"cfp-grid\"><!-- [et_pb_line_break_holder] -->        <\/p>\n<div class=\"cfp-item\"><!-- [et_pb_line_break_holder] -->            <\/p>\n<div class=\"cfp-item-body\"><!-- [et_pb_line_break_holder] -->                <\/p>\n<div class=\"cfp-image-wrapper\"><!-- [et_pb_line_break_holder] -->                    <img decoding=\"async\" src=\"https:\/\/p4h.world\/app\/uploads\/2023\/05\/pascal190.jpg\" class=\"cfp-image\"><!-- [et_pb_line_break_holder] -->                <\/div>\n<p><!-- [et_pb_line_break_holder] -->                <\/p>\n<div class=\"cfp-details-wrapper\"><!-- [et_pb_line_break_holder] -->                    <\/p>\n<h5 class=\"cfp-name\">Pascale Le Roy<\/h5>\n<p><!-- [et_pb_line_break_holder] -->                    <span class=\"cfp-info\">AFD<\/span><!-- [et_pb_line_break_holder] -->                <\/div>\n<p><!-- [et_pb_line_break_holder] -->            <\/div>\n<p><!-- [et_pb_line_break_holder] -->        <\/div>\n<p><!-- [et_pb_line_break_holder] -->      <!-- [et_pb_line_break_holder] -->      <\/p>\n<div class=\"cfp-item\"><!-- [et_pb_line_break_holder] -->            <\/p>\n<div class=\"cfp-item-body\"><!-- [et_pb_line_break_holder] -->                <\/p>\n<div class=\"cfp-image-wrapper\"><!-- [et_pb_line_break_holder] -->                    <img decoding=\"async\" src=\"https:\/\/p4h.world\/app\/uploads\/2024\/11\/p4h_emi-inaoka_180.jpg\" class=\"cfp-image\"><!-- [et_pb_line_break_holder] -->                <\/div>\n<p><!-- [et_pb_line_break_holder] -->                <\/p>\n<div class=\"cfp-details-wrapper\"><!-- [et_pb_line_break_holder] -->                    <\/p>\n<h5 class=\"cfp-name\">Emi Inaoka<\/h5>\n<p><!-- [et_pb_line_break_holder] -->                    <span class=\"cfp-info\">GF<\/span><!-- [et_pb_line_break_holder] -->                <\/div>\n<p><!-- [et_pb_line_break_holder] -->            <\/div>\n<p><!-- [et_pb_line_break_holder] -->        <\/div>\n<p><!-- [et_pb_line_break_holder] -->      <!-- [et_pb_line_break_holder] -->    <\/div>\n<p><!-- [et_pb_line_break_holder] --><\/div>\n<p>[\/et_pb_code][\/et_pb_column][\/et_pb_row][et_pb_row admin_label=&#8221;Espaciador&#8221; _builder_version=&#8221;4.21.0&#8243; _module_preset=&#8221;default&#8221; display_conditions=&#8221;W10=&#8221; custom_padding=&#8221;0px|0px|10px|0px|false|false&#8221; global_module=&#8221;987504603&#8243; saved_tabs=&#8221;all&#8221; collapsed=&#8221;off&#8221; global_colors_info=&#8221;{}&#8221;][et_pb_column type=&#8221;4_4&#8243; _builder_version=&#8221;4.19.2&#8243; _module_preset=&#8221;default&#8221; global_colors_info=&#8221;{}&#8221;][\/et_pb_column][\/et_pb_row][et_pb_row admin_label=&#8221;TEG&#8221; _builder_version=&#8221;4.20.4&#8243; _module_preset=&#8221;default&#8221; custom_padding=&#8221;0px|15px|0px|15px|false|true&#8221; collapsed=&#8221;off&#8221; global_colors_info=&#8221;{}&#8221;][et_pb_column type=&#8221;4_4&#8243; _builder_version=&#8221;4.20.2&#8243; _module_preset=&#8221;default&#8221; global_colors_info=&#8221;{}&#8221;][et_pb_code _builder_version=&#8221;4.21.0&#8243; _module_preset=&#8221;default&#8221; custom_margin=&#8221;0px|0px|0px|0px|false|false&#8221; custom_padding=&#8221;0px|0px|0px|0px|false|false&#8221; global_colors_info=&#8221;{}&#8221;]<\/p>\n<div class=\"p4h-title withlink\"><!-- [et_pb_line_break_holder] --><\/p>\n<h3 class=\"p4h-fc-dark p4h-fs-24 p4h-text-uppercase\">Marco de seguimiento y evaluaci\u00f3n &#8211; contactos<\/h3>\n<p><!-- [et_pb_line_break_holder] --><\/div>\n<p> [\/et_pb_code][et_pb_code _builder_version=&#8221;4.21.0&#8243; _module_preset=&#8221;default&#8221; custom_margin=&#8221;20px||||false|false&#8221; hover_enabled=&#8221;0&#8243; global_colors_info=&#8221;{}&#8221; sticky_enabled=&#8221;0&#8243;]<\/p>\n<div class=\"cfp-grid-wrapper\"><!-- [et_pb_line_break_holder] -->    <\/p>\n<div class=\"cfp-grid\"><!-- [et_pb_line_break_holder] -->        <\/p>\n<div class=\"cfp-item\"><!-- [et_pb_line_break_holder] -->            <\/p>\n<div class=\"cfp-item-body\"><!-- [et_pb_line_break_holder] -->                <\/p>\n<div class=\"cfp-image-wrapper\"><!-- [et_pb_line_break_holder] -->                    <img decoding=\"async\" src=\"https:\/\/p4h.world\/app\/uploads\/2023\/05\/nina190.jpg\" class=\"cfp-image\"><!-- [et_pb_line_break_holder] -->                <\/div>\n<p><!-- [et_pb_line_break_holder] -->                <\/p>\n<div class=\"cfp-details-wrapper\"><!-- [et_pb_line_break_holder] -->                    <\/p>\n<h5 class=\"cfp-name\">Nina Siegert<\/h5>\n<p><!-- [et_pb_line_break_holder] -->                    <span class=\"cfp-info\">GIZ<\/span><!-- [et_pb_line_break_holder] -->                <\/div>\n<p><!-- [et_pb_line_break_holder] -->            <\/div>\n<p><!-- [et_pb_line_break_holder] -->        <\/div>\n<p><!-- [et_pb_line_break_holder] -->      <!-- [et_pb_line_break_holder] -->       <\/p>\n<div class=\"cfp-item\"><!-- [et_pb_line_break_holder] -->            <\/p>\n<div class=\"cfp-item-body\"><!-- [et_pb_line_break_holder] -->                <\/p>\n<div class=\"cfp-image-wrapper\"><!-- [et_pb_line_break_holder] -->                    <img decoding=\"async\" src=\"https:\/\/p4h.world\/app\/uploads\/2024\/11\/p4h_emi-inaoka_180.jpg\" class=\"cfp-image\"><!-- [et_pb_line_break_holder] -->                <\/div>\n<p><!-- [et_pb_line_break_holder] -->                <\/p>\n<div class=\"cfp-details-wrapper\"><!-- [et_pb_line_break_holder] -->                    <\/p>\n<h5 class=\"cfp-name\">Emi Inaoka<\/h5>\n<p><!-- [et_pb_line_break_holder] -->                    <span class=\"cfp-info\">GF<\/span><!-- [et_pb_line_break_holder] -->                <\/div>\n<p><!-- [et_pb_line_break_holder] -->            <\/div>\n<p><!-- [et_pb_line_break_holder] -->        <\/div>\n<p><!-- [et_pb_line_break_holder] -->      <!-- [et_pb_line_break_holder] -->      <!-- [et_pb_line_break_holder] -->    <\/div>\n<p><!-- [et_pb_line_break_holder] --><\/div>\n<p>[\/et_pb_code][\/et_pb_column][\/et_pb_row][et_pb_row admin_label=&#8221;Espaciador&#8221; _builder_version=&#8221;4.21.0&#8243; _module_preset=&#8221;default&#8221; display_conditions=&#8221;W10=&#8221; custom_padding=&#8221;0px|0px|29px|0px|false|false&#8221; global_module=&#8221;987504603&#8243; saved_tabs=&#8221;all&#8221; collapsed=&#8221;off&#8221; global_colors_info=&#8221;{}&#8221;][et_pb_column type=&#8221;4_4&#8243; _builder_version=&#8221;4.19.2&#8243; _module_preset=&#8221;default&#8221; global_colors_info=&#8221;{}&#8221;][\/et_pb_column][\/et_pb_row][et_pb_row admin_label=&#8221;TEG&#8221; _builder_version=&#8221;4.20.4&#8243; _module_preset=&#8221;default&#8221; custom_padding=&#8221;0px|15px|0px|15px|false|true&#8221; collapsed=&#8221;off&#8221; global_colors_info=&#8221;{}&#8221;][et_pb_column type=&#8221;4_4&#8243; _builder_version=&#8221;4.20.2&#8243; _module_preset=&#8221;default&#8221; global_colors_info=&#8221;{}&#8221;][et_pb_code _builder_version=&#8221;4.21.0&#8243; _module_preset=&#8221;default&#8221; custom_margin=&#8221;0px|0px|0px|0px|false|false&#8221; custom_padding=&#8221;0px|0px|0px|0px|false|false&#8221; global_colors_info=&#8221;{}&#8221;]<\/p>\n<div class=\"p4h-title withlink\"><!-- [et_pb_line_break_holder] --><\/p>\n<h3 class=\"p4h-fc-dark p4h-fs-24 p4h-text-uppercase\">Cambio clim\u00e1tico y financiaci\u00f3n sanitaria &#8211; contactos<\/h3>\n<p><!-- [et_pb_line_break_holder] --><\/div>\n<p> [\/et_pb_code][et_pb_code _builder_version=&#8221;4.21.0&#8243; _module_preset=&#8221;default&#8221; custom_margin=&#8221;20px||||false|false&#8221; global_colors_info=&#8221;{}&#8221;]<\/p>\n<div class=\"cfp-grid-wrapper\"><!-- [et_pb_line_break_holder] -->    <\/p>\n<div class=\"cfp-grid\"><!-- [et_pb_line_break_holder] -->        <\/p>\n<div class=\"cfp-item\"><!-- [et_pb_line_break_holder] -->            <\/p>\n<div class=\"cfp-item-body\"><!-- [et_pb_line_break_holder] -->                <\/p>\n<div class=\"cfp-image-wrapper\"><!-- [et_pb_line_break_holder] -->                    <img decoding=\"async\" src=\"https:\/\/p4h.world\/app\/uploads\/2023\/05\/pascal190.jpg\" class=\"cfp-image\"><!-- [et_pb_line_break_holder] -->                <\/div>\n<p><!-- [et_pb_line_break_holder] -->                <\/p>\n<div class=\"cfp-details-wrapper\"><!-- [et_pb_line_break_holder] -->                    <\/p>\n<h5 class=\"cfp-name\">Pascale Le Roy<\/h5>\n<p><!-- [et_pb_line_break_holder] -->                    <span class=\"cfp-info\">AFD<\/span><!-- [et_pb_line_break_holder] -->                <\/div>\n<p><!-- [et_pb_line_break_holder] -->            <\/div>\n<p><!-- [et_pb_line_break_holder] -->        <\/div>\n<p><!-- [et_pb_line_break_holder] -->      <!-- [et_pb_line_break_holder] -->      <\/p>\n<div class=\"cfp-item\"><!-- [et_pb_line_break_holder] -->            <\/p>\n<div class=\"cfp-item-body\"><!-- [et_pb_line_break_holder] -->                <\/p>\n<div class=\"cfp-image-wrapper\"><!-- [et_pb_line_break_holder] -->                    <img decoding=\"async\" src=\"https:\/\/p4h.world\/app\/uploads\/2024\/11\/p4h_emi-inaoka_180.jpg\" class=\"cfp-image\"><!-- [et_pb_line_break_holder] -->                <\/div>\n<p><!-- [et_pb_line_break_holder] -->                <\/p>\n<div class=\"cfp-details-wrapper\"><!-- [et_pb_line_break_holder] -->                    <\/p>\n<h5 class=\"cfp-name\">Emi Inaoka<\/h5>\n<p><!-- [et_pb_line_break_holder] -->                    <span class=\"cfp-info\">GF<\/span><!-- [et_pb_line_break_holder] -->                <\/div>\n<p><!-- [et_pb_line_break_holder] -->            <\/div>\n<p><!-- [et_pb_line_break_holder] -->        <\/div>\n<p><!-- [et_pb_line_break_holder] -->      <!-- [et_pb_line_break_holder] -->      <!-- [et_pb_line_break_holder] -->    <\/div>\n<p><!-- [et_pb_line_break_holder] --><\/div>\n<p>[\/et_pb_code][\/et_pb_column][\/et_pb_row][et_pb_row admin_label=&#8221;Espaciador&#8221; _builder_version=&#8221;4.21.0&#8243; _module_preset=&#8221;default&#8221; display_conditions=&#8221;W10=&#8221; custom_padding=&#8221;0px|0px|29px|0px|false|false&#8221; global_module=&#8221;987504603&#8243; saved_tabs=&#8221;all&#8221; collapsed=&#8221;off&#8221; global_colors_info=&#8221;{}&#8221;][et_pb_column type=&#8221;4_4&#8243; _builder_version=&#8221;4.19.2&#8243; _module_preset=&#8221;default&#8221; global_colors_info=&#8221;{}&#8221;][\/et_pb_column][\/et_pb_row][et_pb_row admin_label=&#8221;TEG&#8221; _builder_version=&#8221;4.20.4&#8243; _module_preset=&#8221;default&#8221; custom_padding=&#8221;0px|15px|0px|15px|false|true&#8221; collapsed=&#8221;off&#8221; global_colors_info=&#8221;{}&#8221;][et_pb_column type=&#8221;4_4&#8243; _builder_version=&#8221;4.20.2&#8243; _module_preset=&#8221;default&#8221; global_colors_info=&#8221;{}&#8221;][et_pb_code _builder_version=&#8221;4.21.0&#8243; _module_preset=&#8221;default&#8221; custom_margin=&#8221;0px|0px|0px|0px|false|false&#8221; custom_padding=&#8221;0px|0px|0px|0px|false|false&#8221; global_colors_info=&#8221;{}&#8221;]<\/p>\n<div class=\"p4h-title withlink\"><!-- [et_pb_line_break_holder] --><\/p>\n<h3 class=\"p4h-fc-dark p4h-fs-24 p4h-text-uppercase\">Envejecimiento y atenci\u00f3n a las personas mayores, incluida la poblaci\u00f3n vulnerable &#8211; contactos<\/h3>\n<p><!-- [et_pb_line_break_holder] --><\/div>\n<p> [\/et_pb_code][et_pb_code _builder_version=&#8221;4.21.0&#8243; _module_preset=&#8221;default&#8221; custom_margin=&#8221;20px||||false|false&#8221; global_colors_info=&#8221;{}&#8221;]<\/p>\n<div class=\"cfp-grid-wrapper\"><!-- [et_pb_line_break_holder] -->    <\/p>\n<div class=\"cfp-grid\"><!-- [et_pb_line_break_holder] -->        <\/p>\n<div class=\"cfp-item\"><!-- [et_pb_line_break_holder] -->            <\/p>\n<div class=\"cfp-item-body\"><!-- [et_pb_line_break_holder] -->                <\/p>\n<div class=\"cfp-image-wrapper\"><!-- [et_pb_line_break_holder] -->                    <img decoding=\"async\" src=\"https:\/\/p4h.world\/app\/uploads\/2023\/05\/soonman190.jpg\" class=\"cfp-image\"><!-- [et_pb_line_break_holder] -->                <\/div>\n<p><!-- [et_pb_line_break_holder] -->                <\/p>\n<div class=\"cfp-details-wrapper\"><!-- [et_pb_line_break_holder] -->                    <\/p>\n<h5 class=\"cfp-name\">Soonman Kwon<\/h5>\n<p><!-- [et_pb_line_break_holder] -->                    <span class=\"cfp-info\">SNU<\/span><!-- [et_pb_line_break_holder] -->                <\/div>\n<p><!-- [et_pb_line_break_holder] -->            <\/div>\n<p><!-- [et_pb_line_break_holder] -->        <\/div>\n<p><!-- [et_pb_line_break_holder] -->      <!-- [et_pb_line_break_holder] -->      <\/p>\n<div class=\"cfp-item\"><!-- [et_pb_line_break_holder] -->            <\/p>\n<div class=\"cfp-item-body\"><!-- [et_pb_line_break_holder] -->                <\/p>\n<div class=\"cfp-image-wrapper\"><!-- [et_pb_line_break_holder] -->                    <img decoding=\"async\" src=\"https:\/\/p4h.world\/app\/uploads\/2024\/11\/p4h_emi-inaoka_180.jpg\" class=\"cfp-image\"><!-- [et_pb_line_break_holder] -->                <\/div>\n<p><!-- [et_pb_line_break_holder] -->                <\/p>\n<div class=\"cfp-details-wrapper\"><!-- [et_pb_line_break_holder] -->                    <\/p>\n<h5 class=\"cfp-name\">Emi Inaoka<\/h5>\n<p><!-- [et_pb_line_break_holder] -->                    <span class=\"cfp-info\">GF<\/span><!-- [et_pb_line_break_holder] -->                <\/div>\n<p><!-- [et_pb_line_break_holder] -->            <\/div>\n<p><!-- [et_pb_line_break_holder] -->        <\/div>\n<p><!-- [et_pb_line_break_holder] -->      <!-- [et_pb_line_break_holder] -->    <\/div>\n<p><!-- [et_pb_line_break_holder] --><\/div>\n<p>[\/et_pb_code][\/et_pb_column][\/et_pb_row][et_pb_row admin_label=&#8221;Espaciador&#8221; _builder_version=&#8221;4.21.0&#8243; _module_preset=&#8221;default&#8221; display_conditions=&#8221;W10=&#8221; custom_padding=&#8221;0px|0px|29px|0px|false|false&#8221; global_module=&#8221;987504603&#8243; saved_tabs=&#8221;all&#8221; collapsed=&#8221;off&#8221; global_colors_info=&#8221;{}&#8221;][et_pb_column type=&#8221;4_4&#8243; _builder_version=&#8221;4.19.2&#8243; _module_preset=&#8221;default&#8221; global_colors_info=&#8221;{}&#8221;][\/et_pb_column][\/et_pb_row][et_pb_row admin_label=&#8221;TEG&#8221; _builder_version=&#8221;4.20.4&#8243; _module_preset=&#8221;default&#8221; custom_padding=&#8221;0px|15px|0px|15px|false|true&#8221; collapsed=&#8221;off&#8221; global_colors_info=&#8221;{}&#8221;][et_pb_column type=&#8221;4_4&#8243; _builder_version=&#8221;4.20.2&#8243; _module_preset=&#8221;default&#8221; global_colors_info=&#8221;{}&#8221;][et_pb_code _builder_version=&#8221;4.21.0&#8243; _module_preset=&#8221;default&#8221; custom_margin=&#8221;0px|0px|0px|0px|false|false&#8221; custom_padding=&#8221;0px|0px|0px|0px|false|false&#8221; global_colors_info=&#8221;{}&#8221;]<\/p>\n<div class=\"p4h-title withlink\"><!-- [et_pb_line_break_holder] --><\/p>\n<h3 class=\"p4h-fc-dark p4h-fs-24 p4h-text-uppercase\">Financiaci\u00f3n de la preparaci\u00f3n y respuesta ante una pandemia &#8211; contactos<\/h3>\n<p><!-- [et_pb_line_break_holder] --><\/div>\n<p>[\/et_pb_code][et_pb_code _builder_version=&#8221;4.21.0&#8243; _module_preset=&#8221;default&#8221; custom_margin=&#8221;20px||||false|false&#8221; global_colors_info=&#8221;{}&#8221;]<\/p>\n<div class=\"cfp-grid-wrapper\"><!-- [et_pb_line_break_holder] -->    <\/p>\n<div class=\"cfp-grid\"><!-- [et_pb_line_break_holder] -->        <\/p>\n<div class=\"cfp-item\"><!-- [et_pb_line_break_holder] -->            <\/p>\n<div class=\"cfp-item-body\"><!-- [et_pb_line_break_holder] -->                <\/p>\n<div class=\"cfp-image-wrapper\"><!-- [et_pb_line_break_holder] -->                    <img decoding=\"async\" src=\"https:\/\/p4h.world\/app\/uploads\/2023\/05\/nina190.jpg\" class=\"cfp-image\"><!-- [et_pb_line_break_holder] -->                <\/div>\n<p><!-- [et_pb_line_break_holder] -->                <\/p>\n<div class=\"cfp-details-wrapper\"><!-- [et_pb_line_break_holder] -->                    <\/p>\n<h5 class=\"cfp-name\">Nina Siegert<\/h5>\n<p><!-- [et_pb_line_break_holder] -->                    <span class=\"cfp-info\">GIZ<\/span><!-- [et_pb_line_break_holder] -->                <\/div>\n<p><!-- [et_pb_line_break_holder] -->            <\/div>\n<p><!-- [et_pb_line_break_holder] -->        <\/div>\n<p><!-- [et_pb_line_break_holder] -->      <!-- [et_pb_line_break_holder] -->      <\/p>\n<div class=\"cfp-item\"><!-- [et_pb_line_break_holder] -->            <\/p>\n<div class=\"cfp-item-body\"><!-- [et_pb_line_break_holder] -->                <\/p>\n<div class=\"cfp-image-wrapper\"><!-- [et_pb_line_break_holder] -->                    <img decoding=\"async\" src=\"https:\/\/p4h.world\/app\/uploads\/2024\/11\/p4h_emi-inaoka_180.jpg\" class=\"cfp-image\"><!-- [et_pb_line_break_holder] -->                <\/div>\n<p><!-- [et_pb_line_break_holder] -->                <\/p>\n<div class=\"cfp-details-wrapper\"><!-- [et_pb_line_break_holder] -->                    <\/p>\n<h5 class=\"cfp-name\">Emi Inaoka<\/h5>\n<p><!-- [et_pb_line_break_holder] -->                    <span class=\"cfp-info\">GF<\/span><!-- [et_pb_line_break_holder] -->                <\/div>\n<p><!-- [et_pb_line_break_holder] -->            <\/div>\n<p><!-- [et_pb_line_break_holder] -->        <\/div>\n<p><!-- [et_pb_line_break_holder] -->      <!-- [et_pb_line_break_holder] -->    <\/div>\n<p><!-- [et_pb_line_break_holder] --><\/div>\n<p>[\/et_pb_code][\/et_pb_column][\/et_pb_row][et_pb_row admin_label=&#8221;Espaciador&#8221; _builder_version=&#8221;4.21.0&#8243; _module_preset=&#8221;default&#8221; display_conditions=&#8221;W10=&#8221; custom_padding=&#8221;0px|0px|29px|0px|false|false&#8221; global_module=&#8221;987504603&#8243; saved_tabs=&#8221;all&#8221; collapsed=&#8221;off&#8221; global_colors_info=&#8221;{}&#8221;][et_pb_column type=&#8221;4_4&#8243; _builder_version=&#8221;4.19.2&#8243; _module_preset=&#8221;default&#8221; global_colors_info=&#8221;{}&#8221;][\/et_pb_column][\/et_pb_row][\/et_pb_section]<\/p>\n","protected":false},"excerpt":{"rendered":"<p>El Grupo de Intercambio T\u00e9cnico de P4H (P4H-TEG) apoya al Grupo Directivo de P4H haciendo que el personal de nivel t\u00e9cnico de los miembros de P4H inicie, coordine y eval\u00fae las actividades de la Red P4H. El P4H-TEG est\u00e1 formado por la Oficina de Coordinaci\u00f3n de P4H, los coordinadores nacionales de P4H y personal t\u00e9cnico&#8230;<\/p>\n","protected":false},"author":1,"featured_media":0,"parent":987628319,"menu_order":0,"comment_status":"closed","ping_status":"closed","template":"","meta":{"_et_pb_use_builder":"on","_et_pb_old_content":"","_et_gb_content_width":""},"acf":[],"_links":{"self":[{"href":"https:\/\/p4h.world\/es\/wp-json\/wp\/v2\/pages\/987628079"}],"collection":[{"href":"https:\/\/p4h.world\/es\/wp-json\/wp\/v2\/pages"}],"about":[{"href":"https:\/\/p4h.world\/es\/wp-json\/wp\/v2\/types\/page"}],"author":[{"embeddable":true,"href":"https:\/\/p4h.world\/es\/wp-json\/wp\/v2\/users\/1"}],"replies":[{"embeddable":true,"href":"https:\/\/p4h.world\/es\/wp-json\/wp\/v2\/comments?post=987628079"}],"version-history":[{"count":3,"href":"https:\/\/p4h.world\/es\/wp-json\/wp\/v2\/pages\/987628079\/revisions"}],"predecessor-version":[{"id":987734071,"href":"https:\/\/p4h.world\/es\/wp-json\/wp\/v2\/pages\/987628079\/revisions\/987734071"}],"up":[{"embeddable":true,"href":"https:\/\/p4h.world\/es\/wp-json\/wp\/v2\/pages\/987628319"}],"wp:attachment":[{"href":"https:\/\/p4h.world\/es\/wp-json\/wp\/v2\/media?parent=987628079"}],"curies":[{"name":"wp","href":"https:\/\/api.w.org\/{rel}","templated":true}]}}