{"id":987628164,"date":"2022-12-26T09:58:15","date_gmt":"2022-12-26T08:58:15","guid":{"rendered":"https:\/\/p4h.world\/recursos\/"},"modified":"2025-09-10T11:03:08","modified_gmt":"2025-09-10T10:03:08","slug":"recursos","status":"publish","type":"page","link":"https:\/\/p4h.world\/es\/recursos\/","title":{"rendered":"Recursos"},"content":{"rendered":"<p>[et_pb_section fb_built=&#8221;1&#8243; _builder_version=&#8221;4.20.2&#8243; _module_preset=&#8221;default&#8221; locked=&#8221;off&#8221; global_colors_info=&#8221;{}&#8221;][et_pb_row disabled_on=&#8221;off|off|off&#8221; admin_label=&#8221;Espaciador&#8221; _builder_version=&#8221;4.21.0&#8243; _module_preset=&#8221;default&#8221; display_conditions=&#8221;W10=&#8221; custom_padding=&#8221;0px|0px|10px|0px|false|false&#8221; global_module=&#8221;987504603&#8243; saved_tabs=&#8221;all&#8221; collapsed=&#8221;off&#8221; global_colors_info=&#8221;{}&#8221;][et_pb_column type=&#8221;4_4&#8243; _builder_version=&#8221;4.19.2&#8243; _module_preset=&#8221;default&#8221; global_colors_info=&#8221;{}&#8221;][\/et_pb_column][\/et_pb_row][et_pb_row _builder_version=&#8221;4.20.4&#8243; _module_preset=&#8221;default&#8221; custom_padding=&#8221;0px|15px|0px|15px|false|true&#8221; global_colors_info=&#8221;{}&#8221;][et_pb_column type=&#8221;4_4&#8243; _builder_version=&#8221;4.20.2&#8243; _module_preset=&#8221;default&#8221; global_colors_info=&#8221;{}&#8221;][et_pb_text _builder_version=&#8221;4.21.0&#8243; _module_preset=&#8221;default&#8221; global_colors_info=&#8221;{}&#8221;]<\/p>\n<div>\n<p>La Red P4H identifica temas de inter\u00e9s para las comunidades de protecci\u00f3n sociosanitaria (PSS) y financiaci\u00f3n sanitaria (FSS), centr\u00e1ndose en la informaci\u00f3n sobre los pa\u00edses. All\u00ed donde participamos activamente, elaboramos estudios de casos con el objetivo de captar los hitos y procesos que hacen avanzar la cobertura sanitaria universal (CSU).<\/p>\n<\/div>\n<p>[\/et_pb_text][et_pb_text _builder_version=&#8221;4.21.0&#8243; _module_preset=&#8221;default&#8221; global_colors_info=&#8221;{}&#8221;]<\/p>\n<p>Tambi\u00e9n proporcionamos herramientas que permiten comparar entre pa\u00edses y regiones y dentro de ellos. Los usuarios pueden crear gr\u00e1ficos con nuestra herramienta de indicadores clave; cronogramas por pa\u00edses que identifican los pasos en los procesos de reforma del PSS y el FH; nuestra herramienta de econom\u00eda pol\u00edtica que traza los intereses, posiciones y relaciones de las partes interesadas relevantes para una reforma.<\/p>\n<p>[\/et_pb_text][\/et_pb_column][\/et_pb_row][et_pb_row disabled_on=&#8221;off|off|off&#8221; admin_label=&#8221;Espaciador&#8221; _builder_version=&#8221;4.21.0&#8243; _module_preset=&#8221;default&#8221; display_conditions=&#8221;W10=&#8221; custom_padding=&#8221;0px|0px|10px|0px|false|false&#8221; global_module=&#8221;987504603&#8243; saved_tabs=&#8221;all&#8221; collapsed=&#8221;off&#8221; global_colors_info=&#8221;{}&#8221;][et_pb_column type=&#8221;4_4&#8243; _builder_version=&#8221;4.19.2&#8243; _module_preset=&#8221;default&#8221; global_colors_info=&#8221;{}&#8221;][\/et_pb_column][\/et_pb_row][et_pb_row column_structure=&#8221;1_2,1_2&#8243; make_equal=&#8221;on&#8221; _builder_version=&#8221;4.20.4&#8243; _module_preset=&#8221;default&#8221; custom_padding=&#8221;0px|15px|0px|15px|false|true&#8221; global_colors_info=&#8221;{}&#8221;][et_pb_column type=&#8221;1_2&#8243; _builder_version=&#8221;4.20.4&#8243; _module_preset=&#8221;default&#8221; custom_css_main_element=&#8221;width: 30% !important;&#8221; global_colors_info=&#8221;{}&#8221; custom_css_main_element_last_edited=&#8221;on|tablet&#8221; custom_css_main_element_tablet=&#8221;width: 100% !important;&#8221; custom_css_main_element_phone=&#8221;width: 100% !important;&#8221;][et_pb_code _builder_version=&#8221;4.21.0&#8243; _module_preset=&#8221;default&#8221; custom_margin=&#8221;0px|0px|10px|0px|false|false&#8221; custom_padding=&#8221;0px|0px|0px|0px|false|false&#8221; locked=&#8221;off&#8221; global_colors_info=&#8221;{}&#8221;]<\/p>\n<div class=\"p4h-title withlink\"><!-- [et_pb_line_break_holder] --><\/p>\n<h3 class=\"p4h-fc-dark p4h-fs-24 p4h-text-uppercase pb-0\"><i class=\"icon_documents_alt\"><\/i> Revisiones anuales<\/h3>\n<p><!-- [et_pb_line_break_holder] --><a href=\"https:\/\/p4h.world\/es\/\" class=\"p4h-fc-red p4h-fs-16 p4h-button\"><span class=\"p4h-va-middle\">Todos<\/span> <span class=\"et-pb-icon p4h-fs-24 p4h-va-middle\">$<\/span><\/a><!-- [et_pb_line_break_holder] --><\/div>\n<p>[\/et_pb_code][et_pb_text _builder_version=&#8221;4.21.0&#8243; _module_preset=&#8221;default&#8221; global_colors_info=&#8221;{}&#8221;][\/et_pb_text][et_pb_button button_url=&#8221;https:\/\/p4h.world\/app\/uploads\/2024\/11\/2024-11-14_P4H_Annual-Review_Annex_July2023-June-2024.pdf&#8221; button_text=&#8221;Descargar el \u00faltimo anexo del Informe Anual&#8221; module_id=&#8221;download_latest_annual_review_annex&#8221; _builder_version=&#8221;4.21.0&#8243; _dynamic_attributes=&#8221;button_url&#8221; _module_preset=&#8221;default&#8221; custom_button=&#8221;on&#8221; button_text_size=&#8221;16px&#8221; button_text_color=&#8221;#FFFFFF&#8221; button_bg_color=&#8221;#EA3A32&#8243; button_border_width=&#8221;0px&#8221; button_border_radius=&#8221;3px&#8221; button_font=&#8221;Oswald|||on|||||&#8221; button_use_icon=&#8221;off&#8221; custom_margin=&#8221;||||false|false&#8221; custom_padding=&#8221;0.3em|0.7em|0.3em|0.7em|false|false&#8221; hover_enabled=&#8221;0&#8243; locked=&#8221;off&#8221; global_colors_info=&#8221;{}&#8221; button_bg_color__hover_enabled=&#8221;on|hover&#8221; button_bg_color__hover=&#8221;#2D424C&#8221; button_bg_enable_color__hover=&#8221;on&#8221; sticky_enabled=&#8221;0&#8243;][\/et_pb_button][et_pb_button button_url=&#8221;https:\/\/p4h.world\/app\/uploads\/2024\/11\/2024-12-2_P4H_Annual-Review_2023-2024_Page-Spreads.pdf&#8221; button_text=&#8221;Descargar el \u00faltimo informe anual&#8221; module_id=&#8221;download_latest_annual_review&#8221; _builder_version=&#8221;4.21.0&#8243; _dynamic_attributes=&#8221;button_url&#8221; _module_preset=&#8221;default&#8221; custom_button=&#8221;on&#8221; button_text_size=&#8221;16px&#8221; button_text_color=&#8221;#FFFFFF&#8221; button_bg_color=&#8221;#EA3A32&#8243; button_border_width=&#8221;0px&#8221; button_border_radius=&#8221;3px&#8221; button_font=&#8221;Oswald|||on|||||&#8221; button_use_icon=&#8221;off&#8221; custom_margin=&#8221;||||false|false&#8221; custom_padding=&#8221;0.3em|0.7em|0.3em|0.7em|false|false&#8221; locked=&#8221;off&#8221; global_colors_info=&#8221;{}&#8221; button_bg_color__hover_enabled=&#8221;on|hover&#8221; button_bg_color__hover=&#8221;#2D424C&#8221; button_bg_enable_color__hover=&#8221;on&#8221;][\/et_pb_button][\/et_pb_column][et_pb_column type=&#8221;1_2&#8243; _builder_version=&#8221;4.20.4&#8243; _module_preset=&#8221;default&#8221; custom_css_main_element=&#8221;width: 70% !important;&#8221; global_colors_info=&#8221;{}&#8221; custom_css_main_element_last_edited=&#8221;on|phone&#8221; custom_css_main_element_tablet=&#8221;width: 100% !important;&#8221; custom_css_main_element_phone=&#8221;width: 100% !important;&#8221;][et_pb_code _builder_version=&#8221;4.21.0&#8243; _module_preset=&#8221;default&#8221; custom_margin=&#8221;0px|0px|10px|0px|false|false&#8221; custom_padding=&#8221;0px|0px|0px|0px|false|false&#8221; locked=&#8221;off&#8221; global_colors_info=&#8221;{}&#8221;]<\/p>\n<div class=\"p4h-title withlink\"><!-- [et_pb_line_break_holder] --><\/p>\n<h3 class=\"p4h-fc-dark p4h-fs-24 p4h-text-uppercase pb-0\">Estudios de casos<\/h3>\n<p><!-- [et_pb_line_break_holder] --><a href=\"https:\/\/p4h.world\/es\/resources-tools\/case-studies\/\" class=\"p4h-fc-red p4h-fs-16 p4h-button\"><span class=\"p4h-va-middle\">Todos<\/span> <span class=\"et-pb-icon p4h-fs-24 p4h-va-middle\">$<\/span><\/a><!-- [et_pb_line_break_holder] --><\/div>\n<p>[\/et_pb_code][et_pb_code module_class=&#8221;p4h-content-grid&#8221; _builder_version=&#8221;4.20.2&#8243; _module_preset=&#8221;default&#8221; global_colors_info=&#8221;{}&#8221;]<div class=\"pt-cv-wrapper et_smooth_scroll_disabled\"><div class=\"pt-cv-view pt-cv-grid pt-cv-colsys\" id=\"pt-cv-view-3d7e7ed65k\"><div data-id=\"pt-cv-page-1\" class=\"pt-cv-page\" data-cvc=\"2\"><div class=\"col-md-6 col-sm-6 col-xs-12 pt-cv-content-item pt-cv-1-col\"  data-pid=\"987779795\"><div class='pt-cv-ifield'><a href=\"https:\/\/p4h.world\/es\/case_study\/la-presencia-plurianual-de-p4h-cfp-contribuye-al-progreso-de-camboya-hacia-la-csu\/\" class=\"_self pt-cv-href-thumbnail pt-cv-thumb-default cvplbd\" target=\"_self\" ><img width=\"1614\" height=\"1058\" src=\"https:\/\/p4h.world\/app\/uploads\/2025\/07\/p4h-cfp_uhc_cambodia_2025.png\" class=\"pt-cv-thumbnail img-none\" alt=\"La presencia plurianual de P4H-CFP contribuye al progreso de Camboya hacia la CSU\" decoding=\"async\" loading=\"lazy\" srcset=\"https:\/\/p4h.world\/app\/uploads\/2025\/07\/p4h-cfp_uhc_cambodia_2025.png 1614w, https:\/\/p4h.world\/app\/uploads\/2025\/07\/p4h-cfp_uhc_cambodia_2025-1280x839.png 1280w, https:\/\/p4h.world\/app\/uploads\/2025\/07\/p4h-cfp_uhc_cambodia_2025-980x642.png 980w, https:\/\/p4h.world\/app\/uploads\/2025\/07\/p4h-cfp_uhc_cambodia_2025-480x315.png 480w\" sizes=\"(min-width: 0px) and (max-width: 480px) 480px, (min-width: 481px) and (max-width: 980px) 980px, (min-width: 981px) and (max-width: 1280px) 1280px, (min-width: 1281px) 1614px, 100vw\" \/><\/a>\n<div class=\"pt-cv-meta-fields\"><span class=\"post-type\">ESTUDIO DE CASO<\/span> <span class=\"p4h-fc-dark\">|<\/span> <span class=\"entry-date\"> <time datetime=\"2025-08-01T19:51:49+01:00\">01 Ago 2025<\/time><\/span><\/div>\n<h4 class=\"pt-cv-title\"><a href=\"https:\/\/p4h.world\/es\/case_study\/la-presencia-plurianual-de-p4h-cfp-contribuye-al-progreso-de-camboya-hacia-la-csu\/\" class=\"_self cvplbd\" target=\"_self\" >La presencia plurianual de P4H-CFP contribuye al progreso de Camboya hacia la CSU<\/a><\/h4>\n<div class=\"pt-cv-ctf-list\" data-cvc=\"1\"><div class=\"col-md-12 pt-cv-ctf-column\"><div class=\"pt-cv-custom-fields pt-cv-ctf-countries\"><div class=\"pt-cv-ctf-value\">Camboya<\/div><\/div><\/div><\/div><\/div><\/div>\n<div class=\"col-md-6 col-sm-6 col-xs-12 pt-cv-content-item pt-cv-1-col\"  data-pid=\"987772231\"><div class='pt-cv-ifield'><a href=\"https:\/\/p4h.world\/es\/case_study\/el-plan-de-asistencia-medica-de-chad-un-hito-hacia-la-cobertura-sanitaria-universal\/\" class=\"_self pt-cv-href-thumbnail pt-cv-thumb-default cvplbd\" target=\"_self\" ><img width=\"852\" height=\"512\" src=\"https:\/\/p4h.world\/app\/uploads\/2025\/04\/p4h_medical-assistance-scheme_chad.png\" class=\"pt-cv-thumbnail img-none\" alt=\"El Plan de Asistencia M\u00e9dica de Chad: un hito hacia la cobertura sanitaria universal\" decoding=\"async\" loading=\"lazy\" srcset=\"https:\/\/p4h.world\/app\/uploads\/2025\/04\/p4h_medical-assistance-scheme_chad.png 852w, https:\/\/p4h.world\/app\/uploads\/2025\/04\/p4h_medical-assistance-scheme_chad-480x288.png 480w\" sizes=\"(min-width: 0px) and (max-width: 480px) 480px, (min-width: 481px) 852px, 100vw\" \/><\/a>\n<div class=\"pt-cv-meta-fields\"><span class=\"post-type\">ESTUDIO DE CASO<\/span> <span class=\"p4h-fc-dark\">|<\/span> <span class=\"entry-date\"> <time datetime=\"2025-05-27T14:44:40+01:00\">27 Mayo 2025<\/time><\/span><\/div>\n<h4 class=\"pt-cv-title\"><a href=\"https:\/\/p4h.world\/es\/case_study\/el-plan-de-asistencia-medica-de-chad-un-hito-hacia-la-cobertura-sanitaria-universal\/\" class=\"_self cvplbd\" target=\"_self\" >El Plan de Asistencia M\u00e9dica de Chad: un hito hacia la cobertura sanitaria universal<\/a><\/h4>\n<div class=\"pt-cv-ctf-list\" data-cvc=\"1\"><div class=\"col-md-12 pt-cv-ctf-column\"><div class=\"pt-cv-custom-fields pt-cv-ctf-countries\"><div class=\"pt-cv-ctf-value\">Chad<\/div><\/div><\/div><\/div><\/div><\/div><\/div><\/div><\/div>\t\t\t<style type=\"text\/css\" id=\"pt-cv-inline-style-01db3f97b6\">#pt-cv-view-3d7e7ed65k .pt-cv-title a, #pt-cv-view-3d7e7ed65k  .panel-title { font-family: 'Oswald', Arial, serif !important; }\n#pt-cv-view-3d7e7ed65k .pt-cv-specialp { background-color: #CC3333 !important }\n#pt-cv-view-3d7e7ed65k .pt-cv-specialp * { color: #fff !important; }\n#pt-cv-view-3d7e7ed65k .pt-cv-pficon  { color: #bbb !important; }\n#pt-cv-view-3d7e7ed65k .pt-cv-readmore  { color: #ffffff !important; }\n#pt-cv-view-3d7e7ed65k .pt-cv-readmore:hover  { color: #ffffff !important; }\n#pt-cv-view-3d7e7ed65k  + .pt-cv-pagination-wrapper .pt-cv-more , #pt-cv-view-3d7e7ed65k  + .pt-cv-pagination-wrapper .pagination .active a, .pt-cv-pagination[data-sid='3d7e7ed65k'] .active a { color: #ffffff !important; }<\/style>\r\n\t\t\t[\/et_pb_code][\/et_pb_column][\/et_pb_row][et_pb_row disabled_on=&#8221;off|off|off&#8221; admin_label=&#8221;Espaciador&#8221; _builder_version=&#8221;4.21.0&#8243; _module_preset=&#8221;default&#8221; display_conditions=&#8221;W10=&#8221; custom_padding=&#8221;0px|0px|10px|0px|false|false&#8221; global_module=&#8221;987504603&#8243; saved_tabs=&#8221;all&#8221; collapsed=&#8221;off&#8221; global_colors_info=&#8221;{}&#8221;][et_pb_column type=&#8221;4_4&#8243; _builder_version=&#8221;4.19.2&#8243; _module_preset=&#8221;default&#8221; global_colors_info=&#8221;{}&#8221;][\/et_pb_column][\/et_pb_row][\/et_pb_section][et_pb_section fb_built=&#8221;1&#8243; admin_label=&#8221;Framework and References BOX&#8221; _builder_version=&#8221;4.21.0&#8243; _module_preset=&#8221;default&#8221; background_color=&#8221;#4C7E96&#8243; background_enable_image=&#8221;off&#8221; parallax=&#8221;on&#8221; background_blend=&#8221;multiply&#8221; saved_tabs=&#8221;all&#8221; locked=&#8221;off&#8221; global_colors_info=&#8221;{}&#8221;][et_pb_row admin_label=&#8221;Espaciador&#8221; _builder_version=&#8221;4.19.2&#8243; _module_preset=&#8221;default&#8221; collapsed=&#8221;on&#8221; global_colors_info=&#8221;{}&#8221;][et_pb_column type=&#8221;4_4&#8243; _builder_version=&#8221;4.19.2&#8243; _module_preset=&#8221;default&#8221; global_colors_info=&#8221;{}&#8221;][et_pb_divider show_divider=&#8221;off&#8221; _builder_version=&#8221;4.19.2&#8243; _module_preset=&#8221;default&#8221; custom_margin=&#8221;30px||-1px||false|false&#8221; global_colors_info=&#8221;{}&#8221;][\/et_pb_divider][\/et_pb_column][\/et_pb_row][et_pb_row column_structure=&#8221;3_5,2_5&#8243; make_equal=&#8221;on&#8221; admin_label=&#8221;Marco y referencias&#8221; _builder_version=&#8221;4.21.0&#8243; _module_preset=&#8221;default&#8221; background_color=&#8221;#4C7E96&#8243; custom_padding=&#8221;0px|15px|0px|15px|false|true&#8221; custom_css_main_element=&#8221;align-items: center;&#8221; global_colors_info=&#8221;{}&#8221; custom_css_main_element_last_edited=&#8221;on|phone&#8221; custom_css_main_element_tablet=&#8221;align-items: center;||display: flex;&#8221; custom_css_main_element_phone=&#8221;align-items: center;||&#8221;][et_pb_column type=&#8221;3_5&#8243; admin_label=&#8221;Columna&#8221; _builder_version=&#8221;4.20.4&#8243; _module_preset=&#8221;default&#8221; custom_padding=&#8221;||||false|true&#8221; custom_css_main_element=&#8221;width: 80% !important;&#8221; global_colors_info=&#8221;{}&#8221; custom_css_main_element_last_edited=&#8221;on|tablet&#8221; custom_css_main_element_tablet=&#8221;width: 70% !important;&#8221; custom_css_main_element_phone=&#8221;width: 100% !important;&#8221;][et_pb_text _builder_version=&#8221;4.21.0&#8243; _module_preset=&#8221;default&#8221; text_text_color=&#8221;#FFFFFF&#8221; width=&#8221;100%&#8221; global_colors_info=&#8221;{}&#8221;]<\/p>\n<h3 class=\"p4h-fc-white p4h-fs-24 p4h-text-uppercase\">Marco y referencias<\/h3>\n<p>Los marcos ayudan a los pa\u00edses a reunir a los responsables pol\u00edticos y a configurar los sistemas de protecci\u00f3n sociosanitaria y de financiaci\u00f3n de la sanidad. Para desarrollar y aplicar los marcos es fundamental un entendimiento compartido de los t\u00e9rminos clave. El desarrollo y la aplicaci\u00f3n del marco tambi\u00e9n dependen de la colaboraci\u00f3n entre sectores y de que las partes interesadas tengan f\u00e1cil acceso a los recursos de conocimiento pertinentes y accesibles.<\/p>\n<p>[\/et_pb_text][\/et_pb_column][et_pb_column type=&#8221;2_5&#8243; admin_label=&#8221;Columna&#8221; _builder_version=&#8221;4.20.4&#8243; _module_preset=&#8221;default&#8221; custom_padding=&#8221;||||false|true&#8221; custom_css_main_element=&#8221;width: 20% !important;&#8221; global_colors_info=&#8221;{}&#8221; custom_css_main_element_last_edited=&#8221;on|phone&#8221; custom_css_main_element_tablet=&#8221;width: 30% !important;&#8221; custom_css_main_element_phone=&#8221;width: 100% !important;&#8221;][et_pb_button button_url=&#8221;@ET-DC@eyJkeW5hbWljIjp0cnVlLCJjb250ZW50IjoicG9zdF9saW5rX3VybF9wYWdlIiwic2V0dGluZ3MiOnsicG9zdF9pZCI6Ijk4NzQ5NjIzNSJ9fQ==@&#8221; button_text=&#8221;M\u00e1s informaci\u00f3n&#8221; button_alignment=&#8221;right&#8221; button_alignment_tablet=&#8221;right&#8221; button_alignment_phone=&#8221;center&#8221; button_alignment_last_edited=&#8221;on|phone&#8221; _builder_version=&#8221;4.21.0&#8243; _dynamic_attributes=&#8221;button_url&#8221; _module_preset=&#8221;default&#8221; custom_button=&#8221;on&#8221; button_text_size=&#8221;16px&#8221; button_text_color=&#8221;#FFFFFF&#8221; button_bg_color=&#8221;#EA3A32&#8243; button_border_width=&#8221;0px&#8221; button_border_radius=&#8221;3px&#8221; button_font=&#8221;Oswald|||on|||||&#8221; button_use_icon=&#8221;off&#8221; custom_margin=&#8221;||||false|false&#8221; custom_padding=&#8221;0.3em|0.7em|0.3em|0.7em|false|false&#8221; locked=&#8221;off&#8221; global_colors_info=&#8221;{}&#8221; button_bg_color__hover_enabled=&#8221;on|hover&#8221; button_bg_color__hover=&#8221;#2D424C&#8221; button_bg_enable_color__hover=&#8221;on&#8221;][\/et_pb_button][\/et_pb_column][\/et_pb_row][et_pb_row admin_label=&#8221;Espaciador&#8221; _builder_version=&#8221;4.19.2&#8243; _module_preset=&#8221;default&#8221; collapsed=&#8221;on&#8221; global_colors_info=&#8221;{}&#8221;][et_pb_column type=&#8221;4_4&#8243; _builder_version=&#8221;4.19.2&#8243; _module_preset=&#8221;default&#8221; global_colors_info=&#8221;{}&#8221;][et_pb_divider show_divider=&#8221;off&#8221; _builder_version=&#8221;4.19.2&#8243; _module_preset=&#8221;default&#8221; custom_margin=&#8221;30px||-1px||false|false&#8221; global_colors_info=&#8221;{}&#8221;][\/et_pb_divider][\/et_pb_column][\/et_pb_row][\/et_pb_section]<\/p>\n","protected":false},"excerpt":{"rendered":"<p>La Red P4H identifica temas de inter\u00e9s para las comunidades de protecci\u00f3n sociosanitaria (PSS) y financiaci\u00f3n sanitaria (FSS), centr\u00e1ndose en la informaci\u00f3n sobre los pa\u00edses. All\u00ed donde participamos activamente, elaboramos estudios de casos con el objetivo de captar los hitos y procesos que hacen avanzar la cobertura sanitaria universal (CSU). Tambi\u00e9n proporcionamos herramientas que permiten&#8230;<\/p>\n","protected":false},"author":1,"featured_media":0,"parent":0,"menu_order":0,"comment_status":"closed","ping_status":"closed","template":"","meta":{"_et_pb_use_builder":"on","_et_pb_old_content":"","_et_gb_content_width":""},"acf":[],"_links":{"self":[{"href":"https:\/\/p4h.world\/es\/wp-json\/wp\/v2\/pages\/987628164"}],"collection":[{"href":"https:\/\/p4h.world\/es\/wp-json\/wp\/v2\/pages"}],"about":[{"href":"https:\/\/p4h.world\/es\/wp-json\/wp\/v2\/types\/page"}],"author":[{"embeddable":true,"href":"https:\/\/p4h.world\/es\/wp-json\/wp\/v2\/users\/1"}],"replies":[{"embeddable":true,"href":"https:\/\/p4h.world\/es\/wp-json\/wp\/v2\/comments?post=987628164"}],"version-history":[{"count":13,"href":"https:\/\/p4h.world\/es\/wp-json\/wp\/v2\/pages\/987628164\/revisions"}],"predecessor-version":[{"id":987784109,"href":"https:\/\/p4h.world\/es\/wp-json\/wp\/v2\/pages\/987628164\/revisions\/987784109"}],"wp:attachment":[{"href":"https:\/\/p4h.world\/es\/wp-json\/wp\/v2\/media?parent=987628164"}],"curies":[{"name":"wp","href":"https:\/\/api.w.org\/{rel}","templated":true}]}}