{"id":987628264,"date":"2022-12-26T09:51:28","date_gmt":"2022-12-26T08:51:28","guid":{"rendered":"https:\/\/p4h.world\/dinamica-regional\/"},"modified":"2025-10-01T14:49:22","modified_gmt":"2025-10-01T13:49:22","slug":"dinamica-regional","status":"publish","type":"page","link":"https:\/\/p4h.world\/es\/que-hacemos\/dinamica-regional\/","title":{"rendered":"Din\u00e1mica regional"},"content":{"rendered":"<p>[et_pb_section fb_built=&#8221;1&#8243; fullwidth=&#8221;on&#8221; admin_label=&#8221;MAP&#8221; _builder_version=&#8221;4.19.5&#8243; _module_preset=&#8221;default&#8221; collapsed=&#8221;on&#8221; global_colors_info=&#8221;{}&#8221;][et_pb_fullwidth_code _builder_version=&#8221;4.21.0&#8243; _module_preset=&#8221;default&#8221; global_colors_info=&#8221;{}&#8221;]<\/p>\n<div class=\"p4h-map-wrapper\"><!-- [et_pb_line_break_holder] -->\t<\/p>\n<div class=\"p4h-map\"><div class=\"map_wrapper\" id=\"map_wrapper_987568068\">\n<div class=\"map_box\" style=\"max-width:2000px\">\n<div class=\"map_aspect_ratio\" style=\"padding-top:56%\" data-padding-top=\"56%\" data-padding-top-mobile=\"100%\">\n<div class=\"map_container\">\n<div class=\"map_render map_loading\" id=\"map_987568068\"><\/div>\n<\/div>\n<\/div>\n<\/div>\n<\/div><\/div>\n<p><!-- [et_pb_line_break_holder] -->  <\/p>\n<div class=\"p4h-map-legends\"><!-- [et_pb_line_break_holder] -->    <\/p>\n<ul><!-- [et_pb_line_break_holder] -->      <\/p>\n<li><span class=\"legends-color\" style=\"background: #962428\"><\/span>  Asia<\/li>\n<p><!-- [et_pb_line_break_holder] -->      <\/p>\n<li><span class=\"legends-color\" style=\"background: #2d424c\"><\/span>  \u00c1frica<\/li>\n<p><!-- [et_pb_line_break_holder] -->      <\/p>\n<li><span class=\"legends-color\" style=\"background: #4d7e96\"><\/span>  Europa del Este y Asia Central<\/li>\n<p><!-- [et_pb_line_break_holder] --> <\/p>\n<li><span class=\"legends-color\" style=\"background: #5eaabc\"><\/span>  Am\u00e9rica Latina y el Caribe<\/li>\n<p><!-- [et_pb_line_break_holder] -->    <\/ul>\n<p><!-- [et_pb_line_break_holder] -->  <\/div>\n<p><!-- [et_pb_line_break_holder] -->\t<\/div>\n<p><!-- [et_pb_line_break_holder] --><\/div>\n<p>[\/et_pb_fullwidth_code][\/et_pb_section][et_pb_section fb_built=&#8221;1&#8243; admin_label=&#8221;Section&#8221; _builder_version=&#8221;4.19.2&#8243; _module_preset=&#8221;default&#8221; collapsed=&#8221;off&#8221; global_colors_info=&#8221;{}&#8221;][et_pb_row disabled_on=&#8221;off|off|off&#8221; admin_label=&#8221;Espaciador&#8221; _builder_version=&#8221;4.21.0&#8243; _module_preset=&#8221;default&#8221; display_conditions=&#8221;W10=&#8221; custom_padding=&#8221;0px|0px|40px|0px|false|false&#8221; global_module=&#8221;987504603&#8243; saved_tabs=&#8221;all&#8221; collapsed=&#8221;on&#8221; global_colors_info=&#8221;{}&#8221;][et_pb_column type=&#8221;4_4&#8243; _builder_version=&#8221;4.19.2&#8243; _module_preset=&#8221;default&#8221; global_colors_info=&#8221;{}&#8221;][\/et_pb_column][\/et_pb_row][et_pb_row _builder_version=&#8221;4.20.4&#8243; _module_preset=&#8221;default&#8221; custom_padding=&#8221;0px|15px|0px|15px|false|true&#8221; collapsed=&#8221;off&#8221; global_colors_info=&#8221;{}&#8221;][et_pb_column type=&#8221;4_4&#8243; _builder_version=&#8221;4.20.2&#8243; _module_preset=&#8221;default&#8221; global_colors_info=&#8221;{}&#8221;][et_pb_text _builder_version=&#8221;4.21.0&#8243; _module_preset=&#8221;default&#8221; global_colors_info=&#8221;{}&#8221;]<\/p>\n<p>Como red mundial para la protecci\u00f3n social de la salud y la financiaci\u00f3n sanitaria, la Red P4H pone en primer plano el trabajo dirigido por los pa\u00edses. Al mismo tiempo, la colaboraci\u00f3n y el compromiso regionales amplifican los esfuerzos para avanzar en la cobertura sanitaria universal (CSU). <\/p>\n<p>[\/et_pb_text][et_pb_text _builder_version=&#8221;4.21.0&#8243; _module_preset=&#8221;default&#8221; global_colors_info=&#8221;{}&#8221;]<\/p>\n<p>Las instituciones regionales son plataformas importantes para amplificar y complementar el trabajo de los pa\u00edses compartiendo experiencias y conocimientos intrarregionales. En comparaci\u00f3n con las instituciones locales, las colaboraciones regionales tienen el valor a\u00f1adido de movilizar recursos y conocimientos m\u00e1s all\u00e1 de las fronteras nacionales, creando as\u00ed un impulso. <\/p>\n<p>[\/et_pb_text][et_pb_text _builder_version=&#8221;4.21.0&#8243; _module_preset=&#8221;default&#8221; global_colors_info=&#8221;{}&#8221;]La Red P4H se compromete en particular en cuatro regiones: <a href=\"https:\/\/p4h.world\/en\/region\/eeca\/\">Europa Oriental y Asia Central<\/a>, <a href=\"https:\/\/p4h.world\/en\/region\/asia\/\">Asia<\/a>, <a href=\"https:\/\/p4h.world\/en\/region\/latin-america-and-caribbean-region\/\">Am\u00e9rica Latina y el Caribe<\/a> y <a href=\"https:\/\/p4h.world\/en\/region\/africa\/\">\u00c1frica<\/a>. Los pa\u00edses de cada regi\u00f3n comparten caracter\u00edsticas, como la ubicaci\u00f3n geogr\u00e1fica o, como en el caso de los pa\u00edses que componen Europa Oriental y Asia Central, una experiencia hist\u00f3rica com\u00fan. Y pueden compartir preocupaciones en torno a un tema. Por ejemplo, en 2023, la Red P4H celebr\u00f3 una serie de <a href=\"https:\/\/www.youtube.com\/channel\/UCWqv600_Z91sc9Gj-kRXJZQ\">tres seminarios web<\/a> con expertos regionales que compartieron sus puntos de vista sobre aspectos clave de la protecci\u00f3n sociosanitaria (PSS) y la financiaci\u00f3n sanitaria (FSS) para los trabajadores migrantes y sus familias en Asia, \u00c1frica y Am\u00e9rica Latina y el Caribe. En todas estas regiones, los coordinadores nacionales de P4H y los coordinadores regionales tambi\u00e9n colaboran continuamente con las partes interesadas para hacer avanzar la misi\u00f3n de P4H. Adem\u00e1s, representantes de las cuatro regiones y de los bancos regionales de desarrollo participan activamente en el Grupo Directivo de P4H.[\/et_pb_text][ba_gradient_heading title=&#8221;Colaboraciones e intercambios regionales&#8221; html_tag=&#8221;h3&#8243; primary_color=&#8221;#455A64&#8243; secondary_color=&#8221;#455A64&#8243; admin_label=&#8221;HEADING (50-60 characters)&#8221; _builder_version=&#8221;4.21.0&#8243; _module_preset=&#8221;default&#8221; title_font=&#8221;||||||||&#8221; title_font_size=&#8221;32px&#8221; title_line_height=&#8221;1em&#8221; custom_margin=&#8221;20px||0px||false|false&#8221; custom_padding=&#8221;||0px||false|false&#8221; hover_enabled=&#8221;0&#8243; global_colors_info=&#8221;{}&#8221; sticky_enabled=&#8221;0&#8243;][\/ba_gradient_heading][et_pb_text _builder_version=&#8221;4.21.0&#8243; _module_preset=&#8221;default&#8221; global_colors_info=&#8221;{}&#8221;]<\/p>\n<p>Las colaboraciones e intercambios regionales forman parte integral de <a href=\"https:\/\/p4h.world\/en\/who-we-are\/mission\/\">la misi\u00f3n de la Red P4H<\/a>. A trav\u00e9s de las colaboraciones regionales, los pa\u00edses con retos similares pueden compartir experiencias y conocimientos y crear conexiones transregionales. Los beneficios son m\u00faltiples. Convocar a las partes interesadas regionales -individuos, grupos o gobiernos- presenta oportunidades inestimables para aprender de la variedad de experiencias de los pa\u00edses de una regi\u00f3n y entre regiones. Estas colaboraciones ayudan a construir una rica base de conocimientos sobre la PSH y la HF, que promueve el aprendizaje y la innovaci\u00f3n continuos.    <\/p>\n<p>[\/et_pb_text][\/et_pb_column][\/et_pb_row][et_pb_row disabled_on=&#8221;off|off|off&#8221; admin_label=&#8221;Espaciador&#8221; _builder_version=&#8221;4.21.0&#8243; _module_preset=&#8221;default&#8221; display_conditions=&#8221;W10=&#8221; custom_padding=&#8221;0px|0px|40px|0px|false|false&#8221; global_module=&#8221;987504603&#8243; saved_tabs=&#8221;all&#8221; collapsed=&#8221;on&#8221; global_colors_info=&#8221;{}&#8221;][et_pb_column type=&#8221;4_4&#8243; _builder_version=&#8221;4.19.2&#8243; _module_preset=&#8221;default&#8221; global_colors_info=&#8221;{}&#8221;][\/et_pb_column][\/et_pb_row][\/et_pb_section][et_pb_section fb_built=&#8221;1&#8243; _builder_version=&#8221;4.20.2&#8243; _module_preset=&#8221;default&#8221; background_color=&#8221;#e8e7e2&#8243; collapsed=&#8221;on&#8221; global_colors_info=&#8221;{}&#8221;][et_pb_row disabled_on=&#8221;off|off|off&#8221; admin_label=&#8221;Espaciador&#8221; _builder_version=&#8221;4.21.0&#8243; _module_preset=&#8221;default&#8221; display_conditions=&#8221;W10=&#8221; custom_padding=&#8221;0px|0px|40px|0px|false|false&#8221; global_module=&#8221;987504603&#8243; saved_tabs=&#8221;all&#8221; collapsed=&#8221;on&#8221; global_colors_info=&#8221;{}&#8221;][et_pb_column type=&#8221;4_4&#8243; _builder_version=&#8221;4.19.2&#8243; _module_preset=&#8221;default&#8221; global_colors_info=&#8221;{}&#8221;][\/et_pb_column][\/et_pb_row][et_pb_row admin_label=&#8221;Lista de regiones&#8221; _builder_version=&#8221;4.20.4&#8243; _module_preset=&#8221;default&#8221; custom_padding=&#8221;0px|15px|0px|15px|false|true&#8221; collapsed=&#8221;on&#8221; global_colors_info=&#8221;{}&#8221;][et_pb_column type=&#8221;4_4&#8243; _builder_version=&#8221;4.20.2&#8243; _module_preset=&#8221;default&#8221; global_colors_info=&#8221;{}&#8221;][et_pb_code module_class=&#8221;p4h-content-grid&#8221; _builder_version=&#8221;4.21.0&#8243; _module_preset=&#8221;default&#8221; global_colors_info=&#8221;{}&#8221;]<div class=\"list-view-card-wrapper\">\n            <div class=\"list-view-card\">\n            <div class=\"list-view-card-content\">\n                <div class=\"list-view-heading-wrapper\">\n                    <div class=\"list-view-title\">\n                        <i class=\"icon_globe-2 mr-5\"><\/i><span>\u00c1frica<\/span>\n                    <\/div>\n                    <div class=\"list-view-action\">\n                        <a href=\"https:\/\/p4h.world\/es\/region\/africa\/\" class=\"p4h-fc-red p4h-fs-16 p4h-button\">Ver <i class=\"arrow_right\"><\/i><\/a>\n                    <\/div>\n                <\/div>\n                <p class=\"list-view-content\">\n                    Forjar nuevas colaboraciones que hagan avanzar la cobertura sanitaria universal.                <\/p>\n            <\/div>\n        <\/div>\n            <div class=\"list-view-card\">\n            <div class=\"list-view-card-content\">\n                <div class=\"list-view-heading-wrapper\">\n                    <div class=\"list-view-title\">\n                        <i class=\"icon_globe-2 mr-5\"><\/i><span>Am\u00e9rica Latina y el Caribe<\/span>\n                    <\/div>\n                    <div class=\"list-view-action\">\n                        <a href=\"https:\/\/p4h.world\/es\/region\/america-latina-y-el-caribe\/\" class=\"p4h-fc-red p4h-fs-16 p4h-button\">Ver <i class=\"arrow_right\"><\/i><\/a>\n                    <\/div>\n                <\/div>\n                <p class=\"list-view-content\">\n                    Ampliar la comunidad con colaboraciones significativas que hagan avanzar la cobertura sanitaria universal.                <\/p>\n            <\/div>\n        <\/div>\n            <div class=\"list-view-card\">\n            <div class=\"list-view-card-content\">\n                <div class=\"list-view-heading-wrapper\">\n                    <div class=\"list-view-title\">\n                        <i class=\"icon_globe-2 mr-5\"><\/i><span>Asia<\/span>\n                    <\/div>\n                    <div class=\"list-view-action\">\n                        <a href=\"https:\/\/p4h.world\/es\/region\/asia\/\" class=\"p4h-fc-red p4h-fs-16 p4h-button\">Ver <i class=\"arrow_right\"><\/i><\/a>\n                    <\/div>\n                <\/div>\n                <p class=\"list-view-content\">\n                    Aprovechar la experiencia regional para promover reformas y avances que promuevan la cobertura sanitaria universal.                  <\/p>\n            <\/div>\n        <\/div>\n            <div class=\"list-view-card\">\n            <div class=\"list-view-card-content\">\n                <div class=\"list-view-heading-wrapper\">\n                    <div class=\"list-view-title\">\n                        <i class=\"icon_globe-2 mr-5\"><\/i><span>Europa del Este y Asia Central<\/span>\n                    <\/div>\n                    <div class=\"list-view-action\">\n                        <a href=\"https:\/\/p4h.world\/es\/region\/europa-del-este-y-asia-central\/\" class=\"p4h-fc-red p4h-fs-16 p4h-button\">Ver <i class=\"arrow_right\"><\/i><\/a>\n                    <\/div>\n                <\/div>\n                <p class=\"list-view-content\">\n                    Representa un escaparate \u00fanico de reformas y planteamientos pol\u00edticos que promueven la cobertura sanitaria universal.                <\/p>\n            <\/div>\n        <\/div>\n    <\/div>[\/et_pb_code][\/et_pb_column][\/et_pb_row][et_pb_row disabled_on=&#8221;off|off|off&#8221; admin_label=&#8221;Espaciador&#8221; _builder_version=&#8221;4.21.0&#8243; _module_preset=&#8221;default&#8221; display_conditions=&#8221;W10=&#8221; custom_padding=&#8221;0px|0px|40px|0px|false|false&#8221; global_module=&#8221;987504603&#8243; saved_tabs=&#8221;all&#8221; collapsed=&#8221;on&#8221; global_colors_info=&#8221;{}&#8221;][et_pb_column type=&#8221;4_4&#8243; _builder_version=&#8221;4.19.2&#8243; _module_preset=&#8221;default&#8221; global_colors_info=&#8221;{}&#8221;][\/et_pb_column][\/et_pb_row][\/et_pb_section]<\/p>\n","protected":false},"excerpt":{"rendered":"<p>[et_pb_section fb_built=&#8221;1&#8243; fullwidth=&#8221;on&#8221; admin_label=&#8221;MAP&#8221; _builder_version=&#8221;4.19.5&#8243; _module_preset=&#8221;default&#8221; collapsed=&#8221;on&#8221; global_colors_info=&#8221;{}&#8221;][et_pb_fullwidth_code _builder_version=&#8221;4.21.0&#8243; _module_preset=&#8221;default&#8221; global_colors_info=&#8221;{}&#8221;] Asia \u00c1frica Europa del Este y Asia Central Am\u00e9rica Latina y el Caribe [\/et_pb_fullwidth_code][\/et_pb_section][et_pb_section fb_built=&#8221;1&#8243; admin_label=&#8221;Section&#8221; _builder_version=&#8221;4.19.2&#8243; _module_preset=&#8221;default&#8221; collapsed=&#8221;off&#8221; global_colors_info=&#8221;{}&#8221;][et_pb_row disabled_on=&#8221;off|off|off&#8221; admin_label=&#8221;Espaciador&#8221; _builder_version=&#8221;4.21.0&#8243; _module_preset=&#8221;default&#8221; display_conditions=&#8221;W10=&#8221; custom_padding=&#8221;0px|0px|40px|0px|false|false&#8221; global_module=&#8221;987504603&#8243; saved_tabs=&#8221;all&#8221; collapsed=&#8221;on&#8221; global_colors_info=&#8221;{}&#8221;][et_pb_column type=&#8221;4_4&#8243; _builder_version=&#8221;4.19.2&#8243; _module_preset=&#8221;default&#8221; global_colors_info=&#8221;{}&#8221;][\/et_pb_column][\/et_pb_row][et_pb_row _builder_version=&#8221;4.20.4&#8243; _module_preset=&#8221;default&#8221; custom_padding=&#8221;0px|15px|0px|15px|false|true&#8221; collapsed=&#8221;off&#8221; global_colors_info=&#8221;{}&#8221;][et_pb_column type=&#8221;4_4&#8243; _builder_version=&#8221;4.20.2&#8243; _module_preset=&#8221;default&#8221; global_colors_info=&#8221;{}&#8221;][et_pb_text _builder_version=&#8221;4.21.0&#8243;&#8230;<\/p>\n","protected":false},"author":1,"featured_media":0,"parent":987628287,"menu_order":0,"comment_status":"closed","ping_status":"closed","template":"","meta":{"_et_pb_use_builder":"on","_et_pb_old_content":"","_et_gb_content_width":""},"acf":[],"_links":{"self":[{"href":"https:\/\/p4h.world\/es\/wp-json\/wp\/v2\/pages\/987628264"}],"collection":[{"href":"https:\/\/p4h.world\/es\/wp-json\/wp\/v2\/pages"}],"about":[{"href":"https:\/\/p4h.world\/es\/wp-json\/wp\/v2\/types\/page"}],"author":[{"embeddable":true,"href":"https:\/\/p4h.world\/es\/wp-json\/wp\/v2\/users\/1"}],"replies":[{"embeddable":true,"href":"https:\/\/p4h.world\/es\/wp-json\/wp\/v2\/comments?post=987628264"}],"version-history":[{"count":17,"href":"https:\/\/p4h.world\/es\/wp-json\/wp\/v2\/pages\/987628264\/revisions"}],"predecessor-version":[{"id":987786735,"href":"https:\/\/p4h.world\/es\/wp-json\/wp\/v2\/pages\/987628264\/revisions\/987786735"}],"up":[{"embeddable":true,"href":"https:\/\/p4h.world\/es\/wp-json\/wp\/v2\/pages\/987628287"}],"wp:attachment":[{"href":"https:\/\/p4h.world\/es\/wp-json\/wp\/v2\/media?parent=987628264"}],"curies":[{"name":"wp","href":"https:\/\/api.w.org\/{rel}","templated":true}]}}