{"id":987628287,"date":"2022-12-26T09:50:31","date_gmt":"2022-12-26T08:50:31","guid":{"rendered":"https:\/\/p4h.world\/que-hacemos\/"},"modified":"2025-11-25T09:13:04","modified_gmt":"2025-11-25T08:13:04","slug":"que-hacemos","status":"publish","type":"page","link":"https:\/\/p4h.world\/es\/que-hacemos\/","title":{"rendered":"Qu\u00e9 hacemos"},"content":{"rendered":"<p>[et_pb_section fb_built=&#8221;1&#8243; admin_label=&#8221;Overview&#8221; _builder_version=&#8221;4.19.2&#8243; _module_preset=&#8221;default&#8221; collapsed=&#8221;off&#8221; global_colors_info=&#8221;{}&#8221;][et_pb_row disabled_on=&#8221;off|off|off&#8221; admin_label=&#8221;Espaciador&#8221; _builder_version=&#8221;4.21.0&#8243; _module_preset=&#8221;default&#8221; display_conditions=&#8221;W10=&#8221; custom_padding=&#8221;0px|0px|29px|0px|false|false&#8221; global_module=&#8221;987504603&#8243; saved_tabs=&#8221;all&#8221; collapsed=&#8221;on&#8221; global_colors_info=&#8221;{}&#8221;][et_pb_column type=&#8221;4_4&#8243; _builder_version=&#8221;4.19.2&#8243; _module_preset=&#8221;default&#8221; global_colors_info=&#8221;{}&#8221;][\/et_pb_column][\/et_pb_row][et_pb_row make_equal=&#8221;on&#8221; admin_label=&#8221;Visi\u00f3n general&#8221; _builder_version=&#8221;4.20.4&#8243; _module_preset=&#8221;default&#8221; custom_padding=&#8221;0px|15px|0px|15px|false|true&#8221; custom_css_main_element=&#8221;align-items: center;&#8221; collapsed=&#8221;off&#8221; global_colors_info=&#8221;{}&#8221;][et_pb_column type=&#8221;4_4&#8243; admin_label=&#8221;Columna&#8221; _builder_version=&#8221;4.20.2&#8243; _module_preset=&#8221;default&#8221; custom_padding=&#8221;||||false|true&#8221; global_colors_info=&#8221;{}&#8221;][et_pb_text _builder_version=&#8221;4.21.0&#8243; _module_preset=&#8221;default&#8221; hover_enabled=&#8221;0&#8243; global_colors_info=&#8221;{}&#8221; sticky_enabled=&#8221;0&#8243;]<\/p>\n<p>La Red P4H trabaja para impulsar los compromisos multisectoriales de alto nivel con la cobertura sanitaria universal (CSU), las redes de protecci\u00f3n social de la salud (PSS) y de financiaci\u00f3n sanitaria (FSS), los marcos de colaboraci\u00f3n, las asociaciones con otras redes de sistemas sanitarios y las innovaciones en PSS y FSS. <a href=\"https:\/\/p4h.world\/es\/quienes-somos\/personas-de-contacto-en-los-paises\/\">Los coordinadores nacionales de P4H<\/a> y el <a href=\"https:\/\/p4h.world\/es\/que-hacemos\/innovacion\/liderazgo-para-la-csu\/\">programa Liderazgo para la CUS <\/a>proporcionan un apoyo clave a las partes interesadas.<\/p>\n<p>[\/et_pb_text][et_pb_text _builder_version=&#8221;4.21.0&#8243; _module_preset=&#8221;default&#8221; hover_enabled=&#8221;0&#8243; global_colors_info=&#8221;{}&#8221; sticky_enabled=&#8221;0&#8243;]<\/p>\n<p>A nivel regional, la Red P4H conecta a las personas para facilitar las colaboraciones. P4H fomenta el intercambio de conocimientos, especialmente a trav\u00e9s de su sitio web. Asimismo, la Red P4H explora d\u00f3nde puede innovar, como en el \u00e1mbito de los recursos materiales y energ\u00e9ticos no renovables para unos sistemas sanitarios resilientes.<\/p>\n<p>[\/et_pb_text][\/et_pb_column][\/et_pb_row][et_pb_row disabled_on=&#8221;off|off|off&#8221; admin_label=&#8221;Espaciador&#8221; _builder_version=&#8221;4.21.0&#8243; _module_preset=&#8221;default&#8221; display_conditions=&#8221;W10=&#8221; custom_padding=&#8221;0px|0px|29px|0px|false|false&#8221; global_module=&#8221;987504603&#8243; saved_tabs=&#8221;all&#8221; collapsed=&#8221;on&#8221; global_colors_info=&#8221;{}&#8221;][et_pb_column type=&#8221;4_4&#8243; _builder_version=&#8221;4.19.2&#8243; _module_preset=&#8221;default&#8221; global_colors_info=&#8221;{}&#8221;][\/et_pb_column][\/et_pb_row][\/et_pb_section][et_pb_section fb_built=&#8221;1&#8243; admin_label=&#8221;Country and Regional dynamics&#8221; _builder_version=&#8221;4.19.2&#8243; _module_preset=&#8221;default&#8221; locked=&#8221;off&#8221; collapsed=&#8221;off&#8221; global_colors_info=&#8221;{}&#8221;][et_pb_row column_structure=&#8221;1_2,1_2&#8243; use_custom_gutter=&#8221;on&#8221; gutter_width=&#8221;1&#8243; make_equal=&#8221;on&#8221; _builder_version=&#8221;4.21.0&#8243; _module_preset=&#8221;default&#8221; background_enable_color=&#8221;off&#8221; max_width=&#8221;100%&#8221; collapsed=&#8221;off&#8221; global_colors_info=&#8221;{}&#8221; background_enable_color__hover=&#8221;off&#8221; background__hover_enabled=&#8221;on|desktop&#8221;][et_pb_column type=&#8221;1_2&#8243; _builder_version=&#8221;4.20.4&#8243; _module_preset=&#8221;default&#8221; background_enable_color=&#8221;off&#8221; background_enable_image=&#8221;off&#8221; background_blend=&#8221;multiply&#8221; custom_padding=&#8221;0px|0px|0px|0px|true|true&#8221; custom_css_main_element=&#8221;display: flex;||flex-direction: column;||justify-content: space-between;&#8221; global_colors_info=&#8221;{}&#8221; background_enable_color__hover=&#8221;off&#8221; background__hover_enabled=&#8221;on|desktop&#8221;][et_pb_text admin_label=&#8221;COUNTRY DYN&#8221; _builder_version=&#8221;4.21.0&#8243; _dynamic_attributes=&#8221;link_option_url&#8221; _module_preset=&#8221;default&#8221; text_text_color=&#8221;#FFFFFF&#8221; link_text_align=&#8221;center&#8221; ul_text_align=&#8221;center&#8221; ol_text_align=&#8221;center&#8221; quote_text_align=&#8221;center&#8221; header_text_align=&#8221;center&#8221; header_2_text_align=&#8221;center&#8221; header_3_text_align=&#8221;center&#8221; header_4_text_align=&#8221;center&#8221; header_5_text_align=&#8221;center&#8221; header_6_text_align=&#8221;center&#8221; background_color=&#8221;#891a21&#8243; text_orientation=&#8221;center&#8221; height=&#8221;100%&#8221; custom_padding=&#8221;40px|40px|40px|40px|false|false&#8221; link_option_url=&#8221;@ET-DC@eyJkeW5hbWljIjp0cnVlLCJjb250ZW50IjoicG9zdF9saW5rX3VybF9wYWdlIiwic2V0dGluZ3MiOnsicG9zdF9pZCI6Ijk4NzQ5NTAzNSJ9fQ==@&#8221; hover_enabled=&#8221;0&#8243; locked=&#8221;off&#8221; global_colors_info=&#8221;{}&#8221; text_text_color__hover=&#8221;#2D424C&#8221; text_text_color__hover_enabled=&#8221;on|desktop&#8221; background_color__hover=&#8221;#E8E7E2&#8243; background__hover_enabled=&#8221;on|hover&#8221; background_enable_color__hover=&#8221;on&#8221; sticky_enabled=&#8221;0&#8243;]<\/p>\n<h3 class=\"p4h-text-uppercase\">Din\u00e1mica de los pa\u00edses<\/h3>\n<p>La Red P4H apoya las colaboraciones a escala nacional que contribuyen a avanzar en la protecci\u00f3n social de la salud y en las reformas de la financiaci\u00f3n sanitaria que promueven la cobertura sanitaria universal. P4H conecta a las partes interesadas a trav\u00e9s de los coordinadores nacionales de P4H, que trabajan en 67 pa\u00edses.<\/p>\n<p>[\/et_pb_text][\/et_pb_column][et_pb_column type=&#8221;1_2&#8243; _builder_version=&#8221;4.20.4&#8243; _module_preset=&#8221;default&#8221; background_enable_color=&#8221;off&#8221; background_enable_image=&#8221;off&#8221; background_blend=&#8221;multiply&#8221; custom_padding=&#8221;0px|0px|0px|0px|true|true&#8221; custom_css_main_element=&#8221;display: flex;||flex-direction: column;||justify-content: space-between;&#8221; global_colors_info=&#8221;{}&#8221; background_enable_color__hover=&#8221;off&#8221; background__hover_enabled=&#8221;on|desktop&#8221;][et_pb_text admin_label=&#8221;REGIONAL DYN&#8221; _builder_version=&#8221;4.21.0&#8243; _dynamic_attributes=&#8221;link_option_url&#8221; _module_preset=&#8221;default&#8221; text_text_color=&#8221;#FFFFFF&#8221; link_text_align=&#8221;center&#8221; ul_text_align=&#8221;center&#8221; ol_text_align=&#8221;center&#8221; quote_text_align=&#8221;center&#8221; header_text_align=&#8221;center&#8221; header_2_text_align=&#8221;center&#8221; header_3_text_align=&#8221;center&#8221; header_4_text_align=&#8221;center&#8221; header_5_text_align=&#8221;center&#8221; header_6_text_align=&#8221;center&#8221; background_color=&#8221;#4d7d94&#8243; text_orientation=&#8221;center&#8221; height=&#8221;100%&#8221; custom_padding=&#8221;40px|40px|40px|40px|false|false&#8221; link_option_url=&#8221;@ET-DC@eyJkeW5hbWljIjp0cnVlLCJjb250ZW50IjoicG9zdF9saW5rX3VybF9wYWdlIiwic2V0dGluZ3MiOnsicG9zdF9pZCI6Ijk4NzQ5NTAzNyJ9fQ==@&#8221; hover_enabled=&#8221;0&#8243; locked=&#8221;off&#8221; global_colors_info=&#8221;{}&#8221; text_text_color__hover=&#8221;#2D424C&#8221; text_text_color__hover_enabled=&#8221;on|hover&#8221; background_color__hover=&#8221;#E8E7E2&#8243; background__hover_enabled=&#8221;on|hover&#8221; background_enable_color__hover=&#8221;on&#8221; sticky_enabled=&#8221;0&#8243;]<\/p>\n<h3 class=\"p4h-text-uppercase\">Din\u00e1mica regional<\/h3>\n<p>La Red P4H apoya las colaboraciones regionales e intrarregionales y el intercambio de conocimientos. Entre las principales partes interesadas figuran organizaciones, pa\u00edses y particulares de diversas regiones, as\u00ed como instituciones acad\u00e9micas, coordinadores nacionales de P4H y coordinadores regionales de P4H. Las colaboraciones y actividades con grupos regionales tambi\u00e9n crean oportunidades de relaciones interregionales.<\/p>\n<p>[\/et_pb_text][\/et_pb_column][\/et_pb_row][\/et_pb_section][et_pb_section fb_built=&#8221;1&#8243; disabled_on=&#8221;on|on|on&#8221; admin_label=&#8221;Highlights&#8221; _builder_version=&#8221;4.21.0&#8243; _module_preset=&#8221;default&#8221; background_enable_color=&#8221;off&#8221; disabled=&#8221;on&#8221; locked=&#8221;off&#8221; collapsed=&#8221;on&#8221; global_colors_info=&#8221;{}&#8221;][et_pb_row disabled_on=&#8221;off|off|off&#8221; admin_label=&#8221;Espaciador&#8221; _builder_version=&#8221;4.21.0&#8243; _module_preset=&#8221;default&#8221; display_conditions=&#8221;W10=&#8221; custom_padding=&#8221;0px|0px|29px|0px|false|false&#8221; global_module=&#8221;987504603&#8243; saved_tabs=&#8221;all&#8221; collapsed=&#8221;on&#8221; global_colors_info=&#8221;{}&#8221;][et_pb_column type=&#8221;4_4&#8243; _builder_version=&#8221;4.19.2&#8243; _module_preset=&#8221;default&#8221; global_colors_info=&#8221;{}&#8221;][\/et_pb_column][\/et_pb_row][et_pb_row admin_label=&#8221;Destacados&#8221; _builder_version=&#8221;4.20.4&#8243; _module_preset=&#8221;default&#8221; custom_padding=&#8221;0px|15px|0px|15px|false|true&#8221; collapsed=&#8221;on&#8221; global_colors_info=&#8221;{}&#8221;][et_pb_column type=&#8221;4_4&#8243; _builder_version=&#8221;4.20.2&#8243; _module_preset=&#8221;default&#8221; custom_padding=&#8221;||||false|false&#8221; global_colors_info=&#8221;{}&#8221;][et_pb_code _builder_version=&#8221;4.20.4&#8243; _module_preset=&#8221;default&#8221; custom_margin=&#8221;0px|0px|0px|0px|false|false&#8221; custom_padding=&#8221;0px|0px|0px|0px|false|false&#8221; global_colors_info=&#8221;{}&#8221;]<\/p>\n<div class=\"p4h-title withlink\"><!-- [et_pb_line_break_holder] --><\/p>\n<h3 class=\"p4h-fc-dark p4h-fs-24 p4h-text-uppercase pb-0\">Destacados<\/h3>\n<p><!-- [et_pb_line_break_holder] --><\/div>\n<p>[\/et_pb_code][et_pb_code module_class=&#8221;p4h-content-grid&#8221; _builder_version=&#8221;4.20.2&#8243; _module_preset=&#8221;default&#8221; global_colors_info=&#8221;{}&#8221;]<div class=\"pt-cv-wrapper et_smooth_scroll_disabled\"><div class=\"pt-cv-view pt-cv-grid pt-cv-colsys\" id=\"pt-cv-view-3a69631f1x\"><div data-id=\"pt-cv-page-1\" class=\"pt-cv-page\" data-cvc=\"3\"><div class=\"col-md-4 col-sm-6 col-xs-12 pt-cv-content-item pt-cv-1-col\"  data-pid=\"987794080\"><div class='pt-cv-ifield'><div class=\"pt-cv-meta-fields\"><span class=\"post-type\">DOCUMENTO<\/span> <span class=\"p4h-fc-dark\">|<\/span> <span class=\"entry-date\"> <time datetime=\"2025-12-15T06:32:57+01:00\">15 Dic 2025<\/time><\/span><\/div>\n<h4 class=\"pt-cv-title\"><a href=\"https:\/\/p4h.world\/es\/documents\/matriz-de-progreso-de-la-financiacion-sanitaria-maldivas-2025\/\" class=\"_self cvplbd\" target=\"_self\" >Matriz de progreso de la financiaci\u00f3n sanitaria &#8211; Maldivas 2025<\/a><\/h4>\n<div class=\"pt-cv-ctf-list\" data-cvc=\"1\"><div class=\"col-md-12 pt-cv-ctf-column\"><div class=\"pt-cv-custom-fields pt-cv-ctf-countries\"><div class=\"pt-cv-ctf-value\">Maldivas<\/div><\/div><\/div><\/div><\/div><\/div>\n<div class=\"col-md-4 col-sm-6 col-xs-12 pt-cv-content-item pt-cv-1-col\"  data-pid=\"987794050\"><div class='pt-cv-ifield'><div class=\"pt-cv-meta-fields\"><span class=\"post-type\">DOCUMENTO<\/span> <span class=\"p4h-fc-dark\">|<\/span> <span class=\"entry-date\"> <time datetime=\"2025-12-11T13:42:51+01:00\">11 Dic 2025<\/time><\/span><\/div>\n<h4 class=\"pt-cv-title\"><a href=\"https:\/\/p4h.world\/es\/documents\/decreto-no-2025-672-de-29-de-octubre-de-2025-relativo-a-la-aplicacion-del-seguro-de-enfermedad-obligatorio-en-la-republica-de-benin\/\" class=\"_self cvplbd\" target=\"_self\" >Decreto n\u00ba 2025 &#8211; 672, de 29 de octubre de 2025, relativo a la aplicaci\u00f3n del seguro de enfermedad obligatorio en la Rep\u00fablica de Ben\u00edn.<\/a><\/h4>\n<div class=\"pt-cv-ctf-list\" data-cvc=\"1\"><div class=\"col-md-12 pt-cv-ctf-column\"><div class=\"pt-cv-custom-fields pt-cv-ctf-countries\"><div class=\"pt-cv-ctf-value\">Ben\u00edn<\/div><\/div><\/div><\/div><\/div><\/div>\n<div class=\"col-md-4 col-sm-6 col-xs-12 pt-cv-content-item pt-cv-1-col\"  data-pid=\"987792722\"><div class='pt-cv-ifield'><div class=\"pt-cv-meta-fields\"><span class=\"post-type\">DOCUMENTO<\/span> <span class=\"p4h-fc-dark\">|<\/span> <span class=\"entry-date\"> <time datetime=\"2025-12-08T14:10:51+01:00\">08 Dic 2025<\/time><\/span><\/div>\n<h4 class=\"pt-cv-title\"><a href=\"https:\/\/p4h.world\/es\/documents\/informe-de-pais-del-fmi-no-25-261-temas-seleccionados-de-guatemala\/\" class=\"_self cvplbd\" target=\"_self\" >Informe de pa\u00eds del FMI n\u00ba 25\/261- Temas seleccionados de Guatemala<\/a><\/h4>\n<div class=\"pt-cv-ctf-list\" data-cvc=\"1\"><div class=\"col-md-12 pt-cv-ctf-column\"><div class=\"pt-cv-custom-fields pt-cv-ctf-countries\"><div class=\"pt-cv-ctf-value\">Guatemala<\/div><\/div><\/div><\/div><\/div><\/div><\/div><\/div><\/div>\t\t\t<style type=\"text\/css\" id=\"pt-cv-inline-style-dc4be19ai9\">#pt-cv-view-3a69631f1x .pt-cv-specialp { background-color: #CC3333 !important }\n#pt-cv-view-3a69631f1x .pt-cv-specialp * { color: #fff !important; }\n#pt-cv-view-3a69631f1x .pt-cv-pficon  { color: #bbb !important; }\n#pt-cv-view-3a69631f1x .pt-cv-readmore  { color: #ffffff !important; }\n#pt-cv-view-3a69631f1x .pt-cv-readmore:hover  { color: #ffffff !important; }\n#pt-cv-view-3a69631f1x  + .pt-cv-pagination-wrapper .pt-cv-more , #pt-cv-view-3a69631f1x  + .pt-cv-pagination-wrapper .pagination .active a, .pt-cv-pagination[data-sid='3a69631f1x'] .active a { color: #ffffff !important; background-color: #00aeef !important; }<\/style>\r\n\t\t\t[\/et_pb_code][\/et_pb_column][\/et_pb_row][et_pb_row disabled_on=&#8221;off|off|off&#8221; admin_label=&#8221;Espaciador&#8221; _builder_version=&#8221;4.21.0&#8243; _module_preset=&#8221;default&#8221; display_conditions=&#8221;W10=&#8221; custom_padding=&#8221;0px|0px|29px|0px|false|false&#8221; global_module=&#8221;987504603&#8243; saved_tabs=&#8221;all&#8221; collapsed=&#8221;on&#8221; global_colors_info=&#8221;{}&#8221;][et_pb_column type=&#8221;4_4&#8243; _builder_version=&#8221;4.19.2&#8243; _module_preset=&#8221;default&#8221; global_colors_info=&#8221;{}&#8221;][\/et_pb_column][\/et_pb_row][\/et_pb_section][et_pb_section fb_built=&#8221;1&#8243; admin_label=&#8221;Who we are box&#8221; _builder_version=&#8221;4.21.0&#8243; _module_preset=&#8221;default&#8221; background_color=&#8221;#2D424C&#8221; collapsed=&#8221;off&#8221; global_colors_info=&#8221;{}&#8221;][et_pb_row column_structure=&#8221;1_2,1_2&#8243; use_custom_gutter=&#8221;on&#8221; gutter_width=&#8221;1&#8243; make_equal=&#8221;on&#8221; _builder_version=&#8221;4.21.0&#8243; _module_preset=&#8221;default&#8221; custom_css_main_element=&#8221;margin: auto 0;&#8221; locked=&#8221;off&#8221; global_colors_info=&#8221;{}&#8221;][et_pb_column type=&#8221;1_2&#8243; _builder_version=&#8221;4.21.0&#8243; _module_preset=&#8221;default&#8221; background_color=&#8221;RGBA(255,255,255,0)&#8221; background_enable_image=&#8221;off&#8221; background_blend=&#8221;multiply&#8221; custom_padding=&#8221;40px|40px|40px|40px|true|true&#8221; custom_padding_tablet=&#8221;40px|40px|40px|40px|true|true&#8221; custom_padding_phone=&#8221;20px|20px|20px|20px|true|true&#8221; custom_padding_last_edited=&#8221;on|phone&#8221; custom_css_main_element=&#8221;width: 70% !important;&#8221; global_colors_info=&#8221;{}&#8221; custom_css_main_element_last_edited=&#8221;on|phone&#8221; custom_css_main_element_tablet=&#8221;width: 70% !important;&#8221; custom_css_main_element_phone=&#8221;width: 100% !important;&#8221;][et_pb_text admin_label=&#8221;who we are&#8221; _builder_version=&#8221;4.21.0&#8243; _module_preset=&#8221;default&#8221; text_text_color=&#8221;#FFFFFF&#8221; header_2_text_align=&#8221;center&#8221; width=&#8221;100%&#8221; locked=&#8221;off&#8221; global_colors_info=&#8221;{}&#8221;]<\/p>\n<h3 class=\"p4h-fc-white p4h-fs-24 p4h-text-uppercase\">Qui\u00e9nes somos<\/h3>\n<p>La Red P4H es una iniciativa pionera. Se puso en marcha durante la cumbre del G8 celebrada en junio de 2007 en Heiligendamm (Alemania). Nuestra misi\u00f3n es promover, desarrollar y reforzar el intercambio y la colaboraci\u00f3n para la protecci\u00f3n social de la salud y la financiaci\u00f3n sanitaria, con el fin de avanzar en la cobertura sanitaria universal.<\/p>\n<p>[\/et_pb_text][\/et_pb_column][et_pb_column type=&#8221;1_2&#8243; _builder_version=&#8221;4.21.0&#8243; _module_preset=&#8221;default&#8221; background_color=&#8221;RGBA(255,255,255,0)&#8221; background_enable_image=&#8221;off&#8221; background_blend=&#8221;multiply&#8221; custom_padding=&#8221;40px|40px|40px|40px|true|true&#8221; custom_padding_tablet=&#8221;40px|40px|40px|40px|true|true&#8221; custom_padding_phone=&#8221;20px|20px|20px|20px|true|true&#8221; custom_padding_last_edited=&#8221;on|phone&#8221; custom_css_main_element=&#8221;width: 30% !important;||margin: auto 0;&#8221; global_colors_info=&#8221;{}&#8221; custom_css_main_element_last_edited=&#8221;on|phone&#8221; custom_css_main_element_tablet=&#8221;width: 30% !important;||margin: auto 0;&#8221; custom_css_main_element_phone=&#8221;width: 100% !important;||margin: 0 auto;&#8221;][et_pb_button button_url=&#8221;@ET-DC@eyJkeW5hbWljIjp0cnVlLCJjb250ZW50IjoicG9zdF9saW5rX3VybF9wYWdlIiwic2V0dGluZ3MiOnsicG9zdF9pZCI6Ijk4NzQ5NjI3MCJ9fQ==@&#8221; button_text=&#8221;M\u00e1s informaci\u00f3n sobre P4H&#8221; button_alignment=&#8221;center&#8221; _builder_version=&#8221;4.21.0&#8243; _dynamic_attributes=&#8221;button_url&#8221; _module_preset=&#8221;default&#8221; custom_button=&#8221;on&#8221; button_text_size=&#8221;16px&#8221; button_text_color=&#8221;#FFFFFF&#8221; button_bg_color=&#8221;#EA3A32&#8243; button_border_width=&#8221;0px&#8221; button_border_radius=&#8221;3px&#8221; button_font=&#8221;Oswald|||on|||||&#8221; button_use_icon=&#8221;off&#8221; custom_margin=&#8221;10px||||false|false&#8221; custom_padding=&#8221;0.3em|0.7em|0.3em|0.7em|false|false&#8221; locked=&#8221;off&#8221; global_colors_info=&#8221;{}&#8221; button_bg_color__hover_enabled=&#8221;on|hover&#8221; button_bg_color__hover=&#8221;#2D424C&#8221; button_bg_enable_color__hover=&#8221;on&#8221;][\/et_pb_button][\/et_pb_column][\/et_pb_row][\/et_pb_section][et_pb_section fb_built=&#8221;1&#8243; _builder_version=&#8221;4.21.0&#8243; _module_preset=&#8221;default&#8221; background_enable_image=&#8221;off&#8221; background_position=&#8221;bottom_center&#8221; background_blend=&#8221;multiply&#8221; global_colors_info=&#8221;{}&#8221;][et_pb_row use_custom_gutter=&#8221;on&#8221; gutter_width=&#8221;1&#8243; make_equal=&#8221;on&#8221; _builder_version=&#8221;4.21.0&#8243; _module_preset=&#8221;default&#8221; custom_css_main_element=&#8221;margin: auto 0;&#8221; locked=&#8221;off&#8221; global_colors_info=&#8221;{}&#8221;][et_pb_column type=&#8221;4_4&#8243; _builder_version=&#8221;4.20.4&#8243; _module_preset=&#8221;default&#8221; background_color=&#8221;RGBA(255,255,255,0)&#8221; background_enable_image=&#8221;off&#8221; background_blend=&#8221;multiply&#8221; custom_padding=&#8221;40px|40px|40px|40px|true|true&#8221; custom_padding_tablet=&#8221;40px|40px|40px|40px|true|true&#8221; custom_padding_phone=&#8221;20px|20px|20px|20px|true|true&#8221; custom_padding_last_edited=&#8221;on|phone&#8221; global_colors_info=&#8221;{}&#8221;][et_pb_text _builder_version=&#8221;4.21.0&#8243; _module_preset=&#8221;default&#8221; text_text_color=&#8221;#2D424C&#8221; header_2_text_align=&#8221;center&#8221; text_orientation=&#8221;center&#8221; width=&#8221;100%&#8221; custom_padding=&#8221;||1em||false|false&#8221; hover_enabled=&#8221;0&#8243; locked=&#8221;off&#8221; global_colors_info=&#8221;{}&#8221; sticky_enabled=&#8221;0&#8243;]<\/p>\n<h3 class=\"p4h-fs-24 p4h-text-uppercase\" style=\"text-align: left;\">Programa P4H L4UHC<\/h3>\n<p style=\"text-align: left;\">El programa insignia de la red P4H, Leadership for UHC (L4UHC), est\u00e1 dirigido a altos responsables de la toma de decisiones. Durante un ciclo de un a\u00f1o, los participantes potencian sus capacidades de liderazgo y crean confianza entre las partes interesadas, fomentando la creaci\u00f3n de redes entre sectores. Desde 2016, el programa L4UHC ha impartido 12 ciclos de formaci\u00f3n de unos 120 d\u00edas cada uno.<\/p>\n<p>[\/et_pb_text][et_pb_text _builder_version=&#8221;4.21.0&#8243; _module_preset=&#8221;default&#8221; text_text_color=&#8221;#2D424C&#8221; header_2_text_align=&#8221;center&#8221; text_orientation=&#8221;center&#8221; width=&#8221;100%&#8221; hover_enabled=&#8221;0&#8243; locked=&#8221;off&#8221; global_colors_info=&#8221;{}&#8221; sticky_enabled=&#8221;0&#8243;]<\/p>\n<p style=\"text-align: left;\">Durante los ciclos del programa L4UHC, los participantes de distintos sectores acuerdan una visi\u00f3n com\u00fan e identifican y llevan a cabo acciones colectivas. Colaboran para producir resultados concretos y pr\u00e1cticos. Estos resultados tangibles hacen avanzar la agenda de la CSU y ayudan a los responsables de la toma de decisiones a crear coaliciones comprometidas con nuevos logros.<\/p>\n<p>[\/et_pb_text][et_pb_button button_url=&#8221;@ET-DC@eyJkeW5hbWljIjp0cnVlLCJjb250ZW50IjoicG9zdF9saW5rX3VybF9wYWdlIiwic2V0dGluZ3MiOnsicG9zdF9pZCI6Ijk4NzUzNjk5NyJ9fQ==@&#8221; button_text=&#8221;Ir a la p\u00e1gina de L4UHC&#8221; button_alignment=&#8221;center&#8221; _builder_version=&#8221;4.21.0&#8243; _dynamic_attributes=&#8221;button_url&#8221; _module_preset=&#8221;default&#8221; custom_button=&#8221;on&#8221; button_text_size=&#8221;16px&#8221; button_text_color=&#8221;#FFFFFF&#8221; button_bg_color=&#8221;#EA3A32&#8243; button_border_width=&#8221;0px&#8221; button_border_radius=&#8221;3px&#8221; button_font=&#8221;Oswald|||on|||||&#8221; button_use_icon=&#8221;off&#8221; custom_margin=&#8221;20px||||false|false&#8221; custom_padding=&#8221;0.3em|0.7em|0.3em|0.7em|false|false&#8221; locked=&#8221;off&#8221; global_colors_info=&#8221;{}&#8221; button_bg_color__hover_enabled=&#8221;on|hover&#8221; button_bg_color__hover=&#8221;#2D424C&#8221; button_bg_enable_color__hover=&#8221;on&#8221;][\/et_pb_button][\/et_pb_column][\/et_pb_row][\/et_pb_section]<\/p>\n","protected":false},"excerpt":{"rendered":"<p>La Red P4H trabaja para impulsar los compromisos multisectoriales de alto nivel con la cobertura sanitaria universal (CSU), las redes de protecci\u00f3n social de la salud (PSS) y de financiaci\u00f3n sanitaria (FSS), los marcos de colaboraci\u00f3n, las asociaciones con otras redes de sistemas sanitarios y las innovaciones en PSS y FSS. Los coordinadores nacionales de&#8230;<\/p>\n","protected":false},"author":1,"featured_media":0,"parent":0,"menu_order":0,"comment_status":"closed","ping_status":"closed","template":"","meta":{"_et_pb_use_builder":"on","_et_pb_old_content":"","_et_gb_content_width":""},"acf":[],"_links":{"self":[{"href":"https:\/\/p4h.world\/es\/wp-json\/wp\/v2\/pages\/987628287"}],"collection":[{"href":"https:\/\/p4h.world\/es\/wp-json\/wp\/v2\/pages"}],"about":[{"href":"https:\/\/p4h.world\/es\/wp-json\/wp\/v2\/types\/page"}],"author":[{"embeddable":true,"href":"https:\/\/p4h.world\/es\/wp-json\/wp\/v2\/users\/1"}],"replies":[{"embeddable":true,"href":"https:\/\/p4h.world\/es\/wp-json\/wp\/v2\/comments?post=987628287"}],"version-history":[{"count":21,"href":"https:\/\/p4h.world\/es\/wp-json\/wp\/v2\/pages\/987628287\/revisions"}],"predecessor-version":[{"id":987792090,"href":"https:\/\/p4h.world\/es\/wp-json\/wp\/v2\/pages\/987628287\/revisions\/987792090"}],"wp:attachment":[{"href":"https:\/\/p4h.world\/es\/wp-json\/wp\/v2\/media?parent=987628287"}],"curies":[{"name":"wp","href":"https:\/\/api.w.org\/{rel}","templated":true}]}}