{"id":987628319,"date":"2022-12-26T09:47:45","date_gmt":"2022-12-26T08:47:45","guid":{"rendered":"https:\/\/p4h.world\/organizacion\/"},"modified":"2025-11-20T12:10:21","modified_gmt":"2025-11-20T11:10:21","slug":"organizacion","status":"publish","type":"page","link":"https:\/\/p4h.world\/es\/quienes-somos\/organizacion\/","title":{"rendered":"Organizaci\u00f3n"},"content":{"rendered":"<p>[et_pb_section fb_built=&#8221;1&#8243; admin_label=&#8221;Section&#8221; _builder_version=&#8221;4.19.2&#8243; _module_preset=&#8221;default&#8221; global_colors_info=&#8221;{}&#8221;][et_pb_row disabled_on=&#8221;off|off|off&#8221; admin_label=&#8221;Espaciador&#8221; _builder_version=&#8221;4.21.0&#8243; _module_preset=&#8221;default&#8221; display_conditions=&#8221;W10=&#8221; custom_padding=&#8221;0px|0px|29px|0px|false|false&#8221; global_module=&#8221;987504603&#8243; saved_tabs=&#8221;all&#8221; collapsed=&#8221;on&#8221; global_colors_info=&#8221;{}&#8221;][et_pb_column type=&#8221;4_4&#8243; _builder_version=&#8221;4.19.2&#8243; _module_preset=&#8221;default&#8221; global_colors_info=&#8221;{}&#8221;][\/et_pb_column][\/et_pb_row][et_pb_row make_equal=&#8221;on&#8221; custom_padding_last_edited=&#8221;on|phone&#8221; _builder_version=&#8221;4.20.4&#8243; _module_preset=&#8221;default&#8221; custom_padding=&#8221;0px|15px|0px|15px|false|true&#8221; custom_padding_tablet=&#8221;0px|15px|0px|15px|false|true&#8221; custom_padding_phone=&#8221;0px|15px|0px|15px|false|true&#8221; custom_css_main_element=&#8221;align-items: center;&#8221; global_colors_info=&#8221;{}&#8221;][et_pb_column type=&#8221;4_4&#8243; admin_label=&#8221;Columna&#8221; _builder_version=&#8221;4.20.2&#8243; _module_preset=&#8221;default&#8221; custom_padding=&#8221;||||false|true&#8221; global_colors_info=&#8221;{}&#8221;][et_pb_text _builder_version=&#8221;4.21.0&#8243; _module_preset=&#8221;default&#8221; header_3_font=&#8221;|||on|||||&#8221; header_3_text_color=&#8221;#5EAABC&#8221; global_colors_info=&#8221;{}&#8221;]<\/p>\n<p>El Grupo Director de P4H (P4H-SG) est\u00e1 formado por representantes de los miembros de la Red P4H y tiene dos copresidentes. El GD-P4H establece las prioridades de P4H. <\/p>\n<p>[\/et_pb_text][et_pb_text _builder_version=&#8221;4.21.0&#8243; _module_preset=&#8221;default&#8221; header_3_font=&#8221;|||on|||||&#8221; header_3_text_color=&#8221;#5EAABC&#8221; global_colors_info=&#8221;{}&#8221;]<\/p>\n<p>El Grupo de Intercambio T\u00e9cnico de P4H (P4H-TEG) incluye al personal de los miembros, a las personas de contacto de P4H en los pa\u00edses y a la Oficina de Coordinaci\u00f3n de P4H (P4H-CD), y tiene tres copresidentes. Los grupos de trabajo del P4H-TEG centran las prioridades del P4H-SG. <\/p>\n<p>[\/et_pb_text][et_pb_text _builder_version=&#8221;4.21.0&#8243; _module_preset=&#8221;default&#8221; header_3_font=&#8221;|||on|||||&#8221; header_3_text_color=&#8221;#5EAABC&#8221; global_colors_info=&#8221;{}&#8221;]<\/p>\n<p>El CD-P4H es la secretar\u00eda de la Red P4H. Est\u00e1 compuesto por coordinadores basados en las agencias especializadas de la ONU que son miembros de P4H. El CD de la P4H apoya al GT de la P4H organizando las reuniones del GT de la P4H, desarrollando el plan de trabajo anual de la P4H y redactando la revisi\u00f3n anual de los progresos de la P4H. El CD-P4H colabora con el P4H-TEG y sus grupos de trabajo.<\/p>\n<p>[\/et_pb_text][\/et_pb_column][\/et_pb_row][et_pb_row disabled_on=&#8221;off|off|off&#8221; admin_label=&#8221;Espaciador&#8221; _builder_version=&#8221;4.21.0&#8243; _module_preset=&#8221;default&#8221; display_conditions=&#8221;W10=&#8221; custom_padding=&#8221;0px|0px|29px|0px|false|false&#8221; global_module=&#8221;987504603&#8243; saved_tabs=&#8221;all&#8221; collapsed=&#8221;on&#8221; global_colors_info=&#8221;{}&#8221;][et_pb_column type=&#8221;4_4&#8243; _builder_version=&#8221;4.19.2&#8243; _module_preset=&#8221;default&#8221; global_colors_info=&#8221;{}&#8221;][\/et_pb_column][\/et_pb_row][\/et_pb_section][et_pb_section fb_built=&#8221;1&#8243; admin_label=&#8221;Section&#8221; _builder_version=&#8221;4.19.2&#8243; _module_preset=&#8221;default&#8221; locked=&#8221;off&#8221; global_colors_info=&#8221;{}&#8221;][et_pb_row column_structure=&#8221;1_3,1_3,1_3&#8243; use_custom_gutter=&#8221;on&#8221; gutter_width=&#8221;1&#8243; make_equal=&#8221;on&#8221; _builder_version=&#8221;4.20.4&#8243; _module_preset=&#8221;default&#8221; background_enable_color=&#8221;off&#8221; max_width=&#8221;100%&#8221; global_colors_info=&#8221;{}&#8221; background_enable_color__hover=&#8221;off&#8221; background__hover_enabled=&#8221;on|desktop&#8221;][et_pb_column type=&#8221;1_3&#8243; _builder_version=&#8221;4.20.4&#8243; _module_preset=&#8221;default&#8221; background_enable_color=&#8221;off&#8221; background_enable_image=&#8221;off&#8221; background_blend=&#8221;multiply&#8221; custom_padding=&#8221;0px|0px|0px|0px|true|true&#8221; custom_css_main_element=&#8221;display: flex;||flex-direction: column;||justify-content: space-between;&#8221; global_colors_info=&#8221;{}&#8221; background_enable_color__hover=&#8221;off&#8221; background__hover_enabled=&#8221;on|desktop&#8221;][et_pb_text _builder_version=&#8221;4.21.0&#8243; _dynamic_attributes=&#8221;link_option_url&#8221; _module_preset=&#8221;default&#8221; text_text_color=&#8221;#FFFFFF&#8221; link_text_align=&#8221;center&#8221; ul_text_align=&#8221;center&#8221; ol_text_align=&#8221;center&#8221; quote_text_align=&#8221;center&#8221; header_text_align=&#8221;center&#8221; header_2_text_align=&#8221;center&#8221; header_3_text_align=&#8221;center&#8221; header_4_text_align=&#8221;center&#8221; header_5_text_align=&#8221;center&#8221; header_6_text_align=&#8221;center&#8221; background_color=&#8221;#891a21&#8243; text_orientation=&#8221;center&#8221; height=&#8221;100%&#8221; custom_padding=&#8221;40px|40px|40px|40px|false|false&#8221; link_option_url=&#8221;@ET-DC@eyJkeW5hbWljIjp0cnVlLCJjb250ZW50IjoicG9zdF9saW5rX3VybF9wYWdlIiwic2V0dGluZ3MiOnsicG9zdF9pZCI6Ijk4NzQ5OTQ4OCJ9fQ==@&#8221; locked=&#8221;off&#8221; global_colors_info=&#8221;{}&#8221; text_text_color__hover=&#8221;#2D424C&#8221; text_text_color__hover_enabled=&#8221;on|desktop&#8221; background_color__hover=&#8221;#E8E7E2&#8243; background__hover_enabled=&#8221;on|hover&#8221; background_enable_color__hover=&#8221;on&#8221;]<\/p>\n<h3 class=\"p4h-fs-24 p4h-text-uppercase\">Grupo Director P4H<\/h3>\n<p>El P4H-SG es el \u00f3rgano decisorio de P4H.<\/p>\n<p>[\/et_pb_text][\/et_pb_column][et_pb_column type=&#8221;1_3&#8243; _builder_version=&#8221;4.20.4&#8243; _module_preset=&#8221;default&#8221; background_enable_color=&#8221;off&#8221; background_enable_image=&#8221;off&#8221; background_blend=&#8221;multiply&#8221; custom_padding=&#8221;0px|0px|0px|0px|true|true&#8221; custom_css_main_element=&#8221;display: flex;||flex-direction: column;||justify-content: space-between;&#8221; global_colors_info=&#8221;{}&#8221; background_enable_color__hover=&#8221;off&#8221; background__hover_enabled=&#8221;on|desktop&#8221;][et_pb_text _builder_version=&#8221;4.21.0&#8243; _dynamic_attributes=&#8221;link_option_url&#8221; _module_preset=&#8221;default&#8221; text_text_color=&#8221;#FFFFFF&#8221; link_text_align=&#8221;center&#8221; ul_text_align=&#8221;center&#8221; ol_text_align=&#8221;center&#8221; quote_text_align=&#8221;center&#8221; header_text_align=&#8221;center&#8221; header_2_text_align=&#8221;center&#8221; header_3_text_align=&#8221;center&#8221; header_4_text_align=&#8221;center&#8221; header_5_text_align=&#8221;center&#8221; header_6_text_align=&#8221;center&#8221; background_color=&#8221;#4d7d94&#8243; text_orientation=&#8221;center&#8221; height=&#8221;100%&#8221; custom_padding=&#8221;40px|40px|40px|40px|false|false&#8221; link_option_url=&#8221;@ET-DC@eyJkeW5hbWljIjp0cnVlLCJjb250ZW50IjoicG9zdF9saW5rX3VybF9wYWdlIiwic2V0dGluZ3MiOnsicG9zdF9pZCI6Ijk4NzQ5OTQ5MCJ9fQ==@&#8221; hover_enabled=&#8221;0&#8243; locked=&#8221;off&#8221; global_colors_info=&#8221;{}&#8221; text_text_color__hover=&#8221;#2D424C&#8221; text_text_color__hover_enabled=&#8221;on|hover&#8221; background_color__hover=&#8221;#E8E7E2&#8243; background__hover_enabled=&#8221;on|hover&#8221; background_enable_color__hover=&#8221;on&#8221; sticky_enabled=&#8221;0&#8243;]<\/p>\n<h3 class=\"p4h-fs-24 p4h-text-uppercase\">Grupo de Intercambio T\u00e9cnico P4H<\/h3>\n<p>El P4H-TEG tiene grupos de trabajo que se centran en las prioridades del P4H-SG.<\/p>\n<p>[\/et_pb_text][\/et_pb_column][et_pb_column type=&#8221;1_3&#8243; _builder_version=&#8221;4.20.4&#8243; _module_preset=&#8221;default&#8221; background_enable_color=&#8221;off&#8221; background_enable_image=&#8221;off&#8221; background_blend=&#8221;multiply&#8221; custom_padding=&#8221;0px|0px|0px|0px|true|true&#8221; custom_css_main_element=&#8221;display: flex;||flex-direction: column;||justify-content: space-between;&#8221; global_colors_info=&#8221;{}&#8221; background_enable_color__hover=&#8221;off&#8221; background__hover_enabled=&#8221;on|desktop&#8221;][et_pb_text _builder_version=&#8221;4.21.0&#8243; _dynamic_attributes=&#8221;link_option_url&#8221; _module_preset=&#8221;default&#8221; text_text_color=&#8221;#FFFFFF&#8221; link_text_align=&#8221;center&#8221; ul_text_align=&#8221;center&#8221; ol_text_align=&#8221;center&#8221; quote_text_align=&#8221;center&#8221; header_text_align=&#8221;center&#8221; header_2_text_align=&#8221;center&#8221; header_3_text_align=&#8221;center&#8221; header_4_text_align=&#8221;center&#8221; header_5_text_align=&#8221;center&#8221; header_6_text_align=&#8221;center&#8221; background_color=&#8221;#2e424b&#8221; text_orientation=&#8221;center&#8221; height=&#8221;100%&#8221; custom_padding=&#8221;40px|40px|40px|40px|false|false&#8221; link_option_url=&#8221;@ET-DC@eyJkeW5hbWljIjp0cnVlLCJjb250ZW50IjoicG9zdF9saW5rX3VybF9wYWdlIiwic2V0dGluZ3MiOnsicG9zdF9pZCI6Ijk4NzQ5OTQ3OCJ9fQ==@&#8221; locked=&#8221;off&#8221; global_colors_info=&#8221;{}&#8221; text_text_color__hover=&#8221;#2D424C&#8221; text_text_color__hover_enabled=&#8221;on|hover&#8221; background_color__hover=&#8221;#E8E7E2&#8243; background__hover_enabled=&#8221;on|hover&#8221; background_enable_color__hover=&#8221;on&#8221;]<\/p>\n<h3 class=\"p4h-fs-24 p4h-text-uppercase\">Mesa de Coordinaci\u00f3n P4H<\/h3>\n<p>El P4H-CD es compatible con el P4H-SG.<\/p>\n<p>[\/et_pb_text][\/et_pb_column][\/et_pb_row][\/et_pb_section]<\/p>\n","protected":false},"excerpt":{"rendered":"<p>El Grupo Director de P4H (P4H-SG) est\u00e1 formado por representantes de los miembros de la Red P4H y tiene dos copresidentes. El GD-P4H establece las prioridades de P4H. El Grupo de Intercambio T\u00e9cnico de P4H (P4H-TEG) incluye al personal de los miembros, a las personas de contacto de P4H en los pa\u00edses y a la&#8230;<\/p>\n","protected":false},"author":1,"featured_media":0,"parent":987628512,"menu_order":0,"comment_status":"closed","ping_status":"closed","template":"","meta":{"_et_pb_use_builder":"on","_et_pb_old_content":"","_et_gb_content_width":""},"acf":[],"_links":{"self":[{"href":"https:\/\/p4h.world\/es\/wp-json\/wp\/v2\/pages\/987628319"}],"collection":[{"href":"https:\/\/p4h.world\/es\/wp-json\/wp\/v2\/pages"}],"about":[{"href":"https:\/\/p4h.world\/es\/wp-json\/wp\/v2\/types\/page"}],"author":[{"embeddable":true,"href":"https:\/\/p4h.world\/es\/wp-json\/wp\/v2\/users\/1"}],"replies":[{"embeddable":true,"href":"https:\/\/p4h.world\/es\/wp-json\/wp\/v2\/comments?post=987628319"}],"version-history":[{"count":11,"href":"https:\/\/p4h.world\/es\/wp-json\/wp\/v2\/pages\/987628319\/revisions"}],"predecessor-version":[{"id":987791473,"href":"https:\/\/p4h.world\/es\/wp-json\/wp\/v2\/pages\/987628319\/revisions\/987791473"}],"up":[{"embeddable":true,"href":"https:\/\/p4h.world\/es\/wp-json\/wp\/v2\/pages\/987628512"}],"wp:attachment":[{"href":"https:\/\/p4h.world\/es\/wp-json\/wp\/v2\/media?parent=987628319"}],"curies":[{"name":"wp","href":"https:\/\/api.w.org\/{rel}","templated":true}]}}