{"id":987628419,"date":"2022-12-26T08:10:53","date_gmt":"2022-12-26T07:10:53","guid":{"rendered":"https:\/\/p4h.world\/mision\/"},"modified":"2025-11-20T12:19:26","modified_gmt":"2025-11-20T11:19:26","slug":"mision","status":"publish","type":"page","link":"https:\/\/p4h.world\/es\/quienes-somos\/mision\/","title":{"rendered":"Misi\u00f3n"},"content":{"rendered":"<p>[et_pb_section fb_built=&#8221;1&#8243; admin_label=&#8221;overview&#8221; _builder_version=&#8221;4.19.2&#8243; _module_preset=&#8221;default&#8221; global_colors_info=&#8221;{}&#8221;][et_pb_row disabled_on=&#8221;off|off|off&#8221; admin_label=&#8221;Espaciador&#8221; _builder_version=&#8221;4.21.0&#8243; _module_preset=&#8221;default&#8221; display_conditions=&#8221;W10=&#8221; custom_padding=&#8221;0px|0px|10px|0px|false|false&#8221; global_module=&#8221;987504603&#8243; saved_tabs=&#8221;all&#8221; collapsed=&#8221;on&#8221; global_colors_info=&#8221;{}&#8221;][et_pb_column type=&#8221;4_4&#8243; _builder_version=&#8221;4.19.2&#8243; _module_preset=&#8221;default&#8221; global_colors_info=&#8221;{}&#8221;][\/et_pb_column][\/et_pb_row][et_pb_row use_custom_gutter=&#8221;on&#8221; gutter_width=&#8221;1&#8243; make_equal=&#8221;on&#8221; custom_padding_last_edited=&#8221;on|desktop&#8221; _builder_version=&#8221;4.20.4&#8243; _module_preset=&#8221;default&#8221; custom_padding=&#8221;0px|15px|0px|15px|false|true&#8221; custom_padding_tablet=&#8221;0px|15px|0px|15px|false|true&#8221; custom_padding_phone=&#8221;0px|15px|0px|15px|false|true&#8221; custom_css_main_element=&#8221;align-items: center;&#8221; global_colors_info=&#8221;{}&#8221;][et_pb_column type=&#8221;4_4&#8243; admin_label=&#8221;Columna&#8221; _builder_version=&#8221;4.20.4&#8243; _module_preset=&#8221;default&#8221; custom_padding=&#8221;||||false|true&#8221; global_colors_info=&#8221;{}&#8221;][ba_gradient_heading title=&#8221;Promovemos la colaboraci\u00f3n en la protecci\u00f3n sociosanitaria y la financiaci\u00f3n sanitaria  &#8221; html_tag=&#8221;h2&#8243; primary_color=&#8221;#EA3A32&#8243; secondary_color=&#8221;#EA3A32&#8243; admin_label=&#8221;Section  Red Title&#8221; _builder_version=&#8221;4.21.0&#8243; _module_preset=&#8221;default&#8221; title_font=&#8221;||||||||&#8221; title_font_size=&#8221;40px&#8221; custom_margin=&#8221;0px|0px|0px|0px|false|false&#8221; custom_padding=&#8221;0px|0px|10px|0px|false|false&#8221; custom_css_main_element=&#8221;margin-bottom: 0 !important;&#8221; global_colors_info=&#8221;{}&#8221;][\/ba_gradient_heading][et_pb_text _builder_version=&#8221;4.21.0&#8243; _module_preset=&#8221;default&#8221; global_colors_info=&#8221;{}&#8221;]<\/p>\n<p>Nuestra visi\u00f3n es acelerar el avance hacia la cobertura sanitaria universal (CSU). Nuestra principal contribuci\u00f3n es ayudar a mejorar la protecci\u00f3n financiera, medida por el indicador 3.8.2 de los ODS. Nuestro objetivo son unos sistemas de financiaci\u00f3n sanitaria (FSS) sostenibles y equitativos.<br \/>A corto plazo, nuestras acciones se centran en determinadas reformas de la protecci\u00f3n social sanitaria (PSS) y la FSS, especialmente a nivel nacional.<\/p>\n<p>[\/et_pb_text][ba_gradient_heading title=&#8221;Facilitamos el intercambio y la colaboraci\u00f3n para obtener mejores resultados&#8221; html_tag=&#8221;h3&#8243; primary_color=&#8221;#455A64&#8243; secondary_color=&#8221;#455A64&#8243; admin_label=&#8221;TO BE EDITED &#8211; HEADING (50-60 characters)&#8221; _builder_version=&#8221;4.21.0&#8243; _module_preset=&#8221;default&#8221; title_font=&#8221;||||||||&#8221; title_font_size=&#8221;32px&#8221; title_line_height=&#8221;1em&#8221; custom_margin=&#8221;20px|0px|10px|0px|false|false&#8221; custom_padding=&#8221;0px|0px|0px|0px|false|false&#8221; global_colors_info=&#8221;{}&#8221;][\/ba_gradient_heading][et_pb_text _builder_version=&#8221;4.21.0&#8243; _module_preset=&#8221;default&#8221; global_colors_info=&#8221;{}&#8221;]<\/p>\n<p>Nuestro trabajo se basa en la creencia de que las acciones colectivas producen mejores resultados que la suma de las acciones individuales. P4H promueve, desarrolla y refuerza el intercambio y la colaboraci\u00f3n entre las partes interesadas en la PSH y la HF. Nuestra experiencia como red ha informado la forma en que apoyamos a las comunidades SHP y HF.<br \/>Y ahora nuestra presencia se extiende por todo el mundo.<\/p>\n<p>[\/et_pb_text][\/et_pb_column][\/et_pb_row][et_pb_row disabled_on=&#8221;off|off|off&#8221; admin_label=&#8221;Espaciador&#8221; _builder_version=&#8221;4.21.0&#8243; _module_preset=&#8221;default&#8221; display_conditions=&#8221;W10=&#8221; custom_padding=&#8221;0px|0px|10px|0px|false|false&#8221; global_module=&#8221;987504603&#8243; saved_tabs=&#8221;all&#8221; collapsed=&#8221;on&#8221; global_colors_info=&#8221;{}&#8221;][et_pb_column type=&#8221;4_4&#8243; _builder_version=&#8221;4.19.2&#8243; _module_preset=&#8221;default&#8221; global_colors_info=&#8221;{}&#8221;][\/et_pb_column][\/et_pb_row][\/et_pb_section][et_pb_section fb_built=&#8221;1&#8243; admin_label=&#8221;List&#8221; _builder_version=&#8221;4.21.0&#8243; _module_preset=&#8221;default&#8221; background_color=&#8221;#dce5ea&#8221; collapsed=&#8221;off&#8221; global_colors_info=&#8221;{}&#8221;][et_pb_row use_custom_gutter=&#8221;on&#8221; gutter_width=&#8221;1&#8243; make_equal=&#8221;on&#8221; custom_padding_last_edited=&#8221;on|desktop&#8221; _builder_version=&#8221;4.21.0&#8243; _module_preset=&#8221;default&#8221; background_enable_color=&#8221;off&#8221; custom_padding=&#8221;5px|25px|10px|25px|false|true&#8221; custom_padding_tablet=&#8221;0px|15px|0px|15px|false|true&#8221; custom_padding_phone=&#8221;0px|15px|0px|15px|false|true&#8221; custom_css_main_element=&#8221;align-items: center;&#8221; global_colors_info=&#8221;{}&#8221;][et_pb_column type=&#8221;4_4&#8243; admin_label=&#8221;Columna&#8221; _builder_version=&#8221;4.20.4&#8243; _module_preset=&#8221;default&#8221; custom_padding=&#8221;||||false|true&#8221; global_colors_info=&#8221;{}&#8221;][ba_gradient_heading title=&#8221;Nos esforzamos por conseguir lo siguiente&#8221; html_tag=&#8221;h3&#8243; primary_color=&#8221;#455A64&#8243; secondary_color=&#8221;#455A64&#8243; admin_label=&#8221;HEADING (50-60 characters)&#8221; _builder_version=&#8221;4.20.4&#8243; _module_preset=&#8221;default&#8221; title_font=&#8221;||||||||&#8221; title_font_size=&#8221;32px&#8221; title_line_height=&#8221;1em&#8221; custom_padding=&#8221;20px||15px||false|false&#8221; global_colors_info=&#8221;{}&#8221;][\/ba_gradient_heading][et_pb_code admin_label=&#8221;LISTA&#8221; _builder_version=&#8221;4.21.0&#8243; _module_preset=&#8221;default&#8221; global_colors_info=&#8221;{}&#8221;]<\/p>\n<ul class=\"p4h-style-list\"><!-- [et_pb_line_break_holder] -->  <\/p>\n<li>Inter\u00e9s y compromiso multisectorial de alto nivel en la financiaci\u00f3n de la cobertura sanitaria universal, sobre todo a trav\u00e9s de fondos nacionales.<\/li>\n<p><!-- [et_pb_line_break_holder] -->  <\/p>\n<li>Redes y mecanismos locales de P4H funcionales, que permitan a la P4H evaluar las necesidades y carencias nacionales y regionales, intercambiar informaci\u00f3n pertinente y trabajar de forma armonizada.<\/li>\n<p><!-- [et_pb_line_break_holder] -->  <\/p>\n<li>Marcos coherentes de apoyo a la CSU mediante asistencia t\u00e9cnica conjunta basada en la demanda, y generaci\u00f3n e intercambio de conocimientos, incluido el desarrollo de bienes globales para la CSU, garantizando la alineaci\u00f3n entre los socios a nivel nacional.<\/li>\n<p><!-- [et_pb_line_break_holder] -->  <\/p>\n<li>Colaboraci\u00f3n con otras redes relacionadas con la cobertura sanitaria universal para aprovechar las complementariedades<\/li>\n<p><!-- [et_pb_line_break_holder] -->  <\/p>\n<li>Exploraci\u00f3n de nuevas formas de trabajar en SHP y HF y promoci\u00f3n de enfoques innovadores.<\/li>\n<p><!-- [et_pb_line_break_holder] --><\/ul>\n<p>[\/et_pb_code][\/et_pb_column][\/et_pb_row][\/et_pb_section][et_pb_section fb_built=&#8221;1&#8243; admin_label=&#8221;History &#038; Results Framework&#8221; _builder_version=&#8221;4.20.4&#8243; _module_preset=&#8221;default&#8221; collapsed=&#8221;off&#8221; global_colors_info=&#8221;{}&#8221;][et_pb_row column_structure=&#8221;1_2,1_2&#8243; use_custom_gutter=&#8221;on&#8221; gutter_width=&#8221;1&#8243; make_equal=&#8221;on&#8221; _builder_version=&#8221;4.21.0&#8243; _module_preset=&#8221;default&#8221; max_width=&#8221;100%&#8221; global_colors_info=&#8221;{}&#8221;][et_pb_column type=&#8221;1_2&#8243; _builder_version=&#8221;4.21.0&#8243; _module_preset=&#8221;default&#8221; background_color=&#8221;#8c2222&#8243; background_enable_image=&#8221;off&#8221; background_blend=&#8221;multiply&#8221; custom_padding=&#8221;40px|40px|40px|40px|true|true&#8221; global_colors_info=&#8221;{}&#8221;][et_pb_text admin_label=&#8221;History&#8221; _builder_version=&#8221;4.21.0&#8243; _module_preset=&#8221;default&#8221; text_text_color=&#8221;#FFFFFF&#8221; width=&#8221;100%&#8221; hover_enabled=&#8221;0&#8243; global_colors_info=&#8221;{}&#8221; sticky_enabled=&#8221;0&#8243;]<\/p>\n<h3 class=\"p4h-fc-white p4h-fs-24 p4h-text-uppercase\" style=\"text-align: center;\">Historia<\/h3>\n<p style=\"text-align: center;\">Desde su lanzamiento en 2007, la Red P4H promueve los intercambios activos y la colaboraci\u00f3n entre las distintas partes interesadas en la financiaci\u00f3n de la sanidad a escala nacional, regional y mundial para avanzar en la cobertura sanitaria universal&#8230;.<\/p>\n<p>[\/et_pb_text][et_pb_button button_url=&#8221;@ET-DC@eyJkeW5hbWljIjp0cnVlLCJjb250ZW50IjoicG9zdF9saW5rX3VybF9wYWdlIiwic2V0dGluZ3MiOnsicG9zdF9pZCI6Ijk4NzQ5NjI3OSJ9fQ==@&#8221; button_text=&#8221;Leer la historia  &#8221; button_alignment=&#8221;center&#8221; disabled_on=&#8221;off|off|off&#8221; _builder_version=&#8221;4.21.0&#8243; _dynamic_attributes=&#8221;button_url&#8221; _module_preset=&#8221;default&#8221; custom_button=&#8221;on&#8221; button_text_size=&#8221;16px&#8221; button_text_color=&#8221;#FFFFFF&#8221; button_bg_color=&#8221;#EA3A32&#8243; button_border_width=&#8221;0px&#8221; button_border_radius=&#8221;3px&#8221; button_font=&#8221;Oswald|||on|||||&#8221; button_use_icon=&#8221;off&#8221; custom_margin=&#8221;20px||||false|false&#8221; custom_padding=&#8221;0.3em|0.7em|0.3em|0.7em|false|false&#8221; locked=&#8221;off&#8221; global_colors_info=&#8221;{}&#8221; button_bg_color__hover_enabled=&#8221;on|hover&#8221; button_bg_color__hover=&#8221;#2D424C&#8221; button_bg_enable_color__hover=&#8221;on&#8221;][\/et_pb_button][\/et_pb_column][et_pb_column type=&#8221;1_2&#8243; _builder_version=&#8221;4.21.0&#8243; _module_preset=&#8221;default&#8221; background_color=&#8221;#4C7E96&#8243; background_enable_image=&#8221;off&#8221; background_blend=&#8221;multiply&#8221; custom_padding=&#8221;40px|40px|40px|40px|true|true&#8221; global_colors_info=&#8221;{}&#8221;][et_pb_text admin_label=&#8221;Results Framework&#8221; _builder_version=&#8221;4.21.0&#8243; _module_preset=&#8221;default&#8221; text_text_color=&#8221;#FFFFFF&#8221; header_2_text_align=&#8221;center&#8221; text_orientation=&#8221;center&#8221; width=&#8221;100%&#8221; locked=&#8221;off&#8221; global_colors_info=&#8221;{}&#8221;]<\/p>\n<h3 class=\"p4h-fc-white p4h-fs-24 p4h-text-uppercase\">Marco de resultados<\/h3>\n<p>El marco de resultados de la Red P4H ilustra su teor\u00eda del cambio desde las l\u00edneas de trabajo hasta el impacto. El impacto es el avance hacia la dimensi\u00f3n de accesibilidad financiera de la cobertura sanitaria universal, indicador 3.8.2 de los Objetivos de Desarrollo Sostenible. El seguimiento de la Red P4H se centra en los resultados intermedios que hacen avanzar las reformas de la protecci\u00f3n sociosanitaria y la financiaci\u00f3n de la sanidad.<\/p>\n<p>[\/et_pb_text][et_pb_button button_url=&#8221;https:\/\/p4h.world\/app\/uploads\/2025\/09\/2025_08_31_P4H_results_framework.png&#8221; button_text=&#8221;Ver el Marco de Resultados de P4H&#8221; button_alignment=&#8221;center&#8221; _builder_version=&#8221;4.21.0&#8243; _module_preset=&#8221;default&#8221; custom_button=&#8221;on&#8221; button_text_size=&#8221;16px&#8221; button_text_color=&#8221;#FFFFFF&#8221; button_bg_color=&#8221;#EA3A32&#8243; button_border_width=&#8221;0px&#8221; button_border_radius=&#8221;3px&#8221; button_font=&#8221;Oswald|||on|||||&#8221; button_use_icon=&#8221;off&#8221; custom_margin=&#8221;20px||||false|false&#8221; custom_padding=&#8221;0.3em|0.7em|0.3em|0.7em|false|false&#8221; locked=&#8221;off&#8221; global_colors_info=&#8221;{}&#8221; button_bg_color__hover_enabled=&#8221;on|hover&#8221; button_bg_color__hover=&#8221;#2D424C&#8221; button_bg_enable_color__hover=&#8221;on&#8221;][\/et_pb_button][\/et_pb_column][\/et_pb_row][\/et_pb_section]<\/p>\n","protected":false},"excerpt":{"rendered":"<p><div class=\"et_pb_module ba_gradient_heading ba_gradient_heading_0\">\n\t\t\t\t\n\t\t\t\t\n\t\t\t\t\n\t\t\t\t\n\t\t\t\t\n\t\t\t\t\n\t\t\t\t<div class=\"et_pb_module_inner\">\n\t\t\t\t\t<h2 class=\"dtq-gradient-heading\">Promovemos la colaboraci\u00f3n en la protecci\u00f3n sociosanitaria y la financiaci\u00f3n sanitaria <\/h2>\n\t\t\t\t<\/div>\n\t\t\t<\/div>Nuestra visi\u00f3n es acelerar el avance hacia la cobertura sanitaria universal (CSU). Nuestra principal contribuci\u00f3n es ayudar a mejorar la protecci\u00f3n financiera, medida por el indicador 3.8.2&#8230;<\/p>\n","protected":false},"author":1,"featured_media":0,"parent":987628512,"menu_order":0,"comment_status":"closed","ping_status":"closed","template":"","meta":{"_et_pb_use_builder":"on","_et_pb_old_content":"","_et_gb_content_width":""},"acf":[],"_links":{"self":[{"href":"https:\/\/p4h.world\/es\/wp-json\/wp\/v2\/pages\/987628419"}],"collection":[{"href":"https:\/\/p4h.world\/es\/wp-json\/wp\/v2\/pages"}],"about":[{"href":"https:\/\/p4h.world\/es\/wp-json\/wp\/v2\/types\/page"}],"author":[{"embeddable":true,"href":"https:\/\/p4h.world\/es\/wp-json\/wp\/v2\/users\/1"}],"replies":[{"embeddable":true,"href":"https:\/\/p4h.world\/es\/wp-json\/wp\/v2\/comments?post=987628419"}],"version-history":[{"count":19,"href":"https:\/\/p4h.world\/es\/wp-json\/wp\/v2\/pages\/987628419\/revisions"}],"predecessor-version":[{"id":987791487,"href":"https:\/\/p4h.world\/es\/wp-json\/wp\/v2\/pages\/987628419\/revisions\/987791487"}],"up":[{"embeddable":true,"href":"https:\/\/p4h.world\/es\/wp-json\/wp\/v2\/pages\/987628512"}],"wp:attachment":[{"href":"https:\/\/p4h.world\/es\/wp-json\/wp\/v2\/media?parent=987628419"}],"curies":[{"name":"wp","href":"https:\/\/api.w.org\/{rel}","templated":true}]}}