{"id":987628424,"date":"2022-12-15T12:52:02","date_gmt":"2022-12-15T11:52:02","guid":{"rendered":"https:\/\/p4h.world\/restablecer-contrasena\/"},"modified":"2023-05-31T10:57:45","modified_gmt":"2023-05-31T09:57:45","slug":"restablecer-contrasena","status":"publish","type":"page","link":"https:\/\/p4h.world\/es\/restablecer-contrasena\/","title":{"rendered":"Restablecer contrase\u00f1a"},"content":{"rendered":"<p>[et_pb_section fb_built=&#8221;1&#8243; _builder_version=&#8221;4.19.2&#8243; _module_preset=&#8221;default&#8221; global_colors_info=&#8221;{}&#8221;][et_pb_row _builder_version=&#8221;4.20.4&#8243; _module_preset=&#8221;default&#8221; custom_padding=&#8221;50px|15px|50px|15px|false|true&#8221; hover_enabled=&#8221;0&#8243; global_colors_info=&#8221;{}&#8221; sticky_enabled=&#8221;0&#8243;][et_pb_column type=&#8221;4_4&#8243; _builder_version=&#8221;4.19.2&#8243; _module_preset=&#8221;default&#8221; global_colors_info=&#8221;{}&#8221;][et_pb_code _builder_version=&#8221;4.19.2&#8243; _module_preset=&#8221;default&#8221; global_colors_info=&#8221;{}&#8221;]\n<div class=\"um um-password um-um_password_id\">\n    <div class=\"um-form\">\n        <form method=\"post\" action=\"\">\n\n            <input type=\"hidden\" id=\"password_len_err_msg\" value=\"Al menos 8 caracteres\">\n            <input type=\"hidden\" id=\"password_upper_case_err_msg\" value=\"Al menos 1 car\u00e1cter en may\u00fascula\">\n            <input type=\"hidden\" id=\"password_lower_case_err_msg\" value=\"Al menos 1 car\u00e1cter en min\u00fascula\">\n\n            <input type=\"hidden\" id=\"password_number_character_err_msg\" value=\"Al menos 1 car\u00e1cter num\u00e9rico\">\n            <input type=\"hidden\" id=\"password_special_character_err_msg\" value=\"Al menos 1 car\u00e1cter especial\">\n            <input type=\"hidden\" id=\"password_confirm_password_err_msg\" value=\"La contrase\u00f1a de confirmaci\u00f3n debe ser la misma que la nueva contrase\u00f1a\">\n\n            <input type=\"hidden\" id=\"current_password_required_err_msg\" value=\"Proporciona una contrase\u00f1a actual\">\n\n\n            <input type=\"hidden\" id=\"invalid_email_required_err_msg\" value=\"Proporciona una direcci\u00f3n de correo electr\u00f3nico v\u00e1lida\">\n\n            \n                <input type=\"hidden\" name=\"_um_password_reset\" id=\"_um_password_reset\" value=\"1\" \/>\n\n                                    <div class=\"um-field um-field-block um-field-type_block\">\n                        <div class=\"um-field-block\">\n                            <div style=\"text-align:center;\">\n                                To reset your password, please enter your email address below here.                            <\/div>\n                        <\/div>\n                    <\/div>\n                <div  id=\"um_field_um_password_id_username_b\" class=\"um-field um-field-text  um-field-username_b um-field-text um-field-type_text\" data-key=\"username_b\"><div class=\"um-field-area\"><input  autocomplete=\"off\" class=\"um-form-field valid \" type=\"text\" name=\"username_b\" id=\"username_b\" value=\"\" placeholder=\"Enter your email\" data-validate=\"\" data-key=\"username_b\" \/>\n\n\t\t\t\t\t\t<\/div><\/div>\n                <div class=\"um-col-alt um-col-alt-b\">\n\n                    <div class=\"um-center\">\n                        <input type=\"submit\" value=\"Reset password\" class=\"um-button\" id=\"um-submit-btn\" \/>\n                    <\/div>\n\n                    <div class=\"um-clear\"><\/div>\n\n                <\/div>\n\n            \t\t<input type=\"hidden\" name=\"form_id\" id=\"form_id_um_password_id\" value=\"um_password_id\" \/>\n\t\n\t<p class=\"um_request_name\">\n\t\t<label for=\"um_request_um_password_id\">Only fill in if you are not human<\/label>\n\t\t<input type=\"hidden\" name=\"um_request\" id=\"um_request_um_password_id\" class=\"input\" value=\"\" size=\"25\" autocomplete=\"off\" \/>\n\t<\/p>\n\n\t        <\/form>\n    <\/div>\n<\/div><style type=\"text\/css\">\n.um-um_password_id.um {\n\tmax-width: 450px;\n}<\/style>\n[\/et_pb_code][\/et_pb_column][\/et_pb_row][\/et_pb_section]<\/p>\n","protected":false},"excerpt":{"rendered":"\n<div class=\"um um-password um-um_password_id\">\n    <div class=\"um-form\">\n        <form method=\"post\" action=\"\">\n\n            <input type=\"hidden\" id=\"password_len_err_msg\" value=\"Al menos 8 caracteres\">\n            <input type=\"hidden\" id=\"password_upper_case_err_msg\" value=\"Al menos 1 car\u00e1cter en may\u00fascula\">\n            <input type=\"hidden\" id=\"password_lower_case_err_msg\" value=\"Al menos 1 car\u00e1cter en min\u00fascula\">\n\n            <input type=\"hidden\" id=\"password_number_character_err_msg\" value=\"Al menos 1 car\u00e1cter num\u00e9rico\">\n            <input type=\"hidden\" id=\"password_special_character_err_msg\" value=\"Al menos 1 car\u00e1cter especial\">\n            <input type=\"hidden\" id=\"password_confirm_password_err_msg\" value=\"La contrase\u00f1a de confirmaci\u00f3n debe ser la misma que la nueva contrase\u00f1a\">\n\n            <input type=\"hidden\" id=\"current_password_required_err_msg\" value=\"Proporciona una contrase\u00f1a actual\">\n\n\n            <input type=\"hidden\" id=\"invalid_email_required_err_msg\" value=\"Proporciona una direcci\u00f3n de correo electr\u00f3nico v\u00e1lida\">\n\n            \n                <input type=\"hidden\" name=\"_um_password_reset\" id=\"_um_password_reset\" value=\"1\" \/>\n\n                                    <div class=\"um-field um-field-block um-field-type_block\">\n                        <div class=\"um-field-block\">\n                            <div style=\"text-align:center;\">\n                                To reset your password, please enter your email address below here.                            <\/div>\n                        <\/div>\n                    <\/div>\n                <div  id=\"um_field_um_password_id_username_b\" class=\"um-field um-field-text  um-field-username_b um-field-text um-field-type_text\" data-key=\"username_b\"><div class=\"um-field-area\"><input  autocomplete=\"off\" class=\"um-form-field valid \" type=\"text\" name=\"username_b\" id=\"username_b\" value=\"\" placeholder=\"Enter your email\" data-validate=\"\" data-key=\"username_b\" \/>\n\n\t\t\t\t\t\t<\/div><\/div>\n                <div class=\"um-col-alt um-col-alt-b\">\n\n                    <div class=\"um-center\">\n                        <input type=\"submit\" value=\"Reset password\" class=\"um-button\" id=\"um-submit-btn\" \/>\n                    <\/div>\n\n                    <div class=\"um-clear\"><\/div>\n\n                <\/div>\n\n            \t\t<input type=\"hidden\" name=\"form_id\" id=\"form_id_um_password_id\" value=\"um_password_id\" \/>\n\t\n\t<p class=\"um_request_name\">\n\t\t<label for=\"um_request_um_password_id\">Only fill in if you are not human<\/label>\n\t\t<input type=\"hidden\" name=\"um_request\" id=\"um_request_um_password_id\" class=\"input\" value=\"\" size=\"25\" autocomplete=\"off\" \/>\n\t<\/p>\n\n\t        <\/form>\n    <\/div>\n<\/div>\n","protected":false},"author":1,"featured_media":0,"parent":0,"menu_order":0,"comment_status":"closed","ping_status":"closed","template":"","meta":{"_et_pb_use_builder":"on","_et_pb_old_content":"","_et_gb_content_width":""},"acf":[],"_links":{"self":[{"href":"https:\/\/p4h.world\/es\/wp-json\/wp\/v2\/pages\/987628424"}],"collection":[{"href":"https:\/\/p4h.world\/es\/wp-json\/wp\/v2\/pages"}],"about":[{"href":"https:\/\/p4h.world\/es\/wp-json\/wp\/v2\/types\/page"}],"author":[{"embeddable":true,"href":"https:\/\/p4h.world\/es\/wp-json\/wp\/v2\/users\/1"}],"replies":[{"embeddable":true,"href":"https:\/\/p4h.world\/es\/wp-json\/wp\/v2\/comments?post=987628424"}],"version-history":[{"count":0,"href":"https:\/\/p4h.world\/es\/wp-json\/wp\/v2\/pages\/987628424\/revisions"}],"wp:attachment":[{"href":"https:\/\/p4h.world\/es\/wp-json\/wp\/v2\/media?parent=987628424"}],"curies":[{"name":"wp","href":"https:\/\/api.w.org\/{rel}","templated":true}]}}