{"id":987627318,"date":"2023-04-11T05:48:21","date_gmt":"2023-04-11T04:48:21","guid":{"rendered":"https:\/\/p4h.world\/groupe-me\/"},"modified":"2023-11-07T12:33:47","modified_gmt":"2023-11-07T11:33:47","slug":"groupe-me","status":"publish","type":"page","link":"https:\/\/p4h.world\/fr\/gouvernance\/group-exchanges-techniques\/groupe-me\/","title":{"rendered":"Groupe M&amp;E"},"content":{"rendered":"<p>[et_pb_section fb_built=&#8221;1&#8243; _builder_version=&#8221;4.20.4&#8243; _module_preset=&#8221;default&#8221; locked=&#8221;off&#8221; global_colors_info=&#8221;{}&#8221; theme_builder_area=&#8221;post_content&#8221;][et_pb_row admin_label=&#8221;Entretoise&#8221; _builder_version=&#8221;4.20.4&#8243; _module_preset=&#8221;default&#8221; custom_padding=&#8221;0px|0px|10px|0px|false|false&#8221; global_module=&#8221;987504603&#8243; saved_tabs=&#8221;all&#8221; collapsed=&#8221;on&#8221; global_colors_info=&#8221;{}&#8221; theme_builder_area=&#8221;post_content&#8221;][et_pb_column type=&#8221;4_4&#8243; _builder_version=&#8221;4.19.2&#8243; _module_preset=&#8221;default&#8221; global_colors_info=&#8221;{}&#8221; theme_builder_area=&#8221;post_content&#8221;][et_pb_text _builder_version=&#8221;4.20.4&#8243; _module_preset=&#8221;default&#8221; custom_padding=&#8221;15px||15px||false|false&#8221; global_colors_info=&#8221;{}&#8221; theme_builder_area=&#8221;post_content&#8221;][\/et_pb_text][\/et_pb_column][\/et_pb_row][et_pb_row column_structure=&#8221;1_2,1_2&#8243; make_equal=&#8221;on&#8221; _builder_version=&#8221;4.20.4&#8243; _module_preset=&#8221;default&#8221; hover_enabled=&#8221;0&#8243; locked=&#8221;off&#8221; global_colors_info=&#8221;{}&#8221; theme_builder_area=&#8221;post_content&#8221; custom_padding=&#8221;0px|15px|0px|15px|false|true&#8221; sticky_enabled=&#8221;0&#8243; custom_css_main_element=&#8221;width: 100% !important;&#8221;][et_pb_column type=&#8221;1_2&#8243; _builder_version=&#8221;4.20.4&#8243; _module_preset=&#8221;default&#8221; hover_enabled=&#8221;0&#8243; custom_css_main_element=&#8221;width: 70% !important;&#8221; global_colors_info=&#8221;{}&#8221; theme_builder_area=&#8221;post_content&#8221; custom_css_main_element_last_edited=&#8221;on|phone&#8221; sticky_enabled=&#8221;0&#8243; custom_css_main_element_tablet=&#8221;width: 100% !important;&#8221; custom_css_main_element_phone=&#8221;width: 100% !important;&#8221;][et_pb_code _builder_version=&#8221;4.20.4&#8243; _module_preset=&#8221;default&#8221; custom_margin=&#8221;0px|0px|0px|0px|false|false&#8221; custom_padding=&#8221;0px|0px|0px|0px|false|false&#8221; global_colors_info=&#8221;{}&#8221; theme_builder_area=&#8221;post_content&#8221;]<\/p>\n<div class=\"p4h-title withlink\">\n<p><!-- [et_pb_line_break_holder] --><\/p>\n<h3 class=\"p4h-fc-dark p4h-fs-24 p4h-text-uppercase\">Membres du groupe de suivi et d&#8217;\u00e9valuation<\/h3>\n<p><!-- [et_pb_line_break_holder] --><\/p>\n<\/div>\n<p>[\/et_pb_code][et_pb_code module_class=&#8221;member-grid&#8221; _builder_version=&#8221;4.20.4&#8243; _module_preset=&#8221;default&#8221; global_colors_info=&#8221;{}&#8221; theme_builder_area=&#8221;post_content&#8221;]<div class=\"pt-cv-wrapper et_smooth_scroll_disabled\"><div class=\"pt-cv-view pt-cv-grid pt-cv-colsys\" id=\"pt-cv-view-a263367g5o\"><div data-id=\"pt-cv-page-1\" class=\"pt-cv-page\" data-cvc=\"2\"><div class=\"col-md-6 col-sm-6 col-xs-12 pt-cv-content-item pt-cv-1-col\"  data-pid=\"987628815\"><div class='pt-cv-ifield'><a href=\"https:\/\/p4h.world\/fr\/organization\/le-fonds-mondial\/\" class=\"_self pt-cv-href-thumbnail pt-cv-thumb-default cvplbd\" target=\"_self\" ><img width=\"300\" height=\"295\" src=\"https:\/\/p4h.world\/app\/uploads\/2022\/12\/the-global-fund_member.png\" class=\"pt-cv-thumbnail img-none\" alt=\"Le Fonds mondial\" decoding=\"async\" loading=\"lazy\" \/><\/a>\n<h4 class=\"pt-cv-title\"><a href=\"https:\/\/p4h.world\/fr\/organization\/le-fonds-mondial\/\" class=\"_self cvplbd\" target=\"_self\" >Le Fonds mondial<\/a><\/h4>\n<div class=\"pt-cv-content\">Lorem Ipsum est simplement un texte factice de l'industrie de l'imprimerie et de la composition. Le Lorem Ipsum est le ...<\/div>\n<div class=\"pt-cv-ctf-list\" data-cvc=\"1\"><div class=\"col-md-12 pt-cv-ctf-column\"><div class=\"pt-cv-custom-fields pt-cv-ctf-official_website\"><div class=\"pt-cv-ctf-value\"><a href=\"https:\/\/www.theglobalfund.org\/en\/\">Visiter le site web<\/a><\/div><\/div><\/div><\/div><\/div><\/div>\n<div class=\"col-md-6 col-sm-6 col-xs-12 pt-cv-content-item pt-cv-1-col\"  data-pid=\"987628825\"><div class='pt-cv-ifield'><a href=\"https:\/\/p4h.world\/fr\/organization\/ddc-suisse\/\" class=\"_self pt-cv-href-thumbnail pt-cv-thumb-default cvplbd\" target=\"_self\" ><img width=\"300\" height=\"327\" src=\"https:\/\/p4h.world\/app\/uploads\/2022\/12\/eda_logo.png\" class=\"pt-cv-thumbnail img-none\" alt=\"D\u00e9partement f\u00e9d\u00e9ral des affaires \u00e9trang\u00e8res (DFAE) - Suisse\" decoding=\"async\" loading=\"lazy\" srcset=\"https:\/\/p4h.world\/app\/uploads\/2022\/12\/eda_logo.png 300w, https:\/\/p4h.world\/app\/uploads\/2022\/12\/eda_logo-275x300.png 275w\" sizes=\"(max-width: 300px) 100vw, 300px\" \/><\/a>\n<h4 class=\"pt-cv-title\"><a href=\"https:\/\/p4h.world\/fr\/organization\/ddc-suisse\/\" class=\"_self cvplbd\" target=\"_self\" >D\u00e9partement f\u00e9d\u00e9ral des affaires \u00e9trang\u00e8res (DFAE) &#8211; Suisse<\/a><\/h4>\n<div class=\"pt-cv-content\">Lorem Ipsum est simplement un texte factice de l'industrie de l'imprimerie et de la composition. Le Lorem Ipsum est le ...<\/div>\n<div class=\"pt-cv-ctf-list\" data-cvc=\"1\"><div class=\"col-md-12 pt-cv-ctf-column\"><div class=\"pt-cv-custom-fields pt-cv-ctf-official_website\"><div class=\"pt-cv-ctf-value\"><a href=\"https:\/\/www.eda.admin.ch\/eda\/en\/fdfa.html\">Visiter le site web<\/a><\/div><\/div><\/div><\/div><\/div><\/div>\n<div class=\"col-md-6 col-sm-6 col-xs-12 pt-cv-content-item pt-cv-1-col\"  data-pid=\"987628819\"><div class='pt-cv-ifield'><a href=\"https:\/\/p4h.world\/fr\/organization\/groupe-de-la-banque-mondiale\/\" class=\"_self pt-cv-href-thumbnail pt-cv-thumb-default cvplbd\" target=\"_self\" ><img width=\"300\" height=\"293\" src=\"https:\/\/p4h.world\/app\/uploads\/2007\/06\/world-bank.png\" class=\"pt-cv-thumbnail img-none\" alt=\"Groupe de la Banque mondiale (GBM)\" decoding=\"async\" loading=\"lazy\" \/><\/a>\n<h4 class=\"pt-cv-title\"><a href=\"https:\/\/p4h.world\/fr\/organization\/groupe-de-la-banque-mondiale\/\" class=\"_self cvplbd\" target=\"_self\" >Groupe de la Banque mondiale (GBM)<\/a><\/h4>\n<div class=\"pt-cv-content\">Lorem Ipsum est simplement un texte factice de l'industrie de l'imprimerie et de la composition. Le Lorem Ipsum est le ...<\/div>\n<div class=\"pt-cv-ctf-list\" data-cvc=\"1\"><div class=\"col-md-12 pt-cv-ctf-column\"><div class=\"pt-cv-custom-fields pt-cv-ctf-official_website\"><div class=\"pt-cv-ctf-value\"><a href=\"https:\/\/www.worldbank.org\">Visiter le site web<\/a><\/div><\/div><\/div><\/div><\/div><\/div>\n<div class=\"col-md-6 col-sm-6 col-xs-12 pt-cv-content-item pt-cv-1-col\"  data-pid=\"987628811\"><div class='pt-cv-ifield'><a href=\"https:\/\/p4h.world\/fr\/organization\/organisation-mondiale-de-la-sante\/\" class=\"_self pt-cv-href-thumbnail pt-cv-thumb-default cvplbd\" target=\"_self\" ><img width=\"300\" height=\"284\" src=\"https:\/\/p4h.world\/app\/uploads\/2007\/05\/who_member.png\" class=\"pt-cv-thumbnail img-none\" alt=\"Organisation mondiale de la sant\u00e9 (OMS)\" decoding=\"async\" loading=\"lazy\" \/><\/a>\n<h4 class=\"pt-cv-title\"><a href=\"https:\/\/p4h.world\/fr\/organization\/organisation-mondiale-de-la-sante\/\" class=\"_self cvplbd\" target=\"_self\" >Organisation mondiale de la sant\u00e9 (OMS)<\/a><\/h4>\n<div class=\"pt-cv-content\">L'OMS a vu le jour lorsque notre Constitution est entr\u00e9e en vigueur le 7 avril 1948 - une date que ...<\/div>\n<div class=\"pt-cv-ctf-list\" data-cvc=\"1\"><div class=\"col-md-12 pt-cv-ctf-column\"><div class=\"pt-cv-custom-fields pt-cv-ctf-official_website\"><div class=\"pt-cv-ctf-value\"><a href=\"https:\/\/who.int\">Visiter le site web<\/a><\/div><\/div><\/div><\/div><\/div><\/div><\/div><\/div><\/div>\t\t\t<style type=\"text\/css\" id=\"pt-cv-inline-style-9ab08a0n3g\">#pt-cv-view-a263367g5o .pt-cv-specialp { background-color: #CC3333 !important }\n#pt-cv-view-a263367g5o .pt-cv-specialp * { color: #fff !important; }\n#pt-cv-view-a263367g5o .pt-cv-pficon  { color: #bbb !important; }\n#pt-cv-view-a263367g5o .pt-cv-readmore  { color: #ffffff !important; background-color: #ea3a32 !important; }\n#pt-cv-view-a263367g5o .pt-cv-readmore:hover  { color: #ffffff !important; background-color: #2d424c !important; }\n#pt-cv-view-a263367g5o  + .pt-cv-pagination-wrapper .pt-cv-more , #pt-cv-view-a263367g5o  + .pt-cv-pagination-wrapper .pagination .active a, .pt-cv-pagination[data-sid='a263367g5o'] .active a { color: #ffffff !important; background-color: #00aeef !important; }<\/style>\r\n\t\t\t[\/et_pb_code][\/et_pb_column][et_pb_column type=&#8221;1_2&#8243; _builder_version=&#8221;4.20.4&#8243; _module_preset=&#8221;default&#8221; hover_enabled=&#8221;0&#8243; custom_css_main_element=&#8221;width: 30% !important;&#8221; global_colors_info=&#8221;{}&#8221; theme_builder_area=&#8221;post_content&#8221; custom_css_main_element_last_edited=&#8221;on|tablet&#8221; sticky_enabled=&#8221;0&#8243; custom_css_main_element_phone=&#8221;width: 100% !important;&#8221; custom_css_main_element_tablet=&#8221;width: 100% !important;&#8221;][et_pb_code _builder_version=&#8221;4.20.4&#8243; _module_preset=&#8221;default&#8221; custom_margin=&#8221;0px|0px|0px|0px|false|false&#8221; custom_padding=&#8221;0px|0px|0px|0px|false|false&#8221; global_colors_info=&#8221;{}&#8221; theme_builder_area=&#8221;post_content&#8221;]<\/p>\n<div class=\"p4h-title withlink\">\n<p><!-- [et_pb_line_break_holder] --><\/p>\n<h3 class=\"p4h-fc-dark p4h-fs-24 p4h-text-uppercase pb-0\">Derniers \u00e9v\u00e9nements et documents<\/h3>\n<p><!-- [et_pb_line_break_holder] --><\/p>\n<\/div>\n<p>[\/et_pb_code][et_pb_code module_class=&#8221;p4h-content-grid with-document-icon&#8221; _builder_version=&#8221;4.20.4&#8243; _module_preset=&#8221;default&#8221; global_colors_info=&#8221;{}&#8221; theme_builder_area=&#8221;post_content&#8221;]<div class=\"pt-cv-wrapper et_smooth_scroll_disabled\"><div class=\"pt-cv-view pt-cv-grid pt-cv-colsys pt-cv-pgloadmore\" id=\"pt-cv-view-fa1574dym9\"><div data-id=\"pt-cv-page-1\" class=\"pt-cv-page\" data-cvc=\"1\"><div class=\"col-md-12 col-sm-12 col-xs-12 pt-cv-content-item pt-cv-1-col\"  data-pid=\"987678455\"><div class='pt-cv-ifield'><h4 class=\"pt-cv-title\"><a href=\"https:\/\/p4h.world\/fr\/documents\/lutte-contre-la-malnutrition-chronique-au-niger\/\" class=\"_self cvplbd\" target=\"_self\" >Lutte contre la malnutrition chronique au Niger<\/a><\/h4>\n<div class=\"pt-cv-meta-fields\"><span class=\"post-type\">DOCUMENT<\/span> <span class=\"p4h-fc-dark\">|<\/span> <span class=\"entry-date\"> <time datetime=\"2024-02-12T12:22:29+01:00\">12 F\u00e9vr 2024<\/time><\/span><\/div><\/div><\/div>\n<div class=\"col-md-12 col-sm-12 col-xs-12 pt-cv-content-item pt-cv-1-col\"  data-pid=\"987678392\"><div class='pt-cv-ifield'><h4 class=\"pt-cv-title\"><a href=\"https:\/\/p4h.world\/fr\/documents\/prevalence-contraceptive-et-fecondite-au-niger\/\" class=\"_self cvplbd\" target=\"_self\" >Pr\u00e9valence contraceptive et f\u00e9condit\u00e9 au Niger<\/a><\/h4>\n<div class=\"pt-cv-meta-fields\"><span class=\"post-type\">DOCUMENT<\/span> <span class=\"p4h-fc-dark\">|<\/span> <span class=\"entry-date\"> <time datetime=\"2024-02-12T11:47:20+01:00\">12 F\u00e9vr 2024<\/time><\/span><\/div><\/div><\/div>\n<div class=\"col-md-12 col-sm-12 col-xs-12 pt-cv-content-item pt-cv-1-col\"  data-pid=\"987677867\"><div class='pt-cv-ifield'><h4 class=\"pt-cv-title\"><a href=\"https:\/\/p4h.world\/fr\/documents\/rapport-technique-analyse-du-systeme-de-financement-de-la-sante-au-niger\/\" class=\"_self cvplbd\" target=\"_self\" >Rapport technique : Analyse du syst\u00e8me de financement de la sant\u00e9 au Niger<\/a><\/h4>\n<div class=\"pt-cv-meta-fields\"><span class=\"post-type\">DOCUMENT<\/span> <span class=\"p4h-fc-dark\">|<\/span> <span class=\"entry-date\"> <time datetime=\"2024-02-12T10:57:50+01:00\">12 F\u00e9vr 2024<\/time><\/span><\/div><\/div><\/div>\n<div class=\"col-md-12 col-sm-12 col-xs-12 pt-cv-content-item pt-cv-1-col\"  data-pid=\"987675535\"><div class='pt-cv-ifield'><h4 class=\"pt-cv-title\"><a href=\"https:\/\/p4h.world\/fr\/documents\/arrete-ministeriel-sur-les-groupes-thematiques-sante-en-guinee\/\" class=\"_self cvplbd\" target=\"_self\" >Arr\u00eat\u00e9 minist\u00e9riel sur les groupes th\u00e9matiques Sant\u00e9 en Guin\u00e9e<\/a><\/h4>\n<div class=\"pt-cv-meta-fields\"><span class=\"post-type\">DOCUMENT<\/span> <span class=\"p4h-fc-dark\">|<\/span> <span class=\"entry-date\"> <time datetime=\"2024-02-05T11:17:54+01:00\">05 F\u00e9vr 2024<\/time><\/span><\/div><\/div><\/div>\n<div class=\"col-md-12 col-sm-12 col-xs-12 pt-cv-content-item pt-cv-1-col\"  data-pid=\"987675488\"><div class='pt-cv-ifield'><h4 class=\"pt-cv-title\"><a href=\"https:\/\/p4h.world\/fr\/documents\/fonctionnement-de-la-cellule-deconomie-de-la-sante-au-senegal\/\" class=\"_self cvplbd\" target=\"_self\" >Fonctionnement de la Cellule d&#8217;\u00c9conomie de la Sant\u00e9 au S\u00e9n\u00e9gal<\/a><\/h4>\n<div class=\"pt-cv-meta-fields\"><span class=\"post-type\">DOCUMENT<\/span> <span class=\"p4h-fc-dark\">|<\/span> <span class=\"entry-date\"> <time datetime=\"2024-02-05T10:38:22+01:00\">05 F\u00e9vr 2024<\/time><\/span><\/div><\/div><\/div>\n<div class=\"col-md-12 col-sm-12 col-xs-12 pt-cv-content-item pt-cv-1-col\"  data-pid=\"987654047\"><div class='pt-cv-ifield'><h4 class=\"pt-cv-title\"><a href=\"https:\/\/p4h.world\/fr\/events\/atelier-sur-le-groupe-dechange-technique-ppr-et-p4h\/\" class=\"_self cvplbd\" target=\"_self\" >Atelier sur le groupe d&#8217;\u00e9change technique PPR et P4H<\/a><\/h4>\n<div class=\"pt-cv-meta-fields\"><span class=\"post-type\">\u00c9V\u00c9NEMENT P4H<\/span><\/div><\/div><\/div><\/div><\/div><\/div>\t\t\t<style type=\"text\/css\" id=\"pt-cv-inline-style-1d022fdzps\">#pt-cv-view-fa1574dym9 .pt-cv-carousel-caption  { background-color: rgba(51,51,51,.6) !important; }\n#pt-cv-view-fa1574dym9 .pt-cv-specialp { background-color: #CC3333 !important }\n#pt-cv-view-fa1574dym9 .pt-cv-specialp * { color: #fff !important; }\n#pt-cv-view-fa1574dym9 .pt-cv-pficon  { color: #bbb !important; }\n#pt-cv-view-fa1574dym9 .pt-cv-readmore  { color: #ffffff !important; }\n#pt-cv-view-fa1574dym9 .pt-cv-readmore:hover  { color: #ffffff !important; }\n#pt-cv-view-fa1574dym9  + .pt-cv-pagination-wrapper .pt-cv-more , #pt-cv-view-fa1574dym9  + .pt-cv-pagination-wrapper .pagination .active a, .pt-cv-pagination[data-sid='fa1574dym9'] .active a { color: #ffffff !important; }<\/style>\r\n\t\t\t[\/et_pb_code][\/et_pb_column][\/et_pb_row][et_pb_row admin_label=&#8221;Entretoise&#8221; _builder_version=&#8221;4.20.4&#8243; _module_preset=&#8221;default&#8221; custom_padding=&#8221;0px|0px|10px|0px|false|false&#8221; global_module=&#8221;987504603&#8243; saved_tabs=&#8221;all&#8221; collapsed=&#8221;on&#8221; global_colors_info=&#8221;{}&#8221; theme_builder_area=&#8221;post_content&#8221;][et_pb_column type=&#8221;4_4&#8243; _builder_version=&#8221;4.19.2&#8243; _module_preset=&#8221;default&#8221; global_colors_info=&#8221;{}&#8221; theme_builder_area=&#8221;post_content&#8221;][et_pb_text _builder_version=&#8221;4.20.4&#8243; _module_preset=&#8221;default&#8221; custom_padding=&#8221;15px||15px||false|false&#8221; global_colors_info=&#8221;{}&#8221; theme_builder_area=&#8221;post_content&#8221;][\/et_pb_text][\/et_pb_column][\/et_pb_row][\/et_pb_section]<\/p>\n","protected":false},"excerpt":{"rendered":"<p><div class=\"pt-cv-wrapper et_smooth_scroll_disabled\"><div class=\"pt-cv-view pt-cv-grid pt-cv-colsys\" id=\"pt-cv-view-a263367g5o\"><div data-id=\"pt-cv-page-1\" class=\"pt-cv-page\" data-cvc=\"2\"><div class=\"col-md-6 col-sm-6 col-xs-12 pt-cv-content-item pt-cv-1-col\"  data-pid=\"987628815\"><div class='pt-cv-ifield'><a href=\"https:\/\/p4h.world\/fr\/organization\/le-fonds-mondial\/\" class=\"_self pt-cv-href-thumbnail pt-cv-thumb-default cvplbd\" target=\"_self\" ><img width=\"300\" height=\"295\" src=\"https:\/\/p4h.world\/app\/uploads\/2022\/12\/the-global-fund_member.png\" class=\"pt-cv-thumbnail img-none\" alt=\"Le Fonds mondial\" decoding=\"async\" loading=\"lazy\" \/><\/a>\n<h4 class=\"pt-cv-title\"><a href=\"https:\/\/p4h.world\/fr\/organization\/le-fonds-mondial\/\" class=\"_self cvplbd\" target=\"_self\" >Le Fonds mondial<\/a><\/h4>\n<div class=\"pt-cv-content\">Lorem Ipsum est simplement un texte factice de l'industrie de l'imprimerie et de la composition. Le Lorem Ipsum est le ...<\/div>\n<div class=\"pt-cv-ctf-list\" data-cvc=\"1\"><div class=\"col-md-12 pt-cv-ctf-column\"><div class=\"pt-cv-custom-fields pt-cv-ctf-official_website\"><div class=\"pt-cv-ctf-value\"><a href=\"https:\/\/www.theglobalfund.org\/en\/\">Visiter le site web<\/a><\/div><\/div><\/div><\/div><\/div><\/div>\n<div class=\"col-md-6 col-sm-6 col-xs-12 pt-cv-content-item pt-cv-1-col\"  data-pid=\"987628825\"><div class='pt-cv-ifield'><a href=\"https:\/\/p4h.world\/fr\/organization\/ddc-suisse\/\" class=\"_self pt-cv-href-thumbnail pt-cv-thumb-default cvplbd\" target=\"_self\" ><img width=\"300\" height=\"327\" src=\"https:\/\/p4h.world\/app\/uploads\/2022\/12\/eda_logo.png\" class=\"pt-cv-thumbnail img-none\" alt=\"D\u00e9partement f\u00e9d\u00e9ral des affaires \u00e9trang\u00e8res (DFAE) - Suisse\" decoding=\"async\" loading=\"lazy\" srcset=\"https:\/\/p4h.world\/app\/uploads\/2022\/12\/eda_logo.png 300w, https:\/\/p4h.world\/app\/uploads\/2022\/12\/eda_logo-275x300.png 275w\" sizes=\"(max-width: 300px) 100vw, 300px\" \/><\/a>\n<h4 class=\"pt-cv-title\"><a href=\"https:\/\/p4h.world\/fr\/organization\/ddc-suisse\/\" class=\"_self cvplbd\" target=\"_self\" >D\u00e9partement f\u00e9d\u00e9ral des affaires \u00e9trang\u00e8res (DFAE) &#8211; Suisse<\/a><\/h4>\n<div class=\"pt-cv-content\">Lorem Ipsum est simplement un texte factice de l'industrie de l'imprimerie et de la composition. Le Lorem Ipsum est le ...<\/div>\n<div class=\"pt-cv-ctf-list\" data-cvc=\"1\"><div class=\"col-md-12 pt-cv-ctf-column\"><div class=\"pt-cv-custom-fields pt-cv-ctf-official_website\"><div class=\"pt-cv-ctf-value\"><a href=\"https:\/\/www.eda.admin.ch\/eda\/en\/fdfa.html\">Visiter le site web<\/a><\/div><\/div><\/div><\/div><\/div><\/div>\n<div class=\"col-md-6 col-sm-6 col-xs-12 pt-cv-content-item pt-cv-1-col\"  data-pid=\"987628819\"><div class='pt-cv-ifield'><a href=\"https:\/\/p4h.world\/fr\/organization\/groupe-de-la-banque-mondiale\/\" class=\"_self pt-cv-href-thumbnail pt-cv-thumb-default cvplbd\" target=\"_self\" ><img width=\"300\" height=\"293\" src=\"https:\/\/p4h.world\/app\/uploads\/2007\/06\/world-bank.png\" class=\"pt-cv-thumbnail img-none\" alt=\"Groupe de la Banque mondiale (GBM)\" decoding=\"async\" loading=\"lazy\" \/><\/a>\n<h4 class=\"pt-cv-title\"><a href=\"https:\/\/p4h.world\/fr\/organization\/groupe-de-la-banque-mondiale\/\" class=\"_self cvplbd\" target=\"_self\" >Groupe de la Banque mondiale (GBM)<\/a><\/h4>\n<div class=\"pt-cv-content\">Lorem Ipsum est simplement un texte factice de l'industrie de l'imprimerie et de la composition. Le Lorem Ipsum est le ...<\/div>\n<div class=\"pt-cv-ctf-list\" data-cvc=\"1\"><div class=\"col-md-12 pt-cv-ctf-column\"><div class=\"pt-cv-custom-fields pt-cv-ctf-official_website\"><div class=\"pt-cv-ctf-value\"><a href=\"https:\/\/www.worldbank.org\">Visiter le site web<\/a><\/div><\/div><\/div><\/div><\/div><\/div>\n<div class=\"col-md-6 col-sm-6 col-xs-12 pt-cv-content-item pt-cv-1-col\"  data-pid=\"987628811\"><div class='pt-cv-ifield'><a href=\"https:\/\/p4h.world\/fr\/organization\/organisation-mondiale-de-la-sante\/\" class=\"_self pt-cv-href-thumbnail pt-cv-thumb-default cvplbd\" target=\"_self\" ><img width=\"300\" height=\"284\" src=\"https:\/\/p4h.world\/app\/uploads\/2007\/05\/who_member.png\" class=\"pt-cv-thumbnail img-none\" alt=\"Organisation mondiale de la sant\u00e9 (OMS)\" decoding=\"async\" loading=\"lazy\" \/><\/a>\n<h4 class=\"pt-cv-title\"><a href=\"https:\/\/p4h.world\/fr\/organization\/organisation-mondiale-de-la-sante\/\" class=\"_self cvplbd\" target=\"_self\" >Organisation mondiale de la sant\u00e9 (OMS)<\/a><\/h4>\n<div class=\"pt-cv-content\">L'OMS a vu le jour lorsque notre Constitution est entr\u00e9e en vigueur le 7 avril 1948 - une date que ...<\/div>\n<div class=\"pt-cv-ctf-list\" data-cvc=\"1\"><div class=\"col-md-12 pt-cv-ctf-column\"><div class=\"pt-cv-custom-fields pt-cv-ctf-official_website\"><div class=\"pt-cv-ctf-value\"><a href=\"https:\/\/who.int\">Visiter le site web<\/a><\/div><\/div><\/div><\/div><\/div><\/div><\/div><\/div><\/div>\t\t\t<style type=\"text\/css\" id=\"pt-cv-inline-style-e0a331apt7\">#pt-cv-view-a263367g5o .pt-cv-specialp { background-color: #CC3333 !important }\n#pt-cv-view-a263367g5o .pt-cv-specialp * { color: #fff !important; }\n#pt-cv-view-a263367g5o .pt-cv-pficon  { color: #bbb !important; }\n#pt-cv-view-a263367g5o .pt-cv-readmore  { color: #ffffff !important; background-color: #ea3a32 !important; }\n#pt-cv-view-a263367g5o .pt-cv-readmore:hover  { color: #ffffff !important; background-color: #2d424c !important; }\n#pt-cv-view-a263367g5o  + .pt-cv-pagination-wrapper .pt-cv-more , #pt-cv-view-a263367g5o  + .pt-cv-pagination-wrapper .pagination .active a, .pt-cv-pagination[data-sid='a263367g5o'] .active a { color: #ffffff !important; background-color: #00aeef !important; }<\/style>\r\n\t\t\t<div class=\"pt-cv-wrapper et_smooth_scroll_disabled\"><div class=\"pt-cv-view pt-cv-grid pt-cv-colsys pt-cv-pgloadmore\" id=\"pt-cv-view-fa1574dym9\"><div data-id=\"pt-cv-page-1\" class=\"pt-cv-page\" data-cvc=\"1\"><div class=\"col-md-12 col-sm-12 col-xs-12 pt-cv-content-item pt-cv-1-col\"  data-pid=\"987678455\"><div class='pt-cv-ifield'><h4 class=\"pt-cv-title\"><a href=\"https:\/\/p4h.world\/fr\/documents\/lutte-contre-la-malnutrition-chronique-au-niger\/\" class=\"_self cvplbd\" target=\"_self\" >Lutte contre la malnutrition chronique au Niger<\/a><\/h4>\n<div class=\"pt-cv-meta-fields\"><span class=\"post-type\">DOCUMENT<\/span> <span class=\"p4h-fc-dark\">|<\/span> <span class=\"entry-date\"> <time datetime=\"2024-02-12T12:22:29+01:00\">12 F\u00e9vr 2024<\/time><\/span><\/div><\/div><\/div>\n<div class=\"col-md-12 col-sm-12 col-xs-12 pt-cv-content-item pt-cv-1-col\"  data-pid=\"987678392\"><div class='pt-cv-ifield'><h4 class=\"pt-cv-title\"><a href=\"https:\/\/p4h.world\/fr\/documents\/prevalence-contraceptive-et-fecondite-au-niger\/\" class=\"_self cvplbd\" target=\"_self\" >Pr\u00e9valence contraceptive et f\u00e9condit\u00e9 au Niger<\/a><\/h4>\n<div class=\"pt-cv-meta-fields\"><span class=\"post-type\">DOCUMENT<\/span> <span class=\"p4h-fc-dark\">|<\/span> <span class=\"entry-date\"> <time datetime=\"2024-02-12T11:47:20+01:00\">12 F\u00e9vr 2024<\/time><\/span><\/div><\/div><\/div>\n<div class=\"col-md-12 col-sm-12 col-xs-12 pt-cv-content-item pt-cv-1-col\"  data-pid=\"987677867\"><div class='pt-cv-ifield'><h4 class=\"pt-cv-title\"><a href=\"https:\/\/p4h.world\/fr\/documents\/rapport-technique-analyse-du-systeme-de-financement-de-la-sante-au-niger\/\" class=\"_self cvplbd\" target=\"_self\" >Rapport technique : Analyse du syst\u00e8me de financement de la sant\u00e9 au Niger<\/a><\/h4>\n<div class=\"pt-cv-meta-fields\"><span class=\"post-type\">DOCUMENT<\/span> <span class=\"p4h-fc-dark\">|<\/span> <span class=\"entry-date\"> <time datetime=\"2024-02-12T10:57:50+01:00\">12 F\u00e9vr 2024<\/time><\/span><\/div><\/div><\/div>\n<div class=\"col-md-12 col-sm-12 col-xs-12 pt-cv-content-item pt-cv-1-col\"  data-pid=\"987675535\"><div class='pt-cv-ifield'><h4 class=\"pt-cv-title\"><a href=\"https:\/\/p4h.world\/fr\/documents\/arrete-ministeriel-sur-les-groupes-thematiques-sante-en-guinee\/\" class=\"_self cvplbd\" target=\"_self\" >Arr\u00eat\u00e9 minist\u00e9riel sur les groupes th\u00e9matiques Sant\u00e9 en Guin\u00e9e<\/a><\/h4>\n<div class=\"pt-cv-meta-fields\"><span class=\"post-type\">DOCUMENT<\/span> <span class=\"p4h-fc-dark\">|<\/span> <span class=\"entry-date\"> <time datetime=\"2024-02-05T11:17:54+01:00\">05 F\u00e9vr 2024<\/time><\/span><\/div><\/div><\/div>\n<div class=\"col-md-12 col-sm-12 col-xs-12 pt-cv-content-item pt-cv-1-col\"  data-pid=\"987675488\"><div class='pt-cv-ifield'><h4 class=\"pt-cv-title\"><a href=\"https:\/\/p4h.world\/fr\/documents\/fonctionnement-de-la-cellule-deconomie-de-la-sante-au-senegal\/\" class=\"_self cvplbd\" target=\"_self\" >Fonctionnement de la Cellule d&#8217;\u00c9conomie de la Sant\u00e9 au S\u00e9n\u00e9gal<\/a><\/h4>\n<div class=\"pt-cv-meta-fields\"><span class=\"post-type\">DOCUMENT<\/span> <span class=\"p4h-fc-dark\">|<\/span> <span class=\"entry-date\"> <time datetime=\"2024-02-05T10:38:22+01:00\">05 F\u00e9vr 2024<\/time><\/span><\/div><\/div><\/div>\n<div class=\"col-md-12 col-sm-12 col-xs-12 pt-cv-content-item pt-cv-1-col\"  data-pid=\"987654047\"><div class='pt-cv-ifield'><h4 class=\"pt-cv-title\"><a href=\"https:\/\/p4h.world\/fr\/events\/atelier-sur-le-groupe-dechange-technique-ppr-et-p4h\/\" class=\"_self cvplbd\" target=\"_self\" >Atelier sur le groupe d&#8217;\u00e9change technique PPR et P4H<\/a><\/h4>\n<div class=\"pt-cv-meta-fields\"><span class=\"post-type\">\u00c9V\u00c9NEMENT P4H<\/span><\/div><\/div><\/div><\/div><\/div><\/div>\t\t\t<style type=\"text\/css\" id=\"pt-cv-inline-style-fcfd54e40t\">#pt-cv-view-fa1574dym9 .pt-cv-carousel-caption  { background-color: rgba(51,51,51,.6) !important; }\n#pt-cv-view-fa1574dym9 .pt-cv-specialp { background-color: #CC3333 !important }\n#pt-cv-view-fa1574dym9 .pt-cv-specialp * { color: #fff !important; }\n#pt-cv-view-fa1574dym9 .pt-cv-pficon  { color: #bbb !important; }\n#pt-cv-view-fa1574dym9 .pt-cv-readmore  { color: #ffffff !important; }\n#pt-cv-view-fa1574dym9 .pt-cv-readmore:hover  { color: #ffffff !important; }\n#pt-cv-view-fa1574dym9  + .pt-cv-pagination-wrapper .pt-cv-more , #pt-cv-view-fa1574dym9  + .pt-cv-pagination-wrapper .pagination .active a, .pt-cv-pagination[data-sid='fa1574dym9'] .active a { color: #ffffff !important; }<\/style>\r\n\t\t\t<\/p>\n","protected":false},"author":1,"featured_media":0,"parent":987627378,"menu_order":0,"comment_status":"closed","ping_status":"closed","template":"","meta":{"_et_pb_use_builder":"on","_et_pb_old_content":"","_et_gb_content_width":""},"acf":[],"_links":{"self":[{"href":"https:\/\/p4h.world\/fr\/wp-json\/wp\/v2\/pages\/987627318"}],"collection":[{"href":"https:\/\/p4h.world\/fr\/wp-json\/wp\/v2\/pages"}],"about":[{"href":"https:\/\/p4h.world\/fr\/wp-json\/wp\/v2\/types\/page"}],"author":[{"embeddable":true,"href":"https:\/\/p4h.world\/fr\/wp-json\/wp\/v2\/users\/1"}],"replies":[{"embeddable":true,"href":"https:\/\/p4h.world\/fr\/wp-json\/wp\/v2\/comments?post=987627318"}],"version-history":[{"count":1,"href":"https:\/\/p4h.world\/fr\/wp-json\/wp\/v2\/pages\/987627318\/revisions"}],"predecessor-version":[{"id":987667185,"href":"https:\/\/p4h.world\/fr\/wp-json\/wp\/v2\/pages\/987627318\/revisions\/987667185"}],"up":[{"embeddable":true,"href":"https:\/\/p4h.world\/fr\/wp-json\/wp\/v2\/pages\/987627378"}],"wp:attachment":[{"href":"https:\/\/p4h.world\/fr\/wp-json\/wp\/v2\/media?parent=987627318"}],"curies":[{"name":"wp","href":"https:\/\/api.w.org\/{rel}","templated":true}]}}