{"id":987627396,"date":"2023-05-04T06:10:20","date_gmt":"2023-05-04T05:10:20","guid":{"rendered":"https:\/\/p4h.world\/bulletin-dinformation-de-leeca\/"},"modified":"2024-05-31T15:12:21","modified_gmt":"2024-05-31T14:12:21","slug":"bulletin-dinformation-de-leeca","status":"publish","type":"page","link":"https:\/\/p4h.world\/fr\/actualites\/bulletins-dinformation\/bulletin-dinformation-de-leeca\/","title":{"rendered":"Bulletin d&#8217;information de l&#8217;EECA"},"content":{"rendered":"<p>[et_pb_section fb_built=&#8221;1&#8243; _builder_version=&#8221;4.20.4&#8243; _module_preset=&#8221;default&#8221; global_colors_info=&#8221;{}&#8221;][et_pb_row admin_label=&#8221;Entretoise&#8221; _builder_version=&#8221;4.21.0&#8243; _module_preset=&#8221;default&#8221; display_conditions=&#8221;W10=&#8221; custom_padding=&#8221;0px|0px|29px|0px|false|false&#8221; global_module=&#8221;987504603&#8243; saved_tabs=&#8221;all&#8221; collapsed=&#8221;on&#8221; global_colors_info=&#8221;{}&#8221;][et_pb_column type=&#8221;4_4&#8243; _builder_version=&#8221;4.19.2&#8243; _module_preset=&#8221;default&#8221; global_colors_info=&#8221;{}&#8221;][\/et_pb_column][\/et_pb_row][et_pb_row _builder_version=&#8221;4.20.4&#8243; _module_preset=&#8221;default&#8221; custom_padding=&#8221;0px|15px|0px|15px|false|true&#8221; global_colors_info=&#8221;{}&#8221;][et_pb_column type=&#8221;4_4&#8243; _builder_version=&#8221;4.20.4&#8243; _module_preset=&#8221;default&#8221; global_colors_info=&#8221;{}&#8221;][et_pb_code _builder_version=&#8221;4.21.0&#8243; _module_preset=&#8221;default&#8221; hover_enabled=&#8221;0&#8243; global_colors_info=&#8221;{}&#8221; sticky_enabled=&#8221;0&#8243;]<\/p>\n<div class=\"p4h-title withlink mb-20\"><!-- [et_pb_line_break_holder] --><\/p>\n<h3 class=\"p4h-fc-dark p4h-fs-24 p4h-text-uppercase pb-0\">Bulletin d&#8217;information de l&#8217;EECA<\/h3>\n<p><!-- [et_pb_line_break_holder] --><\/div>\n<p><!-- [et_pb_line_break_holder] -->\n<div class=\"cfp-grid-form\">\n    <form action=\"\" method=\"post\" name=\"newsletter_filter_form\" id=\"newsletter_filter_form\" data-unique-id=\"\">\n        <input type=\"hidden\" name=\"custom_action\" value=\"newsletter_filter\">\n        <input type=\"hidden\" id=\"hidden_filter_name\">\n        <input type=\"hidden\" id=\"hidden_start_date\">\n        <input type=\"hidden\" id=\"hidden_end_date\">\n        <input type=\"hidden\" id=\"limit_hidden\" value=\"10\">\n        <input type=\"hidden\" id=\"hidden_segment\" value=\"9,17\">\n        <input type=\"hidden\" id=\"page_no\" value=\"1\">\n        <input type=\"hidden\" id=\"filter_shown_hidden\">\n\n        \n            <div class=\"indicator-filters mb-20\">\n\n                <div class=\"indicator-filter-item oneofthree\">\n                    <label>Nom<\/label>\n                    <input type=\"text\" name=\"newsletter_filter_name\" id=\"newsletter_filter_name\">\n                <\/div>\n\n                <div class=\"indicator-filter-item oneofthree\">\n                    <label>Date de d\u00e9but<\/label>\n                    <input class=\"p4h_date_picker\" type=\"text\" name=\"start_date\" id=\"newsletter_filter_start_date\">\n                <\/div>\n\n                <div class=\"indicator-filter-item oneofthree \">\n                    <label>Date de fin<\/label>\n                    <input class=\"p4h_date_picker\" type=\"text\" name=\"end_date\" id=\"newsletter_filter_end_date\">\n                <\/div>\n\n                <div class=\"indicator-filter-item oneofone p4h-text-center mb-0 \">\n\n                    <button type=\"submit\" name=\"newsletter_filter_submit\" id=\"newsletter_filter_submit\">Filtre<\/button>\n                    <button name=\"newsletter_filter_clear\" class=\"filter-clear-btn\" id=\"newsletter_filter_clear\">Remise \u00e0 z\u00e9ro<\/button>\n                <\/div>\n\n                <input type=\"hidden\" id=\"newsletter_filter_field\" name=\"newsletter_filter_field\" value=\"895c2fe6b5\" \/><input type=\"hidden\" name=\"_wp_http_referer\" value=\"\/fr\/wp-json\/wp\/v2\/pages\/987627396\" \/>\n            <\/div>\n        \n    <\/form>\n<\/div>\n\n<ul class=\"p4h-style-list\" id=\"newsletters-container\">\n    <\/ul>\n\n    <div>\n        <a data-loading-msg=\"Chargement...\" data-load-more-msg=\"En savoir plus\" class=\"p4h-load-more\" id=\"newsletter-load-more\" style=\"cursor:pointer;display:none;\" onclick=\"loadMoreNewsletter()\">En savoir plus<\/a>\n    <\/div>\n\n\n<div class=\"p4h-no-content p4h-no-content-newsletter\"  id=\"p4h-no-content-newsletter\">\n    <h3 class=\"p4h-no-content-title\">Aucun r\u00e9sultat trouv\u00e9<\/h3>\n    <p class=\"p4h-no-content-text\">Malheureusement, nous n'avons pas de r\u00e9sultats correspondant \u00e0 vos crit\u00e8res. Veuillez affiner votre recherche.<\/p>\n<\/div>[\/et_pb_code][\/et_pb_column][\/et_pb_row][et_pb_row admin_label=&#8221;Entretoise&#8221; _builder_version=&#8221;4.21.0&#8243; _module_preset=&#8221;default&#8221; display_conditions=&#8221;W10=&#8221; custom_padding=&#8221;0px|0px|29px|0px|false|false&#8221; global_module=&#8221;987504603&#8243; saved_tabs=&#8221;all&#8221; collapsed=&#8221;on&#8221; global_colors_info=&#8221;{}&#8221;][et_pb_column type=&#8221;4_4&#8243; _builder_version=&#8221;4.19.2&#8243; _module_preset=&#8221;default&#8221; global_colors_info=&#8221;{}&#8221;][\/et_pb_column][\/et_pb_row][\/et_pb_section][et_pb_section fb_built=&#8221;1&#8243; _builder_version=&#8221;4.21.0&#8243; _module_preset=&#8221;default&#8221; background_color=&#8221;#5EAABC&#8221; background_enable_image=&#8221;off&#8221; background_blend=&#8221;multiply&#8221; custom_padding=&#8221;||||false|false&#8221; locked=&#8221;off&#8221; global_colors_info=&#8221;{}&#8221;][et_pb_row column_structure=&#8221;2_5,3_5&#8243; make_equal=&#8221;on&#8221; _builder_version=&#8221;4.21.0&#8243; _module_preset=&#8221;default&#8221; custom_padding=&#8221;0px|15px|0px|15px|false|true&#8221; global_colors_info=&#8221;{}&#8221;][et_pb_column type=&#8221;2_5&#8243; _builder_version=&#8221;4.20.4&#8243; _module_preset=&#8221;default&#8221; custom_css_main_element=&#8221;display: flex;||flex-direction: column;||justify-content: center;&#8221; global_colors_info=&#8221;{}&#8221;][et_pb_text _builder_version=&#8221;4.21.0&#8243; _module_preset=&#8221;default&#8221; custom_margin=&#8221;0px|0px|10px|0px|false|false&#8221; custom_padding=&#8221;0px|0px|0px|0px|false|false&#8221; locked=&#8221;off&#8221; global_colors_info=&#8221;{}&#8221;]<\/p>\n<h1 class=\"p4h-fc-white\"><i class=\"icon_mail_alt\"><\/i>&nbsp;Restez inform\u00e9<\/h1>\n<p>[\/et_pb_text][\/et_pb_column][et_pb_column type=&#8221;3_5&#8243; _builder_version=&#8221;4.20.4&#8243; _module_preset=&#8221;default&#8221; custom_css_main_element=&#8221;display: flex;||flex-direction: column;||justify-content: center;&#8221; global_colors_info=&#8221;{}&#8221;][et_pb_accordion toggle_icon=&#8221;&#x54;||divi||400&#8243; module_class=&#8221;p4h-newsletterbox&#8221; _builder_version=&#8221;4.21.0&#8243; _module_preset=&#8221;default&#8221; background_color=&#8221;#FFFFFF&#8221; global_colors_info=&#8221;{}&#8221;][et_pb_accordion_item title=&#8221;S&#039;abonner \u00e0 la lettre d&#039;information de P4H&#8221; open=&#8221;on&#8221; _builder_version=&#8221;4.21.0&#8243; _module_preset=&#8221;default&#8221; global_colors_info=&#8221;{}&#8221;]<\/p>\n<div class=\"p4h-newsletterbox\">  \n  \n  <div class=\"\n    mailpoet_form_popup_overlay\n      \"><\/div>\n  <div\n    id=\"mailpoet_form_1\"\n    class=\"\n      mailpoet_form\n      mailpoet_form_shortcode\n      mailpoet_form_position_\n      mailpoet_form_animation_\n    \"\n      >\n\n    <style type=\"text\/css\">\n     #mailpoet_form_1 .mailpoet_form {  }\n#mailpoet_form_1 .mailpoet_column_with_background { padding: 10px; }\n#mailpoet_form_1 .mailpoet_form_column:not(:first-child) { margin-left: 20px; }\n#mailpoet_form_1 .mailpoet_paragraph { line-height: 20px; margin-bottom: 20px; }\n#mailpoet_form_1 .mailpoet_segment_label, #mailpoet_form_1 .mailpoet_text_label, #mailpoet_form_1 .mailpoet_textarea_label, #mailpoet_form_1 .mailpoet_select_label, #mailpoet_form_1 .mailpoet_radio_label, #mailpoet_form_1 .mailpoet_checkbox_label, #mailpoet_form_1 .mailpoet_list_label, #mailpoet_form_1 .mailpoet_date_label { display: block; font-weight: normal; }\n#mailpoet_form_1 .mailpoet_text, #mailpoet_form_1 .mailpoet_textarea, #mailpoet_form_1 .mailpoet_select, #mailpoet_form_1 .mailpoet_date_month, #mailpoet_form_1 .mailpoet_date_day, #mailpoet_form_1 .mailpoet_date_year, #mailpoet_form_1 .mailpoet_date { display: block; }\n#mailpoet_form_1 .mailpoet_text, #mailpoet_form_1 .mailpoet_textarea { width: 200px; }\n#mailpoet_form_1 .mailpoet_checkbox {  }\n#mailpoet_form_1 .mailpoet_submit {  }\n#mailpoet_form_1 .mailpoet_divider {  }\n#mailpoet_form_1 .mailpoet_message {  }\n#mailpoet_form_1 .mailpoet_form_loading { width: 30px; text-align: center; line-height: normal; }\n#mailpoet_form_1 .mailpoet_form_loading > span { width: 5px; height: 5px; background-color: #5b5b5b; }#mailpoet_form_1{border-radius: 0px;text-align: left;}#mailpoet_form_1 form.mailpoet_form {padding: 20px;}#mailpoet_form_1{width: 100%;}#mailpoet_form_1 .mailpoet_message {margin: 0; padding: 0 20px;}#mailpoet_form_1 .mailpoet_paragraph.last {margin-bottom: 0} @media (max-width: 500px) {#mailpoet_form_1 {background-image: none;}} @media (min-width: 500px) {#mailpoet_form_1 .last .mailpoet_paragraph:last-child {margin-bottom: 0}}  @media (max-width: 500px) {#mailpoet_form_1 .mailpoet_form_column:last-child .mailpoet_paragraph:last-child {margin-bottom: 0}} \n    <\/style>\n\n    <form\n      target=\"_self\"\n      method=\"post\"\n      action=\"https:\/\/p4h.world\/wp\/wp-admin\/admin-post.php?action=mailpoet_subscription_form\"\n      class=\"mailpoet_form mailpoet_form_form mailpoet_form_shortcode\"\n      novalidate\n      data-delay=\"\"\n      data-exit-intent-enabled=\"\"\n      data-font-family=\"\"\n      data-cookie-expiration-time=\"\"\n    >\n      <input type=\"hidden\" name=\"data[form_id]\" value=\"1\" \/>\n      <input type=\"hidden\" name=\"token\" value=\"d229324fb9\" \/>\n      <input type=\"hidden\" name=\"api_version\" value=\"v1\" \/>\n      <input type=\"hidden\" name=\"endpoint\" value=\"subscribers\" \/>\n      <input type=\"hidden\" name=\"mailpoet_method\" value=\"subscribe\" \/>\n\n      <label class=\"mailpoet_hp_email_label\" style=\"display: none !important;\">Please leave this field empty<input type=\"email\" name=\"data[email]\"\/><\/label><div class=\"mailpoet_paragraph \"><label for=\"form_email_1\" class=\"mailpoet-screen-reader-text\" data-automation-id=\"form_email_label\" >Email Address <span class=\"mailpoet_required\">*<\/span><\/label><input type=\"email\" autocomplete=\"email\" class=\"mailpoet_text\" id=\"form_email_1\" name=\"data[form_field_ODRkNDBiODViMDE0X2VtYWls]\" title=\"Email Address\" value=\"\" style=\"width:100%;box-sizing:border-box;padding:5px;margin: 0 auto 0 0;\" data-automation-id=\"form_email\"  placeholder=\"Email Address *\" data-parsley-required=\"true\" data-parsley-minlength=\"6\" data-parsley-maxlength=\"150\" data-parsley-type-message=\"This value should be a valid email.\" data-parsley-errors-container=\".mailpoet_error_email_\" data-parsley-required-message=\"This field is required.\"\/><\/div>\n<div class=\"mailpoet_paragraph \"><fieldset><legend class=\"mailpoet_segment_label\" >Choose newsletter<\/legend><label class=\"mailpoet_checkbox_label\" ><input type=\"checkbox\" class=\"mailpoet_checkbox\" name=\"data[form_field_MzkzODQyZTFiMTY3X3NlZ21lbnRz][]\" value=\"5\"  data-parsley-required=\"true\" data-parsley-group=\"segments\" data-parsley-errors-container=\".mailpoet_error_segments_1\" data-parsley-required-message=\"Please select a list.\" \/> Asia Newsletter<\/label><label class=\"mailpoet_checkbox_label\" ><input type=\"checkbox\" class=\"mailpoet_checkbox\" name=\"data[form_field_MzkzODQyZTFiMTY3X3NlZ21lbnRz][]\" value=\"9\"  data-parsley-required=\"true\" data-parsley-group=\"segments\" data-parsley-errors-container=\".mailpoet_error_segments_1\" data-parsley-required-message=\"Please select a list.\" \/> EECA Newsletter<\/label><span class=\"mailpoet_error_segments_1\"><\/span><\/fieldset><\/div>\n<div class=\"mailpoet_paragraph \"><input type=\"submit\" class=\"mailpoet_submit\" value=\"Subscribe\" data-automation-id=\"subscribe-submit-button\" style=\"width:100%;box-sizing:border-box;padding:5px;margin: 0 auto 0 0;border-color:transparent;\" \/><span class=\"mailpoet_form_loading\"><span class=\"mailpoet_bounce1\"><\/span><span class=\"mailpoet_bounce2\"><\/span><span class=\"mailpoet_bounce3\"><\/span><\/span><\/div>\n<p class=\"mailpoet_form_paragraph \" style=\"text-align: left\">By subscribing you accept the terms of our <a href=\"https:\/\/p4h.world\/en\/privacy-policy\/\" data-type=\"page\" data-id=\"3\" target=\"_blank\" rel=\"noreferrer noopener\">Privacy Policy<\/a>.<\/p>\n\n      <div class=\"mailpoet_message\">\n        <p class=\"mailpoet_validate_success\"\n                style=\"display:none;\"\n                >Check your inbox or spam folder to confirm your subscription.\n        <\/p>\n        <p class=\"mailpoet_validate_error\"\n                style=\"display:none;\"\n                >        <\/p>\n      <\/div>\n    <\/form>\n\n      <\/div>\n\n  <\/div>\n<p>[\/et_pb_accordion_item][\/et_pb_accordion][\/et_pb_column][\/et_pb_row][\/et_pb_section]<\/p>\n","protected":false},"excerpt":{"rendered":"<p>Bulletin d&#8217;information de l&#8217;EECA\n<div class=\"cfp-grid-form\">\n    <form action=\"\" method=\"post\" name=\"newsletter_filter_form\" id=\"newsletter_filter_form\" data-unique-id=\"\">\n        <input type=\"hidden\" name=\"custom_action\" value=\"newsletter_filter\">\n        <input type=\"hidden\" id=\"hidden_filter_name\">\n        <input type=\"hidden\" id=\"hidden_start_date\">\n        <input type=\"hidden\" id=\"hidden_end_date\">\n        <input type=\"hidden\" id=\"limit_hidden\" value=\"10\">\n        <input type=\"hidden\" id=\"hidden_segment\" value=\"9,17\">\n        <input type=\"hidden\" id=\"page_no\" value=\"1\">\n        <input type=\"hidden\" id=\"filter_shown_hidden\">\n\n        \n            <div class=\"indicator-filters mb-20\">\n\n                <div class=\"indicator-filter-item oneofthree\">\n                    <label>Nom<\/label>\n                    <input type=\"text\" name=\"newsletter_filter_name\" id=\"newsletter_filter_name\">\n                <\/div>\n\n                <div class=\"indicator-filter-item oneofthree\">\n                    <label>Date de d\u00e9but<\/label>\n                    <input class=\"p4h_date_picker\" type=\"text\" name=\"start_date\" id=\"newsletter_filter_start_date\">\n                <\/div>\n\n                <div class=\"indicator-filter-item oneofthree \">\n                    <label>Date de fin<\/label>\n                    <input class=\"p4h_date_picker\" type=\"text\" name=\"end_date\" id=\"newsletter_filter_end_date\">\n                <\/div>\n\n                <div class=\"indicator-filter-item oneofone p4h-text-center mb-0 \">\n\n                    <button type=\"submit\" name=\"newsletter_filter_submit\" id=\"newsletter_filter_submit\">Filtre<\/button>\n                    <button name=\"newsletter_filter_clear\" class=\"filter-clear-btn\" id=\"newsletter_filter_clear\">Remise \u00e0 z\u00e9ro<\/button>\n                <\/div>\n\n                <input type=\"hidden\" id=\"newsletter_filter_field\" name=\"newsletter_filter_field\" value=\"895c2fe6b5\" \/><input type=\"hidden\" name=\"_wp_http_referer\" value=\"\/fr\/wp-json\/wp\/v2\/pages\/987627396\" \/>\n            <\/div>\n        \n    <\/form>\n<\/div>\n\n<ul class=\"p4h-style-list\" id=\"newsletters-container\">\n    <\/ul>\n\n    <div>\n        <a data-loading-msg=\"Chargement...\" data-load-more-msg=\"En savoir plus\" class=\"p4h-load-more\" id=\"newsletter-load-more\" style=\"cursor:pointer;display:none;\" onclick=\"loadMoreNewsletter()\">En savoir plus<\/a>\n    <\/div>\n\n\n<div class=\"p4h-no-content p4h-no-content-newsletter\"  id=\"p4h-no-content-newsletter\">\n    <h3 class=\"p4h-no-content-title\">Aucun r\u00e9sultat trouv\u00e9<\/h3>\n    <p class=\"p4h-no-content-text\">Malheureusement, nous n'avons pas de r\u00e9sultats correspondant \u00e0 vos crit\u00e8res. Veuillez affiner votre recherche.<\/p>\n<\/div>&nbsp;Restez inform\u00e9  \n  \n  <div class=\"\n    mailpoet_form_popup_overlay\n      \"><\/div>\n  <div\n    id=\"mailpoet_form_1\"\n    class=\"\n      mailpoet_form\n      mailpoet_form_shortcode\n      mailpoet_form_position_\n      mailpoet_form_animation_\n    \"\n      >\n\n    <style type=\"text\/css\">\n     #mailpoet_form_1 .mailpoet_form {  }\n#mailpoet_form_1 .mailpoet_column_with_background { padding: 10px; }\n#mailpoet_form_1 .mailpoet_form_column:not(:first-child) { margin-left: 20px; }\n#mailpoet_form_1 .mailpoet_paragraph { line-height: 20px; margin-bottom: 20px; }\n#mailpoet_form_1 .mailpoet_segment_label, #mailpoet_form_1 .mailpoet_text_label, #mailpoet_form_1 .mailpoet_textarea_label, #mailpoet_form_1 .mailpoet_select_label, #mailpoet_form_1 .mailpoet_radio_label, #mailpoet_form_1 .mailpoet_checkbox_label, #mailpoet_form_1 .mailpoet_list_label, #mailpoet_form_1 .mailpoet_date_label { display: block; font-weight: normal; }\n#mailpoet_form_1 .mailpoet_text, #mailpoet_form_1 .mailpoet_textarea, #mailpoet_form_1 .mailpoet_select, #mailpoet_form_1 .mailpoet_date_month, #mailpoet_form_1 .mailpoet_date_day, #mailpoet_form_1 .mailpoet_date_year, #mailpoet_form_1 .mailpoet_date { display: block; }\n#mailpoet_form_1 .mailpoet_text, #mailpoet_form_1 .mailpoet_textarea { width: 200px; }\n#mailpoet_form_1 .mailpoet_checkbox {  }\n#mailpoet_form_1 .mailpoet_submit {  }\n#mailpoet_form_1 .mailpoet_divider {  }\n#mailpoet_form_1 .mailpoet_message {  }\n#mailpoet_form_1 .mailpoet_form_loading { width: 30px; text-align: center; line-height: normal; }\n#mailpoet_form_1 .mailpoet_form_loading > span { width: 5px; height: 5px; background-color: #5b5b5b; }#mailpoet_form_1{border-radius: 0px;text-align: left;}#mailpoet_form_1 form.mailpoet_form {padding: 20px;}#mailpoet_form_1{width: 100%;}#mailpoet_form_1 .mailpoet_message {margin: 0; padding: 0 20px;}#mailpoet_form_1 .mailpoet_paragraph.last {margin-bottom: 0} @media (max-width: 500px) {#mailpoet_form_1 {background-image: none;}} @media (min-width: 500px) {#mailpoet_form_1 .last .mailpoet_paragraph:last-child {margin-bottom: 0}}  @media (max-width: 500px) {#mailpoet_form_1 .mailpoet_form_column:last-child .mailpoet_paragraph:last-child {margin-bottom: 0}} \n    <\/style>\n\n    <form\n      target=\"_self\"\n      method=\"post\"\n      action=\"https:\/\/p4h.world\/wp\/wp-admin\/admin-post.php?action=mailpoet_subscription_form\"\n      class=\"mailpoet_form mailpoet_form_form mailpoet_form_shortcode\"\n      novalidate\n      data-delay=\"\"\n      data-exit-intent-enabled=\"\"\n      data-font-family=\"\"\n      data-cookie-expiration-time=\"\"\n    >\n      <input type=\"hidden\" name=\"data[form_id]\" value=\"1\" \/>\n      <input type=\"hidden\" name=\"token\" value=\"d229324fb9\" \/>\n      <input type=\"hidden\" name=\"api_version\" value=\"v1\" \/>\n      <input type=\"hidden\" name=\"endpoint\" value=\"subscribers\" \/>\n      <input type=\"hidden\" name=\"mailpoet_method\" value=\"subscribe\" \/>\n\n      <label class=\"mailpoet_hp_email_label\" style=\"display: none !important;\">Please leave this field empty<input type=\"email\" name=\"data[email]\"\/><\/label><div class=\"mailpoet_paragraph \"><label for=\"form_email_1\" class=\"mailpoet-screen-reader-text\" data-automation-id=\"form_email_label\" >Email Address <span class=\"mailpoet_required\">*<\/span><\/label><input type=\"email\" autocomplete=\"email\" class=\"mailpoet_text\" id=\"form_email_1\" name=\"data[form_field_ODRkNDBiODViMDE0X2VtYWls]\" title=\"Email Address\" value=\"\" style=\"width:100%;box-sizing:border-box;padding:5px;margin: 0 auto 0 0;\" data-automation-id=\"form_email\"  placeholder=\"Email Address *\" data-parsley-required=\"true\" data-parsley-minlength=\"6\" data-parsley-maxlength=\"150\" data-parsley-type-message=\"This value should be a valid email.\" data-parsley-errors-container=\".mailpoet_error_email_\" data-parsley-required-message=\"This field is required.\"\/><\/div>\n<div class=\"mailpoet_paragraph \"><fieldset><legend class=\"mailpoet_segment_label\" >Choose newsletter<\/legend><label class=\"mailpoet_checkbox_label\" ><input type=\"checkbox\" class=\"mailpoet_checkbox\" name=\"data[form_field_MzkzODQyZTFiMTY3X3NlZ21lbnRz][]\" value=\"5\"  data-parsley-required=\"true\" data-parsley-group=\"segments\" data-parsley-errors-container=\".mailpoet_error_segments_1\" data-parsley-required-message=\"Please select a list.\" \/> Asia Newsletter<\/label><label class=\"mailpoet_checkbox_label\" ><input type=\"checkbox\" class=\"mailpoet_checkbox\" name=\"data[form_field_MzkzODQyZTFiMTY3X3NlZ21lbnRz][]\" value=\"9\"  data-parsley-required=\"true\" data-parsley-group=\"segments\" data-parsley-errors-container=\".mailpoet_error_segments_1\" data-parsley-required-message=\"Please select a list.\" \/> EECA Newsletter<\/label><span class=\"mailpoet_error_segments_1\"><\/span><\/fieldset><\/div>\n<div class=\"mailpoet_paragraph \"><input type=\"submit\" class=\"mailpoet_submit\" value=\"Subscribe\" data-automation-id=\"subscribe-submit-button\" style=\"width:100%;box-sizing:border-box;padding:5px;margin: 0 auto 0 0;border-color:transparent;\" \/><span class=\"mailpoet_form_loading\"><span class=\"mailpoet_bounce1\"><\/span><span class=\"mailpoet_bounce2\"><\/span><span class=\"mailpoet_bounce3\"><\/span><\/span><\/div>\n<p class=\"mailpoet_form_paragraph \" style=\"text-align: left\">By subscribing you accept the terms of our <a href=\"https:\/\/p4h.world\/en\/privacy-policy\/\" data-type=\"page\" data-id=\"3\" target=\"_blank\" rel=\"noreferrer noopener\">Privacy Policy<\/a>.<\/p>\n\n      <div class=\"mailpoet_message\">\n        <p class=\"mailpoet_validate_success\"\n                style=\"display:none;\"\n                >Check your inbox or spam folder to confirm your subscription.\n        <\/p>\n        <p class=\"mailpoet_validate_error\"\n                style=\"display:none;\"\n                >        <\/p>\n      <\/div>\n    <\/form>\n\n      <\/div>\n\n  <\/p>\n","protected":false},"author":1,"featured_media":0,"parent":987628558,"menu_order":0,"comment_status":"closed","ping_status":"closed","template":"","meta":{"_et_pb_use_builder":"on","_et_pb_old_content":"","_et_gb_content_width":""},"acf":[],"_links":{"self":[{"href":"https:\/\/p4h.world\/fr\/wp-json\/wp\/v2\/pages\/987627396"}],"collection":[{"href":"https:\/\/p4h.world\/fr\/wp-json\/wp\/v2\/pages"}],"about":[{"href":"https:\/\/p4h.world\/fr\/wp-json\/wp\/v2\/types\/page"}],"author":[{"embeddable":true,"href":"https:\/\/p4h.world\/fr\/wp-json\/wp\/v2\/users\/1"}],"replies":[{"embeddable":true,"href":"https:\/\/p4h.world\/fr\/wp-json\/wp\/v2\/comments?post=987627396"}],"version-history":[{"count":6,"href":"https:\/\/p4h.world\/fr\/wp-json\/wp\/v2\/pages\/987627396\/revisions"}],"predecessor-version":[{"id":987696728,"href":"https:\/\/p4h.world\/fr\/wp-json\/wp\/v2\/pages\/987627396\/revisions\/987696728"}],"up":[{"embeddable":true,"href":"https:\/\/p4h.world\/fr\/wp-json\/wp\/v2\/pages\/987628558"}],"wp:attachment":[{"href":"https:\/\/p4h.world\/fr\/wp-json\/wp\/v2\/media?parent=987627396"}],"curies":[{"name":"wp","href":"https:\/\/api.w.org\/{rel}","templated":true}]}}