{"id":987627441,"date":"2023-04-11T05:48:00","date_gmt":"2023-04-11T04:48:00","guid":{"rendered":"https:\/\/p4h.world\/groupe-dechange-technique\/groupe-dalignement\/"},"modified":"2023-05-31T10:52:36","modified_gmt":"2023-05-31T09:52:36","slug":"groupe-dalignement","status":"publish","type":"page","link":"https:\/\/p4h.world\/fr\/gouvernance\/group-exchanges-techniques\/groupe-dalignement\/","title":{"rendered":"Groupe d&#8217;alignement"},"content":{"rendered":"<p>[et_pb_section fb_built=&#8221;1&#8243; _builder_version=&#8221;4.20.4&#8243; _module_preset=&#8221;default&#8221; global_colors_info=&#8221;{}&#8221; theme_builder_area=&#8221;post_content&#8221;][et_pb_row admin_label=&#8221;Entretoise&#8221; _builder_version=&#8221;4.20.4&#8243; _module_preset=&#8221;default&#8221; custom_padding=&#8221;0px|0px|10px|0px|false|false&#8221; global_module=&#8221;987504603&#8243; saved_tabs=&#8221;all&#8221; collapsed=&#8221;on&#8221; global_colors_info=&#8221;{}&#8221; theme_builder_area=&#8221;post_content&#8221;][et_pb_column type=&#8221;4_4&#8243; _builder_version=&#8221;4.19.2&#8243; _module_preset=&#8221;default&#8221; global_colors_info=&#8221;{}&#8221; theme_builder_area=&#8221;post_content&#8221;][et_pb_text _builder_version=&#8221;4.20.4&#8243; _module_preset=&#8221;default&#8221; custom_padding=&#8221;15px||15px||false|false&#8221; global_colors_info=&#8221;{}&#8221; theme_builder_area=&#8221;post_content&#8221;][\/et_pb_text][\/et_pb_column][\/et_pb_row][et_pb_row column_structure=&#8221;1_2,1_2&#8243; make_equal=&#8221;on&#8221; _builder_version=&#8221;4.20.4&#8243; _module_preset=&#8221;default&#8221; hover_enabled=&#8221;0&#8243; locked=&#8221;off&#8221; global_colors_info=&#8221;{}&#8221; theme_builder_area=&#8221;post_content&#8221; custom_padding=&#8221;0px|15px|0px|15px|false|true&#8221; sticky_enabled=&#8221;0&#8243;][et_pb_column type=&#8221;1_2&#8243; _builder_version=&#8221;4.20.4&#8243; _module_preset=&#8221;default&#8221; hover_enabled=&#8221;0&#8243; custom_css_main_element=&#8221;width: 70% !important;&#8221; global_colors_info=&#8221;{}&#8221; theme_builder_area=&#8221;post_content&#8221; custom_css_main_element_last_edited=&#8221;on|phone&#8221; sticky_enabled=&#8221;0&#8243; custom_css_main_element_tablet=&#8221;width: 100% !important;&#8221; custom_css_main_element_phone=&#8221;width: 100% !important;&#8221;][et_pb_code _builder_version=&#8221;4.20.4&#8243; _module_preset=&#8221;default&#8221; custom_margin=&#8221;0px|0px|0px|0px|false|false&#8221; custom_padding=&#8221;0px|0px|0px|0px|false|false&#8221; global_colors_info=&#8221;{}&#8221; theme_builder_area=&#8221;post_content&#8221;]<\/p>\n<div class=\"p4h-title withlink\"><!-- [et_pb_line_break_holder] --><\/p>\n<h3 class=\"p4h-fc-dark p4h-fs-24 p4h-text-uppercase\">Membres du groupe Alignment<\/h3>\n<p><!-- [et_pb_line_break_holder] --><\/div>\n<p>[\/et_pb_code][et_pb_code _builder_version=&#8221;4.20.4&#8243; _module_preset=&#8221;default&#8221; custom_margin=&#8221;20px||||false|false&#8221; global_colors_info=&#8221;{}&#8221; theme_builder_area=&#8221;post_content&#8221;]<div class=\"cfp-grid-wrapper\">\n    <div class=\"cfp-grid\">\n            <\/div>\n<\/div>[\/et_pb_code][\/et_pb_column][et_pb_column type=&#8221;1_2&#8243; _builder_version=&#8221;4.20.4&#8243; _module_preset=&#8221;default&#8221; hover_enabled=&#8221;0&#8243; custom_css_main_element=&#8221;width: 30% !important;&#8221; global_colors_info=&#8221;{}&#8221; theme_builder_area=&#8221;post_content&#8221; custom_css_main_element_last_edited=&#8221;on|phone&#8221; sticky_enabled=&#8221;0&#8243; custom_css_main_element_tablet=&#8221;width: 100% !important;&#8221; custom_css_main_element_phone=&#8221;width: 100% !important;&#8221;][et_pb_code _builder_version=&#8221;4.20.4&#8243; _module_preset=&#8221;default&#8221; custom_margin=&#8221;0px|0px|0px|0px|false|false&#8221; custom_padding=&#8221;0px|0px|0px|0px|false|false&#8221; global_colors_info=&#8221;{}&#8221; theme_builder_area=&#8221;post_content&#8221;]<\/p>\n<div class=\"p4h-title withlink\"><!-- [et_pb_line_break_holder] --><\/p>\n<h3 class=\"p4h-fc-dark p4h-fs-24 p4h-text-uppercase pb-0\">Derniers \u00e9v\u00e9nements et documents<\/h3>\n<p><!-- [et_pb_line_break_holder] --><\/div>\n<p>[\/et_pb_code][et_pb_code module_class=&#8221;p4h-content-grid with-document-icon&#8221; _builder_version=&#8221;4.20.4&#8243; _module_preset=&#8221;default&#8221; global_colors_info=&#8221;{}&#8221; theme_builder_area=&#8221;post_content&#8221;]<div class=\"pt-cv-wrapper et_smooth_scroll_disabled\"><div class=\"pt-cv-view pt-cv-grid pt-cv-colsys pt-cv-pgloadmore\" id=\"pt-cv-view-fa1574dym9\"><div data-id=\"pt-cv-page-1\" class=\"pt-cv-page\" data-cvc=\"1\"><div class=\"col-md-12 col-sm-12 col-xs-12 pt-cv-content-item pt-cv-1-col\"  data-pid=\"987678455\"><div class='pt-cv-ifield'><h4 class=\"pt-cv-title\"><a href=\"https:\/\/p4h.world\/fr\/documents\/lutte-contre-la-malnutrition-chronique-au-niger\/\" class=\"_self cvplbd\" target=\"_self\" >Lutte contre la malnutrition chronique au Niger<\/a><\/h4>\n<div class=\"pt-cv-meta-fields\"><span class=\"post-type\">DOCUMENT<\/span> <span class=\"p4h-fc-dark\">|<\/span> <span class=\"entry-date\"> <time datetime=\"2024-02-12T12:22:29+01:00\">12 F\u00e9vr 2024<\/time><\/span><\/div><\/div><\/div>\n<div class=\"col-md-12 col-sm-12 col-xs-12 pt-cv-content-item pt-cv-1-col\"  data-pid=\"987678392\"><div class='pt-cv-ifield'><h4 class=\"pt-cv-title\"><a href=\"https:\/\/p4h.world\/fr\/documents\/prevalence-contraceptive-et-fecondite-au-niger\/\" class=\"_self cvplbd\" target=\"_self\" >Pr\u00e9valence contraceptive et f\u00e9condit\u00e9 au Niger<\/a><\/h4>\n<div class=\"pt-cv-meta-fields\"><span class=\"post-type\">DOCUMENT<\/span> <span class=\"p4h-fc-dark\">|<\/span> <span class=\"entry-date\"> <time datetime=\"2024-02-12T11:47:20+01:00\">12 F\u00e9vr 2024<\/time><\/span><\/div><\/div><\/div>\n<div class=\"col-md-12 col-sm-12 col-xs-12 pt-cv-content-item pt-cv-1-col\"  data-pid=\"987677867\"><div class='pt-cv-ifield'><h4 class=\"pt-cv-title\"><a href=\"https:\/\/p4h.world\/fr\/documents\/rapport-technique-analyse-du-systeme-de-financement-de-la-sante-au-niger\/\" class=\"_self cvplbd\" target=\"_self\" >Rapport technique : Analyse du syst\u00e8me de financement de la sant\u00e9 au Niger<\/a><\/h4>\n<div class=\"pt-cv-meta-fields\"><span class=\"post-type\">DOCUMENT<\/span> <span class=\"p4h-fc-dark\">|<\/span> <span class=\"entry-date\"> <time datetime=\"2024-02-12T10:57:50+01:00\">12 F\u00e9vr 2024<\/time><\/span><\/div><\/div><\/div>\n<div class=\"col-md-12 col-sm-12 col-xs-12 pt-cv-content-item pt-cv-1-col\"  data-pid=\"987675535\"><div class='pt-cv-ifield'><h4 class=\"pt-cv-title\"><a href=\"https:\/\/p4h.world\/fr\/documents\/arrete-ministeriel-sur-les-groupes-thematiques-sante-en-guinee\/\" class=\"_self cvplbd\" target=\"_self\" >Arr\u00eat\u00e9 minist\u00e9riel sur les groupes th\u00e9matiques Sant\u00e9 en Guin\u00e9e<\/a><\/h4>\n<div class=\"pt-cv-meta-fields\"><span class=\"post-type\">DOCUMENT<\/span> <span class=\"p4h-fc-dark\">|<\/span> <span class=\"entry-date\"> <time datetime=\"2024-02-05T11:17:54+01:00\">05 F\u00e9vr 2024<\/time><\/span><\/div><\/div><\/div>\n<div class=\"col-md-12 col-sm-12 col-xs-12 pt-cv-content-item pt-cv-1-col\"  data-pid=\"987675488\"><div class='pt-cv-ifield'><h4 class=\"pt-cv-title\"><a href=\"https:\/\/p4h.world\/fr\/documents\/fonctionnement-de-la-cellule-deconomie-de-la-sante-au-senegal\/\" class=\"_self cvplbd\" target=\"_self\" >Fonctionnement de la Cellule d&#8217;\u00c9conomie de la Sant\u00e9 au S\u00e9n\u00e9gal<\/a><\/h4>\n<div class=\"pt-cv-meta-fields\"><span class=\"post-type\">DOCUMENT<\/span> <span class=\"p4h-fc-dark\">|<\/span> <span class=\"entry-date\"> <time datetime=\"2024-02-05T10:38:22+01:00\">05 F\u00e9vr 2024<\/time><\/span><\/div><\/div><\/div>\n<div class=\"col-md-12 col-sm-12 col-xs-12 pt-cv-content-item pt-cv-1-col\"  data-pid=\"987654047\"><div class='pt-cv-ifield'><h4 class=\"pt-cv-title\"><a href=\"https:\/\/p4h.world\/fr\/events\/atelier-sur-le-groupe-dechange-technique-ppr-et-p4h\/\" class=\"_self cvplbd\" target=\"_self\" >Atelier sur le groupe d&#8217;\u00e9change technique PPR et P4H<\/a><\/h4>\n<div class=\"pt-cv-meta-fields\"><span class=\"post-type\">\u00c9V\u00c9NEMENT P4H<\/span><\/div><\/div><\/div><\/div><\/div><\/div>\t\t\t<style type=\"text\/css\" id=\"pt-cv-inline-style-a56038dk7l\">#pt-cv-view-fa1574dym9 .pt-cv-carousel-caption  { background-color: rgba(51,51,51,.6) !important; }\n#pt-cv-view-fa1574dym9 .pt-cv-specialp { background-color: #CC3333 !important }\n#pt-cv-view-fa1574dym9 .pt-cv-specialp * { color: #fff !important; }\n#pt-cv-view-fa1574dym9 .pt-cv-pficon  { color: #bbb !important; }\n#pt-cv-view-fa1574dym9 .pt-cv-readmore  { color: #ffffff !important; }\n#pt-cv-view-fa1574dym9 .pt-cv-readmore:hover  { color: #ffffff !important; }\n#pt-cv-view-fa1574dym9  + .pt-cv-pagination-wrapper .pt-cv-more , #pt-cv-view-fa1574dym9  + .pt-cv-pagination-wrapper .pagination .active a, .pt-cv-pagination[data-sid='fa1574dym9'] .active a { color: #ffffff !important; }<\/style>\r\n\t\t\t[\/et_pb_code][\/et_pb_column][\/et_pb_row][et_pb_row admin_label=&#8221;Entretoise&#8221; _builder_version=&#8221;4.20.4&#8243; _module_preset=&#8221;default&#8221; custom_padding=&#8221;0px|0px|10px|0px|false|false&#8221; global_module=&#8221;987504603&#8243; saved_tabs=&#8221;all&#8221; collapsed=&#8221;on&#8221; global_colors_info=&#8221;{}&#8221; theme_builder_area=&#8221;post_content&#8221;][et_pb_column type=&#8221;4_4&#8243; _builder_version=&#8221;4.19.2&#8243; _module_preset=&#8221;default&#8221; global_colors_info=&#8221;{}&#8221; theme_builder_area=&#8221;post_content&#8221;][et_pb_text _builder_version=&#8221;4.20.4&#8243; _module_preset=&#8221;default&#8221; custom_padding=&#8221;15px||15px||false|false&#8221; global_colors_info=&#8221;{}&#8221; theme_builder_area=&#8221;post_content&#8221;][\/et_pb_text][\/et_pb_column][\/et_pb_row][\/et_pb_section]<\/p>\n","protected":false},"excerpt":{"rendered":"<p><div class=\"cfp-grid-wrapper\">\n    <div class=\"cfp-grid\">\n            <\/div>\n<\/div><div class=\"pt-cv-wrapper et_smooth_scroll_disabled\"><div class=\"pt-cv-view pt-cv-grid pt-cv-colsys pt-cv-pgloadmore\" id=\"pt-cv-view-fa1574dym9\"><div data-id=\"pt-cv-page-1\" class=\"pt-cv-page\" data-cvc=\"1\"><div class=\"col-md-12 col-sm-12 col-xs-12 pt-cv-content-item pt-cv-1-col\"  data-pid=\"987678455\"><div class='pt-cv-ifield'><h4 class=\"pt-cv-title\"><a href=\"https:\/\/p4h.world\/fr\/documents\/lutte-contre-la-malnutrition-chronique-au-niger\/\" class=\"_self cvplbd\" target=\"_self\" >Lutte contre la malnutrition chronique au Niger<\/a><\/h4>\n<div class=\"pt-cv-meta-fields\"><span class=\"post-type\">DOCUMENT<\/span> <span class=\"p4h-fc-dark\">|<\/span> <span class=\"entry-date\"> <time datetime=\"2024-02-12T12:22:29+01:00\">12 F\u00e9vr 2024<\/time><\/span><\/div><\/div><\/div>\n<div class=\"col-md-12 col-sm-12 col-xs-12 pt-cv-content-item pt-cv-1-col\"  data-pid=\"987678392\"><div class='pt-cv-ifield'><h4 class=\"pt-cv-title\"><a href=\"https:\/\/p4h.world\/fr\/documents\/prevalence-contraceptive-et-fecondite-au-niger\/\" class=\"_self cvplbd\" target=\"_self\" >Pr\u00e9valence contraceptive et f\u00e9condit\u00e9 au Niger<\/a><\/h4>\n<div class=\"pt-cv-meta-fields\"><span class=\"post-type\">DOCUMENT<\/span> <span class=\"p4h-fc-dark\">|<\/span> <span class=\"entry-date\"> <time datetime=\"2024-02-12T11:47:20+01:00\">12 F\u00e9vr 2024<\/time><\/span><\/div><\/div><\/div>\n<div class=\"col-md-12 col-sm-12 col-xs-12 pt-cv-content-item pt-cv-1-col\"  data-pid=\"987677867\"><div class='pt-cv-ifield'><h4 class=\"pt-cv-title\"><a href=\"https:\/\/p4h.world\/fr\/documents\/rapport-technique-analyse-du-systeme-de-financement-de-la-sante-au-niger\/\" class=\"_self cvplbd\" target=\"_self\" >Rapport technique : Analyse du syst\u00e8me de financement de la sant\u00e9 au Niger<\/a><\/h4>\n<div class=\"pt-cv-meta-fields\"><span class=\"post-type\">DOCUMENT<\/span> <span class=\"p4h-fc-dark\">|<\/span> <span class=\"entry-date\"> <time datetime=\"2024-02-12T10:57:50+01:00\">12 F\u00e9vr 2024<\/time><\/span><\/div><\/div><\/div>\n<div class=\"col-md-12 col-sm-12 col-xs-12 pt-cv-content-item pt-cv-1-col\"  data-pid=\"987675535\"><div class='pt-cv-ifield'><h4 class=\"pt-cv-title\"><a href=\"https:\/\/p4h.world\/fr\/documents\/arrete-ministeriel-sur-les-groupes-thematiques-sante-en-guinee\/\" class=\"_self cvplbd\" target=\"_self\" >Arr\u00eat\u00e9 minist\u00e9riel sur les groupes th\u00e9matiques Sant\u00e9 en Guin\u00e9e<\/a><\/h4>\n<div class=\"pt-cv-meta-fields\"><span class=\"post-type\">DOCUMENT<\/span> <span class=\"p4h-fc-dark\">|<\/span> <span class=\"entry-date\"> <time datetime=\"2024-02-05T11:17:54+01:00\">05 F\u00e9vr 2024<\/time><\/span><\/div><\/div><\/div>\n<div class=\"col-md-12 col-sm-12 col-xs-12 pt-cv-content-item pt-cv-1-col\"  data-pid=\"987675488\"><div class='pt-cv-ifield'><h4 class=\"pt-cv-title\"><a href=\"https:\/\/p4h.world\/fr\/documents\/fonctionnement-de-la-cellule-deconomie-de-la-sante-au-senegal\/\" class=\"_self cvplbd\" target=\"_self\" >Fonctionnement de la Cellule d&#8217;\u00c9conomie de la Sant\u00e9 au S\u00e9n\u00e9gal<\/a><\/h4>\n<div class=\"pt-cv-meta-fields\"><span class=\"post-type\">DOCUMENT<\/span> <span class=\"p4h-fc-dark\">|<\/span> <span class=\"entry-date\"> <time datetime=\"2024-02-05T10:38:22+01:00\">05 F\u00e9vr 2024<\/time><\/span><\/div><\/div><\/div>\n<div class=\"col-md-12 col-sm-12 col-xs-12 pt-cv-content-item pt-cv-1-col\"  data-pid=\"987654047\"><div class='pt-cv-ifield'><h4 class=\"pt-cv-title\"><a href=\"https:\/\/p4h.world\/fr\/events\/atelier-sur-le-groupe-dechange-technique-ppr-et-p4h\/\" class=\"_self cvplbd\" target=\"_self\" >Atelier sur le groupe d&#8217;\u00e9change technique PPR et P4H<\/a><\/h4>\n<div class=\"pt-cv-meta-fields\"><span class=\"post-type\">\u00c9V\u00c9NEMENT P4H<\/span><\/div><\/div><\/div><\/div><\/div><\/div>\t\t\t<style type=\"text\/css\" id=\"pt-cv-inline-style-3b1463c31j\">#pt-cv-view-fa1574dym9 .pt-cv-carousel-caption  { background-color: rgba(51,51,51,.6) !important; }\n#pt-cv-view-fa1574dym9 .pt-cv-specialp { background-color: #CC3333 !important }\n#pt-cv-view-fa1574dym9 .pt-cv-specialp * { color: #fff !important; }\n#pt-cv-view-fa1574dym9 .pt-cv-pficon  { color: #bbb !important; }\n#pt-cv-view-fa1574dym9 .pt-cv-readmore  { color: #ffffff !important; }\n#pt-cv-view-fa1574dym9 .pt-cv-readmore:hover  { color: #ffffff !important; }\n#pt-cv-view-fa1574dym9  + .pt-cv-pagination-wrapper .pt-cv-more , #pt-cv-view-fa1574dym9  + .pt-cv-pagination-wrapper .pagination .active a, .pt-cv-pagination[data-sid='fa1574dym9'] .active a { color: #ffffff !important; }<\/style>\r\n\t\t\t<\/p>\n","protected":false},"author":1,"featured_media":0,"parent":987627378,"menu_order":0,"comment_status":"closed","ping_status":"closed","template":"","meta":{"_et_pb_use_builder":"on","_et_pb_old_content":"","_et_gb_content_width":""},"acf":[],"_links":{"self":[{"href":"https:\/\/p4h.world\/fr\/wp-json\/wp\/v2\/pages\/987627441"}],"collection":[{"href":"https:\/\/p4h.world\/fr\/wp-json\/wp\/v2\/pages"}],"about":[{"href":"https:\/\/p4h.world\/fr\/wp-json\/wp\/v2\/types\/page"}],"author":[{"embeddable":true,"href":"https:\/\/p4h.world\/fr\/wp-json\/wp\/v2\/users\/1"}],"replies":[{"embeddable":true,"href":"https:\/\/p4h.world\/fr\/wp-json\/wp\/v2\/comments?post=987627441"}],"version-history":[{"count":0,"href":"https:\/\/p4h.world\/fr\/wp-json\/wp\/v2\/pages\/987627441\/revisions"}],"up":[{"embeddable":true,"href":"https:\/\/p4h.world\/fr\/wp-json\/wp\/v2\/pages\/987627378"}],"wp:attachment":[{"href":"https:\/\/p4h.world\/fr\/wp-json\/wp\/v2\/media?parent=987627441"}],"curies":[{"name":"wp","href":"https:\/\/api.w.org\/{rel}","templated":true}]}}