{"id":987627541,"date":"2023-04-07T08:16:04","date_gmt":"2023-04-07T07:16:04","guid":{"rendered":"https:\/\/p4h.world\/titres-de-p4h\/"},"modified":"2023-11-07T12:31:07","modified_gmt":"2023-11-07T11:31:07","slug":"titres-de-p4h","status":"publish","type":"page","link":"https:\/\/p4h.world\/fr\/titres-de-p4h\/","title":{"rendered":"Titres de P4H"},"content":{"rendered":"<p>[et_pb_section fb_built=&#8221;1&#8243; admin_label=&#8221;! !! NE PAS MODIFIER ! !!&#8221; _builder_version=&#8221;4.19.5&#8243; _module_preset=&#8221;default&#8221; global_colors_info=&#8221;{}&#8221;][et_pb_row admin_label=&#8221;!!! PLEASE DO NOT EDIT !!!&#8221; _builder_version=&#8221;4.19.5&#8243; _module_preset=&#8221;default&#8221; global_colors_info=&#8221;{}&#8221;][et_pb_column type=&#8221;4_4&#8243; _builder_version=&#8221;4.19.5&#8243; _module_preset=&#8221;default&#8221; global_colors_info=&#8221;{}&#8221;][et_pb_text admin_label=&#8221;TITLES&#8221; _builder_version=&#8221;4.20.2&#8243; _module_preset=&#8221;default&#8221; custom_padding=&#8221;||20px||false|false&#8221; global_colors_info=&#8221;{}&#8221;]<\/p>\n<h1 class=\"fs-50\">Le titre H1 de P4H<\/h1>\n<h2>Le titre P4H H2<\/h2>\n<h3>Le titre P4H H3<\/h3>\n<h3>LE TITRE P4H H3 EN MAJUSCULES<\/h3>\n<h4>Le titre P4H H4<\/h4>\n<h4>LE TITRE P4H H4 EN MAJUSCULES<\/h4>\n<h5>Le titre P4H H5<\/h5>\n<h5>LE TITRE P4H H5 EN MAJUSCULES<\/h5>\n<p>Comportement<\/p>\n<p>s&#8217;ils sont li\u00e9s, les titres fonc\u00e9s deviennent rouges au survol<\/p>\n<p>s&#8217;ils sont li\u00e9s, les titres rouges deviennent sombres au passage de la souris<\/p>\n<hr>\n<h1 class=\"p4h-fc-white p4h-fs-50 p4h-bg-red\">Le titre H1 de P4H<\/h1>\n<h2 class=\"p4h-fc-dark p4h-fs-32\">Le titre P4H H2<\/h2>\n<h2 class=\"p4h-fc-red p4h-fs-32\">Le titre P4H H2<\/h2>\n<h3 class=\"p4h-fc-dark p4h-fs-24\">Le titre P4H H3<\/h3>\n<h3 class=\"p4h-fc-dark p4h-fs-24 p4h-text-uppercase\">THE P4H H3 title uppercase<\/h3>\n<h4 class=\"p4h-fc-dark p4h-fs-18\">Le titre P4H H4<\/h4>\n<h4 class=\"p4h-fc-dark p4h-fs-18 p4h-text-uppercase\">THE P4H H4 title uppercase<\/h4>\n<h5 class=\"p4h-fc-dark p4h-fs-16\">Le titre P4H H5<\/h5>\n<h5 class=\"p4h-fc-secondary p4h-fs-16 p4h-text-uppercase\">THE P4H H5 title uppercase<\/h5>\n<h5 class=\"p4h-fc-dark p4h-fs-16\"><a class=\"p4h-fc-dark p4h-fs-16\" href=\"#\">Le titre P4H H5 avec le comportement  <\/a><\/h5>\n<h5 class=\"p4h-fc-red p4h-fs-16\"><a class=\"p4h-fc-red p4h-fs-16\" href=\"#\">Le titre P4H H5 avec le comportement  <\/a><\/h5>\n<p>[\/et_pb_text][et_pb_button button_text=&#8221;Bouton rouge&#8221; _builder_version=&#8221;4.20.2&#8243; _module_preset=&#8221;default&#8221; custom_button=&#8221;on&#8221; button_text_size=&#8221;16px&#8221; button_text_color=&#8221;#FFFFFF&#8221; button_bg_color=&#8221;#EA3A32&#8243; button_border_width=&#8221;0px&#8221; button_border_radius=&#8221;3px&#8221; button_font=&#8221;Oswald|||on|||||&#8221; button_use_icon=&#8221;off&#8221; custom_margin=&#8221;||||false|false&#8221; custom_padding=&#8221;0.3em|0.7em|0.3em|0.7em|false|false&#8221; global_colors_info=&#8221;{}&#8221; button_bg_color__hover_enabled=&#8221;on|hover&#8221; button_bg_color__hover=&#8221;#2D424C&#8221; button_bg_enable_color__hover=&#8221;on&#8221;][\/et_pb_button][et_pb_button button_text=&#8221;Bouton bleu&#8221; _builder_version=&#8221;4.20.2&#8243; _module_preset=&#8221;default&#8221; custom_button=&#8221;on&#8221; button_text_size=&#8221;16px&#8221; button_text_color=&#8221;#FFFFFF&#8221; button_bg_color=&#8221;#2D424C&#8221; button_border_width=&#8221;0px&#8221; button_border_radius=&#8221;3px&#8221; button_font=&#8221;Oswald|||on|||||&#8221; button_use_icon=&#8221;off&#8221; custom_margin=&#8221;||||false|false&#8221; custom_padding=&#8221;0.3em|0.7em|0.3em|0.7em|false|false&#8221; global_colors_info=&#8221;{}&#8221; button_bg_color__hover_enabled=&#8221;on|hover&#8221; button_bg_color__hover=&#8221;#EA3A32&#8243; button_bg_enable_color__hover=&#8221;on&#8221;][\/et_pb_button][et_pb_button button_text=&#8221;Btn bleu clair&#8221; _builder_version=&#8221;4.20.2&#8243; _module_preset=&#8221;default&#8221; custom_button=&#8221;on&#8221; button_text_size=&#8221;16px&#8221; button_text_color=&#8221;#FFFFFF&#8221; button_bg_color=&#8221;#4C7E96&#8243; button_border_width=&#8221;0px&#8221; button_border_radius=&#8221;3px&#8221; button_font=&#8221;Oswald|||on|||||&#8221; button_use_icon=&#8221;off&#8221; custom_margin=&#8221;||||false|false&#8221; custom_padding=&#8221;0.3em|0.7em|0.3em|0.7em|false|false&#8221; global_colors_info=&#8221;{}&#8221; button_bg_color__hover_enabled=&#8221;on|hover&#8221; button_bg_color__hover=&#8221;#2D424C&#8221; button_bg_enable_color__hover=&#8221;on&#8221;][\/et_pb_button][et_pb_button button_text=&#8221;Gris clair btn&#8221; _builder_version=&#8221;4.20.2&#8243; _module_preset=&#8221;default&#8221; custom_button=&#8221;on&#8221; button_text_size=&#8221;16px&#8221; button_text_color=&#8221;#FFFFFF&#8221; button_bg_color=&#8221;#a0bfcd&#8221; button_border_width=&#8221;0px&#8221; button_border_radius=&#8221;3px&#8221; button_font=&#8221;Oswald|||on|||||&#8221; button_use_icon=&#8221;off&#8221; custom_margin=&#8221;||||false|false&#8221; custom_padding=&#8221;0.3em|0.7em|0.3em|0.7em|false|false&#8221; global_colors_info=&#8221;{}&#8221; button_bg_color__hover_enabled=&#8221;on|hover&#8221; button_bg_color__hover=&#8221;#4C7E96&#8243; button_bg_enable_color__hover=&#8221;on&#8221;][\/et_pb_button][\/et_pb_column][\/et_pb_row][et_pb_row admin_label=&#8221;Entretoise&#8221; _builder_version=&#8221;4.21.0&#8243; _module_preset=&#8221;default&#8221; display_conditions=&#8221;W10=&#8221; custom_padding=&#8221;0px|0px|29px|0px|false|false&#8221; global_module=&#8221;987504603&#8243; saved_tabs=&#8221;all&#8221; collapsed=&#8221;on&#8221; global_colors_info=&#8221;{}&#8221;][et_pb_column type=&#8221;4_4&#8243; _builder_version=&#8221;4.19.2&#8243; _module_preset=&#8221;default&#8221; global_colors_info=&#8221;{}&#8221;][\/et_pb_column][\/et_pb_row][\/et_pb_section][et_pb_section fb_built=&#8221;1&#8243; _builder_version=&#8221;4.20.4&#8243; _module_preset=&#8221;default&#8221; global_colors_info=&#8221;{}&#8221;][et_pb_row _builder_version=&#8221;4.20.4&#8243; _module_preset=&#8221;default&#8221; global_colors_info=&#8221;{}&#8221;][et_pb_column type=&#8221;4_4&#8243; _builder_version=&#8221;4.20.4&#8243; _module_preset=&#8221;default&#8221; global_colors_info=&#8221;{}&#8221;][et_pb_text _builder_version=&#8221;4.20.4&#8243; _module_preset=&#8221;default&#8221; global_colors_info=&#8221;{}&#8221;]<\/p>\n<h3>Liste finale des ic\u00f4nes<\/h3>\n<p>&nbsp;<\/p>\n<ul class=\"p4h-style-list\">\n<li class=\"mb-20\"><i class=\"et-pb-icon p4h-fs-24\">h<\/i> Ic\u00f4ne de document<\/li>\n<li class=\"mb-20\"><i class=\"et-pb-icon p4h-fs-24\">i<\/i> Ic\u00f4ne Documents<\/li>\n<li class=\"mb-20\"><i class=\"et-pb-icon p4h-fs-24\">\ue023<\/i> Ic\u00f4ne de calendrier<\/li>\n<li class=\"mb-20\"><i class=\"et-pb-icon p4h-fs-24\">!<\/i> Ic\u00f4ne de fl\u00e8che sup\u00e9rieure<\/li>\n<li class=\"mb-20\"><i class=\"et-pb-icon p4h-fs-24\">&#8220;<\/i> Ic\u00f4ne de fl\u00e8che inf\u00e9rieure<\/li>\n<li class=\"mb-20\"># Ic\u00f4ne de <i class=\"et-pb-icon p4h-fs-24\"> la<\/i> fl\u00e8che gauche<\/li>\n<li class=\"mb-20\">Fl\u00e8che <i class=\"et-pb-icon p4h-fs-24\">$<\/i> Ic\u00f4ne droite<\/li>\n<li class=\"mb-20\"><i class=\"et-pb-icon p4h-fs-24\">\ue0e3<\/i> Ic\u00f4ne mondiale<\/li>\n<li class=\"mb-20\"><i class=\"et-pb-icon p4h-fs-24\">\ue00e<\/i> Mon P4H<\/li>\n<li class=\"mb-20\"><i class=\"et-pb-icon p4h-fs-24\">m<\/i> Contenu personnalis\u00e9<\/li>\n<li class=\"mb-20\"><i class=\"et-pb-icon p4h-fs-24\">\ue012<\/i> contenu sauvegard\u00e9<\/li>\n<li class=\"mb-20\">Compte <i class=\"et-pb-icon p4h-fs-24\">\ue108<\/i> <\/li>\n<li class=\"mb-20\"><i class=\"et-pb-icon p4h-fs-24\">\ue001<\/i> changer le mot de passe<\/li>\n<li class=\"mb-20\"><i class=\"et-pb-icon p4h-fs-24\">\ue026<\/i> informations personnelles<\/li>\n<li class=\"mb-20\"><i class=\"et-pb-icon p4h-fs-24\">f<\/i> mes pr\u00e9f\u00e9rences en mati\u00e8re de contenu<\/li>\n<li class=\"mb-20\"><i class=\"et-pb-icon p4h-fs-24\">\ue0ec<\/i> explorer les donn\u00e9es sur les pays<\/li>\n<\/ul>\n<p>[\/et_pb_text][\/et_pb_column][\/et_pb_row][\/et_pb_section]<\/p>\n","protected":false},"excerpt":{"rendered":"<p>Le titre H1 de P4H Le titre P4H H2 Le titre P4H H3 LE TITRE P4H H3 EN MAJUSCULES Le titre P4H H4 LE TITRE P4H H4 EN MAJUSCULES Le titre P4H H5 LE TITRE P4H H5 EN MAJUSCULES Comportement s&#8217;ils sont li\u00e9s, les titres fonc\u00e9s deviennent rouges au survol s&#8217;ils sont li\u00e9s, les titres&#8230;<\/p>\n","protected":false},"author":51,"featured_media":0,"parent":0,"menu_order":0,"comment_status":"closed","ping_status":"closed","template":"","meta":{"_et_pb_use_builder":"on","_et_pb_old_content":"","_et_gb_content_width":""},"acf":[],"_links":{"self":[{"href":"https:\/\/p4h.world\/fr\/wp-json\/wp\/v2\/pages\/987627541"}],"collection":[{"href":"https:\/\/p4h.world\/fr\/wp-json\/wp\/v2\/pages"}],"about":[{"href":"https:\/\/p4h.world\/fr\/wp-json\/wp\/v2\/types\/page"}],"author":[{"embeddable":true,"href":"https:\/\/p4h.world\/fr\/wp-json\/wp\/v2\/users\/51"}],"replies":[{"embeddable":true,"href":"https:\/\/p4h.world\/fr\/wp-json\/wp\/v2\/comments?post=987627541"}],"version-history":[{"count":1,"href":"https:\/\/p4h.world\/fr\/wp-json\/wp\/v2\/pages\/987627541\/revisions"}],"predecessor-version":[{"id":987667179,"href":"https:\/\/p4h.world\/fr\/wp-json\/wp\/v2\/pages\/987627541\/revisions\/987667179"}],"wp:attachment":[{"href":"https:\/\/p4h.world\/fr\/wp-json\/wp\/v2\/media?parent=987627541"}],"curies":[{"name":"wp","href":"https:\/\/api.w.org\/{rel}","templated":true}]}}