{"id":987627904,"date":"2023-03-09T05:17:42","date_gmt":"2023-03-09T04:17:42","guid":{"rendered":"https:\/\/p4h.world\/ressources-materielles-et-energetiques-non-renouvelables\/"},"modified":"2023-06-23T11:23:49","modified_gmt":"2023-06-23T10:23:49","slug":"ressources-materielles-et-energetiques-non-renouvelables","status":"publish","type":"page","link":"https:\/\/p4h.world\/fr\/ce-que-nous-faisons\/innovations\/ressources-materielles-et-energetiques-non-renouvelables\/","title":{"rendered":"Ressources mat\u00e9rielles et \u00e9nerg\u00e9tiques non renouvelables"},"content":{"rendered":"<p>[et_pb_section fb_built=&#8221;1&#8243; admin_label=&#8221;Section&#8221; _builder_version=&#8221;4.19.2&#8243; _module_preset=&#8221;default&#8221; global_colors_info=&#8221;{}&#8221;][et_pb_row admin_label=&#8221;Entretoise&#8221; _builder_version=&#8221;4.19.2&#8243; _module_preset=&#8221;default&#8221; collapsed=&#8221;on&#8221; global_colors_info=&#8221;{}&#8221;][et_pb_column type=&#8221;4_4&#8243; _builder_version=&#8221;4.19.2&#8243; _module_preset=&#8221;default&#8221; global_colors_info=&#8221;{}&#8221;][et_pb_divider show_divider=&#8221;off&#8221; _builder_version=&#8221;4.19.2&#8243; _module_preset=&#8221;default&#8221; custom_margin=&#8221;30px||-4px||false|false&#8221; global_colors_info=&#8221;{}&#8221;][\/et_pb_divider][\/et_pb_column][\/et_pb_row][et_pb_row _builder_version=&#8221;4.21.0&#8243; _module_preset=&#8221;default&#8221; collapsed=&#8221;off&#8221; global_colors_info=&#8221;{}&#8221;][et_pb_column type=&#8221;4_4&#8243; _builder_version=&#8221;4.21.0&#8243; _module_preset=&#8221;default&#8221; custom_padding=&#8221;||0px||false|false&#8221; global_colors_info=&#8221;{}&#8221;][ba_gradient_heading title=&#8221;Ressources mat\u00e9rielles et \u00e9nerg\u00e9tiques non renouvelables<br \/>\n&#8221; html_tag=&#8221;h2&#8243; primary_color=&#8221;#EA3A32&#8243; secondary_color=&#8221;#EA3A32&#8243; admin_label=&#8221;Section  Red Title&#8221; _builder_version=&#8221;4.21.0&#8243; _module_preset=&#8221;default&#8221; title_font=&#8221;||||||||&#8221; title_font_size=&#8221;40px&#8221; custom_margin=&#8221;0px|0px|0px|0px|false|false&#8221; custom_padding=&#8221;0px|0px|0px|0px|false|false&#8221; custom_css_main_element=&#8221;margin-bottom: 0 !important;&#8221; global_colors_info=&#8221;{}&#8221;][\/ba_gradient_heading][ba_gradient_heading title=&#8221;Cinquante ans apr\u00e8s %22Les limites de la croissance%22, le rapport Meadow&#8221; html_tag=&#8221;h3&#8243; primary_color=&#8221;#455A64&#8243; secondary_color=&#8221;#455A64&#8243; admin_label=&#8221; HEADING (50-60 characters) Fifty years after \u201cThe Limits to Growth\u201d, Meadow\u2019s report&#8221; _builder_version=&#8221;4.21.0&#8243; _module_preset=&#8221;default&#8221; title_font=&#8221;||||||||&#8221; title_font_size=&#8221;32px&#8221; title_line_height=&#8221;1em&#8221; custom_margin=&#8221;15px|0px|0px|0px|false|false&#8221; custom_padding=&#8221;0px|0px|0px|0px|false|false&#8221; global_colors_info=&#8221;{}&#8221;][\/ba_gradient_heading][et_pb_text _builder_version=&#8221;4.21.0&#8243; _module_preset=&#8221;default&#8221; global_colors_info=&#8221;{}&#8221;]<\/p>\n<p><span style=\"font-weight: 400;\">Comme tout secteur \u00e9conomique, le secteur de la protection sociale de la sant\u00e9 (PSM) consomme des ressources mat\u00e9rielles et \u00e9nerg\u00e9tiques non renouvelables pour fonctionner. Il consomme des ressources pour le transport des patients, du personnel et des marchandises, ainsi que pour la construction et le fonctionnement des h\u00f4pitaux et d&#8217;autres infrastructures physiques li\u00e9es \u00e0 la sant\u00e9. Les syst\u00e8mes de PSM mettent en \u0153uvre des politiques de pr\u00e9vention de la sant\u00e9 telles que les politiques de PSM Cependant, il existe de nombreuses limites physiques et socio-\u00e9conomiques \u00e0 la d\u00e9pendance \u00e0 l&#8217;\u00e9gard de ces ressources, y compris des limites d&#8217;approvisionnement et de flux, des limites sociales, des limites g\u00e9opolitiques, des limites sanitaires et des limites \u00e9conomiques. L&#8217;acc\u00e8s universel \u00e0 des soins de sant\u00e9 essentiels et abordables et la fourniture d&#8217;une protection financi\u00e8re en cas de maladie, d&#8217;accident et de maternit\u00e9 n\u00e9cessitent ces ressources. Sans eux, l&#8217;acc\u00e8s universel aux soins de sant\u00e9 essentiels et abordables ne peut \u00eatre garanti, et la protection financi\u00e8re en cas de maladie, d&#8217;accident et de maternit\u00e9 n&#8217;a plus de raison d&#8217;\u00eatre.  <\/span><\/p>\n<p>[\/et_pb_text][et_pb_text _builder_version=&#8221;4.21.0&#8243; _module_preset=&#8221;default&#8221; global_colors_info=&#8221;{}&#8221;]<\/p>\n<p><span style=\"font-weight: 400;\">Le r\u00f4le cl\u00e9 des ressources mat\u00e9rielles et \u00e9nerg\u00e9tiques non renouvelables dans le fonctionnement du secteur de la sant\u00e9 soul\u00e8ve des questions quant \u00e0 la vuln\u00e9rabilit\u00e9 du secteur aux p\u00e9nuries et aux perturbations de la cha\u00eene d&#8217;approvisionnement, et donc quant \u00e0 sa r\u00e9silience \u00e0 long terme. Cependant, alors que les analyses mon\u00e9taires des politiques de PSM abondent, il y a une p\u00e9nurie d&#8217;analyses sur les dimensions physiques de ces politiques. Il est urgent de mesurer l&#8217;utilisation des ressources mat\u00e9rielles et \u00e9nerg\u00e9tiques non renouvelables par les syst\u00e8mes PSM afin de mieux comprendre leur vuln\u00e9rabilit\u00e9 aux variations de l&#8217;offre et d&#8217;y rem\u00e9dier pour am\u00e9liorer leur r\u00e9silience.<\/span><\/p>\n<p>[\/et_pb_text][ba_gradient_heading title=&#8221;Les collaborations de P4H pr\u00e9sent\u00e9es au Geneva Health Forum et \u00e0 PMAC 2023&#8243; html_tag=&#8221;h3&#8243; primary_color=&#8221;#455A64&#8243; secondary_color=&#8221;#455A64&#8243; admin_label=&#8221; HEADING (50-60 characters) P4H collaborations presented at the Geneva Health Forum and PMAC 2023&#8243; _builder_version=&#8221;4.21.0&#8243; _module_preset=&#8221;default&#8221; title_font=&#8221;||||||||&#8221; title_font_size=&#8221;32px&#8221; title_line_height=&#8221;1em&#8221; custom_margin=&#8221;20px|0px|0px|0px|false|false&#8221; custom_padding=&#8221;0px|0px|0px|0px|false|false&#8221; global_colors_info=&#8221;{}&#8221;][\/ba_gradient_heading][et_pb_text _builder_version=&#8221;4.21.0&#8243; _module_preset=&#8221;default&#8221; global_colors_info=&#8221;{}&#8221;]<\/p>\n<p><span style=\"font-weight: 400;\">Sous le th\u00e8me g\u00e9n\u00e9ral de &#8220;COVID-19 Pand\u00e9mie et urgence environnementale : R\u00e9inventer la sant\u00e9 mondiale \u00e0 l&#8217;heure des changements globaux&#8221;, le r\u00e9seau P4H a anim\u00e9 un panel au Geneva Health Forum 2022 (3-5 mai 2022). L&#8217;objectif du panel \u00e9tait de susciter l&#8217;int\u00e9r\u00eat pour un groupe de recherche-action collaboratif afin d&#8217;approfondir la compr\u00e9hension collective des d\u00e9fis actuels du PSM que l&#8217;\u00e9puisement des mati\u00e8res non renouvelables et la consommation d&#8217;\u00e9nergie posent \u00e0 la r\u00e9silience \u00e0 long terme des syst\u00e8mes de sant\u00e9. Le r\u00e9seau a propos\u00e9 \u00e0 plusieurs partenaires de Chine, de France, de Singapour et de Suisse de limiter le champ d&#8217;application de cette recherche \u00e0 deux articles sp\u00e9cifiques utilis\u00e9s dans la r\u00e9ponse au COVID-19 &#8211; les masques et l&#8217;oxyg\u00e8ne &#8211; afin de d\u00e9velopper conjointement une m\u00e9thodologie initiale qui pourrait \u00eatre affin\u00e9e \u00e0 un stade ult\u00e9rieur et appliqu\u00e9e \u00e0 des segments plus larges des syst\u00e8mes de sant\u00e9 et du PSM.<\/span><\/p>\n<p>[\/et_pb_text][et_pb_text _builder_version=&#8221;4.21.0&#8243; _module_preset=&#8221;default&#8221; global_colors_info=&#8221;{}&#8221;]<\/p>\n<p><span style=\"font-weight: 400;\">En janvier 2023, P4H a pr\u00e9sent\u00e9 un poster intitul\u00e9 &#8220;Assessing the Nonrenewable Material and Energy Resources Needed to Advance Resilient Social Health Protection Systems&#8221; lors de la Prince Mahidol Award Conference 2023 (27-29 janvier). Le th\u00e8me de la conf\u00e9rence \u00e9tait &#8220;D\u00e9finir un nouvel agenda de sant\u00e9 &#8211; au carrefour du changement climatique, de l&#8217;environnement et de la biodiversit\u00e9&#8221;. Le poster s&#8217;appuie sur le travail effectu\u00e9 par P4H au cours de l&#8217;ann\u00e9e pass\u00e9e sur le lien entre les ressources physiques et les syst\u00e8mes de PSM. Le poster fournit les \u00e9l\u00e9ments suivants  <\/span><span style=\"font-weight: 400;\">premi\u00e8re analyse physique des syst\u00e8mes PSM, y compris les syst\u00e8mes de sant\u00e9, et de leur d\u00e9pendance \u00e0 l&#8217;\u00e9gard des ressources mat\u00e9rielles et \u00e9nerg\u00e9tiques non renouvelables. Le poster montre la corr\u00e9lation exponentielle entre le d\u00e9veloppement des syst\u00e8mes de PSM et leur consommation d&#8217;\u00e9nergie. Plus un syst\u00e8me est d\u00e9velopp\u00e9 et efficace, plus son indice de couverture des services du CHU est \u00e9lev\u00e9 et plus il consomme d&#8217;\u00e9nergie.  <\/span><\/p>\n<p>[\/et_pb_text][et_pb_text _builder_version=&#8221;4.21.0&#8243; _module_preset=&#8221;default&#8221; global_colors_info=&#8221;{}&#8221;]<\/p>\n<p><span style=\"font-weight: 400;\">Les syst\u00e8mes de PSM ont \u00e9galement besoin de ressources. Toutefois, plus ils consomment de ressources, plus ils augmentent leur exposition aux crises d&#8217;approvisionnement et donc leur vuln\u00e9rabilit\u00e9 aux p\u00e9nuries. La rar\u00e9faction des ressources mat\u00e9rielles et \u00e9nerg\u00e9tiques non renouvelables peut \u00eatre anticip\u00e9e et \u00e9vit\u00e9e en r\u00e9duisant la demande et en adaptant les syst\u00e8mes de PSM. Il est donc urgent d&#8217;int\u00e9grer les dimensions physiques dans les analyses financi\u00e8res des syst\u00e8mes de PSM afin d&#8217;approfondir notre compr\u00e9hension collective, d&#8217;am\u00e9liorer l&#8217;\u00e9quit\u00e9 et d&#8217;\u00e9clairer les actions futures.<\/span><\/p>\n<p>[\/et_pb_text][\/et_pb_column][\/et_pb_row][et_pb_row admin_label=&#8221;Entretoise&#8221; _builder_version=&#8221;4.19.2&#8243; _module_preset=&#8221;default&#8221; collapsed=&#8221;on&#8221; global_colors_info=&#8221;{}&#8221;][et_pb_column type=&#8221;4_4&#8243; _builder_version=&#8221;4.19.2&#8243; _module_preset=&#8221;default&#8221; global_colors_info=&#8221;{}&#8221;][et_pb_divider show_divider=&#8221;off&#8221; _builder_version=&#8221;4.19.2&#8243; _module_preset=&#8221;default&#8221; custom_margin=&#8221;30px||30px||false|false&#8221; global_colors_info=&#8221;{}&#8221;][\/et_pb_divider][\/et_pb_column][\/et_pb_row][\/et_pb_section]<\/p>\n","protected":false},"excerpt":{"rendered":"<p><div class=\"et_pb_module ba_gradient_heading ba_gradient_heading_0\">\n\t\t\t\t\n\t\t\t\t\n\t\t\t\t\n\t\t\t\t\n\t\t\t\t\n\t\t\t\t\n\t\t\t\t<div class=\"et_pb_module_inner\">\n\t\t\t\t\t<h2 class=\"dtq-gradient-heading\">Ressources mat\u00e9rielles et \u00e9nerg\u00e9tiques non renouvelables <\/h2>\n\t\t\t\t<\/div>\n\t\t\t<\/div>[ba_gradient_heading title=&#8221;Cinquante ans apr\u00e8s %22Les limites de la croissance%22, le rapport Meadow&#8221; html_tag=&#8221;h3&#8243; primary_color=&#8221;#455A64&#8243; secondary_color=&#8221;#455A64&#8243; admin_label=&#8221; HEADING (50-60 characters) Fifty years after \u201cThe Limits to Growth\u201d, Meadow\u2019s report&#8221; _builder_version=&#8221;4.21.0&#8243; _module_preset=&#8221;default&#8221; title_font=&#8221;||||||||&#8221; title_font_size=&#8221;32px&#8221;&#8230;<\/p>\n","protected":false},"author":1,"featured_media":0,"parent":987628165,"menu_order":0,"comment_status":"closed","ping_status":"closed","template":"","meta":{"_et_pb_use_builder":"on","_et_pb_old_content":"","_et_gb_content_width":""},"acf":[],"_links":{"self":[{"href":"https:\/\/p4h.world\/fr\/wp-json\/wp\/v2\/pages\/987627904"}],"collection":[{"href":"https:\/\/p4h.world\/fr\/wp-json\/wp\/v2\/pages"}],"about":[{"href":"https:\/\/p4h.world\/fr\/wp-json\/wp\/v2\/types\/page"}],"author":[{"embeddable":true,"href":"https:\/\/p4h.world\/fr\/wp-json\/wp\/v2\/users\/1"}],"replies":[{"embeddable":true,"href":"https:\/\/p4h.world\/fr\/wp-json\/wp\/v2\/comments?post=987627904"}],"version-history":[{"count":0,"href":"https:\/\/p4h.world\/fr\/wp-json\/wp\/v2\/pages\/987627904\/revisions"}],"up":[{"embeddable":true,"href":"https:\/\/p4h.world\/fr\/wp-json\/wp\/v2\/pages\/987628165"}],"wp:attachment":[{"href":"https:\/\/p4h.world\/fr\/wp-json\/wp\/v2\/media?parent=987627904"}],"curies":[{"name":"wp","href":"https:\/\/api.w.org\/{rel}","templated":true}]}}