{"id":987627923,"date":"2023-03-09T05:17:22","date_gmt":"2023-03-09T04:17:22","guid":{"rendered":"https:\/\/p4h.world\/leadership-pour-la-sante-publique-universelle\/"},"modified":"2023-09-26T06:24:51","modified_gmt":"2023-09-26T05:24:51","slug":"leadership-pour-la-sante-publique-universelle","status":"publish","type":"page","link":"https:\/\/p4h.world\/fr\/ce-que-nous-faisons\/innovations\/leadership-pour-la-sante-publique-universelle\/","title":{"rendered":"Leadership pour la sant\u00e9 publique universelle"},"content":{"rendered":"<p>[et_pb_section fb_built=&#8221;1&#8243; _builder_version=&#8221;4.20.2&#8243; _module_preset=&#8221;default&#8221; global_colors_info=&#8221;{}&#8221;][et_pb_row admin_label=&#8221;Entretoise&#8221; _builder_version=&#8221;4.21.0&#8243; _module_preset=&#8221;default&#8221; display_conditions=&#8221;W10=&#8221; custom_padding=&#8221;0px|0px|10px|0px|false|false&#8221; global_module=&#8221;987504603&#8243; saved_tabs=&#8221;all&#8221; collapsed=&#8221;off&#8221; global_colors_info=&#8221;{}&#8221;][et_pb_column type=&#8221;4_4&#8243; _builder_version=&#8221;4.19.2&#8243; _module_preset=&#8221;default&#8221; global_colors_info=&#8221;{}&#8221;][\/et_pb_column][\/et_pb_row][et_pb_row _builder_version=&#8221;4.20.4&#8243; _module_preset=&#8221;default&#8221; custom_padding=&#8221;0px|15px|0px|15px|false|true&#8221; global_colors_info=&#8221;{}&#8221;][et_pb_column type=&#8221;4_4&#8243; _builder_version=&#8221;4.20.2&#8243; _module_preset=&#8221;default&#8221; global_colors_info=&#8221;{}&#8221;][et_pb_text _builder_version=&#8221;4.21.0&#8243; _module_preset=&#8221;default&#8221; hover_enabled=&#8221;0&#8243; global_colors_info=&#8221;{}&#8221; sticky_enabled=&#8221;0&#8243;]<\/p>\n<p><span style=\"font-weight: 400;\">Si les comp\u00e9tences techniques et les approches n\u00e9cessaires \u00e0 la mise en \u0153uvre de la couverture sanitaire universelle (CSU) sont bien \u00e9tablies, le v\u00e9ritable d\u00e9fi est d&#8217;ordre politique. Comment r\u00e9unir les parties prenantes des secteurs de la sant\u00e9 et de la finance et les organisations de la soci\u00e9t\u00e9 civile qui ont des agendas diff\u00e9rents ?<\/span><\/p>\n<p><span style=\"font-weight: 400;\">Le programme Leadership for UHC (L4UHC) r\u00e9unit ces parties prenantes de deux mani\u00e8res principales.  <\/span><\/p>\n<ul>\n<li><span style=\"font-weight: 400;\">Tout d&#8217;abord, les coaches L4UHC travaillent avec des \u00e9quipes multipartites de diff\u00e9rents pays pour forger une vision commune de la sant\u00e9 publique universelle.  <\/span><\/li>\n<li>Deuxi\u00e8mement, L4UHC soutient les processus mis en place par les pays, en les aidant. Au cours d&#8217;actions collectives pratiques d&#8217;une dur\u00e9e de 100 jours, les participants \u00e0 L4UHC cr\u00e9ent l&#8217;\u00e9lan n\u00e9cessaire pour faire de leur vision de la sant\u00e9 universelle une r\u00e9alit\u00e9.<\/li>\n<\/ul>\n<p>[\/et_pb_text][ba_gradient_heading title=&#8221;Permettre aux parties prenantes de collaborer \u00e0 l&#039;\u00e9laboration d&#039;une vision commune&#8221; html_tag=&#8221;h3&#8243; primary_color=&#8221;#455A64&#8243; secondary_color=&#8221;#455A64&#8243; admin_label=&#8221;TO BE EDITED &#8211; HEADING (50-60 characters)&#8221; _builder_version=&#8221;4.21.0&#8243; _module_preset=&#8221;default&#8221; title_font=&#8221;||||||||&#8221; title_font_size=&#8221;32px&#8221; title_line_height=&#8221;1em&#8221; custom_margin=&#8221;15px|0px|0px|0px|false|false&#8221; custom_padding=&#8221;0px|0px|0px|0px|false|false&#8221; global_colors_info=&#8221;{}&#8221;][\/ba_gradient_heading][et_pb_text _builder_version=&#8221;4.21.0&#8243; _module_preset=&#8221;default&#8221; global_colors_info=&#8221;{}&#8221;]<\/p>\n<p><span style=\"font-weight: 400;\">Depuis son lancement en 2016, L4UHC a aid\u00e9 plus de 15 pays d&#8217;Afrique et d&#8217;Asie \u00e0 faire progresser l&#8217;UHC &#8211; du Burkina Faso \u00e0 Madagascar et du Cambodge au Pakistan. Le principe fondamental de L4UHC est que chaque pays est le mieux plac\u00e9 pour d\u00e9finir la vision de la sant\u00e9 universelle pour sa population.  <\/span><\/p>\n<p><span style=\"font-weight: 400;\">L4UHC offre une plateforme aux acteurs de diff\u00e9rents secteurs pour approfondir leurs comp\u00e9tences en mati\u00e8re de collaboration. Les coaches de L4UHC rassemblent des participants issus de secteurs tels que la sant\u00e9, la finance et la s\u00e9curit\u00e9 sociale. Les coachs guident les participants \u00e0 travers une s\u00e9rie d&#8217;exercices sur la navigation et la gestion des relations essentielles pour faire progresser la sant\u00e9 publique universelle. Les participants se rendent \u00e9galement dans des pays dot\u00e9s de syst\u00e8mes de sant\u00e9 publique relativement bien \u00e9tablis, tels que le Sri Lanka ou la Tunisie, afin de mieux comprendre la mani\u00e8re dont ils rel\u00e8vent les d\u00e9fis.<\/span> <span style=\"font-weight: 400;\">Le r\u00e9sultat est un groupe d&#8217;individus agissant ensemble comme une \u00e9quipe interfonctionnelle qui d\u00e9veloppe une vision commune de la sant\u00e9 publique universelle dans leur pays.<\/span><\/p>\n<p>[\/et_pb_text][et_pb_text quote_border_color=&#8221;#EA3A32&#8243; admin_label=&#8221;Pullquote&#8221; _builder_version=&#8221;4.21.0&#8243; _module_preset=&#8221;default&#8221; quote_font=&#8221;Oswald|||on|||||&#8221; quote_text_color=&#8221;#5EAABC&#8221; quote_font_size=&#8221;26px&#8221; quote_line_height=&#8221;1.3em&#8221; global_colors_info=&#8221;{}&#8221;]<\/p>\n<blockquote>\n<p><span style=\"font-weight: 400;\">&#8220;La transformation culturelle et la mani\u00e8re dont les \u00e9quipes s&#8217;adaptent sont tout simplement spectaculaires&#8221;, d\u00e9clare Marisol Touraine, ancienne ministre fran\u00e7aise de la sant\u00e9, qui a anim\u00e9 des sessions L4UHC.  <\/span><\/p>\n<\/blockquote>\n<p>[\/et_pb_text][ba_gradient_heading title=&#8221;Mise en \u0153uvre d&#039;initiatives pratiques dans un d\u00e9lai de 100 jours&#8221; html_tag=&#8221;h3&#8243; primary_color=&#8221;#455A64&#8243; secondary_color=&#8221;#455A64&#8243; admin_label=&#8221;TO BE EDITED &#8211; HEADING (50-60 characters)&#8221; _builder_version=&#8221;4.21.0&#8243; _module_preset=&#8221;default&#8221; title_font=&#8221;||||||||&#8221; title_font_size=&#8221;32px&#8221; title_line_height=&#8221;1em&#8221; custom_margin=&#8221;15px|0px|0px|0px|false|false&#8221; custom_padding=&#8221;0px|0px|0px|0px|false|false&#8221; global_colors_info=&#8221;{}&#8221;][\/ba_gradient_heading][et_pb_text _builder_version=&#8221;4.21.0&#8243; _module_preset=&#8221;default&#8221; global_colors_info=&#8221;{}&#8221;]<\/p>\n<p><span style=\"font-weight: 400;\">Chaque \u00e9quipe \u00e9tablit ensuite une vision pour la sant\u00e9 publique universelle dans son pays, et tous les membres de l&#8217;\u00e9quipe conviennent de mettre en \u0153uvre des actions collectives dans un d\u00e9lai d&#8217;environ 100 jours. Un entra\u00eeneur vivant \u00e0<\/span><span style=\"font-weight: 400;\"> <\/span><span style=\"font-weight: 400;\">le pays de l&#8217;\u00e9quipe soutient ces actions collectives. Voici quelques-uns des r\u00e9sultats obtenus : au N\u00e9pal, le processus national d&#8217;achat de m\u00e9dicaments r\u00e9pond mieux \u00e0 la demande<\/span><span style=\"font-weight: 400;\">\u00e0 Madagascar, la caisse nationale d&#8217;assurance maladie cr\u00e9\u00e9e par d\u00e9cret est en cours de perfectionnement ; le Pakistan a \u00e9labor\u00e9 un plan de financement \u00e0 long terme de l&#8217;assurance maladie universelle. Les initiatives de l&#8217;\u00e9quipe L4UHC ont \u00e9galement contribu\u00e9 \u00e0 cr\u00e9er des coalitions pour mettre en \u0153uvre de nouvelles avanc\u00e9es dans leurs pays.<\/span><\/p>\n<p>[\/et_pb_text][ba_gradient_heading title=&#8221;Aller de l&#039;avant&#8221; html_tag=&#8221;h3&#8243; primary_color=&#8221;#455A64&#8243; secondary_color=&#8221;#455A64&#8243; admin_label=&#8221;TO BE EDITED &#8211; HEADING (50-60 characters)&#8221; _builder_version=&#8221;4.21.0&#8243; _module_preset=&#8221;default&#8221; title_font=&#8221;||||||||&#8221; title_font_size=&#8221;32px&#8221; title_line_height=&#8221;1em&#8221; custom_margin=&#8221;15px|0px|0px|0px|false|false&#8221; custom_padding=&#8221;0px|0px|0px|0px|false|false&#8221; global_colors_info=&#8221;{}&#8221;][\/ba_gradient_heading][et_pb_text _builder_version=&#8221;4.21.0&#8243; _module_preset=&#8221;default&#8221; global_colors_info=&#8221;{}&#8221;]<\/p>\n<p><span style=\"font-weight: 400;\">La demande de L4UHC est croissante. Le r\u00e9seau P4H \u00e9tudie de nouvelles structures de gouvernance et de financement afin de r\u00e9pondre de mani\u00e8re plus souple aux besoins des pays.  <\/span><\/p>\n<p>[\/et_pb_text][\/et_pb_column][\/et_pb_row][\/et_pb_section][et_pb_section fb_built=&#8221;1&#8243; _builder_version=&#8221;4.20.2&#8243; _module_preset=&#8221;default&#8221; custom_padding=&#8221;0px||0px||false|false&#8221; locked=&#8221;off&#8221; global_colors_info=&#8221;{}&#8221;][et_pb_row admin_label=&#8221;Entretoise&#8221; _builder_version=&#8221;4.21.0&#8243; _module_preset=&#8221;default&#8221; display_conditions=&#8221;W10=&#8221; custom_padding=&#8221;0px|0px|29px|0px|false|false&#8221; global_module=&#8221;987504603&#8243; saved_tabs=&#8221;all&#8221; collapsed=&#8221;off&#8221; global_colors_info=&#8221;{}&#8221;][et_pb_column type=&#8221;4_4&#8243; _builder_version=&#8221;4.19.2&#8243; _module_preset=&#8221;default&#8221; global_colors_info=&#8221;{}&#8221;][\/et_pb_column][\/et_pb_row][et_pb_row admin_label=&#8221;Rang\u00e9e de filtres&#8221; _builder_version=&#8221;4.20.2&#8243; _module_preset=&#8221;default&#8221; collapsed=&#8221;off&#8221; global_colors_info=&#8221;{}&#8221;][et_pb_column type=&#8221;4_4&#8243; _builder_version=&#8221;4.20.2&#8243; _module_preset=&#8221;default&#8221; global_colors_info=&#8221;{}&#8221;][et_pb_code admin_label=&#8221;Toutes les nouvelles&#8221; module_class=&#8221;p4h-content-grid&#8221; _builder_version=&#8221;4.21.0&#8243; _module_preset=&#8221;default&#8221; background_enable_color=&#8221;off&#8221; custom_padding=&#8221;||||false|false&#8221; locked=&#8221;off&#8221; global_colors_info=&#8221;{}&#8221;]<div class=\"pt-cv-wrapper et_smooth_scroll_disabled\"><div class=\"pt-cv-view pt-cv-grid pt-cv-colsys pt-cv-pgloadmore\" id=\"pt-cv-view-666326bef2\"><div data-id=\"pt-cv-page-1\" class=\"pt-cv-page\" data-cvc=\"3\"><div class=\"col-md-4 col-sm-6 col-xs-12 pt-cv-content-item pt-cv-1-col\"  data-pid=\"987704560\"><div class='pt-cv-ifield'><a href=\"https:\/\/p4h.world\/fr\/news\/la-mission-au-nepal-incite-a-laction\/\" class=\"_self pt-cv-href-thumbnail pt-cv-thumb-default cvplbd\" target=\"_self\" ><img width=\"1382\" height=\"780\" src=\"https:\/\/p4h.world\/app\/uploads\/2024\/06\/p4h_mission-nepal_2024.png\" class=\"pt-cv-thumbnail img-none\" alt=\"La mission au N\u00e9pal incite \u00e0 l&#039;action\" decoding=\"async\" loading=\"lazy\" srcset=\"https:\/\/p4h.world\/app\/uploads\/2024\/06\/p4h_mission-nepal_2024.png 1382w, https:\/\/p4h.world\/app\/uploads\/2024\/06\/p4h_mission-nepal_2024-1280x722.png 1280w, https:\/\/p4h.world\/app\/uploads\/2024\/06\/p4h_mission-nepal_2024-980x553.png 980w, https:\/\/p4h.world\/app\/uploads\/2024\/06\/p4h_mission-nepal_2024-480x271.png 480w\" sizes=\"(min-width: 0px) and (max-width: 480px) 480px, (min-width: 481px) and (max-width: 980px) 980px, (min-width: 981px) and (max-width: 1280px) 1280px, (min-width: 1281px) 1382px, 100vw\" \/><\/a>\n<div class=\"pt-cv-meta-fields\"><span class=\"post-type\">ACTUALIT\u00c9S<\/span> <span class=\"p4h-fc-dark\">|<\/span> <span class=\"entry-date\"> <time datetime=\"2024-06-27T12:24:29+01:00\">27 Juin 2024<\/time><\/span><\/div>\n<h4 class=\"pt-cv-title\"><a href=\"https:\/\/p4h.world\/fr\/news\/la-mission-au-nepal-incite-a-laction\/\" class=\"_self cvplbd\" target=\"_self\" >La mission au N\u00e9pal incite \u00e0 l&#8217;action<\/a><\/h4>\n<div class=\"pt-cv-ctf-list\" data-cvc=\"1\"><div class=\"col-md-12 pt-cv-ctf-column\"><div class=\"pt-cv-custom-fields pt-cv-ctf-countries\"><div class=\"pt-cv-ctf-value\">N\u00e9pal<\/div><\/div><\/div><\/div><\/div><\/div>\n<div class=\"col-md-4 col-sm-6 col-xs-12 pt-cv-content-item pt-cv-1-col\"  data-pid=\"987672701\"><div class='pt-cv-ifield'><a href=\"https:\/\/p4h.world\/fr\/news\/leadership-pour-la-sante-publique-universelle-points-de-vue-des-participants\/\" class=\"_self pt-cv-href-thumbnail pt-cv-thumb-default cvplbd\" target=\"_self\" ><img width=\"1196\" height=\"720\" src=\"https:\/\/p4h.world\/app\/uploads\/2024\/01\/P4H_L4UHC-programme-participants-view.png\" class=\"pt-cv-thumbnail img-none\" alt=\"Leadership pour la sant\u00e9 publique universelle : points de vue des participants\" decoding=\"async\" loading=\"lazy\" srcset=\"https:\/\/p4h.world\/app\/uploads\/2024\/01\/P4H_L4UHC-programme-participants-view.png 1196w, https:\/\/p4h.world\/app\/uploads\/2024\/01\/P4H_L4UHC-programme-participants-view-980x590.png 980w, https:\/\/p4h.world\/app\/uploads\/2024\/01\/P4H_L4UHC-programme-participants-view-480x289.png 480w\" sizes=\"(min-width: 0px) and (max-width: 480px) 480px, (min-width: 481px) and (max-width: 980px) 980px, (min-width: 981px) 1196px, 100vw\" \/><\/a>\n<div class=\"pt-cv-meta-fields\"><span class=\"post-type\">ACTUALIT\u00c9S<\/span> <span class=\"p4h-fc-dark\">|<\/span> <span class=\"entry-date\"> <time datetime=\"2024-01-25T10:47:24+01:00\">25 Jan 2024<\/time><\/span><\/div>\n<h4 class=\"pt-cv-title\"><a href=\"https:\/\/p4h.world\/fr\/news\/leadership-pour-la-sante-publique-universelle-points-de-vue-des-participants\/\" class=\"_self cvplbd\" target=\"_self\" >Leadership pour la sant\u00e9 publique universelle : points de vue des participants<\/a><\/h4>\n<div class=\"pt-cv-ctf-list\" data-cvc=\"1\"><div class=\"col-md-12 pt-cv-ctf-column\"><div class=\"pt-cv-custom-fields pt-cv-ctf-countries\"><div class=\"pt-cv-ctf-value\"><\/div><\/div><\/div><\/div><\/div><\/div>\n<div class=\"col-md-4 col-sm-6 col-xs-12 pt-cv-content-item pt-cv-1-col\"  data-pid=\"987668303\"><div class='pt-cv-ifield'><a href=\"https:\/\/p4h.world\/fr\/news\/reunion-pilote-sur-la-cocreation-de-la-recherche-sur-les-politiques-et-les-systemes-de-sante-en-asie\/\" class=\"_self pt-cv-href-thumbnail pt-cv-thumb-default cvplbd\" target=\"_self\" ><img width=\"660\" height=\"320\" src=\"https:\/\/p4h.world\/app\/uploads\/2023\/11\/Health-policy-research-pilot-convening-Asia_nov-2023.jpg\" class=\"pt-cv-thumbnail img-none\" alt=\"R\u00e9union pilote sur la cocr\u00e9ation de la recherche sur les politiques et les syst\u00e8mes de sant\u00e9 en Asie\" decoding=\"async\" loading=\"lazy\" srcset=\"https:\/\/p4h.world\/app\/uploads\/2023\/11\/Health-policy-research-pilot-convening-Asia_nov-2023.jpg 660w, https:\/\/p4h.world\/app\/uploads\/2023\/11\/Health-policy-research-pilot-convening-Asia_nov-2023-480x233.jpg 480w\" sizes=\"(min-width: 0px) and (max-width: 480px) 480px, (min-width: 481px) 660px, 100vw\" \/><\/a>\n<div class=\"pt-cv-meta-fields\"><span class=\"post-type\">ACTUALIT\u00c9S<\/span> <span class=\"p4h-fc-dark\">|<\/span> <span class=\"entry-date\"> <time datetime=\"2023-11-23T13:04:57+01:00\">23 Nov 2023<\/time><\/span><\/div>\n<h4 class=\"pt-cv-title\"><a href=\"https:\/\/p4h.world\/fr\/news\/reunion-pilote-sur-la-cocreation-de-la-recherche-sur-les-politiques-et-les-systemes-de-sante-en-asie\/\" class=\"_self cvplbd\" target=\"_self\" >R\u00e9union pilote sur la cocr\u00e9ation de la recherche sur les politiques et les syst\u00e8mes de sant\u00e9 en Asie<\/a><\/h4>\n<div class=\"pt-cv-ctf-list\" data-cvc=\"1\"><div class=\"col-md-12 pt-cv-ctf-column\"><div class=\"pt-cv-custom-fields pt-cv-ctf-countries\"><div class=\"pt-cv-ctf-value\"><\/div><\/div><\/div><\/div><\/div><\/div>\n<div class=\"col-md-4 col-sm-6 col-xs-12 pt-cv-content-item pt-cv-1-col\"  data-pid=\"987668274\"><div class='pt-cv-ifield'><a href=\"https:\/\/p4h.world\/fr\/news\/module-l4uhc-pour-lafrique-francophone\/\" class=\"_self pt-cv-href-thumbnail pt-cv-thumb-default cvplbd\" target=\"_self\" ><img width=\"660\" height=\"320\" src=\"https:\/\/p4h.world\/app\/uploads\/2023\/11\/L4UHC-module-francophone-Africa_nov-2023.jpg\" class=\"pt-cv-thumbnail img-none\" alt=\"Module L4UHC pour l&#039;Afrique francophone\" decoding=\"async\" loading=\"lazy\" srcset=\"https:\/\/p4h.world\/app\/uploads\/2023\/11\/L4UHC-module-francophone-Africa_nov-2023.jpg 660w, https:\/\/p4h.world\/app\/uploads\/2023\/11\/L4UHC-module-francophone-Africa_nov-2023-480x233.jpg 480w\" sizes=\"(min-width: 0px) and (max-width: 480px) 480px, (min-width: 481px) 660px, 100vw\" \/><\/a>\n<div class=\"pt-cv-meta-fields\"><span class=\"post-type\">ACTUALIT\u00c9S<\/span> <span class=\"p4h-fc-dark\">|<\/span> <span class=\"entry-date\"> <time datetime=\"2023-11-23T12:34:38+01:00\">23 Nov 2023<\/time><\/span><\/div>\n<h4 class=\"pt-cv-title\"><a href=\"https:\/\/p4h.world\/fr\/news\/module-l4uhc-pour-lafrique-francophone\/\" class=\"_self cvplbd\" target=\"_self\" >Module L4UHC pour l&#8217;Afrique francophone<\/a><\/h4>\n<div class=\"pt-cv-ctf-list\" data-cvc=\"1\"><div class=\"col-md-12 pt-cv-ctf-column\"><div class=\"pt-cv-custom-fields pt-cv-ctf-countries\"><div class=\"pt-cv-ctf-value\">Cameroun, Tchad<\/div><\/div><\/div><\/div><\/div><\/div>\n<div class=\"col-md-4 col-sm-6 col-xs-12 pt-cv-content-item pt-cv-1-col\"  data-pid=\"987667452\"><div class='pt-cv-ifield'><a href=\"https:\/\/p4h.world\/fr\/news\/nepal-strategie-nationale-de-financement-de-la-sante-2023-2033\/\" class=\"_self pt-cv-href-thumbnail pt-cv-thumb-default cvplbd\" target=\"_self\" ><img width=\"2940\" height=\"1912\" src=\"https:\/\/p4h.world\/app\/uploads\/2023\/10\/Screenshot-2023-11-21-at-10.00.47-PM-e1700605095576.png\" class=\"pt-cv-thumbnail img-none\" alt=\"N\u00e9pal : Strat\u00e9gie nationale de financement de la sant\u00e9 2023- 2033\" decoding=\"async\" loading=\"lazy\" \/><\/a>\n<div class=\"pt-cv-meta-fields\"><span class=\"post-type\">ACTUALIT\u00c9S<\/span> <span class=\"p4h-fc-dark\">|<\/span> <span class=\"entry-date\"> <time datetime=\"2023-10-20T16:53:42+01:00\">20 Oct 2023<\/time><\/span><\/div>\n<h4 class=\"pt-cv-title\"><a href=\"https:\/\/p4h.world\/fr\/news\/nepal-strategie-nationale-de-financement-de-la-sante-2023-2033\/\" class=\"_self cvplbd\" target=\"_self\" >N\u00e9pal : Strat\u00e9gie nationale de financement de la sant\u00e9 2023- 2033<\/a><\/h4>\n<div class=\"pt-cv-ctf-list\" data-cvc=\"1\"><div class=\"col-md-12 pt-cv-ctf-column\"><div class=\"pt-cv-custom-fields pt-cv-ctf-countries\"><div class=\"pt-cv-ctf-value\">N\u00e9pal<\/div><\/div><\/div><\/div><\/div><\/div><\/div><\/div><\/div>\t\t\t<style type=\"text\/css\" id=\"pt-cv-inline-style-b86f78fdqn\">#pt-cv-view-666326bef2 .pt-cv-carousel-caption  { background-color: rgba(51,51,51,.6) !important; }\n#pt-cv-view-666326bef2 .pt-cv-specialp { background-color: #CC3333 !important }\n#pt-cv-view-666326bef2 .pt-cv-specialp * { color: #fff !important; }\n#pt-cv-view-666326bef2 .pt-cv-pficon  { color: #bbb !important; }\n#pt-cv-view-666326bef2 .pt-cv-readmore  { color: #ffffff !important; }\n#pt-cv-view-666326bef2 .pt-cv-readmore:hover  { color: #ffffff !important; }\n#pt-cv-view-666326bef2  + .pt-cv-pagination-wrapper .pt-cv-more , #pt-cv-view-666326bef2  + .pt-cv-pagination-wrapper .pagination .active a, .pt-cv-pagination[data-sid='666326bef2'] .active a { color: #ffffff !important; }<\/style>\r\n\t\t\t[\/et_pb_code][\/et_pb_column][\/et_pb_row][\/et_pb_section]<\/p>\n","protected":false},"excerpt":{"rendered":"<p>Si les comp\u00e9tences techniques et les approches n\u00e9cessaires \u00e0 la mise en \u0153uvre de la couverture sanitaire universelle (CSU) sont bien \u00e9tablies, le v\u00e9ritable d\u00e9fi est d&#8217;ordre politique. Comment r\u00e9unir les parties prenantes des secteurs de la sant\u00e9 et de la finance et les organisations de la soci\u00e9t\u00e9 civile qui ont des agendas diff\u00e9rents ?&#8230;<\/p>\n","protected":false},"author":1,"featured_media":0,"parent":987628165,"menu_order":0,"comment_status":"closed","ping_status":"closed","template":"","meta":{"_et_pb_use_builder":"on","_et_pb_old_content":"","_et_gb_content_width":""},"acf":[],"_links":{"self":[{"href":"https:\/\/p4h.world\/fr\/wp-json\/wp\/v2\/pages\/987627923"}],"collection":[{"href":"https:\/\/p4h.world\/fr\/wp-json\/wp\/v2\/pages"}],"about":[{"href":"https:\/\/p4h.world\/fr\/wp-json\/wp\/v2\/types\/page"}],"author":[{"embeddable":true,"href":"https:\/\/p4h.world\/fr\/wp-json\/wp\/v2\/users\/1"}],"replies":[{"embeddable":true,"href":"https:\/\/p4h.world\/fr\/wp-json\/wp\/v2\/comments?post=987627923"}],"version-history":[{"count":3,"href":"https:\/\/p4h.world\/fr\/wp-json\/wp\/v2\/pages\/987627923\/revisions"}],"predecessor-version":[{"id":987647740,"href":"https:\/\/p4h.world\/fr\/wp-json\/wp\/v2\/pages\/987627923\/revisions\/987647740"}],"up":[{"embeddable":true,"href":"https:\/\/p4h.world\/fr\/wp-json\/wp\/v2\/pages\/987628165"}],"wp:attachment":[{"href":"https:\/\/p4h.world\/fr\/wp-json\/wp\/v2\/media?parent=987627923"}],"curies":[{"name":"wp","href":"https:\/\/api.w.org\/{rel}","templated":true}]}}