{"id":987628001,"date":"2023-01-18T04:06:54","date_gmt":"2023-01-18T03:06:54","guid":{"rendered":"https:\/\/p4h.world\/groupe-dechange-technique-2\/"},"modified":"2024-11-21T16:54:14","modified_gmt":"2024-11-21T15:54:14","slug":"groupe-dechange-technique-2","status":"publish","type":"page","link":"https:\/\/p4h.world\/fr\/qui-sommes-nous\/organisation\/groupe-dechange-technique-2\/","title":{"rendered":"Groupe d&#8217;\u00e9change technique"},"content":{"rendered":"<p>[et_pb_section fb_built=&#8221;1&#8243; admin_label=&#8221;Section&#8221; _builder_version=&#8221;4.19.2&#8243; _module_preset=&#8221;default&#8221; locked=&#8221;off&#8221; global_colors_info=&#8221;{}&#8221;][et_pb_row admin_label=&#8221;Entretoise&#8221; _builder_version=&#8221;4.21.0&#8243; _module_preset=&#8221;default&#8221; display_conditions=&#8221;W10=&#8221; custom_padding=&#8221;0px|0px|10px|0px|false|false&#8221; global_module=&#8221;987504603&#8243; saved_tabs=&#8221;all&#8221; collapsed=&#8221;off&#8221; global_colors_info=&#8221;{}&#8221;][et_pb_column type=&#8221;4_4&#8243; _builder_version=&#8221;4.19.2&#8243; _module_preset=&#8221;default&#8221; global_colors_info=&#8221;{}&#8221;][\/et_pb_column][\/et_pb_row][et_pb_row make_equal=&#8221;on&#8221; admin_label=&#8221;Vue d&#039;ensemble&#8221; _builder_version=&#8221;4.20.4&#8243; _module_preset=&#8221;default&#8221; custom_padding=&#8221;0px|15px|0px|15px|false|true&#8221; custom_css_main_element=&#8221;align-items: center;&#8221; collapsed=&#8221;off&#8221; global_colors_info=&#8221;{}&#8221;][et_pb_column type=&#8221;4_4&#8243; admin_label=&#8221;Colonne&#8221; _builder_version=&#8221;4.20.2&#8243; _module_preset=&#8221;default&#8221; custom_padding=&#8221;||||false|true&#8221; global_colors_info=&#8221;{}&#8221;][et_pb_text _builder_version=&#8221;4.21.0&#8243; _module_preset=&#8221;default&#8221; global_colors_info=&#8221;{}&#8221;]<\/p>\n<p>Le groupe d&#8217;\u00e9change technique de P4H (P4H-TEG) soutient le groupe de pilotage de P4H en engageant le personnel technique des membres de P4H \u00e0 initier, coordonner et \u00e9valuer les activit\u00e9s du r\u00e9seau P4H. Le P4H-TEG comprend le bureau de coordination de P4H, les personnes de contact de P4H dans les pays, et le personnel technique et politique des membres de P4H. Dirig\u00e9 par trois co-pr\u00e9sidents, le P4H-TEG organise des groupes de travail sur des sujets techniques et sur les processus du r\u00e9seau P4H.<\/p>\n<p>[\/et_pb_text][et_pb_text _builder_version=&#8221;4.21.0&#8243; _module_preset=&#8221;default&#8221; global_colors_info=&#8221;{}&#8221;]<\/p>\n<p>En 2023, les groupes de travail se concentrent sur cinq points : l&#8217;alignement des donateurs sur la protection sociale de la sant\u00e9 et le financement de la sant\u00e9 ; le suivi et l&#8217;\u00e9valuation ; le changement climatique et le financement de la sant\u00e9 ; le vieillissement et les soins aux personnes \u00e2g\u00e9es, y compris les populations vuln\u00e9rables ; la pr\u00e9paration et la r\u00e9ponse aux pand\u00e9mies.<\/p>\n<p>[\/et_pb_text][\/et_pb_column][\/et_pb_row][et_pb_row admin_label=&#8221;Entretoise&#8221; _builder_version=&#8221;4.21.0&#8243; _module_preset=&#8221;default&#8221; display_conditions=&#8221;W10=&#8221; custom_padding=&#8221;0px|0px|10px|0px|false|false&#8221; global_module=&#8221;987504603&#8243; saved_tabs=&#8221;all&#8221; collapsed=&#8221;off&#8221; global_colors_info=&#8221;{}&#8221;][et_pb_column type=&#8221;4_4&#8243; _builder_version=&#8221;4.19.2&#8243; _module_preset=&#8221;default&#8221; global_colors_info=&#8221;{}&#8221;][\/et_pb_column][\/et_pb_row][et_pb_row admin_label=&#8221;TEG&#8221; _builder_version=&#8221;4.20.4&#8243; _module_preset=&#8221;default&#8221; custom_padding=&#8221;0px|15px|0px|15px|false|true&#8221; collapsed=&#8221;off&#8221; global_colors_info=&#8221;{}&#8221;][et_pb_column type=&#8221;4_4&#8243; _builder_version=&#8221;4.20.2&#8243; _module_preset=&#8221;default&#8221; global_colors_info=&#8221;{}&#8221;][et_pb_code _builder_version=&#8221;4.21.0&#8243; _module_preset=&#8221;default&#8221; custom_margin=&#8221;0px|0px|0px|0px|false|false&#8221; custom_padding=&#8221;0px|0px|0px|0px|false|false&#8221; global_colors_info=&#8221;{}&#8221;]<\/p>\n<div class=\"p4h-title withlink\"><!-- [et_pb_line_break_holder] --><\/p>\n<h3 class=\"p4h-fc-dark p4h-fs-24 p4h-text-uppercase\">Communaut\u00e9 de pratique sur l&#8217;alignement &#8211; contacts<\/h3>\n<p><!-- [et_pb_line_break_holder] --><\/div>\n<p>[\/et_pb_code][et_pb_code _builder_version=&#8221;4.21.0&#8243; _module_preset=&#8221;default&#8221; custom_margin=&#8221;20px||||false|false&#8221; hover_enabled=&#8221;0&#8243; global_colors_info=&#8221;{}&#8221; sticky_enabled=&#8221;0&#8243;]<\/p>\n<div class=\"cfp-grid-wrapper\"><!-- [et_pb_line_break_holder] -->    <\/p>\n<div class=\"cfp-grid\"><!-- [et_pb_line_break_holder] -->        <\/p>\n<div class=\"cfp-item\"><!-- [et_pb_line_break_holder] -->            <\/p>\n<div class=\"cfp-item-body\"><!-- [et_pb_line_break_holder] -->                <\/p>\n<div class=\"cfp-image-wrapper\"><!-- [et_pb_line_break_holder] -->                    <img decoding=\"async\" src=\"https:\/\/p4h.world\/app\/uploads\/2023\/05\/pascal190.jpg\" class=\"cfp-image\"><!-- [et_pb_line_break_holder] -->                <\/div>\n<p><!-- [et_pb_line_break_holder] -->                <\/p>\n<div class=\"cfp-details-wrapper\"><!-- [et_pb_line_break_holder] -->                    <\/p>\n<h5 class=\"cfp-name\">Pascale Le Roy<\/h5>\n<p><!-- [et_pb_line_break_holder] -->                    <span class=\"cfp-info\">AFD<\/span><!-- [et_pb_line_break_holder] -->                <\/div>\n<p><!-- [et_pb_line_break_holder] -->            <\/div>\n<p><!-- [et_pb_line_break_holder] -->        <\/div>\n<p><!-- [et_pb_line_break_holder] -->      <!-- [et_pb_line_break_holder] -->      <\/p>\n<div class=\"cfp-item\"><!-- [et_pb_line_break_holder] -->            <\/p>\n<div class=\"cfp-item-body\"><!-- [et_pb_line_break_holder] -->                <\/p>\n<div class=\"cfp-image-wrapper\"><!-- [et_pb_line_break_holder] -->                    <img decoding=\"async\" src=\"https:\/\/p4h.world\/app\/uploads\/2024\/11\/p4h_emi-inaoka_180.jpg\" class=\"cfp-image\"><!-- [et_pb_line_break_holder] -->                <\/div>\n<p><!-- [et_pb_line_break_holder] -->                <\/p>\n<div class=\"cfp-details-wrapper\"><!-- [et_pb_line_break_holder] -->                    <\/p>\n<h5 class=\"cfp-name\">Emi Inaoka<\/h5>\n<p><!-- [et_pb_line_break_holder] -->                    <span class=\"cfp-info\">GF<\/span><!-- [et_pb_line_break_holder] -->                <\/div>\n<p><!-- [et_pb_line_break_holder] -->            <\/div>\n<p><!-- [et_pb_line_break_holder] -->        <\/div>\n<p><!-- [et_pb_line_break_holder] -->      <!-- [et_pb_line_break_holder] -->    <\/div>\n<p><!-- [et_pb_line_break_holder] --><\/div>\n<p>[\/et_pb_code][\/et_pb_column][\/et_pb_row][et_pb_row admin_label=&#8221;Entretoise&#8221; _builder_version=&#8221;4.21.0&#8243; _module_preset=&#8221;default&#8221; display_conditions=&#8221;W10=&#8221; custom_padding=&#8221;0px|0px|10px|0px|false|false&#8221; global_module=&#8221;987504603&#8243; saved_tabs=&#8221;all&#8221; collapsed=&#8221;off&#8221; global_colors_info=&#8221;{}&#8221;][et_pb_column type=&#8221;4_4&#8243; _builder_version=&#8221;4.19.2&#8243; _module_preset=&#8221;default&#8221; global_colors_info=&#8221;{}&#8221;][\/et_pb_column][\/et_pb_row][et_pb_row admin_label=&#8221;TEG&#8221; _builder_version=&#8221;4.20.4&#8243; _module_preset=&#8221;default&#8221; custom_padding=&#8221;0px|15px|0px|15px|false|true&#8221; collapsed=&#8221;off&#8221; global_colors_info=&#8221;{}&#8221;][et_pb_column type=&#8221;4_4&#8243; _builder_version=&#8221;4.20.2&#8243; _module_preset=&#8221;default&#8221; global_colors_info=&#8221;{}&#8221;][et_pb_code _builder_version=&#8221;4.21.0&#8243; _module_preset=&#8221;default&#8221; custom_margin=&#8221;0px|0px|0px|0px|false|false&#8221; custom_padding=&#8221;0px|0px|0px|0px|false|false&#8221; global_colors_info=&#8221;{}&#8221;]<\/p>\n<div class=\"p4h-title withlink\"><!-- [et_pb_line_break_holder] --><\/p>\n<h3 class=\"p4h-fc-dark p4h-fs-24 p4h-text-uppercase\">Cadre de suivi et d&#8217;\u00e9valuation &#8211; contacts<\/h3>\n<p><!-- [et_pb_line_break_holder] --><\/div>\n<p> [\/et_pb_code][et_pb_code _builder_version=&#8221;4.21.0&#8243; _module_preset=&#8221;default&#8221; custom_margin=&#8221;20px||||false|false&#8221; hover_enabled=&#8221;0&#8243; global_colors_info=&#8221;{}&#8221; sticky_enabled=&#8221;0&#8243;]<\/p>\n<div class=\"cfp-grid-wrapper\"><!-- [et_pb_line_break_holder] -->    <\/p>\n<div class=\"cfp-grid\"><!-- [et_pb_line_break_holder] -->        <\/p>\n<div class=\"cfp-item\"><!-- [et_pb_line_break_holder] -->            <\/p>\n<div class=\"cfp-item-body\"><!-- [et_pb_line_break_holder] -->                <\/p>\n<div class=\"cfp-image-wrapper\"><!-- [et_pb_line_break_holder] -->                    <img decoding=\"async\" src=\"https:\/\/p4h.world\/app\/uploads\/2023\/05\/nina190.jpg\" class=\"cfp-image\"><!-- [et_pb_line_break_holder] -->                <\/div>\n<p><!-- [et_pb_line_break_holder] -->                <\/p>\n<div class=\"cfp-details-wrapper\"><!-- [et_pb_line_break_holder] -->                    <\/p>\n<h5 class=\"cfp-name\">Nina Siegert<\/h5>\n<p><!-- [et_pb_line_break_holder] -->                    <span class=\"cfp-info\">GIZ<\/span><!-- [et_pb_line_break_holder] -->                <\/div>\n<p><!-- [et_pb_line_break_holder] -->            <\/div>\n<p><!-- [et_pb_line_break_holder] -->        <\/div>\n<p><!-- [et_pb_line_break_holder] -->      <!-- [et_pb_line_break_holder] -->       <\/p>\n<div class=\"cfp-item\"><!-- [et_pb_line_break_holder] -->            <\/p>\n<div class=\"cfp-item-body\"><!-- [et_pb_line_break_holder] -->                <\/p>\n<div class=\"cfp-image-wrapper\"><!-- [et_pb_line_break_holder] -->                    <img decoding=\"async\" src=\"https:\/\/p4h.world\/app\/uploads\/2024\/11\/p4h_emi-inaoka_180.jpg\" class=\"cfp-image\"><!-- [et_pb_line_break_holder] -->                <\/div>\n<p><!-- [et_pb_line_break_holder] -->                <\/p>\n<div class=\"cfp-details-wrapper\"><!-- [et_pb_line_break_holder] -->                    <\/p>\n<h5 class=\"cfp-name\">Emi Inaoka<\/h5>\n<p><!-- [et_pb_line_break_holder] -->                    <span class=\"cfp-info\">GF<\/span><!-- [et_pb_line_break_holder] -->                <\/div>\n<p><!-- [et_pb_line_break_holder] -->            <\/div>\n<p><!-- [et_pb_line_break_holder] -->        <\/div>\n<p><!-- [et_pb_line_break_holder] -->      <!-- [et_pb_line_break_holder] -->      <!-- [et_pb_line_break_holder] -->    <\/div>\n<p><!-- [et_pb_line_break_holder] --><\/div>\n<p>[\/et_pb_code][\/et_pb_column][\/et_pb_row][et_pb_row admin_label=&#8221;Entretoise&#8221; _builder_version=&#8221;4.21.0&#8243; _module_preset=&#8221;default&#8221; display_conditions=&#8221;W10=&#8221; custom_padding=&#8221;0px|0px|29px|0px|false|false&#8221; global_module=&#8221;987504603&#8243; saved_tabs=&#8221;all&#8221; collapsed=&#8221;off&#8221; global_colors_info=&#8221;{}&#8221;][et_pb_column type=&#8221;4_4&#8243; _builder_version=&#8221;4.19.2&#8243; _module_preset=&#8221;default&#8221; global_colors_info=&#8221;{}&#8221;][\/et_pb_column][\/et_pb_row][et_pb_row admin_label=&#8221;TEG&#8221; _builder_version=&#8221;4.20.4&#8243; _module_preset=&#8221;default&#8221; custom_padding=&#8221;0px|15px|0px|15px|false|true&#8221; collapsed=&#8221;off&#8221; global_colors_info=&#8221;{}&#8221;][et_pb_column type=&#8221;4_4&#8243; _builder_version=&#8221;4.20.2&#8243; _module_preset=&#8221;default&#8221; global_colors_info=&#8221;{}&#8221;][et_pb_code _builder_version=&#8221;4.21.0&#8243; _module_preset=&#8221;default&#8221; custom_margin=&#8221;0px|0px|0px|0px|false|false&#8221; custom_padding=&#8221;0px|0px|0px|0px|false|false&#8221; global_colors_info=&#8221;{}&#8221;]<\/p>\n<div class=\"p4h-title withlink\"><!-- [et_pb_line_break_holder] --><\/p>\n<h3 class=\"p4h-fc-dark p4h-fs-24 p4h-text-uppercase\">Changement climatique et financement de la sant\u00e9 &#8211; contacts<\/h3>\n<p><!-- [et_pb_line_break_holder] --><\/div>\n<p> [\/et_pb_code][et_pb_code _builder_version=&#8221;4.21.0&#8243; _module_preset=&#8221;default&#8221; custom_margin=&#8221;20px||||false|false&#8221; global_colors_info=&#8221;{}&#8221;]<\/p>\n<div class=\"cfp-grid-wrapper\"><!-- [et_pb_line_break_holder] -->    <\/p>\n<div class=\"cfp-grid\"><!-- [et_pb_line_break_holder] -->        <\/p>\n<div class=\"cfp-item\"><!-- [et_pb_line_break_holder] -->            <\/p>\n<div class=\"cfp-item-body\"><!-- [et_pb_line_break_holder] -->                <\/p>\n<div class=\"cfp-image-wrapper\"><!-- [et_pb_line_break_holder] -->                    <img decoding=\"async\" src=\"https:\/\/p4h.world\/app\/uploads\/2023\/05\/pascal190.jpg\" class=\"cfp-image\"><!-- [et_pb_line_break_holder] -->                <\/div>\n<p><!-- [et_pb_line_break_holder] -->                <\/p>\n<div class=\"cfp-details-wrapper\"><!-- [et_pb_line_break_holder] -->                    <\/p>\n<h5 class=\"cfp-name\">Pascale Le Roy<\/h5>\n<p><!-- [et_pb_line_break_holder] -->                    <span class=\"cfp-info\">AFD<\/span><!-- [et_pb_line_break_holder] -->                <\/div>\n<p><!-- [et_pb_line_break_holder] -->            <\/div>\n<p><!-- [et_pb_line_break_holder] -->        <\/div>\n<p><!-- [et_pb_line_break_holder] -->      <!-- [et_pb_line_break_holder] -->      <\/p>\n<div class=\"cfp-item\"><!-- [et_pb_line_break_holder] -->            <\/p>\n<div class=\"cfp-item-body\"><!-- [et_pb_line_break_holder] -->                <\/p>\n<div class=\"cfp-image-wrapper\"><!-- [et_pb_line_break_holder] -->                    <img decoding=\"async\" src=\"https:\/\/p4h.world\/app\/uploads\/2024\/11\/p4h_emi-inaoka_180.jpg\" class=\"cfp-image\"><!-- [et_pb_line_break_holder] -->                <\/div>\n<p><!-- [et_pb_line_break_holder] -->                <\/p>\n<div class=\"cfp-details-wrapper\"><!-- [et_pb_line_break_holder] -->                    <\/p>\n<h5 class=\"cfp-name\">Emi Inaoka<\/h5>\n<p><!-- [et_pb_line_break_holder] -->                    <span class=\"cfp-info\">GF<\/span><!-- [et_pb_line_break_holder] -->                <\/div>\n<p><!-- [et_pb_line_break_holder] -->            <\/div>\n<p><!-- [et_pb_line_break_holder] -->        <\/div>\n<p><!-- [et_pb_line_break_holder] -->      <!-- [et_pb_line_break_holder] -->      <!-- [et_pb_line_break_holder] -->    <\/div>\n<p><!-- [et_pb_line_break_holder] --><\/div>\n<p>[\/et_pb_code][\/et_pb_column][\/et_pb_row][et_pb_row admin_label=&#8221;Entretoise&#8221; _builder_version=&#8221;4.21.0&#8243; _module_preset=&#8221;default&#8221; display_conditions=&#8221;W10=&#8221; custom_padding=&#8221;0px|0px|29px|0px|false|false&#8221; global_module=&#8221;987504603&#8243; saved_tabs=&#8221;all&#8221; collapsed=&#8221;off&#8221; global_colors_info=&#8221;{}&#8221;][et_pb_column type=&#8221;4_4&#8243; _builder_version=&#8221;4.19.2&#8243; _module_preset=&#8221;default&#8221; global_colors_info=&#8221;{}&#8221;][\/et_pb_column][\/et_pb_row][et_pb_row admin_label=&#8221;TEG&#8221; _builder_version=&#8221;4.20.4&#8243; _module_preset=&#8221;default&#8221; custom_padding=&#8221;0px|15px|0px|15px|false|true&#8221; collapsed=&#8221;off&#8221; global_colors_info=&#8221;{}&#8221;][et_pb_column type=&#8221;4_4&#8243; _builder_version=&#8221;4.20.2&#8243; _module_preset=&#8221;default&#8221; global_colors_info=&#8221;{}&#8221;][et_pb_code _builder_version=&#8221;4.21.0&#8243; _module_preset=&#8221;default&#8221; custom_margin=&#8221;0px|0px|0px|0px|false|false&#8221; custom_padding=&#8221;0px|0px|0px|0px|false|false&#8221; global_colors_info=&#8221;{}&#8221;]<\/p>\n<div class=\"p4h-title withlink\"><!-- [et_pb_line_break_holder] --><\/p>\n<h3 class=\"p4h-fc-dark p4h-fs-24 p4h-text-uppercase\">Vieillissement et soins aux personnes \u00e2g\u00e9es, y compris la population vuln\u00e9rable &#8211; contacts<\/h3>\n<p><!-- [et_pb_line_break_holder] --><\/div>\n<p> [\/et_pb_code][et_pb_code _builder_version=&#8221;4.21.0&#8243; _module_preset=&#8221;default&#8221; custom_margin=&#8221;20px||||false|false&#8221; global_colors_info=&#8221;{}&#8221;]<\/p>\n<div class=\"cfp-grid-wrapper\"><!-- [et_pb_line_break_holder] -->    <\/p>\n<div class=\"cfp-grid\"><!-- [et_pb_line_break_holder] -->        <\/p>\n<div class=\"cfp-item\"><!-- [et_pb_line_break_holder] -->            <\/p>\n<div class=\"cfp-item-body\"><!-- [et_pb_line_break_holder] -->                <\/p>\n<div class=\"cfp-image-wrapper\"><!-- [et_pb_line_break_holder] -->                    <img decoding=\"async\" src=\"https:\/\/p4h.world\/app\/uploads\/2023\/05\/soonman190.jpg\" class=\"cfp-image\"><!-- [et_pb_line_break_holder] -->                <\/div>\n<p><!-- [et_pb_line_break_holder] -->                <\/p>\n<div class=\"cfp-details-wrapper\"><!-- [et_pb_line_break_holder] -->                    <\/p>\n<h5 class=\"cfp-name\">Soonman Kwon<\/h5>\n<p><!-- [et_pb_line_break_holder] -->                    <span class=\"cfp-info\">SNU<\/span><!-- [et_pb_line_break_holder] -->                <\/div>\n<p><!-- [et_pb_line_break_holder] -->            <\/div>\n<p><!-- [et_pb_line_break_holder] -->        <\/div>\n<p><!-- [et_pb_line_break_holder] -->      <!-- [et_pb_line_break_holder] -->      <\/p>\n<div class=\"cfp-item\"><!-- [et_pb_line_break_holder] -->            <\/p>\n<div class=\"cfp-item-body\"><!-- [et_pb_line_break_holder] -->                <\/p>\n<div class=\"cfp-image-wrapper\"><!-- [et_pb_line_break_holder] -->                    <img decoding=\"async\" src=\"https:\/\/p4h.world\/app\/uploads\/2024\/11\/p4h_emi-inaoka_180.jpg\" class=\"cfp-image\"><!-- [et_pb_line_break_holder] -->                <\/div>\n<p><!-- [et_pb_line_break_holder] -->                <\/p>\n<div class=\"cfp-details-wrapper\"><!-- [et_pb_line_break_holder] -->                    <\/p>\n<h5 class=\"cfp-name\">Emi Inaoka<\/h5>\n<p><!-- [et_pb_line_break_holder] -->                    <span class=\"cfp-info\">GF<\/span><!-- [et_pb_line_break_holder] -->                <\/div>\n<p><!-- [et_pb_line_break_holder] -->            <\/div>\n<p><!-- [et_pb_line_break_holder] -->        <\/div>\n<p><!-- [et_pb_line_break_holder] -->      <!-- [et_pb_line_break_holder] -->    <\/div>\n<p><!-- [et_pb_line_break_holder] --><\/div>\n<p>[\/et_pb_code][\/et_pb_column][\/et_pb_row][et_pb_row admin_label=&#8221;Entretoise&#8221; _builder_version=&#8221;4.21.0&#8243; _module_preset=&#8221;default&#8221; display_conditions=&#8221;W10=&#8221; custom_padding=&#8221;0px|0px|29px|0px|false|false&#8221; global_module=&#8221;987504603&#8243; saved_tabs=&#8221;all&#8221; collapsed=&#8221;off&#8221; global_colors_info=&#8221;{}&#8221;][et_pb_column type=&#8221;4_4&#8243; _builder_version=&#8221;4.19.2&#8243; _module_preset=&#8221;default&#8221; global_colors_info=&#8221;{}&#8221;][\/et_pb_column][\/et_pb_row][et_pb_row admin_label=&#8221;TEG&#8221; _builder_version=&#8221;4.20.4&#8243; _module_preset=&#8221;default&#8221; custom_padding=&#8221;0px|15px|0px|15px|false|true&#8221; collapsed=&#8221;off&#8221; global_colors_info=&#8221;{}&#8221;][et_pb_column type=&#8221;4_4&#8243; _builder_version=&#8221;4.20.2&#8243; _module_preset=&#8221;default&#8221; global_colors_info=&#8221;{}&#8221;][et_pb_code _builder_version=&#8221;4.21.0&#8243; _module_preset=&#8221;default&#8221; custom_margin=&#8221;0px|0px|0px|0px|false|false&#8221; custom_padding=&#8221;0px|0px|0px|0px|false|false&#8221; global_colors_info=&#8221;{}&#8221;]<\/p>\n<div class=\"p4h-title withlink\"><!-- [et_pb_line_break_holder] --><\/p>\n<h3 class=\"p4h-fc-dark p4h-fs-24 p4h-text-uppercase\">Financement de la pr\u00e9paration et de la r\u00e9ponse \u00e0 une pand\u00e9mie &#8211; contacts<\/h3>\n<p><!-- [et_pb_line_break_holder] --><\/div>\n<p>[\/et_pb_code][et_pb_code _builder_version=&#8221;4.21.0&#8243; _module_preset=&#8221;default&#8221; custom_margin=&#8221;20px||||false|false&#8221; global_colors_info=&#8221;{}&#8221;]<\/p>\n<div class=\"cfp-grid-wrapper\"><!-- [et_pb_line_break_holder] -->    <\/p>\n<div class=\"cfp-grid\"><!-- [et_pb_line_break_holder] -->        <\/p>\n<div class=\"cfp-item\"><!-- [et_pb_line_break_holder] -->            <\/p>\n<div class=\"cfp-item-body\"><!-- [et_pb_line_break_holder] -->                <\/p>\n<div class=\"cfp-image-wrapper\"><!-- [et_pb_line_break_holder] -->                    <img decoding=\"async\" src=\"https:\/\/p4h.world\/app\/uploads\/2023\/05\/nina190.jpg\" class=\"cfp-image\"><!-- [et_pb_line_break_holder] -->                <\/div>\n<p><!-- [et_pb_line_break_holder] -->                <\/p>\n<div class=\"cfp-details-wrapper\"><!-- [et_pb_line_break_holder] -->                    <\/p>\n<h5 class=\"cfp-name\">Nina Siegert<\/h5>\n<p><!-- [et_pb_line_break_holder] -->                    <span class=\"cfp-info\">GIZ<\/span><!-- [et_pb_line_break_holder] -->                <\/div>\n<p><!-- [et_pb_line_break_holder] -->            <\/div>\n<p><!-- [et_pb_line_break_holder] -->        <\/div>\n<p><!-- [et_pb_line_break_holder] -->      <!-- [et_pb_line_break_holder] -->      <\/p>\n<div class=\"cfp-item\"><!-- [et_pb_line_break_holder] -->            <\/p>\n<div class=\"cfp-item-body\"><!-- [et_pb_line_break_holder] -->                <\/p>\n<div class=\"cfp-image-wrapper\"><!-- [et_pb_line_break_holder] -->                    <img decoding=\"async\" src=\"https:\/\/p4h.world\/app\/uploads\/2024\/11\/p4h_emi-inaoka_180.jpg\" class=\"cfp-image\"><!-- [et_pb_line_break_holder] -->                <\/div>\n<p><!-- [et_pb_line_break_holder] -->                <\/p>\n<div class=\"cfp-details-wrapper\"><!-- [et_pb_line_break_holder] -->                    <\/p>\n<h5 class=\"cfp-name\">Emi Inaoka<\/h5>\n<p><!-- [et_pb_line_break_holder] -->                    <span class=\"cfp-info\">GF<\/span><!-- [et_pb_line_break_holder] -->                <\/div>\n<p><!-- [et_pb_line_break_holder] -->            <\/div>\n<p><!-- [et_pb_line_break_holder] -->        <\/div>\n<p><!-- [et_pb_line_break_holder] -->      <!-- [et_pb_line_break_holder] -->    <\/div>\n<p><!-- [et_pb_line_break_holder] --><\/div>\n<p>[\/et_pb_code][\/et_pb_column][\/et_pb_row][et_pb_row admin_label=&#8221;Entretoise&#8221; _builder_version=&#8221;4.21.0&#8243; _module_preset=&#8221;default&#8221; display_conditions=&#8221;W10=&#8221; custom_padding=&#8221;0px|0px|29px|0px|false|false&#8221; global_module=&#8221;987504603&#8243; saved_tabs=&#8221;all&#8221; collapsed=&#8221;off&#8221; global_colors_info=&#8221;{}&#8221;][et_pb_column type=&#8221;4_4&#8243; _builder_version=&#8221;4.19.2&#8243; _module_preset=&#8221;default&#8221; global_colors_info=&#8221;{}&#8221;][\/et_pb_column][\/et_pb_row][\/et_pb_section]<\/p>\n","protected":false},"excerpt":{"rendered":"<p>Le groupe d&#8217;\u00e9change technique de P4H (P4H-TEG) soutient le groupe de pilotage de P4H en engageant le personnel technique des membres de P4H \u00e0 initier, coordonner et \u00e9valuer les activit\u00e9s du r\u00e9seau P4H. Le P4H-TEG comprend le bureau de coordination de P4H, les personnes de contact de P4H dans les pays, et le personnel technique&#8230;<\/p>\n","protected":false},"author":1,"featured_media":0,"parent":987628320,"menu_order":0,"comment_status":"closed","ping_status":"closed","template":"","meta":{"_et_pb_use_builder":"on","_et_pb_old_content":"","_et_gb_content_width":""},"acf":[],"_links":{"self":[{"href":"https:\/\/p4h.world\/fr\/wp-json\/wp\/v2\/pages\/987628001"}],"collection":[{"href":"https:\/\/p4h.world\/fr\/wp-json\/wp\/v2\/pages"}],"about":[{"href":"https:\/\/p4h.world\/fr\/wp-json\/wp\/v2\/types\/page"}],"author":[{"embeddable":true,"href":"https:\/\/p4h.world\/fr\/wp-json\/wp\/v2\/users\/1"}],"replies":[{"embeddable":true,"href":"https:\/\/p4h.world\/fr\/wp-json\/wp\/v2\/comments?post=987628001"}],"version-history":[{"count":3,"href":"https:\/\/p4h.world\/fr\/wp-json\/wp\/v2\/pages\/987628001\/revisions"}],"predecessor-version":[{"id":987734072,"href":"https:\/\/p4h.world\/fr\/wp-json\/wp\/v2\/pages\/987628001\/revisions\/987734072"}],"up":[{"embeddable":true,"href":"https:\/\/p4h.world\/fr\/wp-json\/wp\/v2\/pages\/987628320"}],"wp:attachment":[{"href":"https:\/\/p4h.world\/fr\/wp-json\/wp\/v2\/media?parent=987628001"}],"curies":[{"name":"wp","href":"https:\/\/api.w.org\/{rel}","templated":true}]}}