{"id":987628021,"date":"2023-01-18T03:57:34","date_gmt":"2023-01-18T02:57:34","guid":{"rendered":"https:\/\/p4h.world\/bureau-de-coordination-2\/"},"modified":"2023-11-07T12:27:11","modified_gmt":"2023-11-07T11:27:11","slug":"bureau-de-coordination-2","status":"publish","type":"page","link":"https:\/\/p4h.world\/fr\/qui-sommes-nous\/organisation\/bureau-de-coordination-2\/","title":{"rendered":"Bureau de coordination"},"content":{"rendered":"<p>[et_pb_section fb_built=&#8221;1&#8243; admin_label=&#8221;Section&#8221; _builder_version=&#8221;4.19.2&#8243; _module_preset=&#8221;default&#8221; global_colors_info=&#8221;{}&#8221;][et_pb_row admin_label=&#8221;Entretoise&#8221; _builder_version=&#8221;4.21.0&#8243; _module_preset=&#8221;default&#8221; display_conditions=&#8221;W10=&#8221; custom_padding=&#8221;0px|0px|10px|0px|false|false&#8221; global_module=&#8221;987504603&#8243; saved_tabs=&#8221;all&#8221; collapsed=&#8221;on&#8221; global_colors_info=&#8221;{}&#8221;][et_pb_column type=&#8221;4_4&#8243; _builder_version=&#8221;4.19.2&#8243; _module_preset=&#8221;default&#8221; global_colors_info=&#8221;{}&#8221;][\/et_pb_column][\/et_pb_row][et_pb_row make_equal=&#8221;on&#8221; _builder_version=&#8221;4.20.4&#8243; _module_preset=&#8221;default&#8221; custom_padding=&#8221;0px|15px|0px|15px|false|true&#8221; custom_css_main_element=&#8221;align-items: center;&#8221; global_colors_info=&#8221;{}&#8221;][et_pb_column type=&#8221;4_4&#8243; admin_label=&#8221;Colonne&#8221; _builder_version=&#8221;4.20.2&#8243; _module_preset=&#8221;default&#8221; custom_padding=&#8221;||||false|true&#8221; global_colors_info=&#8221;{}&#8221;][et_pb_text admin_label=&#8221;overview&#8221; _builder_version=&#8221;4.21.0&#8243; _module_preset=&#8221;default&#8221; global_colors_info=&#8221;{}&#8221;]<\/p>\n<p>Le bureau de coordination de P4H (P4H-CD) est le secr\u00e9tariat du r\u00e9seau P4H. Il soutient le groupe de pilotage de P4H (P4H-SG) en organisant les r\u00e9unions du P4H-SG, en \u00e9laborant le plan de travail annuel de P4H et en r\u00e9digeant le rapport annuel sur les progr\u00e8s du r\u00e9seau. Le P4H-CD collabore avec le groupe d&#8217;\u00e9change technique P4H (P4H-TEG) et son groupe de travail sur le suivi et l&#8217;\u00e9valuation.<\/p>\n<p>[\/et_pb_text][et_pb_text admin_label=&#8221;overview&#8221; _builder_version=&#8221;4.20.4&#8243; _module_preset=&#8221;default&#8221; global_colors_info=&#8221;{}&#8221;]<\/p>\n<p>Supervisant les collaborations aux niveaux mondial, r\u00e9gional et national, le coordinateur de P4H favorise et entretient des relations \u00e9troites avec les personnes de contact de P4H dans les pays (P4H-CFP). Le P4H-CD d\u00e9ploie des P4H-CFP dans les pays afin d&#8217;assurer la continuit\u00e9 du soutien du r\u00e9seau P4H. Le P4H-CD comprend des coordinateurs de trois agences sp\u00e9cialis\u00e9es des Nations unies.<\/p>\n<p>[\/et_pb_text][\/et_pb_column][\/et_pb_row][et_pb_row admin_label=&#8221;Entretoise&#8221; _builder_version=&#8221;4.21.0&#8243; _module_preset=&#8221;default&#8221; display_conditions=&#8221;W10=&#8221; custom_padding=&#8221;0px|0px|10px|0px|false|false&#8221; global_module=&#8221;987504603&#8243; saved_tabs=&#8221;all&#8221; collapsed=&#8221;on&#8221; global_colors_info=&#8221;{}&#8221;][et_pb_column type=&#8221;4_4&#8243; _builder_version=&#8221;4.19.2&#8243; _module_preset=&#8221;default&#8221; global_colors_info=&#8221;{}&#8221;][\/et_pb_column][\/et_pb_row][et_pb_row _builder_version=&#8221;4.20.4&#8243; _module_preset=&#8221;default&#8221; custom_padding=&#8221;0px|15px|0px|15px|false|true&#8221; global_colors_info=&#8221;{}&#8221;][et_pb_column type=&#8221;4_4&#8243; _builder_version=&#8221;4.20.2&#8243; _module_preset=&#8221;default&#8221; global_colors_info=&#8221;{}&#8221;][et_pb_code _builder_version=&#8221;4.21.0&#8243; _module_preset=&#8221;default&#8221; custom_margin=&#8221;0px|0px|0px|0px|false|false&#8221; custom_padding=&#8221;0px|0px|0px|0px|false|false&#8221; global_colors_info=&#8221;{}&#8221;]<\/p>\n<div class=\"p4h-title withlink\"><!-- [et_pb_line_break_holder] --><\/p>\n<h3 class=\"p4h-fc-dark p4h-fs-24 p4h-text-uppercase\">Bureau de coordination &#8211; noyau  <\/h3>\n<p><!-- [et_pb_line_break_holder] --><\/div>\n<p>[\/et_pb_code][et_pb_code _builder_version=&#8221;4.20.4&#8243; _module_preset=&#8221;default&#8221; custom_margin=&#8221;20px||||false|false&#8221; global_colors_info=&#8221;{}&#8221;]<div class=\"cfp-grid-wrapper\">\n    <div class=\"cfp-grid\">\n                    <div class=\"cfp-item\">\n                <div class=\"cfp-item-body\">\n                    <div class=\"cfp-image-wrapper\">\n                    <a href=\"https:\/\/p4h.world\/fr\/utilisateur\/mathilde-mailfert\/\"><img decoding=\"async\" src=\"https:\/\/p4h.world\/app\/uploads\/2023\/05\/mathilde190.jpg\" class=\"cfp-image\" \/><\/a>\n                    <\/div>\n                    <div class=\"cfp-details-wrapper\">\n                        <a href=\"https:\/\/p4h.world\/fr\/utilisateur\/mathilde-mailfert\/\" class=\"cfp-author-link\">\n                            <h5 class=\"cfp-name\">Mathilde Mailfert<\/h5>\n                        <\/a>\n                                                    <div class=\"region-countries-list\">\n                                <div class=\"p4h-author\">\n                                    <ul class=\"p4h-author-list\">\n                                        <li><a class=\"region_country_item\" href=\"https:\/\/p4h.world\/en\/countries\/france\/\"><span class=\"cfp_country_list_item_name\">France<\/span><\/a><\/li>                                    <\/ul>\n                                <\/div>\n                            <\/div>\n                    <\/div>\n                <\/div>\n            <\/div>\n                    <div class=\"cfp-item\">\n                <div class=\"cfp-item-body\">\n                    <div class=\"cfp-image-wrapper\">\n                    <a href=\"https:\/\/p4h.world\/fr\/utilisateur\/claude-meyer\/\"><img decoding=\"async\" src=\"https:\/\/p4h.world\/app\/uploads\/ultimatemember\/1352\/profile_photo.jpg\" class=\"cfp-image\" \/><\/a>\n                    <\/div>\n                    <div class=\"cfp-details-wrapper\">\n                        <a href=\"https:\/\/p4h.world\/fr\/utilisateur\/claude-meyer\/\" class=\"cfp-author-link\">\n                            <h5 class=\"cfp-name\">Claude Meyer<\/h5>\n                        <\/a>\n                                                    <div class=\"region-countries-list\">\n                                <div class=\"p4h-author\">\n                                    <ul class=\"p4h-author-list\">\n                                        <li><a class=\"region_country_item\" href=\"https:\/\/p4h.world\/en\/countries\/switzerland\/\"><span class=\"cfp_country_list_item_name\">Switzerland<\/span><\/a><\/li>                                    <\/ul>\n                                <\/div>\n                            <\/div>\n                    <\/div>\n                <\/div>\n            <\/div>\n            <\/div>\n<\/div>[\/et_pb_code][\/et_pb_column][\/et_pb_row][et_pb_row admin_label=&#8221;Entretoise&#8221; _builder_version=&#8221;4.21.0&#8243; _module_preset=&#8221;default&#8221; display_conditions=&#8221;W10=&#8221; custom_padding=&#8221;0px|0px|10px|0px|false|false&#8221; global_module=&#8221;987504603&#8243; saved_tabs=&#8221;all&#8221; collapsed=&#8221;on&#8221; global_colors_info=&#8221;{}&#8221;][et_pb_column type=&#8221;4_4&#8243; _builder_version=&#8221;4.19.2&#8243; _module_preset=&#8221;default&#8221; global_colors_info=&#8221;{}&#8221;][\/et_pb_column][\/et_pb_row][et_pb_row _builder_version=&#8221;4.21.0&#8243; _module_preset=&#8221;default&#8221; locked=&#8221;off&#8221; global_colors_info=&#8221;{}&#8221;][et_pb_column type=&#8221;4_4&#8243; _builder_version=&#8221;4.20.2&#8243; _module_preset=&#8221;default&#8221; global_colors_info=&#8221;{}&#8221;][et_pb_code _builder_version=&#8221;4.21.0&#8243; _module_preset=&#8221;default&#8221; custom_margin=&#8221;0px|0px|0px|0px|false|false&#8221; custom_padding=&#8221;0px|0px|0px|0px|false|false&#8221; global_colors_info=&#8221;{}&#8221;]<\/p>\n<div class=\"p4h-title withlink\"><!-- [et_pb_line_break_holder] --><\/p>\n<h3 class=\"p4h-fc-dark p4h-fs-24 p4h-text-uppercase\">Bureau de coordination &#8211; \u00e9tendu<\/h3>\n<p><!-- [et_pb_line_break_holder] --><\/div>\n<p>[\/et_pb_code][et_pb_code _builder_version=&#8221;4.21.0&#8243; _module_preset=&#8221;default&#8221; custom_margin=&#8221;20px||||false|false&#8221; global_colors_info=&#8221;{}&#8221;]<div class=\"cfp-grid-wrapper\">\n    <div class=\"cfp-grid\">\n                    <div class=\"cfp-item\">\n                <div class=\"cfp-item-body\">\n                    <div class=\"cfp-image-wrapper\">\n                    <a href=\"https:\/\/p4h.world\/fr\/utilisateur\/pratyasha-ghosh\/\"><img decoding=\"async\" src=\"https:\/\/p4h.world\/app\/uploads\/ultimatemember\/559\/profile_photo.png\" class=\"cfp-image\" \/><\/a>\n                    <\/div>\n                    <div class=\"cfp-details-wrapper\">\n                        <a href=\"https:\/\/p4h.world\/fr\/utilisateur\/pratyasha-ghosh\/\" class=\"cfp-author-link\">\n                            <h5 class=\"cfp-name\">Pratyasha Ghosh<\/h5>\n                        <\/a>\n                                                    <div class=\"region-countries-list\">\n                                <div class=\"p4h-author\">\n                                    <ul class=\"p4h-author-list\">\n                                        <li><a class=\"region_country_item\" href=\"https:\/\/p4h.world\/en\/countries\/india\/\"><span class=\"cfp_country_list_item_name\">India<\/span><\/a><\/li>                                    <\/ul>\n                                <\/div>\n                            <\/div>\n                    <\/div>\n                <\/div>\n            <\/div>\n                    <div class=\"cfp-item\">\n                <div class=\"cfp-item-body\">\n                    <div class=\"cfp-image-wrapper\">\n                    <a href=\"https:\/\/p4h.world\/fr\/utilisateur\/elisabetta-tomassini-1\/\"><img decoding=\"async\" src=\"https:\/\/p4h.world\/app\/uploads\/2023\/05\/elisabetta190.jpg\" class=\"cfp-image\" \/><\/a>\n                    <\/div>\n                    <div class=\"cfp-details-wrapper\">\n                        <a href=\"https:\/\/p4h.world\/fr\/utilisateur\/elisabetta-tomassini-1\/\" class=\"cfp-author-link\">\n                            <h5 class=\"cfp-name\">Elisabetta Tomassini<\/h5>\n                        <\/a>\n                                                    <div class=\"region-countries-list\">\n                                <div class=\"p4h-author\">\n                                    <ul class=\"p4h-author-list\">\n                                        <li><a class=\"region_country_item\" href=\"https:\/\/p4h.world\/en\/countries\/italy\/\"><span class=\"cfp_country_list_item_name\">Italy<\/span><\/a><\/li>                                    <\/ul>\n                                <\/div>\n                            <\/div>\n                    <\/div>\n                <\/div>\n            <\/div>\n                    <div class=\"cfp-item\">\n                <div class=\"cfp-item-body\">\n                    <div class=\"cfp-image-wrapper\">\n                    <a href=\"https:\/\/p4h.world\/fr\/utilisateur\/vivek-panwar\/\"><img decoding=\"async\" src=\"https:\/\/p4h.world\/app\/uploads\/ultimatemember\/2098\/profile_photo-190x190.png\" class=\"cfp-image\" \/><\/a>\n                    <\/div>\n                    <div class=\"cfp-details-wrapper\">\n                        <a href=\"https:\/\/p4h.world\/fr\/utilisateur\/vivek-panwar\/\" class=\"cfp-author-link\">\n                            <h5 class=\"cfp-name\">Vivek Panwar<\/h5>\n                        <\/a>\n                                                    <div class=\"region-countries-list\">\n                                <div class=\"p4h-author\">\n                                    <ul class=\"p4h-author-list\">\n                                        <li><a class=\"region_country_item\" href=\"https:\/\/p4h.world\/en\/countries\/india\/\"><span class=\"cfp_country_list_item_name\">India<\/span><\/a><\/li>                                    <\/ul>\n                                <\/div>\n                            <\/div>\n                    <\/div>\n                <\/div>\n            <\/div>\n            <\/div>\n<\/div>[\/et_pb_code][\/et_pb_column][\/et_pb_row][et_pb_row admin_label=&#8221;Entretoise&#8221; _builder_version=&#8221;4.21.0&#8243; _module_preset=&#8221;default&#8221; display_conditions=&#8221;W10=&#8221; custom_padding=&#8221;0px|0px|29px|0px|false|false&#8221; global_module=&#8221;987504603&#8243; saved_tabs=&#8221;all&#8221; collapsed=&#8221;on&#8221; global_colors_info=&#8221;{}&#8221;][et_pb_column type=&#8221;4_4&#8243; _builder_version=&#8221;4.19.2&#8243; _module_preset=&#8221;default&#8221; global_colors_info=&#8221;{}&#8221;][\/et_pb_column][\/et_pb_row][\/et_pb_section]<\/p>\n","protected":false},"excerpt":{"rendered":"<p>Le bureau de coordination de P4H (P4H-CD) est le secr\u00e9tariat du r\u00e9seau P4H. Il soutient le groupe de pilotage de P4H (P4H-SG) en organisant les r\u00e9unions du P4H-SG, en \u00e9laborant le plan de travail annuel de P4H et en r\u00e9digeant le rapport annuel sur les progr\u00e8s du r\u00e9seau. Le P4H-CD collabore avec le groupe d&#8217;\u00e9change&#8230;<\/p>\n","protected":false},"author":1,"featured_media":0,"parent":987628320,"menu_order":0,"comment_status":"closed","ping_status":"closed","template":"","meta":{"_et_pb_use_builder":"on","_et_pb_old_content":"","_et_gb_content_width":""},"acf":[],"_links":{"self":[{"href":"https:\/\/p4h.world\/fr\/wp-json\/wp\/v2\/pages\/987628021"}],"collection":[{"href":"https:\/\/p4h.world\/fr\/wp-json\/wp\/v2\/pages"}],"about":[{"href":"https:\/\/p4h.world\/fr\/wp-json\/wp\/v2\/types\/page"}],"author":[{"embeddable":true,"href":"https:\/\/p4h.world\/fr\/wp-json\/wp\/v2\/users\/1"}],"replies":[{"embeddable":true,"href":"https:\/\/p4h.world\/fr\/wp-json\/wp\/v2\/comments?post=987628021"}],"version-history":[{"count":1,"href":"https:\/\/p4h.world\/fr\/wp-json\/wp\/v2\/pages\/987628021\/revisions"}],"predecessor-version":[{"id":987667172,"href":"https:\/\/p4h.world\/fr\/wp-json\/wp\/v2\/pages\/987628021\/revisions\/987667172"}],"up":[{"embeddable":true,"href":"https:\/\/p4h.world\/fr\/wp-json\/wp\/v2\/pages\/987628320"}],"wp:attachment":[{"href":"https:\/\/p4h.world\/fr\/wp-json\/wp\/v2\/media?parent=987628021"}],"curies":[{"name":"wp","href":"https:\/\/api.w.org\/{rel}","templated":true}]}}