{"id":987628221,"date":"2022-12-26T09:51:28","date_gmt":"2022-12-26T08:51:28","guid":{"rendered":"https:\/\/p4h.world\/dynamique-regionale\/"},"modified":"2025-10-01T14:49:21","modified_gmt":"2025-10-01T13:49:21","slug":"dynamique-regionale","status":"publish","type":"page","link":"https:\/\/p4h.world\/fr\/ce-que-nous-faisons\/dynamique-regionale\/","title":{"rendered":"Dynamique r\u00e9gionale"},"content":{"rendered":"<p>[et_pb_section fb_built=&#8221;1&#8243; fullwidth=&#8221;on&#8221; admin_label=&#8221;MAP&#8221; _builder_version=&#8221;4.19.5&#8243; _module_preset=&#8221;default&#8221; collapsed=&#8221;on&#8221; global_colors_info=&#8221;{}&#8221;][et_pb_fullwidth_code _builder_version=&#8221;4.21.0&#8243; _module_preset=&#8221;default&#8221; global_colors_info=&#8221;{}&#8221;]<\/p>\n<div class=\"p4h-map-wrapper\"><!-- [et_pb_line_break_holder] -->\t<\/p>\n<div class=\"p4h-map\"><div class=\"map_wrapper\" id=\"map_wrapper_987568068\">\n<div class=\"map_box\" style=\"max-width:2000px\">\n<div class=\"map_aspect_ratio\" style=\"padding-top:56%\" data-padding-top=\"56%\" data-padding-top-mobile=\"100%\">\n<div class=\"map_container\">\n<div class=\"map_render map_loading\" id=\"map_987568068\"><\/div>\n<\/div>\n<\/div>\n<\/div>\n<\/div><\/div>\n<p><!-- [et_pb_line_break_holder] -->  <\/p>\n<div class=\"p4h-map-legends\"><!-- [et_pb_line_break_holder] -->    <\/p>\n<ul><!-- [et_pb_line_break_holder] -->      <\/p>\n<li><span class=\"legends-color\" style=\"background: #962428\"><\/span>  Asie<\/li>\n<p><!-- [et_pb_line_break_holder] -->      <\/p>\n<li><span class=\"legends-color\" style=\"background: #2d424c\"><\/span>  Afrique<\/li>\n<p><!-- [et_pb_line_break_holder] -->      <\/p>\n<li><span class=\"legends-color\" style=\"background: #4d7e96\"><\/span>  Europe de l&#8217;Est et Asie centrale<\/li>\n<p><!-- [et_pb_line_break_holder] --> <\/p>\n<li><span class=\"legends-color\" style=\"background: #5eaabc\"><\/span>  Am\u00e9rique latine et Cara\u00efbes<\/li>\n<p><!-- [et_pb_line_break_holder] -->    <\/ul>\n<p><!-- [et_pb_line_break_holder] -->  <\/div>\n<p><!-- [et_pb_line_break_holder] -->\t<\/div>\n<p><!-- [et_pb_line_break_holder] --><\/div>\n<p>[\/et_pb_fullwidth_code][\/et_pb_section][et_pb_section fb_built=&#8221;1&#8243; admin_label=&#8221;Section&#8221; _builder_version=&#8221;4.19.2&#8243; _module_preset=&#8221;default&#8221; collapsed=&#8221;off&#8221; global_colors_info=&#8221;{}&#8221;][et_pb_row disabled_on=&#8221;off|off|off&#8221; admin_label=&#8221;Entretoise&#8221; _builder_version=&#8221;4.21.0&#8243; _module_preset=&#8221;default&#8221; display_conditions=&#8221;W10=&#8221; custom_padding=&#8221;0px|0px|40px|0px|false|false&#8221; global_module=&#8221;987504603&#8243; saved_tabs=&#8221;all&#8221; collapsed=&#8221;on&#8221; global_colors_info=&#8221;{}&#8221;][et_pb_column type=&#8221;4_4&#8243; _builder_version=&#8221;4.19.2&#8243; _module_preset=&#8221;default&#8221; global_colors_info=&#8221;{}&#8221;][\/et_pb_column][\/et_pb_row][et_pb_row _builder_version=&#8221;4.20.4&#8243; _module_preset=&#8221;default&#8221; custom_padding=&#8221;0px|15px|0px|15px|false|true&#8221; collapsed=&#8221;off&#8221; global_colors_info=&#8221;{}&#8221;][et_pb_column type=&#8221;4_4&#8243; _builder_version=&#8221;4.20.2&#8243; _module_preset=&#8221;default&#8221; global_colors_info=&#8221;{}&#8221;][et_pb_text _builder_version=&#8221;4.21.0&#8243; _module_preset=&#8221;default&#8221; global_colors_info=&#8221;{}&#8221;]<\/p>\n<p>En tant que r\u00e9seau mondial pour la protection sociale de la sant\u00e9 et le financement de la sant\u00e9, le r\u00e9seau P4H met l&#8217;accent sur le travail men\u00e9 par les pays. Dans le m\u00eame temps, les collaborations et les engagements r\u00e9gionaux amplifient les efforts visant \u00e0 faire progresser la couverture sanitaire universelle (CSU). <\/p>\n<p>[\/et_pb_text][et_pb_text _builder_version=&#8221;4.21.0&#8243; _module_preset=&#8221;default&#8221; global_colors_info=&#8221;{}&#8221;]<\/p>\n<p>Les institutions r\u00e9gionales sont des plateformes importantes pour amplifier et compl\u00e9ter le travail des pays en partageant les exp\u00e9riences et les connaissances intrar\u00e9gionales. Par rapport aux institutions locales, les collaborations r\u00e9gionales ont la valeur ajout\u00e9e de mobiliser les ressources et l&#8217;expertise au-del\u00e0 des fronti\u00e8res nationales, cr\u00e9ant ainsi une dynamique. <\/p>\n<p>[\/et_pb_text][et_pb_text _builder_version=&#8221;4.21.0&#8243; _module_preset=&#8221;default&#8221; global_colors_info=&#8221;{}&#8221;]Le r\u00e9seau P4H s&#8217;engage en particulier dans quatre r\u00e9gions : L <a href=\"https:\/\/p4h.world\/en\/region\/eeca\/\">&#8216;Europe de l&#8217;Est et l&#8217;Asie centrale<\/a>, l&#8217;<a href=\"https:\/\/p4h.world\/en\/region\/asia\/\">Asie<\/a>, l&#8217;<a href=\"https:\/\/p4h.world\/en\/region\/latin-america-and-caribbean-region\/\">Am\u00e9rique latine et les Cara\u00efbes<\/a>, et l&#8217;<a href=\"https:\/\/p4h.world\/en\/region\/africa\/\">Afrique<\/a>. Les pays de chaque r\u00e9gion partagent des caract\u00e9ristiques, telles que la situation g\u00e9ographique ou, comme pour les pays d&#8217;Europe de l&#8217;Est et d&#8217;Asie centrale, une exp\u00e9rience historique commune. Ils peuvent \u00e9galement partager des pr\u00e9occupations autour d&#8217;un m\u00eame sujet. Par exemple, en 2023, le r\u00e9seau P4H a organis\u00e9 une s\u00e9rie de <a href=\"https:\/\/www.youtube.com\/channel\/UCWqv600_Z91sc9Gj-kRXJZQ\">trois webinaires<\/a> avec des experts r\u00e9gionaux qui ont partag\u00e9 leurs points de vue sur les aspects cl\u00e9s de la protection sociale de la sant\u00e9 (PSM) et du financement de la sant\u00e9 (FSS) pour les travailleurs migrants et leurs familles en Asie, en Afrique, en Am\u00e9rique latine et dans les Cara\u00efbes. Dans toutes ces r\u00e9gions, les personnes focales nationales et r\u00e9gionales de P4H s&#8217;engagent continuellement avec les parties prenantes pour faire avancer la mission de P4H. En outre, des repr\u00e9sentants des quatre r\u00e9gions et des banques r\u00e9gionales de d\u00e9veloppement participent activement au groupe de pilotage de P4H.[\/et_pb_text][ba_gradient_heading title=&#8221;Collaborations et \u00e9changes r\u00e9gionaux&#8221; html_tag=&#8221;h3&#8243; primary_color=&#8221;#455A64&#8243; secondary_color=&#8221;#455A64&#8243; admin_label=&#8221;HEADING (50-60 characters)&#8221; _builder_version=&#8221;4.21.0&#8243; _module_preset=&#8221;default&#8221; title_font=&#8221;||||||||&#8221; title_font_size=&#8221;32px&#8221; title_line_height=&#8221;1em&#8221; custom_margin=&#8221;20px||0px||false|false&#8221; custom_padding=&#8221;||0px||false|false&#8221; hover_enabled=&#8221;0&#8243; global_colors_info=&#8221;{}&#8221; sticky_enabled=&#8221;0&#8243;][\/ba_gradient_heading][et_pb_text _builder_version=&#8221;4.21.0&#8243; _module_preset=&#8221;default&#8221; global_colors_info=&#8221;{}&#8221;]<\/p>\n<p>Les collaborations et les \u00e9changes r\u00e9gionaux font partie int\u00e9grante de la <a href=\"https:\/\/p4h.world\/en\/who-we-are\/mission\/\">mission du r\u00e9seau P4H<\/a>. Gr\u00e2ce aux collaborations r\u00e9gionales, les pays confront\u00e9s \u00e0 des d\u00e9fis similaires peuvent partager leurs exp\u00e9riences et leurs connaissances et cr\u00e9er des liens interr\u00e9gionaux. Les avantages sont multiples. La convocation d&#8217;acteurs r\u00e9gionaux &#8211; individus, groupes ou gouvernements &#8211; offre des possibilit\u00e9s inestimables d&#8217;apprendre de la diversit\u00e9 des exp\u00e9riences des pays au sein d&#8217;une r\u00e9gion et d&#8217;une r\u00e9gion \u00e0 l&#8217;autre. Ces collaborations contribuent \u00e0 la constitution d&#8217;une riche base de connaissances sur le PSM et la FC, ce qui favorise l&#8217;apprentissage continu et l&#8217;innovation.    <\/p>\n<p>[\/et_pb_text][\/et_pb_column][\/et_pb_row][et_pb_row disabled_on=&#8221;off|off|off&#8221; admin_label=&#8221;Entretoise&#8221; _builder_version=&#8221;4.21.0&#8243; _module_preset=&#8221;default&#8221; display_conditions=&#8221;W10=&#8221; custom_padding=&#8221;0px|0px|40px|0px|false|false&#8221; global_module=&#8221;987504603&#8243; saved_tabs=&#8221;all&#8221; collapsed=&#8221;on&#8221; global_colors_info=&#8221;{}&#8221;][et_pb_column type=&#8221;4_4&#8243; _builder_version=&#8221;4.19.2&#8243; _module_preset=&#8221;default&#8221; global_colors_info=&#8221;{}&#8221;][\/et_pb_column][\/et_pb_row][\/et_pb_section][et_pb_section fb_built=&#8221;1&#8243; _builder_version=&#8221;4.20.2&#8243; _module_preset=&#8221;default&#8221; background_color=&#8221;#e8e7e2&#8243; collapsed=&#8221;on&#8221; global_colors_info=&#8221;{}&#8221;][et_pb_row disabled_on=&#8221;off|off|off&#8221; admin_label=&#8221;Entretoise&#8221; _builder_version=&#8221;4.21.0&#8243; _module_preset=&#8221;default&#8221; display_conditions=&#8221;W10=&#8221; custom_padding=&#8221;0px|0px|40px|0px|false|false&#8221; global_module=&#8221;987504603&#8243; saved_tabs=&#8221;all&#8221; collapsed=&#8221;on&#8221; global_colors_info=&#8221;{}&#8221;][et_pb_column type=&#8221;4_4&#8243; _builder_version=&#8221;4.19.2&#8243; _module_preset=&#8221;default&#8221; global_colors_info=&#8221;{}&#8221;][\/et_pb_column][\/et_pb_row][et_pb_row admin_label=&#8221;Liste des r\u00e9gions&#8221; _builder_version=&#8221;4.20.4&#8243; _module_preset=&#8221;default&#8221; custom_padding=&#8221;0px|15px|0px|15px|false|true&#8221; collapsed=&#8221;on&#8221; global_colors_info=&#8221;{}&#8221;][et_pb_column type=&#8221;4_4&#8243; _builder_version=&#8221;4.20.2&#8243; _module_preset=&#8221;default&#8221; global_colors_info=&#8221;{}&#8221;][et_pb_code module_class=&#8221;p4h-content-grid&#8221; _builder_version=&#8221;4.21.0&#8243; _module_preset=&#8221;default&#8221; global_colors_info=&#8221;{}&#8221;]<div class=\"list-view-card-wrapper\">\n            <div class=\"list-view-card\">\n            <div class=\"list-view-card-content\">\n                <div class=\"list-view-heading-wrapper\">\n                    <div class=\"list-view-title\">\n                        <i class=\"icon_globe-2 mr-5\"><\/i><span>Afrique<\/span>\n                    <\/div>\n                    <div class=\"list-view-action\">\n                        <a href=\"https:\/\/p4h.world\/fr\/region\/afrique\/\" class=\"p4h-fc-red p4h-fs-16 p4h-button\">Voir <i class=\"arrow_right\"><\/i><\/a>\n                    <\/div>\n                <\/div>\n                <p class=\"list-view-content\">\n                    Forger de nouvelles collaborations pour faire progresser la couverture sanitaire universelle.                <\/p>\n            <\/div>\n        <\/div>\n            <div class=\"list-view-card\">\n            <div class=\"list-view-card-content\">\n                <div class=\"list-view-heading-wrapper\">\n                    <div class=\"list-view-title\">\n                        <i class=\"icon_globe-2 mr-5\"><\/i><span>Am\u00e9rique latine et Cara\u00efbes<\/span>\n                    <\/div>\n                    <div class=\"list-view-action\">\n                        <a href=\"https:\/\/p4h.world\/fr\/region\/amerique-latine-et-caraibes\/\" class=\"p4h-fc-red p4h-fs-16 p4h-button\">Voir <i class=\"arrow_right\"><\/i><\/a>\n                    <\/div>\n                <\/div>\n                <p class=\"list-view-content\">\n                    \u00c9largir la communaut\u00e9 gr\u00e2ce \u00e0 des collaborations significatives qui font progresser la couverture sanitaire universelle.                <\/p>\n            <\/div>\n        <\/div>\n            <div class=\"list-view-card\">\n            <div class=\"list-view-card-content\">\n                <div class=\"list-view-heading-wrapper\">\n                    <div class=\"list-view-title\">\n                        <i class=\"icon_globe-2 mr-5\"><\/i><span>Asie<\/span>\n                    <\/div>\n                    <div class=\"list-view-action\">\n                        <a href=\"https:\/\/p4h.world\/fr\/region\/asie\/\" class=\"p4h-fc-red p4h-fs-16 p4h-button\">Voir <i class=\"arrow_right\"><\/i><\/a>\n                    <\/div>\n                <\/div>\n                <p class=\"list-view-content\">\n                    Tirer parti de l'expertise r\u00e9gionale pour promouvoir les r\u00e9formes et les progr\u00e8s qui font progresser la couverture sanitaire universelle.                  <\/p>\n            <\/div>\n        <\/div>\n            <div class=\"list-view-card\">\n            <div class=\"list-view-card-content\">\n                <div class=\"list-view-heading-wrapper\">\n                    <div class=\"list-view-title\">\n                        <i class=\"icon_globe-2 mr-5\"><\/i><span>Europe de l&#8217;Est et Asie centrale<\/span>\n                    <\/div>\n                    <div class=\"list-view-action\">\n                        <a href=\"https:\/\/p4h.world\/fr\/region\/eeca\/\" class=\"p4h-fc-red p4h-fs-16 p4h-button\">Voir <i class=\"arrow_right\"><\/i><\/a>\n                    <\/div>\n                <\/div>\n                <p class=\"list-view-content\">\n                    Il s'agit d'une vitrine unique de r\u00e9formes et d'approches politiques en faveur de la couverture sanitaire universelle.                <\/p>\n            <\/div>\n        <\/div>\n    <\/div>[\/et_pb_code][\/et_pb_column][\/et_pb_row][et_pb_row disabled_on=&#8221;off|off|off&#8221; admin_label=&#8221;Entretoise&#8221; _builder_version=&#8221;4.21.0&#8243; _module_preset=&#8221;default&#8221; display_conditions=&#8221;W10=&#8221; custom_padding=&#8221;0px|0px|40px|0px|false|false&#8221; global_module=&#8221;987504603&#8243; saved_tabs=&#8221;all&#8221; collapsed=&#8221;on&#8221; global_colors_info=&#8221;{}&#8221;][et_pb_column type=&#8221;4_4&#8243; _builder_version=&#8221;4.19.2&#8243; _module_preset=&#8221;default&#8221; global_colors_info=&#8221;{}&#8221;][\/et_pb_column][\/et_pb_row][\/et_pb_section]<\/p>\n","protected":false},"excerpt":{"rendered":"<p>[et_pb_section fb_built=&#8221;1&#8243; fullwidth=&#8221;on&#8221; admin_label=&#8221;MAP&#8221; _builder_version=&#8221;4.19.5&#8243; _module_preset=&#8221;default&#8221; collapsed=&#8221;on&#8221; global_colors_info=&#8221;{}&#8221;][et_pb_fullwidth_code _builder_version=&#8221;4.21.0&#8243; _module_preset=&#8221;default&#8221; global_colors_info=&#8221;{}&#8221;] Asie Afrique Europe de l&#8217;Est et Asie centrale Am\u00e9rique latine et Cara\u00efbes [\/et_pb_fullwidth_code][\/et_pb_section][et_pb_section fb_built=&#8221;1&#8243; admin_label=&#8221;Section&#8221; _builder_version=&#8221;4.19.2&#8243; _module_preset=&#8221;default&#8221; collapsed=&#8221;off&#8221; global_colors_info=&#8221;{}&#8221;][et_pb_row disabled_on=&#8221;off|off|off&#8221; admin_label=&#8221;Entretoise&#8221; _builder_version=&#8221;4.21.0&#8243; _module_preset=&#8221;default&#8221; display_conditions=&#8221;W10=&#8221; custom_padding=&#8221;0px|0px|40px|0px|false|false&#8221; global_module=&#8221;987504603&#8243; saved_tabs=&#8221;all&#8221; collapsed=&#8221;on&#8221; global_colors_info=&#8221;{}&#8221;][et_pb_column type=&#8221;4_4&#8243; _builder_version=&#8221;4.19.2&#8243; _module_preset=&#8221;default&#8221; global_colors_info=&#8221;{}&#8221;][\/et_pb_column][\/et_pb_row][et_pb_row _builder_version=&#8221;4.20.4&#8243; _module_preset=&#8221;default&#8221; custom_padding=&#8221;0px|15px|0px|15px|false|true&#8221; collapsed=&#8221;off&#8221; global_colors_info=&#8221;{}&#8221;][et_pb_column type=&#8221;4_4&#8243; _builder_version=&#8221;4.20.2&#8243; _module_preset=&#8221;default&#8221; global_colors_info=&#8221;{}&#8221;][et_pb_text _builder_version=&#8221;4.21.0&#8243; _module_preset=&#8221;default&#8221;&#8230;<\/p>\n","protected":false},"author":1,"featured_media":0,"parent":987628299,"menu_order":0,"comment_status":"closed","ping_status":"closed","template":"","meta":{"_et_pb_use_builder":"on","_et_pb_old_content":"","_et_gb_content_width":""},"acf":[],"_links":{"self":[{"href":"https:\/\/p4h.world\/fr\/wp-json\/wp\/v2\/pages\/987628221"}],"collection":[{"href":"https:\/\/p4h.world\/fr\/wp-json\/wp\/v2\/pages"}],"about":[{"href":"https:\/\/p4h.world\/fr\/wp-json\/wp\/v2\/types\/page"}],"author":[{"embeddable":true,"href":"https:\/\/p4h.world\/fr\/wp-json\/wp\/v2\/users\/1"}],"replies":[{"embeddable":true,"href":"https:\/\/p4h.world\/fr\/wp-json\/wp\/v2\/comments?post=987628221"}],"version-history":[{"count":28,"href":"https:\/\/p4h.world\/fr\/wp-json\/wp\/v2\/pages\/987628221\/revisions"}],"predecessor-version":[{"id":987786733,"href":"https:\/\/p4h.world\/fr\/wp-json\/wp\/v2\/pages\/987628221\/revisions\/987786733"}],"up":[{"embeddable":true,"href":"https:\/\/p4h.world\/fr\/wp-json\/wp\/v2\/pages\/987628299"}],"wp:attachment":[{"href":"https:\/\/p4h.world\/fr\/wp-json\/wp\/v2\/media?parent=987628221"}],"curies":[{"name":"wp","href":"https:\/\/api.w.org\/{rel}","templated":true}]}}