{"id":987628265,"date":"2022-12-26T09:58:15","date_gmt":"2022-12-26T08:58:15","guid":{"rendered":"https:\/\/p4h.world\/ressources\/"},"modified":"2025-09-10T11:03:05","modified_gmt":"2025-09-10T10:03:05","slug":"ressources","status":"publish","type":"page","link":"https:\/\/p4h.world\/fr\/ressources\/","title":{"rendered":"Ressources"},"content":{"rendered":"<p>[et_pb_section fb_built=&#8221;1&#8243; _builder_version=&#8221;4.20.2&#8243; _module_preset=&#8221;default&#8221; locked=&#8221;off&#8221; global_colors_info=&#8221;{}&#8221;][et_pb_row disabled_on=&#8221;off|off|off&#8221; admin_label=&#8221;Entretoise&#8221; _builder_version=&#8221;4.21.0&#8243; _module_preset=&#8221;default&#8221; display_conditions=&#8221;W10=&#8221; custom_padding=&#8221;0px|0px|10px|0px|false|false&#8221; global_module=&#8221;987504603&#8243; saved_tabs=&#8221;all&#8221; collapsed=&#8221;off&#8221; global_colors_info=&#8221;{}&#8221;][et_pb_column type=&#8221;4_4&#8243; _builder_version=&#8221;4.19.2&#8243; _module_preset=&#8221;default&#8221; global_colors_info=&#8221;{}&#8221;][\/et_pb_column][\/et_pb_row][et_pb_row _builder_version=&#8221;4.20.4&#8243; _module_preset=&#8221;default&#8221; custom_padding=&#8221;0px|15px|0px|15px|false|true&#8221; global_colors_info=&#8221;{}&#8221;][et_pb_column type=&#8221;4_4&#8243; _builder_version=&#8221;4.20.2&#8243; _module_preset=&#8221;default&#8221; global_colors_info=&#8221;{}&#8221;][et_pb_text _builder_version=&#8221;4.21.0&#8243; _module_preset=&#8221;default&#8221; global_colors_info=&#8221;{}&#8221;]<\/p>\n<div>\n<p>Le r\u00e9seau P4H identifie des sujets d&#8217;int\u00e9r\u00eat pour les communaut\u00e9s de la protection sociale de la sant\u00e9 (PSM) et du financement de la sant\u00e9 (FSS), en mettant l&#8217;accent sur les informations nationales. L\u00e0 o\u00f9 nous sommes activement engag\u00e9s, nous d\u00e9veloppons des \u00e9tudes de cas dans le but de saisir les \u00e9tapes et les processus qui font progresser la couverture sanitaire universelle (CSU). <\/p>\n<\/div>\n<p>[\/et_pb_text][et_pb_text _builder_version=&#8221;4.21.0&#8243; _module_preset=&#8221;default&#8221; global_colors_info=&#8221;{}&#8221;]<\/p>\n<p>Nous fournissons \u00e9galement des outils qui nous permettent d&#8217;effectuer des comparaisons entre et au sein des pays et des r\u00e9gions. Les utilisateurs peuvent cr\u00e9er des graphiques avec notre outil d&#8217;indicateurs cl\u00e9s ; des calendriers nationaux qui identifient les \u00e9tapes des processus de r\u00e9forme du PSM et de l&#8217;HF ; notre outil d&#8217;\u00e9conomie politique qui cartographie les int\u00e9r\u00eats, les positions et les relations des parties prenantes dans le cadre d&#8217;une r\u00e9forme. <\/p>\n<p>[\/et_pb_text][\/et_pb_column][\/et_pb_row][et_pb_row disabled_on=&#8221;off|off|off&#8221; admin_label=&#8221;Entretoise&#8221; _builder_version=&#8221;4.21.0&#8243; _module_preset=&#8221;default&#8221; display_conditions=&#8221;W10=&#8221; custom_padding=&#8221;0px|0px|10px|0px|false|false&#8221; global_module=&#8221;987504603&#8243; saved_tabs=&#8221;all&#8221; collapsed=&#8221;off&#8221; global_colors_info=&#8221;{}&#8221;][et_pb_column type=&#8221;4_4&#8243; _builder_version=&#8221;4.19.2&#8243; _module_preset=&#8221;default&#8221; global_colors_info=&#8221;{}&#8221;][\/et_pb_column][\/et_pb_row][et_pb_row column_structure=&#8221;1_2,1_2&#8243; make_equal=&#8221;on&#8221; _builder_version=&#8221;4.20.4&#8243; _module_preset=&#8221;default&#8221; custom_padding=&#8221;0px|15px|0px|15px|false|true&#8221; global_colors_info=&#8221;{}&#8221;][et_pb_column type=&#8221;1_2&#8243; _builder_version=&#8221;4.20.4&#8243; _module_preset=&#8221;default&#8221; custom_css_main_element=&#8221;width: 30% !important;&#8221; global_colors_info=&#8221;{}&#8221; custom_css_main_element_last_edited=&#8221;on|tablet&#8221; custom_css_main_element_tablet=&#8221;width: 100% !important;&#8221; custom_css_main_element_phone=&#8221;width: 100% !important;&#8221;][et_pb_code _builder_version=&#8221;4.21.0&#8243; _module_preset=&#8221;default&#8221; custom_margin=&#8221;0px|0px|10px|0px|false|false&#8221; custom_padding=&#8221;0px|0px|0px|0px|false|false&#8221; locked=&#8221;off&#8221; global_colors_info=&#8221;{}&#8221;]<\/p>\n<div class=\"p4h-title withlink\"><!-- [et_pb_line_break_holder] --><\/p>\n<h3 class=\"p4h-fc-dark p4h-fs-24 p4h-text-uppercase pb-0\"><i class=\"icon_documents_alt\"><\/i>  Examens annuels<\/h3>\n<p><!-- [et_pb_line_break_holder] --><a href=\"https:\/\/p4h.world\/fr\/what-we-do\/annual-reviews\/\" class=\"p4h-fc-red p4h-fs-16 p4h-button\"><span class=\"p4h-va-middle\">Tous<\/span> <span class=\"et-pb-icon p4h-fs-24 p4h-va-middle\">$<\/span><\/a><!-- [et_pb_line_break_holder] --><\/div>\n<p>[\/et_pb_code][et_pb_text _builder_version=&#8221;4.21.0&#8243; _module_preset=&#8221;default&#8221; global_colors_info=&#8221;{}&#8221;][\/et_pb_text][et_pb_button button_url=&#8221;https:\/\/p4h.world\/app\/uploads\/2024\/11\/2024-11-14_P4H_Annual-Review_Annex_July2023-June-2024.pdf&#8221; button_text=&#8221;T\u00e9l\u00e9charger l&#8217;annexe du dernier rapport annuel&#8221; module_id=&#8221;download_latest_annual_review_annex&#8221; _builder_version=&#8221;4.21.0&#8243; _dynamic_attributes=&#8221;button_url&#8221; _module_preset=&#8221;default&#8221; custom_button=&#8221;on&#8221; button_text_size=&#8221;16px&#8221; button_text_color=&#8221;#FFFFFF&#8221; button_bg_color=&#8221;#EA3A32&#8243; button_border_width=&#8221;0px&#8221; button_border_radius=&#8221;3px&#8221; button_font=&#8221;Oswald|||on|||||&#8221; button_use_icon=&#8221;off&#8221; custom_margin=&#8221;||||false|false&#8221; custom_padding=&#8221;0.3em|0.7em|0.3em|0.7em|false|false&#8221; hover_enabled=&#8221;0&#8243; locked=&#8221;off&#8221; global_colors_info=&#8221;{}&#8221; button_bg_color__hover_enabled=&#8221;on|hover&#8221; button_bg_color__hover=&#8221;#2D424C&#8221; button_bg_enable_color__hover=&#8221;on&#8221; sticky_enabled=&#8221;0&#8243;][\/et_pb_button][et_pb_button button_url=&#8221;https:\/\/p4h.world\/app\/uploads\/2024\/11\/2024-12-2_P4H_Annual-Review_2023-2024_Page-Spreads.pdf&#8221; button_text=&#8221;T\u00e9l\u00e9chargez le dernier rapport annuel&#8221; module_id=&#8221;download_latest_annual_review&#8221; _builder_version=&#8221;4.21.0&#8243; _dynamic_attributes=&#8221;button_url&#8221; _module_preset=&#8221;default&#8221; custom_button=&#8221;on&#8221; button_text_size=&#8221;16px&#8221; button_text_color=&#8221;#FFFFFF&#8221; button_bg_color=&#8221;#EA3A32&#8243; button_border_width=&#8221;0px&#8221; button_border_radius=&#8221;3px&#8221; button_font=&#8221;Oswald|||on|||||&#8221; button_use_icon=&#8221;off&#8221; custom_margin=&#8221;||||false|false&#8221; custom_padding=&#8221;0.3em|0.7em|0.3em|0.7em|false|false&#8221; locked=&#8221;off&#8221; global_colors_info=&#8221;{}&#8221; button_bg_color__hover_enabled=&#8221;on|hover&#8221; button_bg_color__hover=&#8221;#2D424C&#8221; button_bg_enable_color__hover=&#8221;on&#8221;][\/et_pb_button][\/et_pb_column][et_pb_column type=&#8221;1_2&#8243; _builder_version=&#8221;4.20.4&#8243; _module_preset=&#8221;default&#8221; custom_css_main_element=&#8221;width: 70% !important;&#8221; global_colors_info=&#8221;{}&#8221; custom_css_main_element_last_edited=&#8221;on|phone&#8221; custom_css_main_element_tablet=&#8221;width: 100% !important;&#8221; custom_css_main_element_phone=&#8221;width: 100% !important;&#8221;][et_pb_code _builder_version=&#8221;4.21.0&#8243; _module_preset=&#8221;default&#8221; custom_margin=&#8221;0px|0px|10px|0px|false|false&#8221; custom_padding=&#8221;0px|0px|0px|0px|false|false&#8221; locked=&#8221;off&#8221; global_colors_info=&#8221;{}&#8221;]<\/p>\n<div class=\"p4h-title withlink\"><!-- [et_pb_line_break_holder] --><\/p>\n<h3 class=\"p4h-fc-dark p4h-fs-24 p4h-text-uppercase pb-0\">\u00c9tudes de cas P4H<\/h3>\n<p><!-- [et_pb_line_break_holder] --><a href=\"https:\/\/p4h.world\/fr\/resources-tools\/case-studies\/\" class=\"p4h-fc-red p4h-fs-16 p4h-button\"><span class=\"p4h-va-middle\">Tous<\/span> <span class=\"et-pb-icon p4h-fs-24 p4h-va-middle\">$<\/span><\/a><!-- [et_pb_line_break_holder] --><\/div>\n<p>[\/et_pb_code][et_pb_code module_class=&#8221;p4h-content-grid&#8221; _builder_version=&#8221;4.20.2&#8243; _module_preset=&#8221;default&#8221; global_colors_info=&#8221;{}&#8221;]<div class=\"pt-cv-wrapper et_smooth_scroll_disabled\"><div class=\"pt-cv-view pt-cv-grid pt-cv-colsys\" id=\"pt-cv-view-3d7e7ed65k\"><div data-id=\"pt-cv-page-1\" class=\"pt-cv-page\" data-cvc=\"2\"><div class=\"col-md-6 col-sm-6 col-xs-12 pt-cv-content-item pt-cv-1-col\"  data-pid=\"987779797\"><div class='pt-cv-ifield'><a href=\"https:\/\/p4h.world\/fr\/case_study\/la-presence-pluriannuelle-de-p4h-cfp-contribue-aux-progres-du-cambodge-en-matiere-de-sante-publique\/\" class=\"_self pt-cv-href-thumbnail pt-cv-thumb-default cvplbd\" target=\"_self\" ><img width=\"1614\" height=\"1058\" src=\"https:\/\/p4h.world\/app\/uploads\/2025\/07\/p4h-cfp_uhc_cambodia_2025.png\" class=\"pt-cv-thumbnail img-none\" alt=\"La pr\u00e9sence pluriannuelle de P4H-CFP contribue aux progr\u00e8s du Cambodge en mati\u00e8re de sant\u00e9 publique.\" decoding=\"async\" loading=\"lazy\" srcset=\"https:\/\/p4h.world\/app\/uploads\/2025\/07\/p4h-cfp_uhc_cambodia_2025.png 1614w, https:\/\/p4h.world\/app\/uploads\/2025\/07\/p4h-cfp_uhc_cambodia_2025-1280x839.png 1280w, https:\/\/p4h.world\/app\/uploads\/2025\/07\/p4h-cfp_uhc_cambodia_2025-980x642.png 980w, https:\/\/p4h.world\/app\/uploads\/2025\/07\/p4h-cfp_uhc_cambodia_2025-480x315.png 480w\" sizes=\"(min-width: 0px) and (max-width: 480px) 480px, (min-width: 481px) and (max-width: 980px) 980px, (min-width: 981px) and (max-width: 1280px) 1280px, (min-width: 1281px) 1614px, 100vw\" \/><\/a>\n<div class=\"pt-cv-meta-fields\"><span class=\"post-type\">\u00c9TUDE DE CAS<\/span> <span class=\"p4h-fc-dark\">|<\/span> <span class=\"entry-date\"> <time datetime=\"2025-08-01T19:51:49+01:00\">01 Ao\u00fbt 2025<\/time><\/span><\/div>\n<h4 class=\"pt-cv-title\"><a href=\"https:\/\/p4h.world\/fr\/case_study\/la-presence-pluriannuelle-de-p4h-cfp-contribue-aux-progres-du-cambodge-en-matiere-de-sante-publique\/\" class=\"_self cvplbd\" target=\"_self\" >La pr\u00e9sence pluriannuelle de P4H-CFP contribue aux progr\u00e8s du Cambodge en mati\u00e8re de sant\u00e9 publique.<\/a><\/h4>\n<div class=\"pt-cv-ctf-list\" data-cvc=\"1\"><div class=\"col-md-12 pt-cv-ctf-column\"><div class=\"pt-cv-custom-fields pt-cv-ctf-countries\"><div class=\"pt-cv-ctf-value\">Cambodge<\/div><\/div><\/div><\/div><\/div><\/div>\n<div class=\"col-md-6 col-sm-6 col-xs-12 pt-cv-content-item pt-cv-1-col\"  data-pid=\"987772228\"><div class='pt-cv-ifield'><a href=\"https:\/\/p4h.world\/fr\/case_study\/le-systeme-dassistance-medicale-du-tchad-une-etape-importante-vers-la-couverture-sanitaire-universelle\/\" class=\"_self pt-cv-href-thumbnail pt-cv-thumb-default cvplbd\" target=\"_self\" ><img width=\"852\" height=\"512\" src=\"https:\/\/p4h.world\/app\/uploads\/2025\/04\/p4h_medical-assistance-scheme_chad.png\" class=\"pt-cv-thumbnail img-none\" alt=\"Le syst\u00e8me d&#039;assistance m\u00e9dicale du Tchad : une \u00e9tape importante vers la couverture sanitaire universelle\" decoding=\"async\" loading=\"lazy\" srcset=\"https:\/\/p4h.world\/app\/uploads\/2025\/04\/p4h_medical-assistance-scheme_chad.png 852w, https:\/\/p4h.world\/app\/uploads\/2025\/04\/p4h_medical-assistance-scheme_chad-480x288.png 480w\" sizes=\"(min-width: 0px) and (max-width: 480px) 480px, (min-width: 481px) 852px, 100vw\" \/><\/a>\n<div class=\"pt-cv-meta-fields\"><span class=\"post-type\">\u00c9TUDE DE CAS<\/span> <span class=\"p4h-fc-dark\">|<\/span> <span class=\"entry-date\"> <time datetime=\"2025-05-27T14:44:40+01:00\">27 Mai 2025<\/time><\/span><\/div>\n<h4 class=\"pt-cv-title\"><a href=\"https:\/\/p4h.world\/fr\/case_study\/le-systeme-dassistance-medicale-du-tchad-une-etape-importante-vers-la-couverture-sanitaire-universelle\/\" class=\"_self cvplbd\" target=\"_self\" >Le syst\u00e8me d&#8217;assistance m\u00e9dicale du Tchad : une \u00e9tape importante vers la couverture sanitaire universelle<\/a><\/h4>\n<div class=\"pt-cv-ctf-list\" data-cvc=\"1\"><div class=\"col-md-12 pt-cv-ctf-column\"><div class=\"pt-cv-custom-fields pt-cv-ctf-countries\"><div class=\"pt-cv-ctf-value\">Tchad<\/div><\/div><\/div><\/div><\/div><\/div><\/div><\/div><\/div>\t\t\t<style type=\"text\/css\" id=\"pt-cv-inline-style-95631d9nsp\">#pt-cv-view-3d7e7ed65k .pt-cv-title a, #pt-cv-view-3d7e7ed65k  .panel-title { font-family: 'Oswald', Arial, serif !important; }\n#pt-cv-view-3d7e7ed65k .pt-cv-specialp { background-color: #CC3333 !important }\n#pt-cv-view-3d7e7ed65k .pt-cv-specialp * { color: #fff !important; }\n#pt-cv-view-3d7e7ed65k .pt-cv-pficon  { color: #bbb !important; }\n#pt-cv-view-3d7e7ed65k .pt-cv-readmore  { color: #ffffff !important; }\n#pt-cv-view-3d7e7ed65k .pt-cv-readmore:hover  { color: #ffffff !important; }\n#pt-cv-view-3d7e7ed65k  + .pt-cv-pagination-wrapper .pt-cv-more , #pt-cv-view-3d7e7ed65k  + .pt-cv-pagination-wrapper .pagination .active a, .pt-cv-pagination[data-sid='3d7e7ed65k'] .active a { color: #ffffff !important; }<\/style>\r\n\t\t\t[\/et_pb_code][\/et_pb_column][\/et_pb_row][et_pb_row disabled_on=&#8221;off|off|off&#8221; admin_label=&#8221;Entretoise&#8221; _builder_version=&#8221;4.21.0&#8243; _module_preset=&#8221;default&#8221; display_conditions=&#8221;W10=&#8221; custom_padding=&#8221;0px|0px|10px|0px|false|false&#8221; global_module=&#8221;987504603&#8243; saved_tabs=&#8221;all&#8221; collapsed=&#8221;off&#8221; global_colors_info=&#8221;{}&#8221;][et_pb_column type=&#8221;4_4&#8243; _builder_version=&#8221;4.19.2&#8243; _module_preset=&#8221;default&#8221; global_colors_info=&#8221;{}&#8221;][\/et_pb_column][\/et_pb_row][\/et_pb_section][et_pb_section fb_built=&#8221;1&#8243; admin_label=&#8221;Framework and References BOX&#8221; _builder_version=&#8221;4.21.0&#8243; _module_preset=&#8221;default&#8221; background_color=&#8221;#4C7E96&#8243; background_enable_image=&#8221;off&#8221; parallax=&#8221;on&#8221; background_blend=&#8221;multiply&#8221; saved_tabs=&#8221;all&#8221; locked=&#8221;off&#8221; global_colors_info=&#8221;{}&#8221;][et_pb_row admin_label=&#8221;Entretoise&#8221; _builder_version=&#8221;4.19.2&#8243; _module_preset=&#8221;default&#8221; collapsed=&#8221;on&#8221; global_colors_info=&#8221;{}&#8221;][et_pb_column type=&#8221;4_4&#8243; _builder_version=&#8221;4.19.2&#8243; _module_preset=&#8221;default&#8221; global_colors_info=&#8221;{}&#8221;][et_pb_divider show_divider=&#8221;off&#8221; _builder_version=&#8221;4.19.2&#8243; _module_preset=&#8221;default&#8221; custom_margin=&#8221;30px||-1px||false|false&#8221; global_colors_info=&#8221;{}&#8221;][\/et_pb_divider][\/et_pb_column][\/et_pb_row][et_pb_row column_structure=&#8221;3_5,2_5&#8243; make_equal=&#8221;on&#8221; admin_label=&#8221;Cadre et r\u00e9f\u00e9rences&#8221; _builder_version=&#8221;4.21.0&#8243; _module_preset=&#8221;default&#8221; background_color=&#8221;#4C7E96&#8243; custom_padding=&#8221;0px|15px|0px|15px|false|true&#8221; custom_css_main_element=&#8221;align-items: center;&#8221; global_colors_info=&#8221;{}&#8221; custom_css_main_element_last_edited=&#8221;on|phone&#8221; custom_css_main_element_tablet=&#8221;align-items: center;||display: flex;&#8221; custom_css_main_element_phone=&#8221;align-items: center;||&#8221;][et_pb_column type=&#8221;3_5&#8243; admin_label=&#8221;Colonne&#8221; _builder_version=&#8221;4.20.4&#8243; _module_preset=&#8221;default&#8221; custom_padding=&#8221;||||false|true&#8221; custom_css_main_element=&#8221;width: 80% !important;&#8221; global_colors_info=&#8221;{}&#8221; custom_css_main_element_last_edited=&#8221;on|tablet&#8221; custom_css_main_element_tablet=&#8221;width: 70% !important;&#8221; custom_css_main_element_phone=&#8221;width: 100% !important;&#8221;][et_pb_text _builder_version=&#8221;4.21.0&#8243; _module_preset=&#8221;default&#8221; text_text_color=&#8221;#FFFFFF&#8221; width=&#8221;100%&#8221; global_colors_info=&#8221;{}&#8221;]<\/p>\n<h3 class=\"p4h-fc-white p4h-fs-24 p4h-text-uppercase\">Cadre et r\u00e9f\u00e9rences<\/h3>\n<p>Les cadres aident les pays \u00e0 rallier les d\u00e9cideurs politiques et \u00e0 fa\u00e7onner les syst\u00e8mes de protection sociale et de financement de la sant\u00e9. L&#8217;\u00e9laboration et la mise en \u0153uvre des cadres reposent sur une compr\u00e9hension commune des termes cl\u00e9s. L&#8217;\u00e9laboration et la mise en \u0153uvre des cadres d\u00e9pendent \u00e9galement de la collaboration entre les secteurs et de l&#8217;acc\u00e8s des parties prenantes \u00e0 des ressources de connaissances pertinentes et accessibles.  <\/p>\n<p>[\/et_pb_text][\/et_pb_column][et_pb_column type=&#8221;2_5&#8243; admin_label=&#8221;Colonne&#8221; _builder_version=&#8221;4.20.4&#8243; _module_preset=&#8221;default&#8221; custom_padding=&#8221;||||false|true&#8221; custom_css_main_element=&#8221;width: 20% !important;&#8221; global_colors_info=&#8221;{}&#8221; custom_css_main_element_last_edited=&#8221;on|phone&#8221; custom_css_main_element_tablet=&#8221;width: 30% !important;&#8221; custom_css_main_element_phone=&#8221;width: 100% !important;&#8221;][et_pb_button button_url=&#8221;@ET-DC@eyJkeW5hbWljIjp0cnVlLCJjb250ZW50IjoicG9zdF9saW5rX3VybF9wYWdlIiwic2V0dGluZ3MiOnsicG9zdF9pZCI6Ijk4NzQ5NjIzNSJ9fQ==@&#8221; button_text=&#8221;En savoir plus&#8221; button_alignment=&#8221;right&#8221; button_alignment_tablet=&#8221;right&#8221; button_alignment_phone=&#8221;center&#8221; button_alignment_last_edited=&#8221;on|phone&#8221; _builder_version=&#8221;4.21.0&#8243; _dynamic_attributes=&#8221;button_url&#8221; _module_preset=&#8221;default&#8221; custom_button=&#8221;on&#8221; button_text_size=&#8221;16px&#8221; button_text_color=&#8221;#FFFFFF&#8221; button_bg_color=&#8221;#EA3A32&#8243; button_border_width=&#8221;0px&#8221; button_border_radius=&#8221;3px&#8221; button_font=&#8221;Oswald|||on|||||&#8221; button_use_icon=&#8221;off&#8221; custom_margin=&#8221;||||false|false&#8221; custom_padding=&#8221;0.3em|0.7em|0.3em|0.7em|false|false&#8221; locked=&#8221;off&#8221; global_colors_info=&#8221;{}&#8221; button_bg_color__hover_enabled=&#8221;on|hover&#8221; button_bg_color__hover=&#8221;#2D424C&#8221; button_bg_enable_color__hover=&#8221;on&#8221;][\/et_pb_button][\/et_pb_column][\/et_pb_row][et_pb_row admin_label=&#8221;Entretoise&#8221; _builder_version=&#8221;4.19.2&#8243; _module_preset=&#8221;default&#8221; collapsed=&#8221;on&#8221; global_colors_info=&#8221;{}&#8221;][et_pb_column type=&#8221;4_4&#8243; _builder_version=&#8221;4.19.2&#8243; _module_preset=&#8221;default&#8221; global_colors_info=&#8221;{}&#8221;][et_pb_divider show_divider=&#8221;off&#8221; _builder_version=&#8221;4.19.2&#8243; _module_preset=&#8221;default&#8221; custom_margin=&#8221;30px||-1px||false|false&#8221; global_colors_info=&#8221;{}&#8221;][\/et_pb_divider][\/et_pb_column][\/et_pb_row][\/et_pb_section]<\/p>\n","protected":false},"excerpt":{"rendered":"<p>Le r\u00e9seau P4H identifie des sujets d&#8217;int\u00e9r\u00eat pour les communaut\u00e9s de la protection sociale de la sant\u00e9 (PSM) et du financement de la sant\u00e9 (FSS), en mettant l&#8217;accent sur les informations nationales. L\u00e0 o\u00f9 nous sommes activement engag\u00e9s, nous d\u00e9veloppons des \u00e9tudes de cas dans le but de saisir les \u00e9tapes et les processus qui&#8230;<\/p>\n","protected":false},"author":1,"featured_media":0,"parent":0,"menu_order":0,"comment_status":"closed","ping_status":"closed","template":"","meta":{"_et_pb_use_builder":"on","_et_pb_old_content":"","_et_gb_content_width":""},"acf":[],"_links":{"self":[{"href":"https:\/\/p4h.world\/fr\/wp-json\/wp\/v2\/pages\/987628265"}],"collection":[{"href":"https:\/\/p4h.world\/fr\/wp-json\/wp\/v2\/pages"}],"about":[{"href":"https:\/\/p4h.world\/fr\/wp-json\/wp\/v2\/types\/page"}],"author":[{"embeddable":true,"href":"https:\/\/p4h.world\/fr\/wp-json\/wp\/v2\/users\/1"}],"replies":[{"embeddable":true,"href":"https:\/\/p4h.world\/fr\/wp-json\/wp\/v2\/comments?post=987628265"}],"version-history":[{"count":42,"href":"https:\/\/p4h.world\/fr\/wp-json\/wp\/v2\/pages\/987628265\/revisions"}],"predecessor-version":[{"id":987784104,"href":"https:\/\/p4h.world\/fr\/wp-json\/wp\/v2\/pages\/987628265\/revisions\/987784104"}],"wp:attachment":[{"href":"https:\/\/p4h.world\/fr\/wp-json\/wp\/v2\/media?parent=987628265"}],"curies":[{"name":"wp","href":"https:\/\/api.w.org\/{rel}","templated":true}]}}