{"id":987628299,"date":"2022-12-26T09:50:31","date_gmt":"2022-12-26T08:50:31","guid":{"rendered":"https:\/\/p4h.world\/ce-que-nous-faisons\/"},"modified":"2025-11-25T09:14:35","modified_gmt":"2025-11-25T08:14:35","slug":"ce-que-nous-faisons","status":"publish","type":"page","link":"https:\/\/p4h.world\/fr\/ce-que-nous-faisons\/","title":{"rendered":"Ce que nous faisons"},"content":{"rendered":"<p>[et_pb_section fb_built=&#8221;1&#8243; admin_label=&#8221;Overview&#8221; _builder_version=&#8221;4.19.2&#8243; _module_preset=&#8221;default&#8221; collapsed=&#8221;off&#8221; global_colors_info=&#8221;{}&#8221;][et_pb_row disabled_on=&#8221;off|off|off&#8221; admin_label=&#8221;Entretoise&#8221; _builder_version=&#8221;4.21.0&#8243; _module_preset=&#8221;default&#8221; display_conditions=&#8221;W10=&#8221; custom_padding=&#8221;0px|0px|29px|0px|false|false&#8221; global_module=&#8221;987504603&#8243; saved_tabs=&#8221;all&#8221; collapsed=&#8221;on&#8221; global_colors_info=&#8221;{}&#8221;][et_pb_column type=&#8221;4_4&#8243; _builder_version=&#8221;4.19.2&#8243; _module_preset=&#8221;default&#8221; global_colors_info=&#8221;{}&#8221;][\/et_pb_column][\/et_pb_row][et_pb_row make_equal=&#8221;on&#8221; admin_label=&#8221;Vue d&#039;ensemble&#8221; _builder_version=&#8221;4.20.4&#8243; _module_preset=&#8221;default&#8221; custom_padding=&#8221;0px|15px|0px|15px|false|true&#8221; custom_css_main_element=&#8221;align-items: center;&#8221; collapsed=&#8221;off&#8221; global_colors_info=&#8221;{}&#8221;][et_pb_column type=&#8221;4_4&#8243; admin_label=&#8221;Colonne&#8221; _builder_version=&#8221;4.20.2&#8243; _module_preset=&#8221;default&#8221; custom_padding=&#8221;||||false|true&#8221; global_colors_info=&#8221;{}&#8221;][et_pb_text _builder_version=&#8221;4.21.0&#8243; _module_preset=&#8221;default&#8221; hover_enabled=&#8221;0&#8243; global_colors_info=&#8221;{}&#8221; sticky_enabled=&#8221;0&#8243;]<\/p>\n<p>Le r\u00e9seau P4H s&#8217;efforce de faire progresser les engagements multisectoriels de haut niveau en faveur de la couverture sanitaire universelle (CSU), des r\u00e9seaux de protection sociale de la sant\u00e9 (PSH) et de financement de la sant\u00e9 (FSS), des cadres de collaboration, des partenariats avec d&#8217;autres r\u00e9seaux de syst\u00e8mes de sant\u00e9 et des innovations en mati\u00e8re de PSH et de FSS. Les <a href=\"https:\/\/p4h.world\/fr\/qui-sommes-nous\/personnes-de-contact-dans-les-pays\/\">points focaux nationaux de P4H<\/a> et le <a href=\"https:\/\/p4h.world\/fr\/ce-que-nous-faisons\/innovations\/leadership-pour-la-sante-publique-universelle\/\">programme Leadership for UHC <\/a>apportent un soutien essentiel aux parties prenantes.<\/p>\n<p>[\/et_pb_text][et_pb_text _builder_version=&#8221;4.21.0&#8243; _module_preset=&#8221;default&#8221; hover_enabled=&#8221;0&#8243; global_colors_info=&#8221;{}&#8221; sticky_enabled=&#8221;0&#8243;]<\/p>\n<p>Au niveau r\u00e9gional, le r\u00e9seau P4H met en relation des personnes pour faciliter les collaborations. P4H encourage le partage des connaissances, notamment par le biais de son site web. Le r\u00e9seau P4H explore \u00e9galement les domaines dans lesquels il peut innover, par exemple dans le domaine des ressources mat\u00e9rielles et \u00e9nerg\u00e9tiques non renouvelables pour des syst\u00e8mes de sant\u00e9 r\u00e9silients.<\/p>\n<p>[\/et_pb_text][\/et_pb_column][\/et_pb_row][et_pb_row disabled_on=&#8221;off|off|off&#8221; admin_label=&#8221;Entretoise&#8221; _builder_version=&#8221;4.21.0&#8243; _module_preset=&#8221;default&#8221; display_conditions=&#8221;W10=&#8221; custom_padding=&#8221;0px|0px|29px|0px|false|false&#8221; global_module=&#8221;987504603&#8243; saved_tabs=&#8221;all&#8221; collapsed=&#8221;on&#8221; global_colors_info=&#8221;{}&#8221;][et_pb_column type=&#8221;4_4&#8243; _builder_version=&#8221;4.19.2&#8243; _module_preset=&#8221;default&#8221; global_colors_info=&#8221;{}&#8221;][\/et_pb_column][\/et_pb_row][\/et_pb_section][et_pb_section fb_built=&#8221;1&#8243; admin_label=&#8221;Country and Regional dynamics&#8221; _builder_version=&#8221;4.19.2&#8243; _module_preset=&#8221;default&#8221; locked=&#8221;off&#8221; collapsed=&#8221;off&#8221; global_colors_info=&#8221;{}&#8221;][et_pb_row column_structure=&#8221;1_2,1_2&#8243; use_custom_gutter=&#8221;on&#8221; gutter_width=&#8221;1&#8243; make_equal=&#8221;on&#8221; _builder_version=&#8221;4.21.0&#8243; _module_preset=&#8221;default&#8221; background_enable_color=&#8221;off&#8221; max_width=&#8221;100%&#8221; collapsed=&#8221;off&#8221; global_colors_info=&#8221;{}&#8221; background_enable_color__hover=&#8221;off&#8221; background__hover_enabled=&#8221;on|desktop&#8221;][et_pb_column type=&#8221;1_2&#8243; _builder_version=&#8221;4.20.4&#8243; _module_preset=&#8221;default&#8221; background_enable_color=&#8221;off&#8221; background_enable_image=&#8221;off&#8221; background_blend=&#8221;multiply&#8221; custom_padding=&#8221;0px|0px|0px|0px|true|true&#8221; custom_css_main_element=&#8221;display: flex;||flex-direction: column;||justify-content: space-between;&#8221; global_colors_info=&#8221;{}&#8221; background_enable_color__hover=&#8221;off&#8221; background__hover_enabled=&#8221;on|desktop&#8221;][et_pb_text admin_label=&#8221;COUNTRY DYN&#8221; _builder_version=&#8221;4.21.0&#8243; _dynamic_attributes=&#8221;link_option_url&#8221; _module_preset=&#8221;default&#8221; text_text_color=&#8221;#FFFFFF&#8221; link_text_align=&#8221;center&#8221; ul_text_align=&#8221;center&#8221; ol_text_align=&#8221;center&#8221; quote_text_align=&#8221;center&#8221; header_text_align=&#8221;center&#8221; header_2_text_align=&#8221;center&#8221; header_3_text_align=&#8221;center&#8221; header_4_text_align=&#8221;center&#8221; header_5_text_align=&#8221;center&#8221; header_6_text_align=&#8221;center&#8221; background_color=&#8221;#891a21&#8243; text_orientation=&#8221;center&#8221; height=&#8221;100%&#8221; custom_padding=&#8221;40px|40px|40px|40px|false|false&#8221; link_option_url=&#8221;@ET-DC@eyJkeW5hbWljIjp0cnVlLCJjb250ZW50IjoicG9zdF9saW5rX3VybF9wYWdlIiwic2V0dGluZ3MiOnsicG9zdF9pZCI6Ijk4NzQ5NTAzNSJ9fQ==@&#8221; hover_enabled=&#8221;0&#8243; locked=&#8221;off&#8221; global_colors_info=&#8221;{}&#8221; text_text_color__hover=&#8221;#2D424C&#8221; text_text_color__hover_enabled=&#8221;on|desktop&#8221; background_color__hover=&#8221;#E8E7E2&#8243; background__hover_enabled=&#8221;on|hover&#8221; background_enable_color__hover=&#8221;on&#8221; sticky_enabled=&#8221;0&#8243;]<\/p>\n<h3 class=\"p4h-text-uppercase\">Dynamique des pays<\/h3>\n<p>Le r\u00e9seau P4H soutient les collaborations au niveau national qui contribuent \u00e0 faire progresser la protection sociale de la sant\u00e9 et les r\u00e9formes du financement de la sant\u00e9 en vue d&#8217;une couverture sanitaire universelle. P4H met en relation les parties prenantes par l&#8217;interm\u00e9diaire des points focaux nationaux de P4H, qui travaillent dans 67 pays.<\/p>\n<p>[\/et_pb_text][\/et_pb_column][et_pb_column type=&#8221;1_2&#8243; _builder_version=&#8221;4.20.4&#8243; _module_preset=&#8221;default&#8221; background_enable_color=&#8221;off&#8221; background_enable_image=&#8221;off&#8221; background_blend=&#8221;multiply&#8221; custom_padding=&#8221;0px|0px|0px|0px|true|true&#8221; custom_css_main_element=&#8221;display: flex;||flex-direction: column;||justify-content: space-between;&#8221; global_colors_info=&#8221;{}&#8221; background_enable_color__hover=&#8221;off&#8221; background__hover_enabled=&#8221;on|desktop&#8221;][et_pb_text admin_label=&#8221;REGIONAL DYN&#8221; _builder_version=&#8221;4.21.0&#8243; _dynamic_attributes=&#8221;link_option_url&#8221; _module_preset=&#8221;default&#8221; text_text_color=&#8221;#FFFFFF&#8221; link_text_align=&#8221;center&#8221; ul_text_align=&#8221;center&#8221; ol_text_align=&#8221;center&#8221; quote_text_align=&#8221;center&#8221; header_text_align=&#8221;center&#8221; header_2_text_align=&#8221;center&#8221; header_3_text_align=&#8221;center&#8221; header_4_text_align=&#8221;center&#8221; header_5_text_align=&#8221;center&#8221; header_6_text_align=&#8221;center&#8221; background_color=&#8221;#4d7d94&#8243; text_orientation=&#8221;center&#8221; height=&#8221;100%&#8221; custom_padding=&#8221;40px|40px|40px|40px|false|false&#8221; link_option_url=&#8221;@ET-DC@eyJkeW5hbWljIjp0cnVlLCJjb250ZW50IjoicG9zdF9saW5rX3VybF9wYWdlIiwic2V0dGluZ3MiOnsicG9zdF9pZCI6Ijk4NzQ5NTAzNyJ9fQ==@&#8221; hover_enabled=&#8221;0&#8243; locked=&#8221;off&#8221; global_colors_info=&#8221;{}&#8221; text_text_color__hover=&#8221;#2D424C&#8221; text_text_color__hover_enabled=&#8221;on|hover&#8221; background_color__hover=&#8221;#E8E7E2&#8243; background__hover_enabled=&#8221;on|hover&#8221; background_enable_color__hover=&#8221;on&#8221; sticky_enabled=&#8221;0&#8243;]<\/p>\n<h3 class=\"p4h-text-uppercase\">Dynamique r\u00e9gionale<\/h3>\n<p>Le r\u00e9seau P4H soutient les collaborations r\u00e9gionales et intrar\u00e9gionales et le partage des connaissances. Les principales parties prenantes sont des organisations, des pays et des individus de diverses r\u00e9gions, ainsi que des institutions universitaires, des points focaux nationaux de P4H et des points focaux r\u00e9gionaux de P4H. Les collaborations et les activit\u00e9s avec les groupes r\u00e9gionaux cr\u00e9ent \u00e9galement des opportunit\u00e9s de relations interr\u00e9gionales.<\/p>\n<p>[\/et_pb_text][\/et_pb_column][\/et_pb_row][\/et_pb_section][et_pb_section fb_built=&#8221;1&#8243; disabled_on=&#8221;on|on|on&#8221; admin_label=&#8221;Highlights&#8221; _builder_version=&#8221;4.21.0&#8243; _module_preset=&#8221;default&#8221; background_enable_color=&#8221;off&#8221; disabled=&#8221;on&#8221; locked=&#8221;off&#8221; collapsed=&#8221;on&#8221; global_colors_info=&#8221;{}&#8221;][et_pb_row disabled_on=&#8221;off|off|off&#8221; admin_label=&#8221;Entretoise&#8221; _builder_version=&#8221;4.21.0&#8243; _module_preset=&#8221;default&#8221; display_conditions=&#8221;W10=&#8221; custom_padding=&#8221;0px|0px|29px|0px|false|false&#8221; global_module=&#8221;987504603&#8243; saved_tabs=&#8221;all&#8221; collapsed=&#8221;on&#8221; global_colors_info=&#8221;{}&#8221;][et_pb_column type=&#8221;4_4&#8243; _builder_version=&#8221;4.19.2&#8243; _module_preset=&#8221;default&#8221; global_colors_info=&#8221;{}&#8221;][\/et_pb_column][\/et_pb_row][et_pb_row admin_label=&#8221;Points forts&#8221; _builder_version=&#8221;4.20.4&#8243; _module_preset=&#8221;default&#8221; custom_padding=&#8221;0px|15px|0px|15px|false|true&#8221; collapsed=&#8221;on&#8221; global_colors_info=&#8221;{}&#8221;][et_pb_column type=&#8221;4_4&#8243; _builder_version=&#8221;4.20.2&#8243; _module_preset=&#8221;default&#8221; custom_padding=&#8221;||||false|false&#8221; global_colors_info=&#8221;{}&#8221;][et_pb_code _builder_version=&#8221;4.20.4&#8243; _module_preset=&#8221;default&#8221; custom_margin=&#8221;0px|0px|0px|0px|false|false&#8221; custom_padding=&#8221;0px|0px|0px|0px|false|false&#8221; global_colors_info=&#8221;{}&#8221;]<\/p>\n<div class=\"p4h-title withlink\"><!-- [et_pb_line_break_holder] --><\/p>\n<h3 class=\"p4h-fc-dark p4h-fs-24 p4h-text-uppercase pb-0\">Points forts<\/h3>\n<p><!-- [et_pb_line_break_holder] --><\/div>\n<p>[\/et_pb_code][et_pb_code module_class=&#8221;p4h-content-grid&#8221; _builder_version=&#8221;4.20.2&#8243; _module_preset=&#8221;default&#8221; global_colors_info=&#8221;{}&#8221;]<div class=\"pt-cv-wrapper et_smooth_scroll_disabled\"><div class=\"pt-cv-view pt-cv-grid pt-cv-colsys\" id=\"pt-cv-view-3a69631f1x\"><div data-id=\"pt-cv-page-1\" class=\"pt-cv-page\" data-cvc=\"3\"><div class=\"col-md-4 col-sm-6 col-xs-12 pt-cv-content-item pt-cv-1-col\"  data-pid=\"987794074\"><div class='pt-cv-ifield'><div class=\"pt-cv-meta-fields\"><span class=\"post-type\">DOCUMENT<\/span> <span class=\"p4h-fc-dark\">|<\/span> <span class=\"entry-date\"> <time datetime=\"2025-12-15T06:32:57+01:00\">15 D\u00e9c 2025<\/time><\/span><\/div>\n<h4 class=\"pt-cv-title\"><a href=\"https:\/\/p4h.world\/fr\/documents\/matrice-des-progres-du-financement-de-la-sante-maldives-2025\/\" class=\"_self cvplbd\" target=\"_self\" >Matrice des progr\u00e8s du financement de la sant\u00e9 &#8211; Maldives 2025<\/a><\/h4>\n<div class=\"pt-cv-ctf-list\" data-cvc=\"1\"><div class=\"col-md-12 pt-cv-ctf-column\"><div class=\"pt-cv-custom-fields pt-cv-ctf-countries\"><div class=\"pt-cv-ctf-value\">Maldives<\/div><\/div><\/div><\/div><\/div><\/div>\n<div class=\"col-md-4 col-sm-6 col-xs-12 pt-cv-content-item pt-cv-1-col\"  data-pid=\"987794034\"><div class='pt-cv-ifield'><div class=\"pt-cv-meta-fields\"><span class=\"post-type\">DOCUMENT<\/span> <span class=\"p4h-fc-dark\">|<\/span> <span class=\"entry-date\"> <time datetime=\"2025-12-11T13:42:51+01:00\">11 D\u00e9c 2025<\/time><\/span><\/div>\n<h4 class=\"pt-cv-title\"><a href=\"https:\/\/p4h.world\/fr\/documents\/decret-n-2025-672-du-29-octobre-2025-portant-modalites-de-mise-en-oeuvre-de-lassurance-maladie-obligatoire-en-republique-du-benin\/\" class=\"_self cvplbd\" target=\"_self\" >D\u00e9cret n\u00b0 2025 &#8211; 672 du 29 octobre 2025 portant modalit\u00e9s de mise en \u0153uvre de l&#8217;assurance maladie obligatoire en R\u00e9publique du B\u00e9nin<\/a><\/h4>\n<div class=\"pt-cv-ctf-list\" data-cvc=\"1\"><div class=\"col-md-12 pt-cv-ctf-column\"><div class=\"pt-cv-custom-fields pt-cv-ctf-countries\"><div class=\"pt-cv-ctf-value\">B\u00e9nin<\/div><\/div><\/div><\/div><\/div><\/div>\n<div class=\"col-md-4 col-sm-6 col-xs-12 pt-cv-content-item pt-cv-1-col\"  data-pid=\"987792724\"><div class='pt-cv-ifield'><div class=\"pt-cv-meta-fields\"><span class=\"post-type\">DOCUMENT<\/span> <span class=\"p4h-fc-dark\">|<\/span> <span class=\"entry-date\"> <time datetime=\"2025-12-08T14:10:51+01:00\">08 D\u00e9c 2025<\/time><\/span><\/div>\n<h4 class=\"pt-cv-title\"><a href=\"https:\/\/p4h.world\/fr\/documents\/rapport-pays-du-fmi-no-25-261-guatemala-selected-issues\/\" class=\"_self cvplbd\" target=\"_self\" >Rapport pays du FMI No. 25\/261- Guatemala Selected Issues<\/a><\/h4>\n<div class=\"pt-cv-ctf-list\" data-cvc=\"1\"><div class=\"col-md-12 pt-cv-ctf-column\"><div class=\"pt-cv-custom-fields pt-cv-ctf-countries\"><div class=\"pt-cv-ctf-value\">Guatemala<\/div><\/div><\/div><\/div><\/div><\/div><\/div><\/div><\/div>\t\t\t<style type=\"text\/css\" id=\"pt-cv-inline-style-7551946je7\">#pt-cv-view-3a69631f1x .pt-cv-specialp { background-color: #CC3333 !important }\n#pt-cv-view-3a69631f1x .pt-cv-specialp * { color: #fff !important; }\n#pt-cv-view-3a69631f1x .pt-cv-pficon  { color: #bbb !important; }\n#pt-cv-view-3a69631f1x .pt-cv-readmore  { color: #ffffff !important; }\n#pt-cv-view-3a69631f1x .pt-cv-readmore:hover  { color: #ffffff !important; }\n#pt-cv-view-3a69631f1x  + .pt-cv-pagination-wrapper .pt-cv-more , #pt-cv-view-3a69631f1x  + .pt-cv-pagination-wrapper .pagination .active a, .pt-cv-pagination[data-sid='3a69631f1x'] .active a { color: #ffffff !important; background-color: #00aeef !important; }<\/style>\r\n\t\t\t[\/et_pb_code][\/et_pb_column][\/et_pb_row][et_pb_row disabled_on=&#8221;off|off|off&#8221; admin_label=&#8221;Entretoise&#8221; _builder_version=&#8221;4.21.0&#8243; _module_preset=&#8221;default&#8221; display_conditions=&#8221;W10=&#8221; custom_padding=&#8221;0px|0px|29px|0px|false|false&#8221; global_module=&#8221;987504603&#8243; saved_tabs=&#8221;all&#8221; collapsed=&#8221;on&#8221; global_colors_info=&#8221;{}&#8221;][et_pb_column type=&#8221;4_4&#8243; _builder_version=&#8221;4.19.2&#8243; _module_preset=&#8221;default&#8221; global_colors_info=&#8221;{}&#8221;][\/et_pb_column][\/et_pb_row][\/et_pb_section][et_pb_section fb_built=&#8221;1&#8243; admin_label=&#8221;Who we are box&#8221; _builder_version=&#8221;4.21.0&#8243; _module_preset=&#8221;default&#8221; background_color=&#8221;#2D424C&#8221; collapsed=&#8221;off&#8221; global_colors_info=&#8221;{}&#8221;][et_pb_row column_structure=&#8221;1_2,1_2&#8243; use_custom_gutter=&#8221;on&#8221; gutter_width=&#8221;1&#8243; make_equal=&#8221;on&#8221; _builder_version=&#8221;4.21.0&#8243; _module_preset=&#8221;default&#8221; custom_css_main_element=&#8221;margin: auto 0;&#8221; locked=&#8221;off&#8221; global_colors_info=&#8221;{}&#8221;][et_pb_column type=&#8221;1_2&#8243; _builder_version=&#8221;4.21.0&#8243; _module_preset=&#8221;default&#8221; background_color=&#8221;RGBA(255,255,255,0)&#8221; background_enable_image=&#8221;off&#8221; background_blend=&#8221;multiply&#8221; custom_padding=&#8221;40px|40px|40px|40px|true|true&#8221; custom_padding_tablet=&#8221;40px|40px|40px|40px|true|true&#8221; custom_padding_phone=&#8221;20px|20px|20px|20px|true|true&#8221; custom_padding_last_edited=&#8221;on|phone&#8221; custom_css_main_element=&#8221;width: 70% !important;&#8221; global_colors_info=&#8221;{}&#8221; custom_css_main_element_last_edited=&#8221;on|phone&#8221; custom_css_main_element_tablet=&#8221;width: 70% !important;&#8221; custom_css_main_element_phone=&#8221;width: 100% !important;&#8221;][et_pb_text admin_label=&#8221;who we are&#8221; _builder_version=&#8221;4.21.0&#8243; _module_preset=&#8221;default&#8221; text_text_color=&#8221;#FFFFFF&#8221; header_2_text_align=&#8221;center&#8221; width=&#8221;100%&#8221; locked=&#8221;off&#8221; global_colors_info=&#8221;{}&#8221;]<\/p>\n<h3 class=\"p4h-fc-white p4h-fs-24 p4h-text-uppercase\">Qui sommes-nous ?<\/h3>\n<p>Le r\u00e9seau P4H est une initiative pionni\u00e8re. Il a \u00e9t\u00e9 lanc\u00e9 lors du sommet du G8 de juin 2007 \u00e0 Heiligendamm, en Allemagne. Notre mission est de promouvoir, d\u00e9velopper et renforcer les \u00e9changes et la collaboration en mati\u00e8re de protection sociale de la sant\u00e9 et de financement de la sant\u00e9, afin de faire progresser la couverture sanitaire universelle.<\/p>\n<p>[\/et_pb_text][\/et_pb_column][et_pb_column type=&#8221;1_2&#8243; _builder_version=&#8221;4.21.0&#8243; _module_preset=&#8221;default&#8221; background_color=&#8221;RGBA(255,255,255,0)&#8221; background_enable_image=&#8221;off&#8221; background_blend=&#8221;multiply&#8221; custom_padding=&#8221;40px|40px|40px|40px|true|true&#8221; custom_padding_tablet=&#8221;40px|40px|40px|40px|true|true&#8221; custom_padding_phone=&#8221;20px|20px|20px|20px|true|true&#8221; custom_padding_last_edited=&#8221;on|phone&#8221; custom_css_main_element=&#8221;width: 30% !important;||margin: auto 0;&#8221; global_colors_info=&#8221;{}&#8221; custom_css_main_element_last_edited=&#8221;on|phone&#8221; custom_css_main_element_tablet=&#8221;width: 30% !important;||margin: auto 0;&#8221; custom_css_main_element_phone=&#8221;width: 100% !important;||margin: 0 auto;&#8221;][et_pb_button button_url=&#8221;@ET-DC@eyJkeW5hbWljIjp0cnVlLCJjb250ZW50IjoicG9zdF9saW5rX3VybF9wYWdlIiwic2V0dGluZ3MiOnsicG9zdF9pZCI6Ijk4NzQ5NjI3MCJ9fQ==@&#8221; button_text=&#8221;En savoir plus sur P4H&#8221; button_alignment=&#8221;center&#8221; _builder_version=&#8221;4.21.0&#8243; _dynamic_attributes=&#8221;button_url&#8221; _module_preset=&#8221;default&#8221; custom_button=&#8221;on&#8221; button_text_size=&#8221;16px&#8221; button_text_color=&#8221;#FFFFFF&#8221; button_bg_color=&#8221;#EA3A32&#8243; button_border_width=&#8221;0px&#8221; button_border_radius=&#8221;3px&#8221; button_font=&#8221;Oswald|||on|||||&#8221; button_use_icon=&#8221;off&#8221; custom_margin=&#8221;10px||||false|false&#8221; custom_padding=&#8221;0.3em|0.7em|0.3em|0.7em|false|false&#8221; locked=&#8221;off&#8221; global_colors_info=&#8221;{}&#8221; button_bg_color__hover_enabled=&#8221;on|hover&#8221; button_bg_color__hover=&#8221;#2D424C&#8221; button_bg_enable_color__hover=&#8221;on&#8221;][\/et_pb_button][\/et_pb_column][\/et_pb_row][\/et_pb_section][et_pb_section fb_built=&#8221;1&#8243; _builder_version=&#8221;4.21.0&#8243; _module_preset=&#8221;default&#8221; background_enable_image=&#8221;off&#8221; background_position=&#8221;bottom_center&#8221; background_blend=&#8221;multiply&#8221; global_colors_info=&#8221;{}&#8221;][et_pb_row use_custom_gutter=&#8221;on&#8221; gutter_width=&#8221;1&#8243; make_equal=&#8221;on&#8221; _builder_version=&#8221;4.21.0&#8243; _module_preset=&#8221;default&#8221; custom_css_main_element=&#8221;margin: auto 0;&#8221; locked=&#8221;off&#8221; global_colors_info=&#8221;{}&#8221;][et_pb_column type=&#8221;4_4&#8243; _builder_version=&#8221;4.20.4&#8243; _module_preset=&#8221;default&#8221; background_color=&#8221;RGBA(255,255,255,0)&#8221; background_enable_image=&#8221;off&#8221; background_blend=&#8221;multiply&#8221; custom_padding=&#8221;40px|40px|40px|40px|true|true&#8221; custom_padding_tablet=&#8221;40px|40px|40px|40px|true|true&#8221; custom_padding_phone=&#8221;20px|20px|20px|20px|true|true&#8221; custom_padding_last_edited=&#8221;on|phone&#8221; global_colors_info=&#8221;{}&#8221;][et_pb_text _builder_version=&#8221;4.21.0&#8243; _module_preset=&#8221;default&#8221; text_text_color=&#8221;#2D424C&#8221; header_2_text_align=&#8221;center&#8221; text_orientation=&#8221;center&#8221; width=&#8221;100%&#8221; custom_padding=&#8221;||1em||false|false&#8221; hover_enabled=&#8221;0&#8243; locked=&#8221;off&#8221; global_colors_info=&#8221;{}&#8221; sticky_enabled=&#8221;0&#8243;]<\/p>\n<h3 class=\"p4h-fs-24 p4h-text-uppercase\" style=\"text-align: left;\">Programme P4H L4UHC<\/h3>\n<p style=\"text-align: left;\">Le programme phare du r\u00e9seau P4H, Leadership pour la Couverture Sant\u00e9 Universelle (L4UHC), est destin\u00e9 aux d\u00e9cideurs de haut niveau. Au cours d&#8217;un cycle d&#8217;un an, les participants renforcent leurs comp\u00e9tences en mati\u00e8re de leadership et instaurent la confiance entre les parties prenantes, ce qui favorise la cr\u00e9ation de r\u00e9seaux intersectoriels. Depuis 2016, le programme L4UHC a organis\u00e9 12 cycles de formation d&#8217;environ 120 jours chacun.<\/p>\n<p>[\/et_pb_text][et_pb_text _builder_version=&#8221;4.21.0&#8243; _module_preset=&#8221;default&#8221; text_text_color=&#8221;#2D424C&#8221; header_2_text_align=&#8221;center&#8221; text_orientation=&#8221;center&#8221; width=&#8221;100%&#8221; hover_enabled=&#8221;0&#8243; locked=&#8221;off&#8221; global_colors_info=&#8221;{}&#8221; sticky_enabled=&#8221;0&#8243;]<\/p>\n<p style=\"text-align: left;\">Au cours des cycles du programme L4UHC, les participants de diff\u00e9rents secteurs s&#8217;accordent sur une vision commune et identifient et m\u00e8nent des actions collectives. Ils collaborent pour produire des r\u00e9sultats concrets et pratiques. Ces r\u00e9sultats tangibles font progresser l&#8217;agenda de la sant\u00e9 publique universelle et aident les d\u00e9cideurs \u00e0 former des coalitions qui s&#8217;engagent \u00e0 r\u00e9aliser de nouveaux progr\u00e8s.<\/p>\n<p>[\/et_pb_text][et_pb_button button_url=&#8221;@ET-DC@eyJkeW5hbWljIjp0cnVlLCJjb250ZW50IjoicG9zdF9saW5rX3VybF9wYWdlIiwic2V0dGluZ3MiOnsicG9zdF9pZCI6Ijk4NzUzNjk5NyJ9fQ==@&#8221; button_text=&#8221;Aller \u00e0 la page L4UHC&#8221; button_alignment=&#8221;center&#8221; _builder_version=&#8221;4.21.0&#8243; _dynamic_attributes=&#8221;button_url&#8221; _module_preset=&#8221;default&#8221; custom_button=&#8221;on&#8221; button_text_size=&#8221;16px&#8221; button_text_color=&#8221;#FFFFFF&#8221; button_bg_color=&#8221;#EA3A32&#8243; button_border_width=&#8221;0px&#8221; button_border_radius=&#8221;3px&#8221; button_font=&#8221;Oswald|||on|||||&#8221; button_use_icon=&#8221;off&#8221; custom_margin=&#8221;20px||||false|false&#8221; custom_padding=&#8221;0.3em|0.7em|0.3em|0.7em|false|false&#8221; locked=&#8221;off&#8221; global_colors_info=&#8221;{}&#8221; button_bg_color__hover_enabled=&#8221;on|hover&#8221; button_bg_color__hover=&#8221;#2D424C&#8221; button_bg_enable_color__hover=&#8221;on&#8221;][\/et_pb_button][\/et_pb_column][\/et_pb_row][\/et_pb_section]<\/p>\n","protected":false},"excerpt":{"rendered":"<p>Le r\u00e9seau P4H s&#8217;efforce de faire progresser les engagements multisectoriels de haut niveau en faveur de la couverture sanitaire universelle (CSU), des r\u00e9seaux de protection sociale de la sant\u00e9 (PSH) et de financement de la sant\u00e9 (FSS), des cadres de collaboration, des partenariats avec d&#8217;autres r\u00e9seaux de syst\u00e8mes de sant\u00e9 et des innovations en mati\u00e8re&#8230;<\/p>\n","protected":false},"author":1,"featured_media":0,"parent":0,"menu_order":0,"comment_status":"closed","ping_status":"closed","template":"","meta":{"_et_pb_use_builder":"on","_et_pb_old_content":"","_et_gb_content_width":""},"acf":[],"_links":{"self":[{"href":"https:\/\/p4h.world\/fr\/wp-json\/wp\/v2\/pages\/987628299"}],"collection":[{"href":"https:\/\/p4h.world\/fr\/wp-json\/wp\/v2\/pages"}],"about":[{"href":"https:\/\/p4h.world\/fr\/wp-json\/wp\/v2\/types\/page"}],"author":[{"embeddable":true,"href":"https:\/\/p4h.world\/fr\/wp-json\/wp\/v2\/users\/1"}],"replies":[{"embeddable":true,"href":"https:\/\/p4h.world\/fr\/wp-json\/wp\/v2\/comments?post=987628299"}],"version-history":[{"count":33,"href":"https:\/\/p4h.world\/fr\/wp-json\/wp\/v2\/pages\/987628299\/revisions"}],"predecessor-version":[{"id":987792092,"href":"https:\/\/p4h.world\/fr\/wp-json\/wp\/v2\/pages\/987628299\/revisions\/987792092"}],"wp:attachment":[{"href":"https:\/\/p4h.world\/fr\/wp-json\/wp\/v2\/media?parent=987628299"}],"curies":[{"name":"wp","href":"https:\/\/api.w.org\/{rel}","templated":true}]}}