{"id":987628320,"date":"2022-12-26T09:47:45","date_gmt":"2022-12-26T08:47:45","guid":{"rendered":"https:\/\/p4h.world\/organisation\/"},"modified":"2025-11-20T12:10:21","modified_gmt":"2025-11-20T11:10:21","slug":"organisation","status":"publish","type":"page","link":"https:\/\/p4h.world\/fr\/qui-sommes-nous\/organisation\/","title":{"rendered":"Organisation"},"content":{"rendered":"<p>[et_pb_section fb_built=&#8221;1&#8243; admin_label=&#8221;Section&#8221; _builder_version=&#8221;4.19.2&#8243; _module_preset=&#8221;default&#8221; global_colors_info=&#8221;{}&#8221;][et_pb_row disabled_on=&#8221;off|off|off&#8221; admin_label=&#8221;Entretoise&#8221; _builder_version=&#8221;4.21.0&#8243; _module_preset=&#8221;default&#8221; display_conditions=&#8221;W10=&#8221; custom_padding=&#8221;0px|0px|29px|0px|false|false&#8221; global_module=&#8221;987504603&#8243; saved_tabs=&#8221;all&#8221; collapsed=&#8221;on&#8221; global_colors_info=&#8221;{}&#8221;][et_pb_column type=&#8221;4_4&#8243; _builder_version=&#8221;4.19.2&#8243; _module_preset=&#8221;default&#8221; global_colors_info=&#8221;{}&#8221;][\/et_pb_column][\/et_pb_row][et_pb_row make_equal=&#8221;on&#8221; custom_padding_last_edited=&#8221;on|phone&#8221; _builder_version=&#8221;4.20.4&#8243; _module_preset=&#8221;default&#8221; custom_padding=&#8221;0px|15px|0px|15px|false|true&#8221; custom_padding_tablet=&#8221;0px|15px|0px|15px|false|true&#8221; custom_padding_phone=&#8221;0px|15px|0px|15px|false|true&#8221; custom_css_main_element=&#8221;align-items: center;&#8221; global_colors_info=&#8221;{}&#8221;][et_pb_column type=&#8221;4_4&#8243; admin_label=&#8221;Colonne&#8221; _builder_version=&#8221;4.20.2&#8243; _module_preset=&#8221;default&#8221; custom_padding=&#8221;||||false|true&#8221; global_colors_info=&#8221;{}&#8221;][et_pb_text _builder_version=&#8221;4.21.0&#8243; _module_preset=&#8221;default&#8221; header_3_font=&#8221;|||on|||||&#8221; header_3_text_color=&#8221;#5EAABC&#8221; global_colors_info=&#8221;{}&#8221;]<\/p>\n<p>Le groupe de pilotage de P4H (P4H-SG) est compos\u00e9 de repr\u00e9sentants des membres du r\u00e9seau P4H et dispose de deux copr\u00e9sidents. Le groupe de pilotage de P4H fixe les priorit\u00e9s de P4H. <\/p>\n<p>[\/et_pb_text][et_pb_text _builder_version=&#8221;4.21.0&#8243; _module_preset=&#8221;default&#8221; header_3_font=&#8221;|||on|||||&#8221; header_3_text_color=&#8221;#5EAABC&#8221; global_colors_info=&#8221;{}&#8221;]<\/p>\n<p>Le groupe d&#8217;\u00e9change technique de P4H (P4H-TEG) comprend le personnel des membres, les personnes de contact de P4H dans les pays et le bureau de coordination de P4H (P4H-CD) et dispose de trois copr\u00e9sidents. Les groupes de travail du P4H-TEG se concentrent sur les priorit\u00e9s du P4H-SG. <\/p>\n<p>[\/et_pb_text][et_pb_text _builder_version=&#8221;4.21.0&#8243; _module_preset=&#8221;default&#8221; header_3_font=&#8221;|||on|||||&#8221; header_3_text_color=&#8221;#5EAABC&#8221; global_colors_info=&#8221;{}&#8221;]<\/p>\n<p>Le P4H-CD est le secr\u00e9tariat du r\u00e9seau P4H. Il est compos\u00e9 de coordinateurs bas\u00e9s dans les agences sp\u00e9cialis\u00e9es des Nations unies qui sont membres de P4H. Le coordinateur de P4H soutient le SG de P4H en organisant les r\u00e9unions du SG de P4H, en \u00e9laborant le plan de travail annuel de P4H et en r\u00e9digeant le rapport annuel sur les progr\u00e8s de P4H. Le P4H-CD collabore avec le P4H-TEG et ses groupes de travail.<\/p>\n<p>[\/et_pb_text][\/et_pb_column][\/et_pb_row][et_pb_row disabled_on=&#8221;off|off|off&#8221; admin_label=&#8221;Entretoise&#8221; _builder_version=&#8221;4.21.0&#8243; _module_preset=&#8221;default&#8221; display_conditions=&#8221;W10=&#8221; custom_padding=&#8221;0px|0px|29px|0px|false|false&#8221; global_module=&#8221;987504603&#8243; saved_tabs=&#8221;all&#8221; collapsed=&#8221;on&#8221; global_colors_info=&#8221;{}&#8221;][et_pb_column type=&#8221;4_4&#8243; _builder_version=&#8221;4.19.2&#8243; _module_preset=&#8221;default&#8221; global_colors_info=&#8221;{}&#8221;][\/et_pb_column][\/et_pb_row][\/et_pb_section][et_pb_section fb_built=&#8221;1&#8243; admin_label=&#8221;Section&#8221; _builder_version=&#8221;4.19.2&#8243; _module_preset=&#8221;default&#8221; locked=&#8221;off&#8221; global_colors_info=&#8221;{}&#8221;][et_pb_row column_structure=&#8221;1_3,1_3,1_3&#8243; use_custom_gutter=&#8221;on&#8221; gutter_width=&#8221;1&#8243; make_equal=&#8221;on&#8221; _builder_version=&#8221;4.20.4&#8243; _module_preset=&#8221;default&#8221; background_enable_color=&#8221;off&#8221; max_width=&#8221;100%&#8221; global_colors_info=&#8221;{}&#8221; background_enable_color__hover=&#8221;off&#8221; background__hover_enabled=&#8221;on|desktop&#8221;][et_pb_column type=&#8221;1_3&#8243; _builder_version=&#8221;4.20.4&#8243; _module_preset=&#8221;default&#8221; background_enable_color=&#8221;off&#8221; background_enable_image=&#8221;off&#8221; background_blend=&#8221;multiply&#8221; custom_padding=&#8221;0px|0px|0px|0px|true|true&#8221; custom_css_main_element=&#8221;display: flex;||flex-direction: column;||justify-content: space-between;&#8221; global_colors_info=&#8221;{}&#8221; background_enable_color__hover=&#8221;off&#8221; background__hover_enabled=&#8221;on|desktop&#8221;][et_pb_text _builder_version=&#8221;4.21.0&#8243; _dynamic_attributes=&#8221;link_option_url&#8221; _module_preset=&#8221;default&#8221; text_text_color=&#8221;#FFFFFF&#8221; link_text_align=&#8221;center&#8221; ul_text_align=&#8221;center&#8221; ol_text_align=&#8221;center&#8221; quote_text_align=&#8221;center&#8221; header_text_align=&#8221;center&#8221; header_2_text_align=&#8221;center&#8221; header_3_text_align=&#8221;center&#8221; header_4_text_align=&#8221;center&#8221; header_5_text_align=&#8221;center&#8221; header_6_text_align=&#8221;center&#8221; background_color=&#8221;#891a21&#8243; text_orientation=&#8221;center&#8221; height=&#8221;100%&#8221; custom_padding=&#8221;40px|40px|40px|40px|false|false&#8221; link_option_url=&#8221;@ET-DC@eyJkeW5hbWljIjp0cnVlLCJjb250ZW50IjoicG9zdF9saW5rX3VybF9wYWdlIiwic2V0dGluZ3MiOnsicG9zdF9pZCI6Ijk4NzQ5OTQ4OCJ9fQ==@&#8221; locked=&#8221;off&#8221; global_colors_info=&#8221;{}&#8221; text_text_color__hover=&#8221;#2D424C&#8221; text_text_color__hover_enabled=&#8221;on|desktop&#8221; background_color__hover=&#8221;#E8E7E2&#8243; background__hover_enabled=&#8221;on|hover&#8221; background_enable_color__hover=&#8221;on&#8221;]<\/p>\n<h3 class=\"p4h-fs-24 p4h-text-uppercase\">Groupe de pilotage P4H<\/h3>\n<p>Le P4H-SG est l&#8217;organe de d\u00e9cision de P4H.<\/p>\n<p>[\/et_pb_text][\/et_pb_column][et_pb_column type=&#8221;1_3&#8243; _builder_version=&#8221;4.20.4&#8243; _module_preset=&#8221;default&#8221; background_enable_color=&#8221;off&#8221; background_enable_image=&#8221;off&#8221; background_blend=&#8221;multiply&#8221; custom_padding=&#8221;0px|0px|0px|0px|true|true&#8221; custom_css_main_element=&#8221;display: flex;||flex-direction: column;||justify-content: space-between;&#8221; global_colors_info=&#8221;{}&#8221; background_enable_color__hover=&#8221;off&#8221; background__hover_enabled=&#8221;on|desktop&#8221;][et_pb_text _builder_version=&#8221;4.21.0&#8243; _dynamic_attributes=&#8221;link_option_url&#8221; _module_preset=&#8221;default&#8221; text_text_color=&#8221;#FFFFFF&#8221; link_text_align=&#8221;center&#8221; ul_text_align=&#8221;center&#8221; ol_text_align=&#8221;center&#8221; quote_text_align=&#8221;center&#8221; header_text_align=&#8221;center&#8221; header_2_text_align=&#8221;center&#8221; header_3_text_align=&#8221;center&#8221; header_4_text_align=&#8221;center&#8221; header_5_text_align=&#8221;center&#8221; header_6_text_align=&#8221;center&#8221; background_color=&#8221;#4d7d94&#8243; text_orientation=&#8221;center&#8221; height=&#8221;100%&#8221; custom_padding=&#8221;40px|40px|40px|40px|false|false&#8221; link_option_url=&#8221;@ET-DC@eyJkeW5hbWljIjp0cnVlLCJjb250ZW50IjoicG9zdF9saW5rX3VybF9wYWdlIiwic2V0dGluZ3MiOnsicG9zdF9pZCI6Ijk4NzQ5OTQ5MCJ9fQ==@&#8221; hover_enabled=&#8221;0&#8243; locked=&#8221;off&#8221; global_colors_info=&#8221;{}&#8221; text_text_color__hover=&#8221;#2D424C&#8221; text_text_color__hover_enabled=&#8221;on|hover&#8221; background_color__hover=&#8221;#E8E7E2&#8243; background__hover_enabled=&#8221;on|hover&#8221; background_enable_color__hover=&#8221;on&#8221; sticky_enabled=&#8221;0&#8243;]<\/p>\n<h3 class=\"p4h-fs-24 p4h-text-uppercase\">Groupe d&#8217;\u00e9change technique P4H<\/h3>\n<p>Le P4H-TEG a des groupes de travail qui se concentrent sur les priorit\u00e9s du P4H-SG.<\/p>\n<p>[\/et_pb_text][\/et_pb_column][et_pb_column type=&#8221;1_3&#8243; _builder_version=&#8221;4.20.4&#8243; _module_preset=&#8221;default&#8221; background_enable_color=&#8221;off&#8221; background_enable_image=&#8221;off&#8221; background_blend=&#8221;multiply&#8221; custom_padding=&#8221;0px|0px|0px|0px|true|true&#8221; custom_css_main_element=&#8221;display: flex;||flex-direction: column;||justify-content: space-between;&#8221; global_colors_info=&#8221;{}&#8221; background_enable_color__hover=&#8221;off&#8221; background__hover_enabled=&#8221;on|desktop&#8221;][et_pb_text _builder_version=&#8221;4.21.0&#8243; _dynamic_attributes=&#8221;link_option_url&#8221; _module_preset=&#8221;default&#8221; text_text_color=&#8221;#FFFFFF&#8221; link_text_align=&#8221;center&#8221; ul_text_align=&#8221;center&#8221; ol_text_align=&#8221;center&#8221; quote_text_align=&#8221;center&#8221; header_text_align=&#8221;center&#8221; header_2_text_align=&#8221;center&#8221; header_3_text_align=&#8221;center&#8221; header_4_text_align=&#8221;center&#8221; header_5_text_align=&#8221;center&#8221; header_6_text_align=&#8221;center&#8221; background_color=&#8221;#2e424b&#8221; text_orientation=&#8221;center&#8221; height=&#8221;100%&#8221; custom_padding=&#8221;40px|40px|40px|40px|false|false&#8221; link_option_url=&#8221;@ET-DC@eyJkeW5hbWljIjp0cnVlLCJjb250ZW50IjoicG9zdF9saW5rX3VybF9wYWdlIiwic2V0dGluZ3MiOnsicG9zdF9pZCI6Ijk4NzQ5OTQ3OCJ9fQ==@&#8221; locked=&#8221;off&#8221; global_colors_info=&#8221;{}&#8221; text_text_color__hover=&#8221;#2D424C&#8221; text_text_color__hover_enabled=&#8221;on|hover&#8221; background_color__hover=&#8221;#E8E7E2&#8243; background__hover_enabled=&#8221;on|hover&#8221; background_enable_color__hover=&#8221;on&#8221;]<\/p>\n<h3 class=\"p4h-fs-24 p4h-text-uppercase\">Bureau de coordination P4H<\/h3>\n<p>Le P4H-CD prend en charge le P4H-SG.<\/p>\n<p>[\/et_pb_text][\/et_pb_column][\/et_pb_row][\/et_pb_section]<\/p>\n","protected":false},"excerpt":{"rendered":"<p>Le groupe de pilotage de P4H (P4H-SG) est compos\u00e9 de repr\u00e9sentants des membres du r\u00e9seau P4H et dispose de deux copr\u00e9sidents. Le groupe de pilotage de P4H fixe les priorit\u00e9s de P4H. Le groupe d&#8217;\u00e9change technique de P4H (P4H-TEG) comprend le personnel des membres, les personnes de contact de P4H dans les pays et le&#8230;<\/p>\n","protected":false},"author":1,"featured_media":0,"parent":987628446,"menu_order":0,"comment_status":"closed","ping_status":"closed","template":"","meta":{"_et_pb_use_builder":"on","_et_pb_old_content":"","_et_gb_content_width":""},"acf":[],"_links":{"self":[{"href":"https:\/\/p4h.world\/fr\/wp-json\/wp\/v2\/pages\/987628320"}],"collection":[{"href":"https:\/\/p4h.world\/fr\/wp-json\/wp\/v2\/pages"}],"about":[{"href":"https:\/\/p4h.world\/fr\/wp-json\/wp\/v2\/types\/page"}],"author":[{"embeddable":true,"href":"https:\/\/p4h.world\/fr\/wp-json\/wp\/v2\/users\/1"}],"replies":[{"embeddable":true,"href":"https:\/\/p4h.world\/fr\/wp-json\/wp\/v2\/comments?post=987628320"}],"version-history":[{"count":25,"href":"https:\/\/p4h.world\/fr\/wp-json\/wp\/v2\/pages\/987628320\/revisions"}],"predecessor-version":[{"id":987791471,"href":"https:\/\/p4h.world\/fr\/wp-json\/wp\/v2\/pages\/987628320\/revisions\/987791471"}],"up":[{"embeddable":true,"href":"https:\/\/p4h.world\/fr\/wp-json\/wp\/v2\/pages\/987628446"}],"wp:attachment":[{"href":"https:\/\/p4h.world\/fr\/wp-json\/wp\/v2\/media?parent=987628320"}],"curies":[{"name":"wp","href":"https:\/\/api.w.org\/{rel}","templated":true}]}}