{"id":987628504,"date":"2022-12-26T08:10:53","date_gmt":"2022-12-26T07:10:53","guid":{"rendered":"https:\/\/p4h.world\/qui-sommes-nous\/la-mission\/"},"modified":"2025-11-20T12:19:26","modified_gmt":"2025-11-20T11:19:26","slug":"mission","status":"publish","type":"page","link":"https:\/\/p4h.world\/fr\/qui-sommes-nous\/mission\/","title":{"rendered":"Mission"},"content":{"rendered":"<p>[et_pb_section fb_built=&#8221;1&#8243; admin_label=&#8221;overview&#8221; _builder_version=&#8221;4.19.2&#8243; _module_preset=&#8221;default&#8221; global_colors_info=&#8221;{}&#8221;][et_pb_row disabled_on=&#8221;off|off|off&#8221; admin_label=&#8221;Entretoise&#8221; _builder_version=&#8221;4.21.0&#8243; _module_preset=&#8221;default&#8221; display_conditions=&#8221;W10=&#8221; custom_padding=&#8221;0px|0px|10px|0px|false|false&#8221; global_module=&#8221;987504603&#8243; saved_tabs=&#8221;all&#8221; collapsed=&#8221;on&#8221; global_colors_info=&#8221;{}&#8221;][et_pb_column type=&#8221;4_4&#8243; _builder_version=&#8221;4.19.2&#8243; _module_preset=&#8221;default&#8221; global_colors_info=&#8221;{}&#8221;][\/et_pb_column][\/et_pb_row][et_pb_row use_custom_gutter=&#8221;on&#8221; gutter_width=&#8221;1&#8243; make_equal=&#8221;on&#8221; custom_padding_last_edited=&#8221;on|desktop&#8221; _builder_version=&#8221;4.20.4&#8243; _module_preset=&#8221;default&#8221; custom_padding=&#8221;0px|15px|0px|15px|false|true&#8221; custom_padding_tablet=&#8221;0px|15px|0px|15px|false|true&#8221; custom_padding_phone=&#8221;0px|15px|0px|15px|false|true&#8221; custom_css_main_element=&#8221;align-items: center;&#8221; global_colors_info=&#8221;{}&#8221;][et_pb_column type=&#8221;4_4&#8243; admin_label=&#8221;Colonne&#8221; _builder_version=&#8221;4.20.4&#8243; _module_preset=&#8221;default&#8221; custom_padding=&#8221;||||false|true&#8221; global_colors_info=&#8221;{}&#8221;][ba_gradient_heading title=&#8221;Nous encourageons la collaboration en mati\u00e8re de protection sociale de la sant\u00e9 et de financement de la sant\u00e9  &#8221; html_tag=&#8221;h2&#8243; primary_color=&#8221;#EA3A32&#8243; secondary_color=&#8221;#EA3A32&#8243; admin_label=&#8221;Section  Red Title&#8221; _builder_version=&#8221;4.21.0&#8243; _module_preset=&#8221;default&#8221; title_font=&#8221;||||||||&#8221; title_font_size=&#8221;40px&#8221; custom_margin=&#8221;0px|0px|0px|0px|false|false&#8221; custom_padding=&#8221;0px|0px|10px|0px|false|false&#8221; custom_css_main_element=&#8221;margin-bottom: 0 !important;&#8221; global_colors_info=&#8221;{}&#8221;][\/ba_gradient_heading][et_pb_text _builder_version=&#8221;4.21.0&#8243; _module_preset=&#8221;default&#8221; global_colors_info=&#8221;{}&#8221;]<\/p>\n<p>Notre vision est d&#8217;acc\u00e9l\u00e9rer les progr\u00e8s vers la couverture sanitaire universelle (CSU). Notre principale contribution est d&#8217;aider \u00e0 am\u00e9liorer la protection financi\u00e8re, mesur\u00e9e par l&#8217;indicateur 3.8.2 des ODD. Notre objectif est de mettre en place des syst\u00e8mes de financement de la sant\u00e9 durables et \u00e9quitables.<br \/>\u00c0 court terme, nos actions se concentrent sur certaines r\u00e9formes de la protection sociale de la sant\u00e9 (PSS) et du financement de la sant\u00e9 (FS), en particulier au niveau national.<\/p>\n<p>[\/et_pb_text][ba_gradient_heading title=&#8221;Nous facilitons l&#039;\u00e9change et la collaboration pour de meilleurs r\u00e9sultats&#8221; html_tag=&#8221;h3&#8243; primary_color=&#8221;#455A64&#8243; secondary_color=&#8221;#455A64&#8243; admin_label=&#8221;TO BE EDITED &#8211; HEADING (50-60 characters)&#8221; _builder_version=&#8221;4.21.0&#8243; _module_preset=&#8221;default&#8221; title_font=&#8221;||||||||&#8221; title_font_size=&#8221;32px&#8221; title_line_height=&#8221;1em&#8221; custom_margin=&#8221;20px|0px|10px|0px|false|false&#8221; custom_padding=&#8221;0px|0px|0px|0px|false|false&#8221; global_colors_info=&#8221;{}&#8221;][\/ba_gradient_heading][et_pb_text _builder_version=&#8221;4.21.0&#8243; _module_preset=&#8221;default&#8221; global_colors_info=&#8221;{}&#8221;]<\/p>\n<p>Notre travail est fond\u00e9 sur la conviction que les actions collectives produisent de meilleurs r\u00e9sultats que la somme des actions individuelles. P4H promeut, d\u00e9veloppe et renforce l&#8217;\u00e9change et la collaboration entre les parties prenantes du PSS et du FS. Notre exp\u00e9rience en tant que r\u00e9seau a influenc\u00e9 la mani\u00e8re dont nous soutenons les communaut\u00e9s PSS et FS.<br \/>Aujourd&#8217;hui, notre pr\u00e9sence s&#8217;\u00e9tend au monde entier.<\/p>\n<p>[\/et_pb_text][\/et_pb_column][\/et_pb_row][et_pb_row disabled_on=&#8221;off|off|off&#8221; admin_label=&#8221;Entretoise&#8221; _builder_version=&#8221;4.21.0&#8243; _module_preset=&#8221;default&#8221; display_conditions=&#8221;W10=&#8221; custom_padding=&#8221;0px|0px|10px|0px|false|false&#8221; global_module=&#8221;987504603&#8243; saved_tabs=&#8221;all&#8221; collapsed=&#8221;on&#8221; global_colors_info=&#8221;{}&#8221;][et_pb_column type=&#8221;4_4&#8243; _builder_version=&#8221;4.19.2&#8243; _module_preset=&#8221;default&#8221; global_colors_info=&#8221;{}&#8221;][\/et_pb_column][\/et_pb_row][\/et_pb_section][et_pb_section fb_built=&#8221;1&#8243; admin_label=&#8221;List&#8221; _builder_version=&#8221;4.21.0&#8243; _module_preset=&#8221;default&#8221; background_color=&#8221;#dce5ea&#8221; collapsed=&#8221;off&#8221; global_colors_info=&#8221;{}&#8221;][et_pb_row use_custom_gutter=&#8221;on&#8221; gutter_width=&#8221;1&#8243; make_equal=&#8221;on&#8221; custom_padding_last_edited=&#8221;on|desktop&#8221; _builder_version=&#8221;4.21.0&#8243; _module_preset=&#8221;default&#8221; background_enable_color=&#8221;off&#8221; custom_padding=&#8221;5px|25px|10px|25px|false|true&#8221; custom_padding_tablet=&#8221;0px|15px|0px|15px|false|true&#8221; custom_padding_phone=&#8221;0px|15px|0px|15px|false|true&#8221; custom_css_main_element=&#8221;align-items: center;&#8221; global_colors_info=&#8221;{}&#8221;][et_pb_column type=&#8221;4_4&#8243; admin_label=&#8221;Colonne&#8221; _builder_version=&#8221;4.20.4&#8243; _module_preset=&#8221;default&#8221; custom_padding=&#8221;||||false|true&#8221; global_colors_info=&#8221;{}&#8221;][ba_gradient_heading title=&#8221;Nous nous effor\u00e7ons d&#039;atteindre les objectifs suivants&#8221; html_tag=&#8221;h3&#8243; primary_color=&#8221;#455A64&#8243; secondary_color=&#8221;#455A64&#8243; admin_label=&#8221;HEADING (50-60 characters)&#8221; _builder_version=&#8221;4.20.4&#8243; _module_preset=&#8221;default&#8221; title_font=&#8221;||||||||&#8221; title_font_size=&#8221;32px&#8221; title_line_height=&#8221;1em&#8221; custom_padding=&#8221;20px||15px||false|false&#8221; global_colors_info=&#8221;{}&#8221;][\/ba_gradient_heading][et_pb_code admin_label=&#8221;LIST&#8221; _builder_version=&#8221;4.21.0&#8243; _module_preset=&#8221;default&#8221; global_colors_info=&#8221;{}&#8221;]<\/p>\n<ul class=\"p4h-style-list\"><!-- [et_pb_line_break_holder] -->  <\/p>\n<li>Int\u00e9r\u00eat et engagement de haut niveau et multisectoriels pour le financement de la sant\u00e9 publique universelle, en particulier par le biais de financements nationaux<\/li>\n<p><!-- [et_pb_line_break_holder] -->  <\/p>\n<li>Des r\u00e9seaux et des m\u00e9canismes locaux fonctionnels de P4H, permettant \u00e0 P4H d&#8217;\u00e9valuer les besoins et les lacunes au niveau national et r\u00e9gional, d&#8217;\u00e9changer des informations pertinentes et de travailler de mani\u00e8re harmonis\u00e9e.<\/li>\n<p><!-- [et_pb_line_break_holder] -->  <\/p>\n<li>Des cadres coh\u00e9rents soutenant la sant\u00e9 publique universelle gr\u00e2ce \u00e0 une assistance technique conjointe fond\u00e9e sur la demande, \u00e0 la production et \u00e0 l&#8217;\u00e9change de connaissances, y compris le d\u00e9veloppement de biens mondiaux pour la sant\u00e9 publique universelle, garantissant l&#8217;alignement des partenaires au niveau national.<\/li>\n<p><!-- [et_pb_line_break_holder] -->  <\/p>\n<li>Collaboration avec d&#8217;autres r\u00e9seaux li\u00e9s \u00e0 la sant\u00e9 publique afin d&#8217;exploiter les compl\u00e9mentarit\u00e9s<\/li>\n<p><!-- [et_pb_line_break_holder] -->  <\/p>\n<li>Exploration de nouvelles m\u00e9thodes de travail dans le domaine du PSS et du FS et promotion d&#8217;approches innovantes<\/li>\n<p><!-- [et_pb_line_break_holder] --><\/ul>\n<p>[\/et_pb_code][\/et_pb_column][\/et_pb_row][\/et_pb_section][et_pb_section fb_built=&#8221;1&#8243; admin_label=&#8221;History &#038; Results Framework&#8221; _builder_version=&#8221;4.20.4&#8243; _module_preset=&#8221;default&#8221; collapsed=&#8221;off&#8221; global_colors_info=&#8221;{}&#8221;][et_pb_row column_structure=&#8221;1_2,1_2&#8243; use_custom_gutter=&#8221;on&#8221; gutter_width=&#8221;1&#8243; make_equal=&#8221;on&#8221; _builder_version=&#8221;4.21.0&#8243; _module_preset=&#8221;default&#8221; max_width=&#8221;100%&#8221; global_colors_info=&#8221;{}&#8221;][et_pb_column type=&#8221;1_2&#8243; _builder_version=&#8221;4.21.0&#8243; _module_preset=&#8221;default&#8221; background_color=&#8221;#8c2222&#8243; background_enable_image=&#8221;off&#8221; background_blend=&#8221;multiply&#8221; custom_padding=&#8221;40px|40px|40px|40px|true|true&#8221; global_colors_info=&#8221;{}&#8221;][et_pb_text admin_label=&#8221;History&#8221; _builder_version=&#8221;4.21.0&#8243; _module_preset=&#8221;default&#8221; text_text_color=&#8221;#FFFFFF&#8221; width=&#8221;100%&#8221; hover_enabled=&#8221;0&#8243; global_colors_info=&#8221;{}&#8221; sticky_enabled=&#8221;0&#8243;]<\/p>\n<h3 class=\"p4h-fc-white p4h-fs-24 p4h-text-uppercase\" style=\"text-align: center;\">Histoire<\/h3>\n<p style=\"text-align: center;\">Depuis son lancement en 2007, le r\u00e9seau P4H favorise les \u00e9changes actifs et la collaboration entre les diff\u00e9rents acteurs du financement de la sant\u00e9 aux niveaux national, r\u00e9gional et mondial afin de faire progresser la couverture sanitaire universelle.<\/p>\n<p>[\/et_pb_text][et_pb_button button_url=&#8221;@ET-DC@eyJkeW5hbWljIjp0cnVlLCJjb250ZW50IjoicG9zdF9saW5rX3VybF9wYWdlIiwic2V0dGluZ3MiOnsicG9zdF9pZCI6Ijk4NzQ5NjI3OSJ9fQ==@&#8221; button_text=&#8221;Lire l&#8217;histoire  &#8221; button_alignment=&#8221;center&#8221; disabled_on=&#8221;off|off|off&#8221; _builder_version=&#8221;4.21.0&#8243; _dynamic_attributes=&#8221;button_url&#8221; _module_preset=&#8221;default&#8221; custom_button=&#8221;on&#8221; button_text_size=&#8221;16px&#8221; button_text_color=&#8221;#FFFFFF&#8221; button_bg_color=&#8221;#EA3A32&#8243; button_border_width=&#8221;0px&#8221; button_border_radius=&#8221;3px&#8221; button_font=&#8221;Oswald|||on|||||&#8221; button_use_icon=&#8221;off&#8221; custom_margin=&#8221;20px||||false|false&#8221; custom_padding=&#8221;0.3em|0.7em|0.3em|0.7em|false|false&#8221; locked=&#8221;off&#8221; global_colors_info=&#8221;{}&#8221; button_bg_color__hover_enabled=&#8221;on|hover&#8221; button_bg_color__hover=&#8221;#2D424C&#8221; button_bg_enable_color__hover=&#8221;on&#8221;][\/et_pb_button][\/et_pb_column][et_pb_column type=&#8221;1_2&#8243; _builder_version=&#8221;4.21.0&#8243; _module_preset=&#8221;default&#8221; background_color=&#8221;#4C7E96&#8243; background_enable_image=&#8221;off&#8221; background_blend=&#8221;multiply&#8221; custom_padding=&#8221;40px|40px|40px|40px|true|true&#8221; global_colors_info=&#8221;{}&#8221;][et_pb_text admin_label=&#8221;Results Framework&#8221; _builder_version=&#8221;4.21.0&#8243; _module_preset=&#8221;default&#8221; text_text_color=&#8221;#FFFFFF&#8221; header_2_text_align=&#8221;center&#8221; text_orientation=&#8221;center&#8221; width=&#8221;100%&#8221; locked=&#8221;off&#8221; global_colors_info=&#8221;{}&#8221;]<\/p>\n<h3 class=\"p4h-fc-white p4h-fs-24 p4h-text-uppercase\">Cadre de r\u00e9sultat<\/h3>\n<p>Le cadre de r\u00e9sultat du r\u00e9seau P4H illustre sa th\u00e9orie du changement, des axes de travail \u00e0 l&#8217;impact. L&#8217;impact est un progr\u00e8s vers la dimension de l&#8217;accessibilit\u00e9 financi\u00e8re de la couverture sanitaire universelle, indicateur 3.8.2 des objectifs de d\u00e9veloppement durable. Le suivi du r\u00e9seau P4H se concentre sur les r\u00e9sultats interm\u00e9diaires qui font progresser la protection sociale de la sant\u00e9 et les r\u00e9formes du financement de la sant\u00e9.<\/p>\n<p>[\/et_pb_text][et_pb_button button_url=&#8221;https:\/\/p4h.world\/app\/uploads\/2025\/09\/2025_08_31_P4H_results_framework.png&#8221; button_text=&#8221;Voir le cadre de r\u00e9sultat de P4H&#8221; button_alignment=&#8221;center&#8221; _builder_version=&#8221;4.21.0&#8243; _module_preset=&#8221;default&#8221; custom_button=&#8221;on&#8221; button_text_size=&#8221;16px&#8221; button_text_color=&#8221;#FFFFFF&#8221; button_bg_color=&#8221;#EA3A32&#8243; button_border_width=&#8221;0px&#8221; button_border_radius=&#8221;3px&#8221; button_font=&#8221;Oswald|||on|||||&#8221; button_use_icon=&#8221;off&#8221; custom_margin=&#8221;20px||||false|false&#8221; custom_padding=&#8221;0.3em|0.7em|0.3em|0.7em|false|false&#8221; locked=&#8221;off&#8221; global_colors_info=&#8221;{}&#8221; button_bg_color__hover_enabled=&#8221;on|hover&#8221; button_bg_color__hover=&#8221;#2D424C&#8221; button_bg_enable_color__hover=&#8221;on&#8221;][\/et_pb_button][\/et_pb_column][\/et_pb_row][\/et_pb_section]<\/p>\n","protected":false},"excerpt":{"rendered":"<p><div class=\"et_pb_module ba_gradient_heading ba_gradient_heading_0\">\n\t\t\t\t\n\t\t\t\t\n\t\t\t\t\n\t\t\t\t\n\t\t\t\t\n\t\t\t\t\n\t\t\t\t<div class=\"et_pb_module_inner\">\n\t\t\t\t\t<h2 class=\"dtq-gradient-heading\">Nous encourageons la collaboration en mati\u00e8re de protection sociale de la sant\u00e9 et de financement de la sant\u00e9 <\/h2>\n\t\t\t\t<\/div>\n\t\t\t<\/div>Notre vision est d&#8217;acc\u00e9l\u00e9rer les progr\u00e8s vers la couverture sanitaire universelle (CSU). Notre principale contribution est d&#8217;aider \u00e0 am\u00e9liorer la&#8230;<\/p>\n","protected":false},"author":1,"featured_media":0,"parent":987628446,"menu_order":0,"comment_status":"closed","ping_status":"closed","template":"","meta":{"_et_pb_use_builder":"on","_et_pb_old_content":"","_et_gb_content_width":""},"acf":[],"_links":{"self":[{"href":"https:\/\/p4h.world\/fr\/wp-json\/wp\/v2\/pages\/987628504"}],"collection":[{"href":"https:\/\/p4h.world\/fr\/wp-json\/wp\/v2\/pages"}],"about":[{"href":"https:\/\/p4h.world\/fr\/wp-json\/wp\/v2\/types\/page"}],"author":[{"embeddable":true,"href":"https:\/\/p4h.world\/fr\/wp-json\/wp\/v2\/users\/1"}],"replies":[{"embeddable":true,"href":"https:\/\/p4h.world\/fr\/wp-json\/wp\/v2\/comments?post=987628504"}],"version-history":[{"count":54,"href":"https:\/\/p4h.world\/fr\/wp-json\/wp\/v2\/pages\/987628504\/revisions"}],"predecessor-version":[{"id":987791485,"href":"https:\/\/p4h.world\/fr\/wp-json\/wp\/v2\/pages\/987628504\/revisions\/987791485"}],"up":[{"embeddable":true,"href":"https:\/\/p4h.world\/fr\/wp-json\/wp\/v2\/pages\/987628446"}],"wp:attachment":[{"href":"https:\/\/p4h.world\/fr\/wp-json\/wp\/v2\/media?parent=987628504"}],"curies":[{"name":"wp","href":"https:\/\/api.w.org\/{rel}","templated":true}]}}