{"id":987787619,"date":"2025-10-09T11:26:45","date_gmt":"2025-10-09T10:26:45","guid":{"rendered":"https:\/\/p4h.world\/?page_id=987787619"},"modified":"2025-10-10T02:28:47","modified_gmt":"2025-10-10T01:28:47","slug":"evenements","status":"publish","type":"page","link":"https:\/\/p4h.world\/fr\/ce-que-nous-faisons\/groupe-academique-p4h\/evenements\/","title":{"rendered":"\u00c9v\u00e9nements"},"content":{"rendered":"<p>[et_pb_section fb_built=&#8221;1&#8243; _builder_version=&#8221;4.20.2&#8243; _module_preset=&#8221;default&#8221; custom_padding=&#8221;0px||0px||false|false&#8221; locked=&#8221;off&#8221; global_colors_info=&#8221;{}&#8221;][et_pb_row disabled_on=&#8221;off|off|off&#8221; admin_label=&#8221;Entretoise&#8221; _builder_version=&#8221;4.21.0&#8243; _module_preset=&#8221;default&#8221; display_conditions=&#8221;W10=&#8221; custom_padding=&#8221;0px|0px|29px|0px|false|false&#8221; global_module=&#8221;987504603&#8243; saved_tabs=&#8221;all&#8221; collapsed=&#8221;on&#8221; global_colors_info=&#8221;{}&#8221;][et_pb_column type=&#8221;4_4&#8243; _builder_version=&#8221;4.19.2&#8243; _module_preset=&#8221;default&#8221; global_colors_info=&#8221;{}&#8221;][\/et_pb_column][\/et_pb_row][et_pb_row _builder_version=&#8221;4.20.4&#8243; _module_preset=&#8221;default&#8221; custom_padding=&#8221;0px|15px|0px|15px|false|true&#8221; collapsed=&#8221;off&#8221; global_colors_info=&#8221;{}&#8221;][et_pb_column type=&#8221;4_4&#8243; _builder_version=&#8221;4.20.2&#8243; _module_preset=&#8221;default&#8221; global_colors_info=&#8221;{}&#8221;][et_pb_code module_class=&#8221;p4h-content-grid&#8221; _builder_version=&#8221;4.21.0&#8243; _module_preset=&#8221;default&#8221; global_colors_info=&#8221;{}&#8221;]<div class=\"pt-cv-wrapper et_smooth_scroll_disabled\"><div class=\"pt-cv-view pt-cv-grid pt-cv-colsys pt-cv-pgloadmore\" id=\"pt-cv-view-e426ff149t\"><div data-id=\"pt-cv-page-1\" class=\"pt-cv-page\" data-cvc=\"3\"><div class=\"col-md-4 col-sm-6 col-xs-12 pt-cv-content-item pt-cv-1-col\"  data-pid=\"987788224\"><div class='pt-cv-ifield'><a href=\"https:\/\/p4h.world\/fr\/events\/le-groupe-academique-p4h-se-reunira-a-shanghai-en-chine-en-octobre\/\" class=\"_self pt-cv-href-thumbnail pt-cv-thumb-default cvplbd\" target=\"_self\" ><img width=\"600\" height=\"399\" src=\"https:\/\/p4h.world\/app\/uploads\/2025\/09\/P4H_academic-group_fudan-university-school-public-health.jpg\" class=\"pt-cv-thumbnail img-none\" alt=\"Le groupe acad\u00e9mique P4H se r\u00e9unira \u00e0 Shanghai, en Chine, en octobre\" decoding=\"async\" loading=\"lazy\" srcset=\"https:\/\/p4h.world\/app\/uploads\/2025\/09\/P4H_academic-group_fudan-university-school-public-health.jpg 600w, https:\/\/p4h.world\/app\/uploads\/2025\/09\/P4H_academic-group_fudan-university-school-public-health-480x319.jpg 480w\" sizes=\"(min-width: 0px) and (max-width: 480px) 480px, (min-width: 481px) 600px, 100vw\" \/><\/a>\n<div class=\"pt-cv-meta-fields\"><span class=\"post-type\">\u00c9V\u00c9NEMENT P4H<\/span><\/div>\n<h4 class=\"pt-cv-title\"><a href=\"https:\/\/p4h.world\/fr\/events\/le-groupe-academique-p4h-se-reunira-a-shanghai-en-chine-en-octobre\/\" class=\"_self cvplbd\" target=\"_self\" >Le groupe acad\u00e9mique P4H se r\u00e9unira \u00e0 Shanghai, en Chine, en octobre<\/a><\/h4>\n<div class=\"pt-cv-ctf-list\" data-cvc=\"1\"><div class=\"col-md-12 pt-cv-ctf-column\"><div class=\"pt-cv-custom-fields pt-cv-ctf-countries\"><div class=\"pt-cv-ctf-value\"><\/div><\/div><\/div><div class=\"col-md-12 pt-cv-ctf-column\"><div class=\"pt-cv-custom-fields pt-cv-ctf-start_date_and_time\"><div class=\"pt-cv-ctf-value\">17 Oct 2025<\/div><\/div><\/div><\/div><\/div><\/div><\/div><\/div><\/div>\t\t\t<style type=\"text\/css\" id=\"pt-cv-inline-style-c88aba23hg\">#pt-cv-view-e426ff149t .pt-cv-carousel-caption  { background-color: rgba(51,51,51,.6) !important; }\n#pt-cv-view-e426ff149t .pt-cv-specialp { background-color: #CC3333 !important }\n#pt-cv-view-e426ff149t .pt-cv-specialp * { color: #fff !important; }\n#pt-cv-view-e426ff149t .pt-cv-pficon  { color: #bbb !important; }\n#pt-cv-view-e426ff149t .pt-cv-readmore  { color: #ffffff !important; }\n#pt-cv-view-e426ff149t .pt-cv-readmore:hover  { color: #ffffff !important; }\n#pt-cv-view-e426ff149t  + .pt-cv-pagination-wrapper .pt-cv-more , #pt-cv-view-e426ff149t  + .pt-cv-pagination-wrapper .pagination .active a, .pt-cv-pagination[data-sid='e426ff149t'] .active a { color: #ffffff !important; }<\/style>\r\n\t\t\t[\/et_pb_code][\/et_pb_column][\/et_pb_row][et_pb_row disabled_on=&#8221;off|off|off&#8221; admin_label=&#8221;Entretoise&#8221; _builder_version=&#8221;4.21.0&#8243; _module_preset=&#8221;default&#8221; display_conditions=&#8221;W10=&#8221; custom_padding=&#8221;0px|0px|29px|0px|false|false&#8221; global_module=&#8221;987504603&#8243; saved_tabs=&#8221;all&#8221; collapsed=&#8221;on&#8221; global_colors_info=&#8221;{}&#8221;][et_pb_column type=&#8221;4_4&#8243; _builder_version=&#8221;4.19.2&#8243; _module_preset=&#8221;default&#8221; global_colors_info=&#8221;{}&#8221;][\/et_pb_column][\/et_pb_row][\/et_pb_section]<\/p>\n","protected":false},"excerpt":{"rendered":"<div class=\"pt-cv-wrapper et_smooth_scroll_disabled\"><div class=\"pt-cv-view pt-cv-grid pt-cv-colsys pt-cv-pgloadmore\" id=\"pt-cv-view-e426ff149t\"><div data-id=\"pt-cv-page-1\" class=\"pt-cv-page\" data-cvc=\"3\"><div class=\"col-md-4 col-sm-6 col-xs-12 pt-cv-content-item pt-cv-1-col\"  data-pid=\"987788224\"><div class='pt-cv-ifield'><a href=\"https:\/\/p4h.world\/fr\/events\/le-groupe-academique-p4h-se-reunira-a-shanghai-en-chine-en-octobre\/\" class=\"_self pt-cv-href-thumbnail pt-cv-thumb-default cvplbd\" target=\"_self\" ><img width=\"600\" height=\"399\" src=\"https:\/\/p4h.world\/app\/uploads\/2025\/09\/P4H_academic-group_fudan-university-school-public-health.jpg\" class=\"pt-cv-thumbnail img-none\" alt=\"Le groupe acad\u00e9mique P4H se r\u00e9unira \u00e0 Shanghai, en Chine, en octobre\" decoding=\"async\" loading=\"lazy\" srcset=\"https:\/\/p4h.world\/app\/uploads\/2025\/09\/P4H_academic-group_fudan-university-school-public-health.jpg 600w, https:\/\/p4h.world\/app\/uploads\/2025\/09\/P4H_academic-group_fudan-university-school-public-health-480x319.jpg 480w\" sizes=\"(min-width: 0px) and (max-width: 480px) 480px, (min-width: 481px) 600px, 100vw\" \/><\/a>\n<div class=\"pt-cv-meta-fields\"><span class=\"post-type\">\u00c9V\u00c9NEMENT P4H<\/span><\/div>\n<h4 class=\"pt-cv-title\"><a href=\"https:\/\/p4h.world\/fr\/events\/le-groupe-academique-p4h-se-reunira-a-shanghai-en-chine-en-octobre\/\" class=\"_self cvplbd\" target=\"_self\" >Le groupe acad\u00e9mique P4H se r\u00e9unira \u00e0 Shanghai, en Chine, en octobre<\/a><\/h4>\n<div class=\"pt-cv-ctf-list\" data-cvc=\"1\"><div class=\"col-md-12 pt-cv-ctf-column\"><div class=\"pt-cv-custom-fields pt-cv-ctf-countries\"><div class=\"pt-cv-ctf-value\"><\/div><\/div><\/div><div class=\"col-md-12 pt-cv-ctf-column\"><div class=\"pt-cv-custom-fields pt-cv-ctf-start_date_and_time\"><div class=\"pt-cv-ctf-value\">17 Oct 2025<\/div><\/div><\/div><\/div><\/div><\/div><\/div><\/div><\/div>\t\t\t<style type=\"text\/css\" id=\"pt-cv-inline-style-b7d3ad97ko\">#pt-cv-view-e426ff149t .pt-cv-carousel-caption  { background-color: rgba(51,51,51,.6) !important; }\n#pt-cv-view-e426ff149t .pt-cv-specialp { background-color: #CC3333 !important }\n#pt-cv-view-e426ff149t .pt-cv-specialp * { color: #fff !important; }\n#pt-cv-view-e426ff149t .pt-cv-pficon  { color: #bbb !important; }\n#pt-cv-view-e426ff149t .pt-cv-readmore  { color: #ffffff !important; }\n#pt-cv-view-e426ff149t .pt-cv-readmore:hover  { color: #ffffff !important; }\n#pt-cv-view-e426ff149t  + .pt-cv-pagination-wrapper .pt-cv-more , #pt-cv-view-e426ff149t  + .pt-cv-pagination-wrapper .pagination .active a, .pt-cv-pagination[data-sid='e426ff149t'] .active a { color: #ffffff !important; }<\/style>\r\n\t\t\t\n","protected":false},"author":1,"featured_media":0,"parent":987773985,"menu_order":0,"comment_status":"closed","ping_status":"closed","template":"","meta":{"_et_pb_use_builder":"on","_et_pb_old_content":"","_et_gb_content_width":""},"acf":[],"_links":{"self":[{"href":"https:\/\/p4h.world\/fr\/wp-json\/wp\/v2\/pages\/987787619"}],"collection":[{"href":"https:\/\/p4h.world\/fr\/wp-json\/wp\/v2\/pages"}],"about":[{"href":"https:\/\/p4h.world\/fr\/wp-json\/wp\/v2\/types\/page"}],"author":[{"embeddable":true,"href":"https:\/\/p4h.world\/fr\/wp-json\/wp\/v2\/users\/1"}],"replies":[{"embeddable":true,"href":"https:\/\/p4h.world\/fr\/wp-json\/wp\/v2\/comments?post=987787619"}],"version-history":[{"count":2,"href":"https:\/\/p4h.world\/fr\/wp-json\/wp\/v2\/pages\/987787619\/revisions"}],"predecessor-version":[{"id":987787621,"href":"https:\/\/p4h.world\/fr\/wp-json\/wp\/v2\/pages\/987787619\/revisions\/987787621"}],"up":[{"embeddable":true,"href":"https:\/\/p4h.world\/fr\/wp-json\/wp\/v2\/pages\/987773985"}],"wp:attachment":[{"href":"https:\/\/p4h.world\/fr\/wp-json\/wp\/v2\/media?parent=987787619"}],"curies":[{"name":"wp","href":"https:\/\/api.w.org\/{rel}","templated":true}]}}